{"id":12474,"date":"2024-07-19T00:51:54","date_gmt":"2024-07-18T16:51:54","guid":{"rendered":"https:\/\/www.luleey.com\/?post_type=product&#038;p=12474"},"modified":"2025-07-20T20:31:35","modified_gmt":"2025-07-20T12:31:35","slug":"10g-sfp-aoc-active-optical-cables","status":"publish","type":"product","link":"https:\/\/www.luleey.com\/fr\/produit-2\/10g-sfp-aoc-active-optical-cables\/","title":{"rendered":"C\u00e2bles optiques actifs 10G SFP+ AOC, c\u00e2ble SFP"},"content":{"rendered":"<h3>Caract\u00e9ristiques<\/h3>\n<ol>\n<li>10G AOC SFP+ pr\u00e9sente les avantages d'une faible consommation d'\u00e9nergie, d'un rayon de courbure r\u00e9duit, d'une absence de perte d'insertion de la fibre et d'une conception de structure sans poussi\u00e8re.<\/li>\n<li>Il est compatible avec les commutateurs (Huawei, H3C, Cisco, etc.) et les cartes r\u00e9seau (Inte1, Me11anox) de toutes les marques courantes. Compar\u00e9 au module optique traditionnel<\/li>\n<li>il peut r\u00e9duire de mani\u00e8re significative les co\u00fbts de construction et d'entretien de divers centres de donn\u00e9es.<\/li>\n<\/ol>\n<h3>Sp\u00e9cifications<\/h3>\n<table width=\"790\">\n<tbody>\n<tr>\n<td width=\"229\">Mod\u00e8le<\/td>\n<td width=\"561\">LL-10GAOC<\/td>\n<\/tr>\n<tr>\n<td>Taux de transmission<\/td>\n<td>10,312 Gb\/s<\/td>\n<\/tr>\n<tr>\n<td>Alimentation \u00e9lectrique<\/td>\n<td>3,3V simple<\/td>\n<\/tr>\n<tr>\n<td>Longueur du c\u00e2ble<\/td>\n<td>peut atteindre jusqu'\u00e0 100 m<\/td>\n<\/tr>\n<tr>\n<td>DDM<\/td>\n<td>Soutien<\/td>\n<\/tr>\n<tr>\n<td>Normes<\/td>\n<td>Conforme aux normes SFP+MSA et SFF-8472<\/td>\n<\/tr>\n<tr>\n<td>Normes RoHS-6<\/td>\n<td>Soutien<\/td>\n<\/tr>\n<tr>\n<td>Temp\u00e9rature de travail<\/td>\n<td>\u00a00 \u00b0 C~+70 \u00b0 C<\/td>\n<\/tr>\n<tr>\n<td>longueur d'onde de travail<\/td>\n<td>850nm<\/td>\n<\/tr>\n<\/tbody>\n<\/table>","protected":false},"excerpt":{"rendered":"<p class=\"serp-title\"><mark>10G SFP+ AOC <\/mark>Les c\u00e2bles optiques actifs SFP sont principalement utilis\u00e9s pour les applications 10Gb Ethernet, 4G et 8G Fibre Channel, HPCC, serveurs, commutateurs, stockage et adaptateurs de carte h\u00f4te. Les c\u00e2bles optiques actifs 10G SFP+AOC sont non seulement largement utilis\u00e9s dans les applications d'entreprise, mais aussi dans l'interconnexion entre les d\u00e9codeurs et les t\u00e9l\u00e9viseurs.<\/p>","protected":false},"featured_media":12530,"comment_status":"open","ping_status":"closed","template":"","meta":[],"product_brand":[],"product_cat":[351],"product_tag":[97,178,181,838,322],"class_list":{"0":"post-12474","1":"product","2":"type-product","3":"status-publish","4":"has-post-thumbnail","6":"product_cat-aoc-cable-10g-25g-40g-100g","7":"product_tag-10g","8":"product_tag-active-optical-cable","9":"product_tag-aoc","10":"product_tag-sfp-cable","11":"product_tag-sfp","13":"first","14":"instock","15":"sale","16":"shipping-taxable","17":"purchasable","18":"product-type-variable"},"_links":{"self":[{"href":"https:\/\/www.luleey.com\/fr\/wp-json\/wp\/v2\/product\/12474","targetHints":{"allow":["GET"]}}],"collection":[{"href":"https:\/\/www.luleey.com\/fr\/wp-json\/wp\/v2\/product"}],"about":[{"href":"https:\/\/www.luleey.com\/fr\/wp-json\/wp\/v2\/types\/product"}],"replies":[{"embeddable":true,"href":"https:\/\/www.luleey.com\/fr\/wp-json\/wp\/v2\/comments?post=12474"}],"wp:featuredmedia":[{"embeddable":true,"href":"https:\/\/www.luleey.com\/fr\/wp-json\/wp\/v2\/media\/12530"}],"wp:attachment":[{"href":"https:\/\/www.luleey.com\/fr\/wp-json\/wp\/v2\/media?parent=12474"}],"wp:term":[{"taxonomy":"product_brand","embeddable":true,"href":"https:\/\/www.luleey.com\/fr\/wp-json\/wp\/v2\/product_brand?post=12474"},{"taxonomy":"product_cat","embeddable":true,"href":"https:\/\/www.luleey.com\/fr\/wp-json\/wp\/v2\/product_cat?post=12474"},{"taxonomy":"product_tag","embeddable":true,"href":"https:\/\/www.luleey.com\/fr\/wp-json\/wp\/v2\/product_tag?post=12474"}],"curies":[{"name":"wp","href":"https:\/\/api.w.org\/{rel}","templated":true}]}}