{"id":12478,"date":"2024-07-19T00:51:55","date_gmt":"2024-07-18T16:51:55","guid":{"rendered":"https:\/\/www.luleey.com\/?post_type=product&#038;p=12478"},"modified":"2025-01-03T10:03:00","modified_gmt":"2025-01-03T02:03:00","slug":"10g-sfp-dac-direct-attach-cable-passive-copper-cable","status":"publish","type":"product","link":"https:\/\/www.luleey.com\/fr\/produit-2\/10g-sfp-dac-direct-attach-cable-passive-copper-cable\/","title":{"rendered":"10G SFP+ DAC Direct Attach Cable c\u00e2ble en cuivre passif"},"content":{"rendered":"<h3>Caract\u00e9ristiques<\/h3>\n<ol>\n<li>Le DAC 10G SFP+ est un c\u00e2ble en cuivre avec des connecteurs SFP+ aux deux extr\u00e9mit\u00e9s, supportant une vitesse maximale de 10 Gb\/s et r\u00e9trocompatible avec 1 Gb\/s. Contrairement au module optique et au c\u00e2ble optique actif AOC, le c\u00e2ble DAC sfp transmet directement des signaux \u00e9lectriques \u00e0 travers des fils de cuivre, alors que le module optique et le c\u00e2ble optique actif AOC convertissent les signaux \u00e9lectriques en signaux optiques pour la transmission.<\/li>\n<li class=\"MachTrans__textWrap__1NtxT MachTrans__textWrapSmall__26E1Q\">\n<div class=\"MachTrans__text__duH8w\">\n<p><span class=\"MachTrans__hl__6hdYK\">10G sfp dac supporte un c\u00e2ble passif en cuivre d'une longueur de 7m. En raison de l'entra\u00eenement purement \u00e9lectrique du DAC, la distance de transmission n'est g\u00e9n\u00e9ralement pas tr\u00e8s grande, \u00e0 moins qu'il ne s'agisse d'un c\u00e2ble actif. Apr\u00e8s l'ajout d'un amplificateur, la distance de transmission augmentera.<\/span><\/p>\n<\/div>\n<\/li>\n<\/ol>\n<h3>Sp\u00e9cifications<\/h3>\n<table width=\"790\">\n<tbody>\n<tr>\n<td width=\"229\">Mod\u00e8le<\/td>\n<td width=\"561\">\u00a0LL-10GDAC<\/td>\n<\/tr>\n<tr>\n<td>Taux de transmission<\/td>\n<td>\u00a010G<\/td>\n<\/tr>\n<tr>\n<td>Distance du c\u00e2ble<\/td>\n<td>\u00a00.5-7m<\/td>\n<\/tr>\n<tr>\n<td>Mat\u00e9riau du c\u00e2ble<\/td>\n<td>\u00a0PVC<\/td>\n<\/tr>\n<tr>\n<td>Forme d'emballage<\/td>\n<td>\u00a0SFP+\u00e0 SFP+<\/td>\n<\/tr>\n<tr>\n<td>Temp\u00e9rature de travail<\/td>\n<td>\u00a00-70 \u2103<\/td>\n<\/tr>\n<tr>\n<td>Type de c\u00e2ble<\/td>\n<td>\u00a030AWG\/24AWG<\/td>\n<\/tr>\n<tr>\n<td>Alimentation \u00e9lectrique<\/td>\n<td>\u00a00.5W<\/td>\n<\/tr>\n<\/tbody>\n<\/table>","protected":false},"excerpt":{"rendered":"<p class=\"serp-title\"><mark>C\u00e2ble DAC SFP+ 10G <\/mark><span class=\"\">Le c\u00e2ble \u00e0 haut d\u00e9bit est un c\u00e2ble sfp couramment utilis\u00e9 pour le c\u00e2blage a\u00e9rien des centres de donn\u00e9es, utilis\u00e9 pour connecter les petits commutateurs d'acc\u00e8s et les serveurs.<\/span><span class=\"\"> Le c\u00e2ble haute vitesse 10G sfp dac est une solution \u00e9conomique pour remplacer le module optique et le c\u00e2ble optique actif AOC. Il pr\u00e9sente les avantages d'une faible consommation d'\u00e9nergie et d'un faible co\u00fbt. Il est utilis\u00e9 pour r\u00e9aliser une interconnexion \u00e0 haut d\u00e9bit sur une courte distance et constitue un choix id\u00e9al pour la connexion de serveurs et de commutateurs.<\/span><\/p>","protected":false},"featured_media":12534,"comment_status":"open","ping_status":"closed","template":"","meta":[],"product_brand":[],"product_cat":[355],"product_tag":[97,201,204,838,322],"class_list":{"0":"post-12478","1":"product","2":"type-product","3":"status-publish","4":"has-post-thumbnail","6":"product_cat-dac-cable-10g-25g-40g-100g","7":"product_tag-10g","8":"product_tag-dac","9":"product_tag-direct-attach-cable","10":"product_tag-sfp-cable","11":"product_tag-sfp","13":"first","14":"instock","15":"sale","16":"shipping-taxable","17":"purchasable","18":"product-type-variable"},"_links":{"self":[{"href":"https:\/\/www.luleey.com\/fr\/wp-json\/wp\/v2\/product\/12478","targetHints":{"allow":["GET"]}}],"collection":[{"href":"https:\/\/www.luleey.com\/fr\/wp-json\/wp\/v2\/product"}],"about":[{"href":"https:\/\/www.luleey.com\/fr\/wp-json\/wp\/v2\/types\/product"}],"replies":[{"embeddable":true,"href":"https:\/\/www.luleey.com\/fr\/wp-json\/wp\/v2\/comments?post=12478"}],"wp:featuredmedia":[{"embeddable":true,"href":"https:\/\/www.luleey.com\/fr\/wp-json\/wp\/v2\/media\/12534"}],"wp:attachment":[{"href":"https:\/\/www.luleey.com\/fr\/wp-json\/wp\/v2\/media?parent=12478"}],"wp:term":[{"taxonomy":"product_brand","embeddable":true,"href":"https:\/\/www.luleey.com\/fr\/wp-json\/wp\/v2\/product_brand?post=12478"},{"taxonomy":"product_cat","embeddable":true,"href":"https:\/\/www.luleey.com\/fr\/wp-json\/wp\/v2\/product_cat?post=12478"},{"taxonomy":"product_tag","embeddable":true,"href":"https:\/\/www.luleey.com\/fr\/wp-json\/wp\/v2\/product_tag?post=12478"}],"curies":[{"name":"wp","href":"https:\/\/api.w.org\/{rel}","templated":true}]}}