{"id":12494,"date":"2024-07-19T00:52:16","date_gmt":"2024-07-18T16:52:16","guid":{"rendered":"https:\/\/www.luleey.com\/?post_type=product&#038;p=12494"},"modified":"2025-04-09T09:11:02","modified_gmt":"2025-04-09T01:11:02","slug":"5pcs-box-fiber-cleaner-pen-2-5-1-25mm","status":"publish","type":"product","link":"https:\/\/www.luleey.com\/fr\/produit-2\/5pcs-box-fiber-cleaner-pen-2-5-1-25mm\/","title":{"rendered":"Stylo nettoyeur de fibres 2.5\/1.25mm SC\/ST\/FC\/LC"},"content":{"rendered":"<h4 data-spm-anchor-id=\"a2g0o.detail.1000023.i0.525da32aC35IUk\">Caract\u00e9ristiques<\/h4>\n<ul>\n<li>Un seul clic, une utilisation simple.<\/li>\n<li>Nettoyer plus de 800 fois.<\/li>\n<li>Nettoyage rotatif \u00e0 180 degr\u00e9s, nettoyage \u00e0 l'aide d'une seule touche.<\/li>\n<li>\u00c9limine efficacement 99% des taches.<\/li>\n<li>taille 175*18*18mm.<\/li>\n<li>Mat\u00e9riau : r\u00e9sine antistatique.<\/li>\n<\/ul>\n<h3>Sp\u00e9cifications<\/h3>\n<table style=\"border-collapse: collapse; width: 100%;\">\n<tbody>\n<tr>\n<td style=\"width: 50%;\">Marque<\/td>\n<td style=\"width: 50%;\">LuLeey<\/td>\n<\/tr>\n<tr>\n<td style=\"width: 50%;\">Nom du produit<\/td>\n<td style=\"width: 50%;\">Stylo nettoyeur de fibres SC\/ST\/FC ou LC<\/td>\n<\/tr>\n<tr>\n<td style=\"width: 50%;\">2,5 mm pour le connecteur, couleur blanche<\/td>\n<td style=\"width: 50%;\">SC\/ST\/FC<\/td>\n<\/tr>\n<tr>\n<td style=\"width: 50%;\">1,25 mm pour le connecteur, couleur bleue<\/td>\n<td style=\"width: 50%;\">LC<\/td>\n<\/tr>\n<tr>\n<td style=\"width: 50%;\">P\u00e9riodes de propret\u00e9<\/td>\n<td style=\"width: 50%;\">plus de 800<\/td>\n<\/tr>\n<\/tbody>\n<\/table>","protected":false},"excerpt":{"rendered":"<div class=\"title--wrap--Ms9Zv4A\">\n<ul>\n<li data-pl=\"product-title\" data-spm-anchor-id=\"a2g0o.detail.0.i3.7e30ti0wti0wqQ\">Le stylo nettoyeur de fibres Universal 2.5mm Ferrules SC\/FC\/ST est con\u00e7u pour nettoyer les faces d'extr\u00e9mit\u00e9 de ferrule des connecteurs SC, FC et ST avec les polis UPC et APC.<\/li>\n<li data-pl=\"product-title\" data-spm-anchor-id=\"a2g0o.detail.0.i3.7e30ti0wti0wqQ\">Un simple mouvement de pouss\u00e9e engage le connecteur et d\u00e9clenche le nettoyeur, qui avance automatiquement avec un nouveau ruban de nettoyage ; faible co\u00fbt par nettoyage, jusqu'\u00e0 plus de 800 nettoyages.<\/li>\n<li data-pl=\"product-title\" data-spm-anchor-id=\"a2g0o.detail.0.i3.7e30ti0wti0wqQ\">La propret\u00e9 peut atteindre 95% ou plus. En particulier pour l'eau et l'huile, son effet nettoyant est bien meilleur que celui des b\u00e2tonnets de nettoyage traditionnels.<\/li>\n<li data-pl=\"product-title\" data-spm-anchor-id=\"a2g0o.detail.0.i3.7e30ti0wti0wqQ\">Le syst\u00e8me de nettoyage pivote de 180\u00b0 pour un balayage complet ; les microfibres nettoyantes sont denses et sans d\u00e9bris.<\/li>\n<li data-pl=\"product-title\" data-spm-anchor-id=\"a2g0o.detail.0.i3.7e30ti0wti0wqQ\">TEST\u00c9 SUR LE TERRAIN : Nos stylos nettoyeurs SC &amp; ST sont parfaits pour une utilisation sur le terrain. Ils permettent de nettoyer la fibre sans effort lorsque l'on travaille sur des connecteurs et des c\u00e2bles monomodes, multimodes, simplex ou duplex.<\/li>\n<\/ul>\n<\/div>","protected":false},"featured_media":12551,"comment_status":"open","ping_status":"closed","template":"","meta":[],"product_brand":[],"product_cat":[354],"product_tag":[213,917,222,245,305,328],"class_list":{"0":"post-12494","1":"product","2":"type-product","3":"status-publish","4":"has-post-thumbnail","6":"product_cat-fiber-optic-cleaners","7":"product_tag-fc","8":"product_tag-fiber-cleaner-pen","9":"product_tag-fiber-cleaning","10":"product_tag-lc","11":"product_tag-sc","12":"product_tag-st","14":"first","15":"instock","16":"featured","17":"shipping-taxable","18":"purchasable","19":"product-type-variable"},"_links":{"self":[{"href":"https:\/\/www.luleey.com\/fr\/wp-json\/wp\/v2\/product\/12494","targetHints":{"allow":["GET"]}}],"collection":[{"href":"https:\/\/www.luleey.com\/fr\/wp-json\/wp\/v2\/product"}],"about":[{"href":"https:\/\/www.luleey.com\/fr\/wp-json\/wp\/v2\/types\/product"}],"replies":[{"embeddable":true,"href":"https:\/\/www.luleey.com\/fr\/wp-json\/wp\/v2\/comments?post=12494"}],"wp:featuredmedia":[{"embeddable":true,"href":"https:\/\/www.luleey.com\/fr\/wp-json\/wp\/v2\/media\/12551"}],"wp:attachment":[{"href":"https:\/\/www.luleey.com\/fr\/wp-json\/wp\/v2\/media?parent=12494"}],"wp:term":[{"taxonomy":"product_brand","embeddable":true,"href":"https:\/\/www.luleey.com\/fr\/wp-json\/wp\/v2\/product_brand?post=12494"},{"taxonomy":"product_cat","embeddable":true,"href":"https:\/\/www.luleey.com\/fr\/wp-json\/wp\/v2\/product_cat?post=12494"},{"taxonomy":"product_tag","embeddable":true,"href":"https:\/\/www.luleey.com\/fr\/wp-json\/wp\/v2\/product_tag?post=12494"}],"curies":[{"name":"wp","href":"https:\/\/api.w.org\/{rel}","templated":true}]}}