{"id":12512,"date":"2024-07-19T00:52:39","date_gmt":"2024-07-18T16:52:39","guid":{"rendered":"https:\/\/www.luleey.com\/?post_type=product&#038;p=12512"},"modified":"2025-06-22T15:26:04","modified_gmt":"2025-06-22T07:26:04","slug":"10km-40km-60km-10g-sfp-transceiver-bidi-smf-ddm","status":"publish","type":"product","link":"https:\/\/www.luleey.com\/fr\/produit-2\/10km-40km-60km-10g-sfp-transceiver-bidi-smf-ddm\/","title":{"rendered":"10km\/40km\/60km 10G SFP+ Transceiver Bidi SMF DDM 1paire,module sfp"},"content":{"rendered":"<h3>Caract\u00e9ristiques<\/h3>\n<ol>\n<li><span class=\"a-list-item\"><span data-spm-anchor-id=\"a2g0o.detail.1000023.i0.78a8skG8skG8Qr\">Module SFP Convient aux commutateurs, routeurs, pare-feu, cartes r\u00e9seau, \u00e9metteurs-r\u00e9cepteurs \u00e0 fibre optique et autres appareils dot\u00e9s de ports optiques SFP+.<\/span><\/span><\/li>\n<li><span class=\"a-list-item\">10Gb\/s, 10G SFP+ Transceiver Bidi LL-10G-LC-BD10, Up : TX1270nm\/RX1330nm ; Down : TX1330nm\/RX1270nm, transmission jusqu'\u00e0 10-20-km sur OS2 Single LC single-mode Fiber.<\/span><\/li>\n<li><span class=\"a-list-item\">Largement compatible avec Cisco, Meraki, Ubiquiti UniFi, Mikrotik, Netgear, D-Link, TP-Link, Linksys, Broadcom, Edge-core, EMC, F5, Norkia, QTC, Supermicro et autres commutateurs ouverts.<\/span><\/li>\n<li><span class=\"a-list-item\">10GBase-LR,<\/span><span class=\"a-list-item\">Plug and Play, Hot Pluggable SFP+ MSA Compliant.<\/span><\/li>\n<li><span class=\"a-list-item\">Chaque article est test\u00e9 individuellement par un technicien qualifi\u00e9 afin de garantir une qualit\u00e9, une fiabilit\u00e9 et une interop\u00e9rabilit\u00e9 optimales.<\/span><\/li>\n<li><span class=\"a-list-item\">Id\u00e9al pour connecter un commutateur 10G, un routeur, un serveur, une carte d'interface r\u00e9seau et d'autres \u00e9quipements de transmission \u00e0 un r\u00e9seau \u00e0 fibre optique de 10 gigabits pour les centres de donn\u00e9es, les r\u00e9seaux de stockage, le stockage en r\u00e9seau, l'informatique \u00e0 haute performance, etc.<\/span><\/li>\n<\/ol>\n<p><span class=\"a-text-bold\">Applications :<\/span><\/p>\n<ul class=\"a-unordered-list a-vertical\">\n<li><span class=\"a-list-item\">10GbE, 10G Ethernet<\/span><\/li>\n<li><span class=\"a-list-item\">10GBase-LR,<\/span><span class=\"a-list-item\">10GBase-SR<\/span><\/li>\n<li><span class=\"a-list-item\">R\u00e9seaux 10G, Stockage, T\u00e9l\u00e9communications<\/span><\/li>\n<li><span class=\"a-list-item\">Commutateurs 10G, routeurs, cartes d'interface r\u00e9seau (NIC)<\/span><\/li>\n<\/ul>\n<h3>Sp\u00e9cifications<\/h3>\n<table width=\"790\">\n<tbody>\n<tr>\n<td width=\"229\">Mod\u00e8le<\/td>\n<td width=\"561\">LL-10G-LC-BD10\/LL-10G-LC-BD40\/LL-10G-LC-BD60<\/td>\n<\/tr>\n<tr>\n<td>Taux de donn\u00e9es<\/td>\n<td>10Gb\/s<\/td>\n<\/tr>\n<tr>\n<td>Longueur d'onde<\/td>\n<td>TX1270nm\/RX1330nm<\/td>\n<\/tr>\n<tr>\n<td>Interface<\/td>\n<td>Connecteurs LC simples<\/td>\n<\/tr>\n<tr>\n<td>\u00a0transmission sur c\u00e2ble SMF<\/td>\n<td>10 km<\/td>\n<\/tr>\n<tr>\n<td>Enfichable<\/td>\n<td>Oui<\/td>\n<\/tr>\n<tr>\n<td>Protocole<\/td>\n<td>IEEE 802.3ae<\/td>\n<\/tr>\n<tr>\n<td>paquet<\/td>\n<td>SFP+ MSA<\/td>\n<\/tr>\n<tr>\n<td>Temp. Plage(\u2103)<\/td>\n<td>0~70<\/td>\n<\/tr>\n<\/tbody>\n<\/table>","protected":false},"excerpt":{"rendered":"<ul class=\"a-unordered-list a-vertical a-spacing-mini\">\n<li class=\"a-spacing-mini\"><span class=\"a-list-item\">10Gb\/s, 10G SFP+ Transceiver Bidi LL-10G-LC-BD10, Up : TX1270nm\/RX1330nm ; Down : TX1330nm\/RX1270nm, transmission jusqu'\u00e0 10-20-km sur OS2 Single LC single-mode Fiber.<\/span><\/li>\n<li class=\"a-spacing-mini\"><span class=\"a-list-item\">Largement compatible avec Cisco, Meraki, Ubiquiti UniFi, Mikrotik, Netgear, D-Link, TP-Link, Linksys, Broadcom, Edge-core, EMC, F5, Norkia, QTC, Supermicro et autres commutateurs ouverts.<\/span><\/li>\n<li><span class=\"a-list-item\">10GBase-LR,<\/span><span class=\"a-list-item\">Plug and Play, Hot Pluggable SFP+ MSA Compliant.<\/span><\/li>\n<li class=\"a-spacing-mini\"><span class=\"a-list-item\">Chaque article est test\u00e9 individuellement par un technicien qualifi\u00e9 afin de garantir une qualit\u00e9, une fiabilit\u00e9 et une interop\u00e9rabilit\u00e9 optimales.<\/span><\/li>\n<li class=\"a-spacing-mini\"><span class=\"a-list-item\">Id\u00e9al pour connecter un commutateur 10G, un routeur, un serveur, une carte d'interface r\u00e9seau et d'autres \u00e9quipements de transmission \u00e0 un r\u00e9seau \u00e0 fibre optique de 10 gigabits pour les centres de donn\u00e9es, les r\u00e9seaux de stockage, le stockage en r\u00e9seau, l'informatique \u00e0 haute performance, etc.<\/span><\/li>\n<\/ul>","protected":false},"featured_media":12555,"comment_status":"open","ping_status":"closed","template":"","meta":[],"product_brand":[],"product_cat":[321],"product_tag":[97,149,191,245,278,837,322],"class_list":{"0":"post-12512","1":"product","2":"type-product","3":"status-publish","4":"has-post-thumbnail","6":"product_cat-sfp-sfp-1g-2-5g-5g-10g","7":"product_tag-10g","8":"product_tag-40km","9":"product_tag-bidi","10":"product_tag-lc","11":"product_tag-optical-module","12":"product_tag-sfp-module","13":"product_tag-sfp","15":"first","16":"instock","17":"featured","18":"shipping-taxable","19":"purchasable","20":"product-type-variable","21":"has-default-attributes"},"_links":{"self":[{"href":"https:\/\/www.luleey.com\/fr\/wp-json\/wp\/v2\/product\/12512","targetHints":{"allow":["GET"]}}],"collection":[{"href":"https:\/\/www.luleey.com\/fr\/wp-json\/wp\/v2\/product"}],"about":[{"href":"https:\/\/www.luleey.com\/fr\/wp-json\/wp\/v2\/types\/product"}],"replies":[{"embeddable":true,"href":"https:\/\/www.luleey.com\/fr\/wp-json\/wp\/v2\/comments?post=12512"}],"wp:featuredmedia":[{"embeddable":true,"href":"https:\/\/www.luleey.com\/fr\/wp-json\/wp\/v2\/media\/12555"}],"wp:attachment":[{"href":"https:\/\/www.luleey.com\/fr\/wp-json\/wp\/v2\/media?parent=12512"}],"wp:term":[{"taxonomy":"product_brand","embeddable":true,"href":"https:\/\/www.luleey.com\/fr\/wp-json\/wp\/v2\/product_brand?post=12512"},{"taxonomy":"product_cat","embeddable":true,"href":"https:\/\/www.luleey.com\/fr\/wp-json\/wp\/v2\/product_cat?post=12512"},{"taxonomy":"product_tag","embeddable":true,"href":"https:\/\/www.luleey.com\/fr\/wp-json\/wp\/v2\/product_tag?post=12512"}],"curies":[{"name":"wp","href":"https:\/\/api.w.org\/{rel}","templated":true}]}}