{"id":12519,"date":"2024-07-19T00:52:40","date_gmt":"2024-07-18T16:52:40","guid":{"rendered":"https:\/\/www.luleey.com\/?post_type=product&#038;p=12519"},"modified":"2025-06-22T15:24:40","modified_gmt":"2025-06-22T07:24:40","slug":"1-25g-sfp-sm-lc-single-mode-ddm-20km-1000base-lx","status":"publish","type":"product","link":"https:\/\/www.luleey.com\/fr\/produit-2\/1-25g-sfp-sm-lc-single-mode-ddm-20km-1000base-lx\/","title":{"rendered":"Module SFP 1,25G SM LC monomode DDM 20km 1000Base-LX"},"content":{"rendered":"<h3>Caract\u00e9ristiques<\/h3>\n<ol>\n<li>1.25G SFP Module SM LC D\u00e9bit de donn\u00e9es : 1.25Gb\/s ; Longueur d'onde : 1310-nm ; Interface : Connecteur LC double avec DDM\/DOM.<\/li>\n<li>Connexion par c\u00e2ble : prend en charge les fibres monomodes OS1, OS2 et OS3, utilise les c\u00e2bles SMF OS2 et prend en charge les liaisons jusqu'\u00e0 20 km.<\/li>\n<li>Largement compatible avec Intel, Ubiquiti UniFi, Mikrotik, D-Link, Supermicro, Netgear, etc.<\/li>\n<li>Plug and play, hot swappable SFP MSA 1000Base LX compatible, conforme \u00e0 la norme IEEE Std 802.3ab<\/li>\n<\/ol>\n<h3>Sp\u00e9cifications<\/h3>\n<table width=\"790\">\n<tbody>\n<tr>\n<td width=\"229\">Mod\u00e8le<\/td>\n<td width=\"561\">LL-SFP-SM-LC-1000<\/td>\n<\/tr>\n<tr>\n<td>Type d'emballage<\/td>\n<td>\u00a0SFP<\/td>\n<\/tr>\n<tr>\n<td>Vitesse<\/td>\n<td>\u00a01000Mbps<\/td>\n<\/tr>\n<tr>\n<td>Longueur d'onde<\/td>\n<td>\u00a01310nm<\/td>\n<\/tr>\n<tr>\n<td>Distance de transmission<\/td>\n<td>\u00a020 km<\/td>\n<\/tr>\n<tr>\n<td>Interface<\/td>\n<td>\u00a0LC duplex<\/td>\n<\/tr>\n<tr>\n<td>Type de laser<\/td>\n<td>\u00a0FP 1310nm<\/td>\n<\/tr>\n<tr>\n<td>Type de fibre<\/td>\n<td>\u00a0Mode unique SMF<\/td>\n<\/tr>\n<tr>\n<td>Diagnostic num\u00e9rique (DDM\/DOM)<\/td>\n<td>\u00a0Oui<\/td>\n<\/tr>\n<tr>\n<td>Puissance lumineuse d'\u00e9mission<\/td>\n<td>\u00a0-8~-3dBm<\/td>\n<\/tr>\n<tr>\n<td>Sensibilit\u00e9 de la r\u00e9ception<\/td>\n<td>&lt;-22dBm<\/td>\n<\/tr>\n<tr>\n<td>Temp\u00e9rature commerciale<\/td>\n<td>\u00a00-70 \u00b0 C (32-158 \u00b0 F)<\/td>\n<\/tr>\n<tr>\n<td>Temp\u00e9rature d'extension<\/td>\n<td>\u00a0-5~85 \u00b0 C (23~185 \u00b0 F)<\/td>\n<\/tr>\n<tr>\n<td>Temp\u00e9rature industrielle<\/td>\n<td>\u00a0-40~85 \u00b0 C (-40~185 \u00b0 F)<\/td>\n<\/tr>\n<tr>\n<td>Protocole<\/td>\n<td>\u00a0SFF-8472 MSA, IEEE 802.3ah-2004<\/td>\n<\/tr>\n<\/tbody>\n<\/table>","protected":false},"excerpt":{"rendered":"<p>1.25G SFP Module SM LC D\u00e9bit de donn\u00e9es : 1.25Gb\/s ; Longueur d'onde : 1310-nm ; Interface : Connecteur LC double avec DDM\/DOM.<br \/>\nConnexion par c\u00e2ble : prend en charge les fibres monomodes OS1, OS2 et OS3, utilise les c\u00e2bles SMF OS2 et prend en charge les liaisons jusqu'\u00e0 20 km.<br \/>\nLargement compatible avec Intel, Ubiquiti UniFi, Mikrotik, D-Link, Supermicro, Netgear, etc.<br \/>\nPlug and play, hot swappable SFP MSA 1000Base LX compatible, conforme \u00e0 la norme IEEE Std 802.3ab<\/p>","protected":false},"featured_media":12561,"comment_status":"open","ping_status":"closed","template":"","meta":[],"product_brand":[],"product_cat":[321],"product_tag":[84,130,245,278,837,325],"class_list":{"0":"post-12519","1":"product","2":"type-product","3":"status-publish","4":"has-post-thumbnail","6":"product_cat-sfp-sfp-1g-2-5g-5g-10g","7":"product_tag-1-25g","8":"product_tag-20km","9":"product_tag-lc","10":"product_tag-optical-module","11":"product_tag-sfp-module","12":"product_tag-sm","14":"first","15":"instock","16":"shipping-taxable","17":"purchasable","18":"product-type-variable","19":"has-default-attributes"},"_links":{"self":[{"href":"https:\/\/www.luleey.com\/fr\/wp-json\/wp\/v2\/product\/12519","targetHints":{"allow":["GET"]}}],"collection":[{"href":"https:\/\/www.luleey.com\/fr\/wp-json\/wp\/v2\/product"}],"about":[{"href":"https:\/\/www.luleey.com\/fr\/wp-json\/wp\/v2\/types\/product"}],"replies":[{"embeddable":true,"href":"https:\/\/www.luleey.com\/fr\/wp-json\/wp\/v2\/comments?post=12519"}],"wp:featuredmedia":[{"embeddable":true,"href":"https:\/\/www.luleey.com\/fr\/wp-json\/wp\/v2\/media\/12561"}],"wp:attachment":[{"href":"https:\/\/www.luleey.com\/fr\/wp-json\/wp\/v2\/media?parent=12519"}],"wp:term":[{"taxonomy":"product_brand","embeddable":true,"href":"https:\/\/www.luleey.com\/fr\/wp-json\/wp\/v2\/product_brand?post=12519"},{"taxonomy":"product_cat","embeddable":true,"href":"https:\/\/www.luleey.com\/fr\/wp-json\/wp\/v2\/product_cat?post=12519"},{"taxonomy":"product_tag","embeddable":true,"href":"https:\/\/www.luleey.com\/fr\/wp-json\/wp\/v2\/product_tag?post=12519"}],"curies":[{"name":"wp","href":"https:\/\/api.w.org\/{rel}","templated":true}]}}