{"id":12536,"date":"2024-07-19T00:53:03","date_gmt":"2024-07-18T16:53:03","guid":{"rendered":"https:\/\/www.luleey.com\/?post_type=product&#038;p=12536"},"modified":"2024-12-14T22:34:08","modified_gmt":"2024-12-14T14:34:08","slug":"visual-fault-locator-1mw-10mw-20mw-30mw-50mw-vfl-laser-pen-ll-vfl-noli","status":"publish","type":"product","link":"https:\/\/www.luleey.com\/fr\/produit-2\/visual-fault-locator-1mw-10mw-20mw-30mw-50mw-vfl-laser-pen-ll-vfl-noli\/","title":{"rendered":"Localisateur visuel de d\u00e9fauts 1mw\/10mw\/20mw\/30mw\/50mw VFL LASER PEN LL-VFL-NoLi"},"content":{"rendered":"<h3><span style=\"color: #0000ff; font-size: 10pt;\" data-spm-anchor-id=\"a2g0o.detail.1000023.i2.39178K728K72sx\">Localisateur visuel de d\u00e9fauts, pour la s\u00e9curit\u00e9 du transport, veuillez acheter vous-m\u00eame les piles (AAA), merci de votre compr\u00e9hension.<\/span><\/h3>\n<p>&nbsp;<\/p>\n<h3>Caract\u00e9ristiques<\/h3>\n<ol>\n<li>\u00a0Conception compacte et ergonomique pour une portabilit\u00e9 optimale<\/li>\n<li>P\u00e9n\u00e8tre facilement \u00e0 travers une fibre de 30 km<\/li>\n<li>Puissance de sortie 1\/10\/20\/30\/50mW, longueur d'onde 650nm<\/li>\n<li>\u00c9clairage rapide des ruptures de fibre, des connecteurs endommag\u00e9s sur les cordons de raccordement<\/li>\n<li>Modes de fonctionnement puls\u00e9 et continu (Steady)<\/li>\n<li>Construction robuste en aluminium<\/li>\n<li>Adaptateur universel de 2,5 mm pour une connexion facile aux connecteurs SC, ST, FC, LC (l'interface LC n\u00e9cessite un adaptateur suppl\u00e9mentaire)<\/li>\n<li>Excellente t\u00eate avec une forte concentration de fibres et une faible divergence<\/li>\n<li>Puce de haute qualit\u00e9 garantissant des ann\u00e9es de fonctionnement sans probl\u00e8me<\/li>\n<li>Le capuchon anti-poussi\u00e8re emp\u00eache la pollution du connecteur de fibre<\/li>\n<li>La douille en c\u00e9ramique rempla\u00e7able prolonge la dur\u00e9e de vie de l'appareil.<\/li>\n<li>La corde de suspension permet de l'accrocher facilement<\/li>\n<li>\u00c9tui de transport pour le stockage<\/li>\n<\/ol>\n<h3>Sp\u00e9cifications<\/h3>\n<p>&nbsp;<\/p>\n<div>\n<table style=\"border-collapse: collapse; width: 100%;\">\n<tbody>\n<tr>\n<td style=\"width: 50%;\">Marque<\/td>\n<td style=\"width: 50%;\">LuLeey<\/td>\n<\/tr>\n<tr>\n<td style=\"width: 50%;\">Nom du produit<\/td>\n<td style=\"width: 50%;\">Localisateur visuel de d\u00e9fauts 1mw\/10mw\/20mw\/30mw\/50mw VFL LASER PEN<\/td>\n<\/tr>\n<tr>\n<td style=\"width: 50%;\">Dimensions<\/td>\n<td style=\"width: 50%;\">170x24mm(6.7\u00d70.9 pouces)<\/td>\n<\/tr>\n<tr>\n<td style=\"width: 50%;\">Mat\u00e9riau<\/td>\n<td style=\"width: 50%;\">Alliage d'aluminium<\/td>\n<\/tr>\n<tr>\n<td style=\"width: 50%;\">Longueur d'onde<\/td>\n<td style=\"width: 50%;\">650nm\u00b110nm<\/td>\n<\/tr>\n<tr>\n<td style=\"width: 50%;\">Adaptateur<\/td>\n<td style=\"width: 50%;\">2,5 mm universel SC\/ST\/FC<\/td>\n<\/tr>\n<tr>\n<td style=\"width: 50%;\">Interrupteur<\/td>\n<td style=\"width: 50%;\">On\/off, continu\/clignotant<\/td>\n<\/tr>\n<tr>\n<td style=\"width: 50%;\">Type de batterie<\/td>\n<td style=\"width: 50%;\">2 x AAA<\/td>\n<\/tr>\n<tr>\n<td style=\"width: 50%;\">Temp\u00e9rature de fonctionnement<\/td>\n<td style=\"width: 50%;\">10-60\u00b0C<\/td>\n<\/tr>\n<tr>\n<td style=\"width: 50%;\">Temp\u00e9rature de stockage<\/td>\n<td style=\"width: 50%;\">-40-85\u00b0C<\/td>\n<\/tr>\n<tr>\n<td style=\"width: 50%;\">Puissance de sortie<\/td>\n<td style=\"width: 50%;\">1\/10\/20\/30\/50mW<\/td>\n<\/tr>\n<\/tbody>\n<\/table>\n<p>&nbsp;<\/p>\n<\/div>","protected":false},"excerpt":{"rendered":"<ul class=\"a-unordered-list a-vertical a-spacing-mini\">\n<li class=\"a-spacing-mini\"><span class=\"a-list-item\">\u3010Accurate Identification\u3011Ce localisateur visuel de d\u00e9fauts peut facilement et pr\u00e9cis\u00e9ment d\u00e9tecter et localiser les ruptures de fibre optique, les mauvaises connexions, les courbures ou les fissures. Il peut fonctionner en mode CW ou puls\u00e9. Le VFL \u00e9met une lumi\u00e8re rouge de 650 nm pour le tra\u00e7age et la localisation des fibres. Les ruptures ou les d\u00e9fauts r\u00e9fractent la lumi\u00e8re dans la fibre.<\/span><\/li>\n<li class=\"a-spacing-mini\"><span class=\"a-list-item\">\u3010Excellentes fonctions\u3011Le testeur de fibre a de multiples fonctions, notamment une puissance de sortie constante, un avertissement de batterie faible, une longue dur\u00e9e de vie de la batterie et une d\u00e9tection \u00e0 longue distance. Le routage de la fibre et la v\u00e9rification de la continuit\u00e9 efficacement, cr\u00e9ant une lueur brillante autour de la zone d\u00e9fectueuse.<\/span><\/li>\n<li class=\"a-spacing-mini\"><span class=\"a-list-item\">\u3010Wide Application\u3011Universal 2.5mm connector designed for ST, SC, FC interferes both in the circle and square shape of different fiber optic cables, test for both single-mode and multi-mode cables. S'applique \u00e0 : Syst\u00e8mes de c\u00e2blage int\u00e9gr\u00e9s et ing\u00e9nierie de la fibre optique ; ing\u00e9nierie CATV ; maintenance des r\u00e9seaux optiques ; t\u00e9l\u00e9communications optiques ; ing\u00e9nierie des lecteurs de mesures optiques ; production et recherche de dispositifs optiques.<\/span><\/li>\n<li class=\"a-spacing-mini\"><span class=\"a-list-item\">\u3010Detection Distance\u3011Ce localisateur visuel de d\u00e9fauts poss\u00e8de une source lumineuse puissante de 30mW, une puissance de sortie constante, la lumi\u00e8re rouge forte va 20-30 kilom\u00e8tres loin dans le c\u00e2ble de fibre optique, les circuits de puissance efficace \u00e9lev\u00e9e fournissent une puissance stable, une onde continue et un mode puls\u00e9.<\/span><\/li>\n<li class=\"a-spacing-mini\"><span class=\"a-list-item\">\u3010Practical Design\u3011Small size and lightweight, pen-type design with pouch make it portable, easy to check fiber faults with visual fault locator, design with a stainless steel head and aluminum body to prevent crash and dust, the case ground design prevent ESD damage efficiently.<\/span><\/li>\n<\/ul>","protected":false},"featured_media":12562,"comment_status":"open","ping_status":"closed","template":"","meta":[],"product_brand":[],"product_cat":[789],"product_tag":[157,158,265,340],"class_list":{"0":"post-12536","1":"product","2":"type-product","3":"status-publish","4":"has-post-thumbnail","6":"product_cat-visual-fault-locator","7":"product_tag-50km","8":"product_tag-50mw","9":"product_tag-noli","10":"product_tag-visual-fault-locator","12":"first","13":"instock","14":"sale","15":"shipping-taxable","16":"purchasable","17":"product-type-variable"},"_links":{"self":[{"href":"https:\/\/www.luleey.com\/fr\/wp-json\/wp\/v2\/product\/12536","targetHints":{"allow":["GET"]}}],"collection":[{"href":"https:\/\/www.luleey.com\/fr\/wp-json\/wp\/v2\/product"}],"about":[{"href":"https:\/\/www.luleey.com\/fr\/wp-json\/wp\/v2\/types\/product"}],"replies":[{"embeddable":true,"href":"https:\/\/www.luleey.com\/fr\/wp-json\/wp\/v2\/comments?post=12536"}],"wp:featuredmedia":[{"embeddable":true,"href":"https:\/\/www.luleey.com\/fr\/wp-json\/wp\/v2\/media\/12562"}],"wp:attachment":[{"href":"https:\/\/www.luleey.com\/fr\/wp-json\/wp\/v2\/media?parent=12536"}],"wp:term":[{"taxonomy":"product_brand","embeddable":true,"href":"https:\/\/www.luleey.com\/fr\/wp-json\/wp\/v2\/product_brand?post=12536"},{"taxonomy":"product_cat","embeddable":true,"href":"https:\/\/www.luleey.com\/fr\/wp-json\/wp\/v2\/product_cat?post=12536"},{"taxonomy":"product_tag","embeddable":true,"href":"https:\/\/www.luleey.com\/fr\/wp-json\/wp\/v2\/product_tag?post=12536"}],"curies":[{"name":"wp","href":"https:\/\/api.w.org\/{rel}","templated":true}]}}