{"id":12541,"date":"2024-07-19T00:53:04","date_gmt":"2024-07-18T16:53:04","guid":{"rendered":"https:\/\/www.luleey.com\/?post_type=product&#038;p=12541"},"modified":"2025-02-20T21:46:34","modified_gmt":"2025-02-20T13:46:34","slug":"optical-power-meter-6-wavelengths-opm-ll-opm-noli","status":"publish","type":"product","link":"https:\/\/www.luleey.com\/fr\/produit-2\/optical-power-meter-6-wavelengths-opm-ll-opm-noli\/","title":{"rendered":"Power Meter optique 6 longueurs d'onde OPM LL-OPM-NoLi"},"content":{"rendered":"<p><span style=\"color: #ff0000;\">Pour des raisons de s\u00e9curit\u00e9 lors du transport, les piles ordinaires ne sont pas envoy\u00e9es. Nous vous remercions de votre compr\u00e9hension.<\/span><\/p>\n<div id=\"offer-template-0\">\n<p align=\"left\"><strong data-spm-anchor-id=\"a2g0o.detail.1000023.i0.6e6d2ca3EqJnmk\">Produit\u00a0<\/strong><strong>Caract\u00e9ristiques<\/strong><\/p>\n<ul>\n<li data-spm-anchor-id=\"a2g0o.detail.1000023.i2.6663H5f1H5f1o7\">Interface universelle de 2,5 mm.<\/li>\n<li>Prend en charge 6 types de longueurs d'onde multiples.<\/li>\n<li>Mini et compact, confortable \u00e0 manipuler.<\/li>\n<li>Faible consommation d'\u00e9nergie<\/li>\n<li data-spm-anchor-id=\"a2g0o.detail.1000023.i0.6663H5f1H5f1o7\">Plage d'affichage : +10~-70dBm @1550nm\/+26~-50dBm @1550nm<\/li>\n<li data-spm-anchor-id=\"a2g0o.detail.1000023.i0.6663H5f1H5f1o7\">R\u00e9solution : 0,01db<\/li>\n<li data-spm-anchor-id=\"a2g0o.detail.1000023.i0.6663H5f1H5f1o7\">Longueur d'onde d'essai 850\/1300\/1310\/1490\/1550\/1625<\/li>\n<li data-spm-anchor-id=\"a2g0o.detail.1000023.i0.6663H5f1H5f1o7\">Type de capteur:lnGaAs<\/li>\n<li data-spm-anchor-id=\"a2g0o.detail.1000023.i0.6663H5f1H5f1o7\">Longueur d'onde : 800~1700nm<\/li>\n<li data-spm-anchor-id=\"a2g0o.detail.1000023.i0.6663H5f1H5f1o7\">Source d'alimentation:2*piles s\u00e8ches AAA<\/li>\n<li data-spm-anchor-id=\"a2g0o.detail.1000023.i0.6663H5f1H5f1o7\">Temp\u00e9rature de fonctionnement : -10 \u00e0 +50C ; &lt;90%RH<\/li>\n<li data-spm-anchor-id=\"a2g0o.detail.1000023.i0.6663H5f1H5f1o7\">Temp\u00e9rature de stockage : -20 \u00e0 +70\u00b0C ; &lt;90%RH<\/li>\n<\/ul>\n<p align=\"left\" data-spm-anchor-id=\"a2g0o.detail.1000023.i1.6663H5f1H5f1o7\"><strong>Le paquet comprend<\/strong><br \/>\n1x power meter<br \/>\n1x \u00e9tui<\/p>\n<\/div>","protected":false},"excerpt":{"rendered":"<ul class=\"a-unordered-list a-vertical a-spacing-mini\">\n<li class=\"a-spacing-mini\"><span class=\"a-list-item\">Affichage de la puissance optique lin\u00e9aire et de la puissance logarithmique, mesure de la valeur relative<\/span><\/li>\n<li class=\"a-spacing-mini\">\n<p class=\"serp-title\"><mark>Mesureur de puissance optique <\/mark>Ajustement automatique de la plage de mesure et indication de la puissance restante<\/p>\n<\/li>\n<li class=\"a-spacing-mini\"><span class=\"a-list-item\">Faible consommation d'\u00e9nergie, fonctionnement continu pendant plus de 80 heures<\/span><\/li>\n<li class=\"a-spacing-mini\"><span class=\"a-list-item\">Interface universelle de 2,5 mm, compatible avec les connecteurs FC, SC et ST<\/span><\/li>\n<li class=\"a-spacing-mini\"><span class=\"a-list-item\">Conception compacte et portable, poids de 68 g, garantissant une meilleure prise en main et un transport facile.<\/span><\/li>\n<\/ul>","protected":false},"featured_media":12580,"comment_status":"open","ping_status":"closed","template":"","meta":[],"product_brand":[],"product_cat":[363],"product_tag":[167,265,281],"class_list":{"0":"post-12541","1":"product","2":"type-product","3":"status-publish","4":"has-post-thumbnail","6":"product_cat-optical-power-meter-and-visual-fault-locator","7":"product_tag-6-wavelengths","8":"product_tag-noli","9":"product_tag-optical-power-meter","11":"first","12":"instock","13":"sale","14":"shipping-taxable","15":"purchasable","16":"product-type-variable"},"_links":{"self":[{"href":"https:\/\/www.luleey.com\/fr\/wp-json\/wp\/v2\/product\/12541","targetHints":{"allow":["GET"]}}],"collection":[{"href":"https:\/\/www.luleey.com\/fr\/wp-json\/wp\/v2\/product"}],"about":[{"href":"https:\/\/www.luleey.com\/fr\/wp-json\/wp\/v2\/types\/product"}],"replies":[{"embeddable":true,"href":"https:\/\/www.luleey.com\/fr\/wp-json\/wp\/v2\/comments?post=12541"}],"wp:featuredmedia":[{"embeddable":true,"href":"https:\/\/www.luleey.com\/fr\/wp-json\/wp\/v2\/media\/12580"}],"wp:attachment":[{"href":"https:\/\/www.luleey.com\/fr\/wp-json\/wp\/v2\/media?parent=12541"}],"wp:term":[{"taxonomy":"product_brand","embeddable":true,"href":"https:\/\/www.luleey.com\/fr\/wp-json\/wp\/v2\/product_brand?post=12541"},{"taxonomy":"product_cat","embeddable":true,"href":"https:\/\/www.luleey.com\/fr\/wp-json\/wp\/v2\/product_cat?post=12541"},{"taxonomy":"product_tag","embeddable":true,"href":"https:\/\/www.luleey.com\/fr\/wp-json\/wp\/v2\/product_tag?post=12541"}],"curies":[{"name":"wp","href":"https:\/\/api.w.org\/{rel}","templated":true}]}}