{"id":12544,"date":"2024-07-19T00:53:04","date_gmt":"2024-07-18T16:53:04","guid":{"rendered":"https:\/\/www.luleey.com\/?post_type=product&#038;p=12544"},"modified":"2025-02-20T21:46:21","modified_gmt":"2025-02-20T13:46:21","slug":"optical-power-meter-red-laser-fiber-rj45-tester-light-rangefinder-ll-opm-vfl-li-y8","status":"publish","type":"product","link":"https:\/\/www.luleey.com\/fr\/produit-2\/optical-power-meter-red-laser-fiber-rj45-tester-light-rangefinder-ll-opm-vfl-li-y8\/","title":{"rendered":"Mesureur de Puissance Optique +Testeur de Lumi\u00e8re Laser Rouge Fibre RJ45 LL-OPM-VFL-Li-Y8"},"content":{"rendered":"<div class=\"title--wrap--Ms9Zv4A\">\n<h3 data-pl=\"product-title\" data-spm-anchor-id=\"a2g0o.detail.0.i16.53aay6ply6ples\">6 In 1 Optical Power Meter Red High Precision Mini Red Fiber Pen 15km Rechargeable Fiber Light RJ45 Tester Light Rangefinder<\/h3>\n<p>&nbsp;<\/p>\n<\/div>\n<ul>\n<li>Gamme de longueurs d'onde : 800 \u00e0 1700<\/li>\n<li>Connecteur SC ST FC 2,5 mm<\/li>\n<li>Plage de mesure : -70~+3, -70~+10, -50~+26<\/li>\n<li>Longueur d'onde standard (nm) : 850, 980, 1300, 1310, 1490, 1550, 1625<\/li>\n<li>R\u00e9solution de l'affichage : affichage lin\u00e9aire : 0,1%, affichage logarithmique : 0,01dBm<\/li>\n<li>Longueur d'onde de la lumi\u00e8re rouge : 650nm<\/li>\n<li>Incertitude : 5%<\/li>\n<li>Puissance de la lumi\u00e8re rouge : 5 km, 15 km (20 km, 30 km peuvent \u00eatre personnalis\u00e9s)<\/li>\n<li>Identification de la fr\u00e9quence : 0, 270, 1000, 2000Hz<\/li>\n<li>RJ45 distance de suivi : 200 m\u00e8tres<\/li>\n<li>Distance de t\u00e9l\u00e9m\u00e9trie laser : 40 m\u00e8tres<\/li>\n<li>Tension d'entr\u00e9e : 3~6V<\/li>\n<li>Temps d'arr\u00eat automatique : 10 minutes<\/li>\n<li>Capacit\u00e9 de la batterie : 1100mAh batterie lithium rechargeable<\/li>\n<li>Dur\u00e9e de fonctionnement continu : environ 72 heures (mesure d'une seule puissance)<\/li>\n<li>Taille de l'instrument : 115*71*30mm<\/li>\n<li>Taille de l'emballage : 170*95*47mm<\/li>\n<\/ul>\n<p>Voici le Power Meter optique 6 en 1 - votre outil ultime pour une mesure pr\u00e9cise de la puissance optique ! Cet appareil multifonctionnel est dot\u00e9 de nombreuses fonctions et con\u00e7u pour vous faciliter la vie lorsqu'il s'agit de tester la puissance optique.<\/p>\n<p>notre Power Meter optique est capable de fournir des mesures pr\u00e9cises sur diff\u00e9rentes longueurs d'onde. La gamme de longueurs d'onde standard de 850, 980, 1300, 1310, 1490, 1550 et 1625 nm garantit la compatibilit\u00e9 avec une large gamme de syst\u00e8mes optiques.<\/p>\n<p>Dot\u00e9 d'une fonction de test RJ45, notre Power Meter optique polyvalent vous permet de mesurer sans effort les niveaux de puissance optique dans les c\u00e2bles de r\u00e9seau, garantissant ainsi une communication efficace.<\/p>\n<p>Non seulement notre wattm\u00e8tre optique excelle dans sa fonction premi\u00e8re, mais il est \u00e9galement dot\u00e9 de fonctionnalit\u00e9s suppl\u00e9mentaires qui am\u00e9lioreront vos capacit\u00e9s de test. L'\u00e9clairage LED int\u00e9gr\u00e9 offre une visibilit\u00e9 optimale, ce qui vous permet de travailler efficacement m\u00eame dans des environnements peu \u00e9clair\u00e9s. En outre, notre produit offre en option des fonctions de recherche de r\u00e9seau et de t\u00e9l\u00e9m\u00e9trie laser, ce qui accro\u00eet encore sa polyvalence.<\/p>\n<p>Con\u00e7u pour s'adapter \u00e0 diff\u00e9rents connecteurs, notre wattm\u00e8tre optique prend en charge les connecteurs SC, ST, FC et 2,5 mm. Cette flexibilit\u00e9 garantit la compatibilit\u00e9 avec une large gamme de syst\u00e8mes optiques, offrant commodit\u00e9 et polyvalence pour tous vos besoins de mesure de puissance optique.<\/p>\n<p>La batterie lithium rechargeable 1100mAh incorpor\u00e9e dans notre wattm\u00e8tre optique garantit une plus longue dur\u00e9e d'utilisation. Avec environ 72 heures de fonctionnement continu pour une seule mesure de puissance, vous pouvez effectuer efficacement vos tests de puissance optique sans craindre d'\u00eatre \u00e0 court d'\u00e9nergie.<\/p>\n<p>Afin d'offrir une pr\u00e9cision in\u00e9gal\u00e9e et de vous fournir des r\u00e9sultats fiables, notre Power Meter optique est soumis \u00e0 des tests rigoureux et respecte les normes industrielles les plus strictes. Soyez assur\u00e9 que vous obtiendrez des mesures pr\u00e9cises \u00e0 chaque fois, ce qui vous permettra de prendre des d\u00e9cisions \u00e9clair\u00e9es bas\u00e9es sur des donn\u00e9es r\u00e9elles.<\/p>\n<p>Que vous soyez un professionnel de l'industrie optique ou un passionn\u00e9 de syst\u00e8mes optiques, le wattm\u00e8tre optique 6 en 1 est un outil essentiel \u00e0 ne pas n\u00e9gliger. Investissez dans cet appareil fiable et dot\u00e9 de nombreuses fonctionnalit\u00e9s et am\u00e9liorez votre exp\u00e9rience en mati\u00e8re de test de puissance optique. Commandez d\u00e8s maintenant et d\u00e9couvrez la commodit\u00e9, la pr\u00e9cision et la polyvalence de notre wattm\u00e8tre optique !<\/p>","protected":false},"excerpt":{"rendered":"<p>*Source de lumi\u00e8re rouge<br \/>\n*Optical Power Meter<br \/>\n*Test RJ45<br \/>\n*\u00c9clairage par diodes \u00e9lectroluminescentes (DEL)<br \/>\n*Recherche de r\u00e9seau (facultatif)<br \/>\n*T\u00e9l\u00e9m\u00e9trie laser (en option)<\/p>\n<p>- Mesures pr\u00e9cises de la puissance avec le Power Meter optique 6 en 1, source de lumi\u00e8re rouge 650nm 5km\/15km\/20km\/30km et longueurs d'onde standard allant de 850nm \u00e0 1625nm.<br \/>\n- Outil polyvalent qui ne se contente pas de mesurer la puissance optique, mais propose \u00e9galement des tests RJ45, un \u00e9clairage LED, un d\u00e9tecteur de r\u00e9seau (en option) et une t\u00e9l\u00e9m\u00e9trie laser (en option).<br \/>\n- Compatible avec les connecteurs SC, ST et FC de 2,5 mm, il offre commodit\u00e9 et flexibilit\u00e9 pour diff\u00e9rentes applications optiques.<br \/>\n- Longue dur\u00e9e de vie de la batterie gr\u00e2ce \u00e0 une batterie au lithium rechargeable de 1100mAh, permettant une dur\u00e9e de travail continue d'environ 72 heures pour une mesure de puissance unique.<br \/>\n- Un outil essentiel pour les professionnels de l'industrie optique, offrant des mesures pr\u00e9cises pour divers besoins en mati\u00e8re de puissance optique.<\/p>","protected":false},"featured_media":12581,"comment_status":"open","ping_status":"closed","template":"","meta":[],"product_brand":[],"product_cat":[363,789],"product_tag":[142,170,248,281,340],"class_list":{"0":"post-12544","1":"product","2":"type-product","3":"status-publish","4":"has-post-thumbnail","6":"product_cat-optical-power-meter-and-visual-fault-locator","7":"product_cat-visual-fault-locator","8":"product_tag-30km","9":"product_tag-6in1","10":"product_tag-lithium-battery","11":"product_tag-optical-power-meter","12":"product_tag-visual-fault-locator","14":"first","15":"instock","16":"sale","17":"shipping-taxable","18":"purchasable","19":"product-type-variable"},"_links":{"self":[{"href":"https:\/\/www.luleey.com\/fr\/wp-json\/wp\/v2\/product\/12544","targetHints":{"allow":["GET"]}}],"collection":[{"href":"https:\/\/www.luleey.com\/fr\/wp-json\/wp\/v2\/product"}],"about":[{"href":"https:\/\/www.luleey.com\/fr\/wp-json\/wp\/v2\/types\/product"}],"replies":[{"embeddable":true,"href":"https:\/\/www.luleey.com\/fr\/wp-json\/wp\/v2\/comments?post=12544"}],"wp:featuredmedia":[{"embeddable":true,"href":"https:\/\/www.luleey.com\/fr\/wp-json\/wp\/v2\/media\/12581"}],"wp:attachment":[{"href":"https:\/\/www.luleey.com\/fr\/wp-json\/wp\/v2\/media?parent=12544"}],"wp:term":[{"taxonomy":"product_brand","embeddable":true,"href":"https:\/\/www.luleey.com\/fr\/wp-json\/wp\/v2\/product_brand?post=12544"},{"taxonomy":"product_cat","embeddable":true,"href":"https:\/\/www.luleey.com\/fr\/wp-json\/wp\/v2\/product_cat?post=12544"},{"taxonomy":"product_tag","embeddable":true,"href":"https:\/\/www.luleey.com\/fr\/wp-json\/wp\/v2\/product_tag?post=12544"}],"curies":[{"name":"wp","href":"https:\/\/api.w.org\/{rel}","templated":true}]}}