{"id":12565,"date":"2024-07-19T00:53:27","date_gmt":"2024-07-18T16:53:27","guid":{"rendered":"https:\/\/www.luleey.com\/?post_type=product&#038;p=12565"},"modified":"2025-01-14T11:33:08","modified_gmt":"2025-01-14T03:33:08","slug":"mini-fiber-catv-transmitter-two-way-output-210dbm","status":"publish","type":"product","link":"https:\/\/www.luleey.com\/fr\/produit-2\/mini-fiber-catv-transmitter-two-way-output-210dbm\/","title":{"rendered":"MINI Fiber CATV Transmitter Two-way Output 2*10dbm"},"content":{"rendered":"<p align=\"left\">L'\u00e9metteur 1310\/1550nm avec entr\u00e9e optique est sp\u00e9cialement con\u00e7u pour les r\u00e9seaux CATV FTTH. Sa principale caract\u00e9ristique est une faible consommation d'\u00e9nergie, un signal optique \u00e0 double sortie, avec une entr\u00e9e optique et une entr\u00e9e RF \u00e0 deux voies, une sortie optique AGC \u00e0 niveau constant, un petit volume et une grande fiabilit\u00e9. Adoptant une coque en alliage d'aluminium, avec un circuit de contr\u00f4le optique AGC int\u00e9gr\u00e9, une structure compacte et une alimentation externe modulaire, l'installation et le d\u00e9bogage sont tr\u00e8s pratiques. C'est un produit id\u00e9al pour construire un r\u00e9seau FTTH CATV.<\/p>\n<h3>Caract\u00e9ristiques<\/h3>\n<ol>\n<li>Coque en aluminium moul\u00e9 avec une bonne dispersion de la chaleur<\/li>\n<li>Adopte un module GaAs comme module d'amplification RF, la plage de r\u00e9ception optique peut atteindre 0~-15dbm, la plage d'entr\u00e9e RF est de 75~85dbuv.<\/li>\n<li>Module de r\u00e9ception optique Plage de contr\u00f4le AGC 0~-15dBm, le niveau de sortie reste inchang\u00e9.Module d'entr\u00e9e RF Plage de contr\u00f4le AGC 75~85dbuv, le niveau de sortie reste inchang\u00e9.<\/li>\n<li data-spm-anchor-id=\"a2g0o.detail.1000023.i0.1668bCE6bCE6zU\">Conception \u00e0 faible consommation et consommation totale \u22644w, L'alimentation peut \u00eatre directement entr\u00e9e ou aliment\u00e9e par la sortie RF. La tension d'entr\u00e9e est de DC6~15V.<\/li>\n<li data-spm-anchor-id=\"a2g0o.detail.1000023.i1.1668bCE6bCE6zU\">R\u00e9aliser le port d'entr\u00e9e 12v pour l'alimentation \u00e9lectrique<\/li>\n<li data-spm-anchor-id=\"a2g0o.detail.1000023.i1.1668bCE6bCE6zU\">distance maximale de 15 km<\/li>\n<\/ol>\n<h3>Sp\u00e9cifications<\/h3>\n<table width=\"867\" data-spm-anchor-id=\"a261y.7663282.descBanner.i16.b66544f2JIpbiy\">\n<tbody>\n<tr>\n<td width=\"211\"><span data-spm-anchor-id=\"a261y.7663282.descBanner.i19.b66544f2JIpbiy\">Objet<\/span><\/td>\n<td width=\"387\">Param\u00e8tre<\/td>\n<td width=\"269\">Suppl\u00e9ment<\/td>\n<\/tr>\n<tr>\n<td width=\"211\">Mod\u00e8le<\/td>\n<td width=\"387\">LL-CATV-T210<\/td>\n<td width=\"269\"><\/td>\n<\/tr>\n<tr>\n<td width=\"211\">MER(dB)<\/td>\n<td width=\"387\">\u226536<\/td>\n<td width=\"269\"><\/td>\n<\/tr>\n<tr>\n<td width=\"211\">MER(dB)<\/td>\n<td width=\"387\">&lt;1.0E-9<\/td>\n<td width=\"269\"><\/td>\n<\/tr>\n<tr>\n<td width=\"211\">CNR(dB)<\/td>\n<td width=\"387\">\u226551<\/td>\n<td width=\"269\">Pin=-2dBm<\/td>\n<\/tr>\n<tr>\n<td width=\"211\">CTB(dB)<\/td>\n<td width=\"387\">\u226565<\/td>\n<td width=\"269\">Pin=-2dBm<\/td>\n<\/tr>\n<tr>\n<td width=\"211\">CSO(dB)<\/td>\n<td width=\"387\">\u226562<\/td>\n<td width=\"269\">Pin=-2dBm<\/td>\n<\/tr>\n<tr>\n<td width=\"211\">Alimentation (V)<\/td>\n<td width=\"387\">6~15VDC<\/td>\n<td width=\"269\"><\/td>\n<\/tr>\n<tr>\n<td width=\"211\">Consommation \u00e9lectrique (W)<\/td>\n<td width=\"387\">\u22644(300mA)\/\u22644(500mA)\/\u22642(250mA)\/\u22644(500mA)<\/td>\n<td width=\"269\">+12VDC<\/td>\n<\/tr>\n<tr>\n<td width=\"211\">Temp\u00e9rature de fonctionnement (\u2103)<\/td>\n<td width=\"387\">-20~+60<\/td>\n<td width=\"269\"><\/td>\n<\/tr>\n<tr>\n<td width=\"211\">Dimension (mm)<\/td>\n<td width=\"387\">178*88*40<\/td>\n<td width=\"269\"><\/td>\n<\/tr>\n<tr>\n<td width=\"211\">poids(g)<\/td>\n<td width=\"387\">365<\/td>\n<td width=\"269\"><\/td>\n<\/tr>\n<tr>\n<td colspan=\"3\" width=\"867\">\u00a0\u00a0\u00a0\u00a0\u00a0\u00a0\u00a0\u00a0\u00a0\u00a0\u00a0 Module optique<\/td>\n<\/tr>\n<tr>\n<td width=\"211\">Longueur d'onde optique (nm)<\/td>\n<td width=\"387\">1100~1600<\/td>\n<td width=\"269\"><\/td>\n<\/tr>\n<tr>\n<td width=\"211\">Plage d'entr\u00e9e optique (dBm)<\/td>\n<td width=\"387\">0~ -15<\/td>\n<td width=\"269\"><\/td>\n<\/tr>\n<tr>\n<td width=\"211\">Largeur de bande (MHz)<\/td>\n<td width=\"387\">47~1002<\/td>\n<td width=\"269\"><\/td>\n<\/tr>\n<tr>\n<td width=\"211\">Plan\u00e9it\u00e9 (dB)<\/td>\n<td width=\"387\">\u00b10.75<\/td>\n<td width=\"269\"><\/td>\n<\/tr>\n<tr>\n<td width=\"211\">Niveau de test optique (OP.IN.TS) (dBuv)<\/td>\n<td width=\"387\">\u226575<\/td>\n<td width=\"269\">Broche : -15~+0dBm<\/td>\n<\/tr>\n<tr>\n<td width=\"211\">Plage de contr\u00f4le de l'AGC (dBm)<\/td>\n<td width=\"387\">0~-15<\/td>\n<td width=\"269\"><\/td>\n<\/tr>\n<tr>\n<td width=\"211\">Perte de retour en sortie (dB)<\/td>\n<td width=\"387\">\u226514<\/td>\n<td width=\"269\">47-1000MHz<\/td>\n<\/tr>\n<tr>\n<td width=\"211\">Impendance de sortie (\u03a9)<\/td>\n<td width=\"387\">75<\/td>\n<td width=\"269\"><\/td>\n<\/tr>\n<tr>\n<td colspan=\"3\" width=\"867\">\u00a0\u00a0\u00a0\u00a0\u00a0\u00a0\u00a0\u00a0\u00a0\u00a0\u00a0\u00a0 Module \u00e9metteur 1550nm<\/td>\n<\/tr>\n<tr>\n<td width=\"211\">Puissance de sortie<\/td>\n<td width=\"387\">2*10dbm<\/td>\n<td><\/td>\n<\/tr>\n<tr>\n<td width=\"211\">Niveau d'entr\u00e9e Rf (dbuv)<\/td>\n<td width=\"387\">75~85<\/td>\n<td><\/td>\n<\/tr>\n<tr>\n<td width=\"211\">Niveau de test Rf(RF.IN .TS)(dbuv)<\/td>\n<td width=\"387\">\u226578<\/td>\n<td><\/td>\n<\/tr>\n<\/tbody>\n<\/table>","protected":false},"excerpt":{"rendered":"<ol>\n<li>\u00c9metteur CATV Coque en aluminium moul\u00e9 avec bonne dispersion de la chaleur<\/li>\n<li>Adopte un module GaAs comme module d'amplification RF, la plage de r\u00e9ception optique peut atteindre 0~-15dbm, la plage d'entr\u00e9e RF est de 75~85dbuv.<\/li>\n<li>Module de r\u00e9ception optique Plage de contr\u00f4le AGC 0~-15dBm, le niveau de sortie reste inchang\u00e9.Module d'entr\u00e9e RF Plage de contr\u00f4le AGC 75~85dbuv, le niveau de sortie reste inchang\u00e9.<\/li>\n<li>Conception \u00e0 faible consommation et consommation totale \u22644w, L'alimentation peut \u00eatre directement entr\u00e9e ou aliment\u00e9e par la sortie RF. La tension d'entr\u00e9e est de DC6~15V.<\/li>\n<li>R\u00e9aliser le port d'entr\u00e9e 12v alimentant l'alimentation \u00e9lectrique<\/li>\n<\/ol>","protected":false},"featured_media":12588,"comment_status":"open","ping_status":"closed","template":"","meta":[],"product_brand":[],"product_cat":[198],"product_tag":[108,112,114,123,195],"class_list":{"0":"post-12565","1":"product","2":"type-product","3":"status-publish","4":"has-post-thumbnail","6":"product_cat-catv-transmitter","7":"product_tag-1310nm","8":"product_tag-1550nm","9":"product_tag-15km","10":"product_tag-2-port","11":"product_tag-catv","13":"first","14":"instock","15":"shipping-taxable","16":"purchasable","17":"product-type-variable"},"_links":{"self":[{"href":"https:\/\/www.luleey.com\/fr\/wp-json\/wp\/v2\/product\/12565","targetHints":{"allow":["GET"]}}],"collection":[{"href":"https:\/\/www.luleey.com\/fr\/wp-json\/wp\/v2\/product"}],"about":[{"href":"https:\/\/www.luleey.com\/fr\/wp-json\/wp\/v2\/types\/product"}],"replies":[{"embeddable":true,"href":"https:\/\/www.luleey.com\/fr\/wp-json\/wp\/v2\/comments?post=12565"}],"wp:featuredmedia":[{"embeddable":true,"href":"https:\/\/www.luleey.com\/fr\/wp-json\/wp\/v2\/media\/12588"}],"wp:attachment":[{"href":"https:\/\/www.luleey.com\/fr\/wp-json\/wp\/v2\/media?parent=12565"}],"wp:term":[{"taxonomy":"product_brand","embeddable":true,"href":"https:\/\/www.luleey.com\/fr\/wp-json\/wp\/v2\/product_brand?post=12565"},{"taxonomy":"product_cat","embeddable":true,"href":"https:\/\/www.luleey.com\/fr\/wp-json\/wp\/v2\/product_cat?post=12565"},{"taxonomy":"product_tag","embeddable":true,"href":"https:\/\/www.luleey.com\/fr\/wp-json\/wp\/v2\/product_tag?post=12565"}],"curies":[{"name":"wp","href":"https:\/\/api.w.org\/{rel}","templated":true}]}}