{"id":12569,"date":"2024-07-19T00:53:28","date_gmt":"2024-07-18T16:53:28","guid":{"rendered":"https:\/\/www.luleey.com\/?post_type=product&#038;p=12569"},"modified":"2024-12-16T09:27:12","modified_gmt":"2024-12-16T01:27:12","slug":"inch-catv-passive-receiver-optical-rf-head","status":"publish","type":"product","link":"https:\/\/www.luleey.com\/fr\/produit-2\/inch-catv-passive-receiver-optical-rf-head\/","title":{"rendered":"Inch CATV Passive Receiver Optical RF head"},"content":{"rendered":"<div>\n<div>\n<h3>Caract\u00e9ristiques<\/h3>\n<\/div>\n<\/div>\n<ol>\n<li>Diam\u00e8tre en pouces : 9,2-9,4 mm<\/li>\n<li>Bo\u00eetier en plastique de haute qualit\u00e9<\/li>\n<li>Sans alimentation ni consommation<\/li>\n<\/ol>\n<h3>Sp\u00e9cifications<\/h3>\n<table width=\"830\">\n<tbody>\n<tr>\n<td width=\"214\">Nom<\/td>\n<td width=\"52\">Unit\u00e9<\/td>\n<td width=\"362\">Param\u00e8tres techniques<\/td>\n<td width=\"202\">Note<\/td>\n<\/tr>\n<tr>\n<td>Mod\u00e8le<\/td>\n<td><\/td>\n<td>LL-CATV-Node<\/td>\n<td><\/td>\n<\/tr>\n<tr>\n<td>Longueur d'onde optique re\u00e7ue<\/td>\n<td>nm<\/td>\n<td>1100-1600 ou longueur d'onde unique 1550<\/td>\n<td><\/td>\n<\/tr>\n<tr>\n<td>Plage de puissance optique re\u00e7ue<\/td>\n<td>dBn<\/td>\n<td>0~16dB<\/td>\n<td><\/td>\n<\/tr>\n<tr>\n<td>Largeur de bande op\u00e9rationnelle<\/td>\n<td>MHZ<\/td>\n<td>40-860MHz\/1000MHz<\/td>\n<td><\/td>\n<\/tr>\n<tr>\n<td>Plan\u00e9it\u00e9 RF<\/td>\n<td>dB<\/td>\n<td>\u00b10.75<\/td>\n<td><\/td>\n<\/tr>\n<tr>\n<td>Imp\u00e9dance RF<\/td>\n<td>Q<\/td>\n<td>75<\/td>\n<td><\/td>\n<\/tr>\n<tr>\n<td>Connecteur de sortie RF<\/td>\n<td><\/td>\n<td>Homme, femme<\/td>\n<td>Pouce<\/td>\n<\/tr>\n<tr>\n<td>Niveau de sortie<\/td>\n<td>dBuv<\/td>\n<td width=\"362\">69dBuv (@0dBm r\u00e9ception) MER : 39, BER : 1.0E-9<br \/>\n58dBuv (@-6dBm r\u00e9ception) HER : 38, BER ; 1.0E-9<br \/>\n49dBuv (@-10dBm r\u00e9ception) MER:31 BER : 1.0E-7<br \/>\n45dBuv (@-12dBm r\u00e9ception) MGR:27, BER : 1.0E-7<\/td>\n<td width=\"202\">Conditions de test : Niveau d'entr\u00e9e optique : 80dBuv, MER:38, BER : 1.0E-9<\/td>\n<\/tr>\n<tr>\n<td>Perte de r\u00e9flexion de la sortie RF<\/td>\n<td>dB<\/td>\n<td>&gt;=16 \uff0810-550MHZ\uff09 . &gt;=14 \uff08 550-1000MHZ\uff09<\/td>\n<td><\/td>\n<\/tr>\n<tr>\n<td>Perte de r\u00e9flexion optique en entr\u00e9e<\/td>\n<td>dB<\/td>\n<td>&gt;=45<\/td>\n<td><\/td>\n<\/tr>\n<tr>\n<td>Type de connecteur optique<\/td>\n<td><\/td>\n<td>SC\/APC<\/td>\n<td><\/td>\n<\/tr>\n<tr>\n<td>C\/N<\/td>\n<td>dB<\/td>\n<td>&gt;=51<\/td>\n<td rowspan=\"3\" width=\"202\">Les conditions d'essai sont conformes \u00e0 la norme GT\/T184-2002.<\/td>\n<\/tr>\n<tr>\n<td>C\/CTB<\/td>\n<td>Dbc<\/td>\n<td>&gt;=65<\/td>\n<\/tr>\n<tr>\n<td>C\/CSO<\/td>\n<td>dB<\/td>\n<td>&gt;=62<\/td>\n<\/tr>\n<tr>\n<td>Sensibilit\u00e9<\/td>\n<td>dB<\/td>\n<td>-17<\/td>\n<td><\/td>\n<\/tr>\n<tr>\n<td>Plage de temp\u00e9rature de fonctionnement<\/td>\n<td>\u2103<\/td>\n<td>-20 - +60<\/td>\n<td><\/td>\n<\/tr>\n<tr>\n<td>Humidit\u00e9 relative maximale de fonctionnement<\/td>\n<td>%<\/td>\n<td>Maximum 95% sans condensation<\/td>\n<td><\/td>\n<\/tr>\n<tr>\n<td>Interface fibre optique<\/td>\n<td><\/td>\n<td>SC\/APC SC\/UPC FC\/APC<\/td>\n<td><\/td>\n<\/tr>\n<tr>\n<td>Humidit\u00e9 relative de fonctionnement<\/td>\n<td>%<\/td>\n<td>Max. 10% - 95% sans condensation<\/td>\n<td><\/td>\n<\/tr>\n<tr>\n<td>Dimension<\/td>\n<td>mm<\/td>\n<td>58mm*24mm*13mm<\/td>\n<td><\/td>\n<\/tr>\n<\/tbody>\n<\/table>\n<p align=\"left\">","protected":false},"excerpt":{"rendered":"<p>Le r\u00e9cepteur passif CATV est un r\u00e9cepteur optique domestique qui r\u00e9pond \u00e0 l'objectif ultime de d\u00e9veloppement de la fibre optique.<br \/>\net convient au terminal d'acc\u00e8s de l'utilisateur \u00e0 la fibre optique du r\u00e9seau FTTH pour r\u00e9aliser l'acc\u00e8s au signal analogique ou num\u00e9rique.<br \/>\nla maison.<\/p>","protected":false},"featured_media":12097,"comment_status":"open","ping_status":"closed","template":"","meta":[],"product_brand":[],"product_cat":[197],"product_tag":[112,195,299,306],"class_list":{"0":"post-12569","1":"product","2":"type-product","3":"status-publish","4":"has-post-thumbnail","6":"product_cat-catv-receiver","7":"product_tag-1550nm","8":"product_tag-catv","9":"product_tag-rf","10":"product_tag-sc-apc","12":"first","13":"instock","14":"shipping-taxable","15":"purchasable","16":"product-type-variable"},"_links":{"self":[{"href":"https:\/\/www.luleey.com\/fr\/wp-json\/wp\/v2\/product\/12569","targetHints":{"allow":["GET"]}}],"collection":[{"href":"https:\/\/www.luleey.com\/fr\/wp-json\/wp\/v2\/product"}],"about":[{"href":"https:\/\/www.luleey.com\/fr\/wp-json\/wp\/v2\/types\/product"}],"replies":[{"embeddable":true,"href":"https:\/\/www.luleey.com\/fr\/wp-json\/wp\/v2\/comments?post=12569"}],"wp:featuredmedia":[{"embeddable":true,"href":"https:\/\/www.luleey.com\/fr\/wp-json\/wp\/v2\/media\/12097"}],"wp:attachment":[{"href":"https:\/\/www.luleey.com\/fr\/wp-json\/wp\/v2\/media?parent=12569"}],"wp:term":[{"taxonomy":"product_brand","embeddable":true,"href":"https:\/\/www.luleey.com\/fr\/wp-json\/wp\/v2\/product_brand?post=12569"},{"taxonomy":"product_cat","embeddable":true,"href":"https:\/\/www.luleey.com\/fr\/wp-json\/wp\/v2\/product_cat?post=12569"},{"taxonomy":"product_tag","embeddable":true,"href":"https:\/\/www.luleey.com\/fr\/wp-json\/wp\/v2\/product_tag?post=12569"}],"curies":[{"name":"wp","href":"https:\/\/api.w.org\/{rel}","templated":true}]}}