{"id":12572,"date":"2024-07-19T00:53:29","date_gmt":"2024-07-18T16:53:29","guid":{"rendered":"https:\/\/www.luleey.com\/?post_type=product&#038;p=12572"},"modified":"2024-12-24T16:10:57","modified_gmt":"2024-12-24T08:10:57","slug":"fiber-quick-connector-sc-apc","status":"publish","type":"product","link":"https:\/\/www.luleey.com\/fr\/produit-2\/fiber-quick-connector-sc-apc\/","title":{"rendered":"Connecteur rapide fibre SC APC"},"content":{"rendered":"<h3><strong>Connecteur rapide SC APC<\/strong><\/h3>\n<h3>Caract\u00e9ristiques<\/h3>\n<ol>\n<li>Le Fiber Quick Connector SC APC est la solution parfaite pour tous vos besoins de connectivit\u00e9 en fibre optique. Avec ses performances et sa durabilit\u00e9 exceptionnelles, ce connecteur rapide est con\u00e7u pour d\u00e9passer vos attentes.<\/li>\n<li>Dot\u00e9 d'une perte d'insertion de \u22640,3dB, ce connecteur assure une connexion fiable et efficace, minimisant la perte de signal et maximisant les performances. Sa perte de retour \u00e9lev\u00e9e de \u226555dB garantit une transmission optimale des donn\u00e9es, offrant une communication claire et ininterrompue.<\/li>\n<li>Con\u00e7u pour r\u00e9sister \u00e0 des conditions extr\u00eames, ce connecteur est con\u00e7u pour fonctionner parfaitement \u00e0 des temp\u00e9ratures allant de -40 \u00e0 +85 degr\u00e9s Celsius. Que vous travailliez dans un d\u00e9sert br\u00fblant ou dans un environnement glacial, ce connecteur ne vous laissera pas tomber et vous assurera une connexion stable et coh\u00e9rente.<\/li>\n<li>Le Fiber Quick Connector SC APC a \u00e9t\u00e9 con\u00e7u pour \u00eatre r\u00e9utilisable. Gr\u00e2ce \u00e0 sa conception avanc\u00e9e, il permet une installation et un retrait faciles sans sacrifier les performances. Cela signifie que vous pouvez utiliser et r\u00e9utiliser ce connecteur en toute confiance sans vous soucier d'une quelconque d\u00e9gradation de la qualit\u00e9 du signal.<\/li>\n<li>Test\u00e9 selon les normes industrielles les plus strictes, ce connecteur est soumis \u00e0 des tests rigoureux de chute, de tension, de vibration et de torsion. Il surpasse toutes les exigences de s\u00e9curit\u00e9, garantissant des performances fiables m\u00eame dans les conditions les plus difficiles. Soyez assur\u00e9 que ce connecteur r\u00e9sistera \u00e0 tous les d\u00e9fis qu'il rencontrera.<\/li>\n<li>Dot\u00e9 d'une r\u00e9sistance \u00e0 la traction sup\u00e9rieure ou \u00e9gale \u00e0 30 N, ce connecteur garantit une connexion s\u00fbre qui ne sera pas facilement s\u00e9par\u00e9e ou compromise. Quelle que soit la contrainte ou la tension appliqu\u00e9e, ce connecteur tiendra bon, vous procurant ainsi une tranquillit\u00e9 d'esprit et une connexion s\u00fbre.<\/li>\n<li>Am\u00e9liorez votre r\u00e9seau de fibre optique avec le connecteur rapide pour fibre SC APC. Ses performances exceptionnelles, sa durabilit\u00e9 et sa flexibilit\u00e9 en font le choix id\u00e9al pour les professionnels des t\u00e9l\u00e9communications, de l'informatique et des centres de donn\u00e9es.<\/li>\n<\/ol>\n<h3>Sp\u00e9cifications<\/h3>\n<table width=\"834\">\n<tbody>\n<tr>\n<td width=\"273\">Mod\u00e8le<\/td>\n<td width=\"561\">LL-SCUPC-SCAPC<\/td>\n<\/tr>\n<tr>\n<td>Applications<\/td>\n<td>R\u00e9seau d'acc\u00e8s;Syst\u00e8mes Telecom\/CATV;FTTx<\/td>\n<\/tr>\n<tr>\n<td>Perte d'insertion<\/td>\n<td>\u22640,3dB<\/td>\n<\/tr>\n<tr>\n<td>Pertes de fonds<\/td>\n<td>\u226555dB<\/td>\n<\/tr>\n<tr>\n<td>Temp\u00e9rature de fonctionnement<\/td>\n<td>\u00a0-40~+85 degr\u00e9s Celsius<\/td>\n<\/tr>\n<tr>\n<td>R\u00e9utilisation<\/td>\n<td>\u00a0Soutien<\/td>\n<\/tr>\n<tr>\n<td>Test<\/td>\n<td>\u00a0Essai standard de chute, de tension, de vibration et de torsion.<\/td>\n<\/tr>\n<tr>\n<td>Essai de traction<\/td>\n<td>\u00a0sup\u00e9rieur ou \u00e9gal \u00e0 30N<\/td>\n<\/tr>\n<\/tbody>\n<\/table>\n<p>&nbsp;<\/p>\n<p>&nbsp;<\/p>","protected":false},"excerpt":{"rendered":"<ol>\n<li>- Facile \u00e0 installer : Le Fiber Quick Connector SC APC permet une installation rapide et sans souci avec une perte d'insertion minimale de \u22640,3dB.<\/li>\n<li>- Perte de retour \u00e9lev\u00e9e : Avec une perte de retour de \u226555dB, ce connecteur assure une qualit\u00e9 de signal sup\u00e9rieure et r\u00e9duit les r\u00e9flexions de signal.<\/li>\n<li>- Large gamme de temp\u00e9ratures de fonctionnement : Con\u00e7u pour r\u00e9sister \u00e0 des conditions extr\u00eames, ce connecteur peut fonctionner efficacement \u00e0 des temp\u00e9ratures allant de -40 \u00e0 +85 degr\u00e9s Celsius.<\/li>\n<li>- Conception r\u00e9utilisable : Ce connecteur est con\u00e7u pour \u00eatre r\u00e9utilis\u00e9, ce qui en fait un choix rentable et durable pour diverses connexions de fibres optiques.<\/li>\n<li>- Test\u00e9 rigoureusement : Ce connecteur est soumis \u00e0 des tests de durabilit\u00e9 standard pour les chutes, les tensions, les vibrations et les torsions, ce qui garantit sa fiabilit\u00e9 m\u00eame dans des environnements exigeants. De plus, il passe un test de traction avec une r\u00e9sistance sup\u00e9rieure ou \u00e9gale \u00e0 30N.<\/li>\n<\/ol>","protected":false},"featured_media":12590,"comment_status":"open","ping_status":"closed","template":"","meta":[],"product_brand":[],"product_cat":[368],"product_tag":[223,306],"class_list":{"0":"post-12572","1":"product","2":"type-product","3":"status-publish","4":"has-post-thumbnail","6":"product_cat-quick-connector-and-connector-panel","7":"product_tag-fiber-connector","8":"product_tag-sc-apc","10":"first","11":"instock","12":"sale","13":"shipping-taxable","14":"purchasable","15":"product-type-variable"},"_links":{"self":[{"href":"https:\/\/www.luleey.com\/fr\/wp-json\/wp\/v2\/product\/12572","targetHints":{"allow":["GET"]}}],"collection":[{"href":"https:\/\/www.luleey.com\/fr\/wp-json\/wp\/v2\/product"}],"about":[{"href":"https:\/\/www.luleey.com\/fr\/wp-json\/wp\/v2\/types\/product"}],"replies":[{"embeddable":true,"href":"https:\/\/www.luleey.com\/fr\/wp-json\/wp\/v2\/comments?post=12572"}],"wp:featuredmedia":[{"embeddable":true,"href":"https:\/\/www.luleey.com\/fr\/wp-json\/wp\/v2\/media\/12590"}],"wp:attachment":[{"href":"https:\/\/www.luleey.com\/fr\/wp-json\/wp\/v2\/media?parent=12572"}],"wp:term":[{"taxonomy":"product_brand","embeddable":true,"href":"https:\/\/www.luleey.com\/fr\/wp-json\/wp\/v2\/product_brand?post=12572"},{"taxonomy":"product_cat","embeddable":true,"href":"https:\/\/www.luleey.com\/fr\/wp-json\/wp\/v2\/product_cat?post=12572"},{"taxonomy":"product_tag","embeddable":true,"href":"https:\/\/www.luleey.com\/fr\/wp-json\/wp\/v2\/product_tag?post=12572"}],"curies":[{"name":"wp","href":"https:\/\/api.w.org\/{rel}","templated":true}]}}