{"id":12574,"date":"2024-07-19T00:53:29","date_gmt":"2024-07-18T16:53:29","guid":{"rendered":"https:\/\/www.luleey.com\/?post_type=product&#038;p=12574"},"modified":"2025-01-21T14:09:16","modified_gmt":"2025-01-21T06:09:16","slug":"video-optical-converter-4-8-channel","status":"publish","type":"product","link":"https:\/\/www.luleey.com\/fr\/produit-2\/video-optical-converter-4-8-channel\/","title":{"rendered":"Convertisseur vid\u00e9o optique 4 8 canaux"},"content":{"rendered":"<div>\n<div class=\"title--wrap--Ms9Zv4A\">\n<h3 data-pl=\"product-title\" data-spm-anchor-id=\"a2g0o.detail.0.i7.4fc0nIZxnIZx24\">1paire Pure VOOP 4-Way Digital Monitoring Optical Transceiver Single Mode FC 8 channels BNC Video Optical Converter 20Km<\/h3>\n<\/div>\n<h3>Caract\u00e9ristiques<\/h3>\n<ol>\n<li>Le convertisseur optique vid\u00e9o 4 8 canaux LL-BNC2FC est la solution id\u00e9ale pour tous vos besoins en mati\u00e8re de transmission vid\u00e9o. Qu'il s'agisse de transmission radio et t\u00e9l\u00e9vision, de vid\u00e9osurveillance, de chemins de fer, de surveillance de l'\u00e9nergie \u00e0 haut d\u00e9bit, de s\u00e9curit\u00e9, de vid\u00e9oconf\u00e9rence ou de communaut\u00e9s intelligentes automatis\u00e9es, ce convertisseur fiable a tout pr\u00e9vu.<\/li>\n<li>Con\u00e7u pour la performance et la facilit\u00e9 d'utilisation, ce convertisseur vid\u00e9o optique vous permet de transmettre des signaux vid\u00e9o de haute qualit\u00e9 sans perte de qualit\u00e9 ni d\u00e9gradation. Gr\u00e2ce \u00e0 son convertisseur vid\u00e9o optique BNC \u00e0 8 canaux, vous pouvez facilement connecter plusieurs appareils et visionner des s\u00e9quences vid\u00e9o avec une clart\u00e9 et une pr\u00e9cision optimales.<\/li>\n<li>Construit avec une coque en m\u00e9tal de haute qualit\u00e9, ce convertisseur est con\u00e7u pour durer. Sa conception durable lui permet de r\u00e9sister \u00e0 l'usure quotidienne, ce qui le rend adapt\u00e9 \u00e0 une utilisation \u00e0 long terme. En outre, le processus d'installation facile permet une mise en place sans souci, de sorte que vous pouvez \u00eatre op\u00e9rationnel en un rien de temps. Il suffit de le brancher et de le faire fonctionner, et le tour est jou\u00e9 !<\/li>\n<li>L'une des principales caract\u00e9ristiques de ce convertisseur optique vid\u00e9o est sa technologie FC monomode. Cette technologie garantit que vos signaux vid\u00e9o sont transmis sur de longues distances, jusqu'\u00e0 20 kilom\u00e8tres, sans perte ni interf\u00e9rence, ce qui le rend parfait pour les installations \u00e0 grande \u00e9chelle ou les dispositifs de surveillance.<\/li>\n<li>L'\u00e9metteur-r\u00e9cepteur optique de surveillance num\u00e9rique pure VOOP 4 voies ajoute un autre niveau de polyvalence \u00e0 ce convertisseur. Gr\u00e2ce \u00e0 cette fonction, vous pouvez connecter plusieurs dispositifs de surveillance, ce qui permet une surveillance vid\u00e9o en temps r\u00e9el \u00e0 partir de diff\u00e9rents endroits simultan\u00e9ment.<\/li>\n<li>Que vous soyez un chef d'entreprise souhaitant mettre \u00e0 niveau votre syst\u00e8me de vid\u00e9osurveillance ou un passionn\u00e9 de technologie cherchant \u00e0 am\u00e9liorer votre exp\u00e9rience en mati\u00e8re de vid\u00e9oconf\u00e9rence, ce convertisseur optique vid\u00e9o va changer la donne. Sa technologie avanc\u00e9e, associ\u00e9e \u00e0 une construction robuste, ne manquera pas d'impressionner et d'offrir les performances que vous attendez.<\/li>\n<li>En conclusion, le convertisseur optique vid\u00e9o 4 8 canaux LL-BNC2FC est la solution parfaite pour tous ceux qui ont besoin d'une transmission vid\u00e9o fiable et de haute qualit\u00e9. Avec sa capacit\u00e9 multicanal, sa coque m\u00e9tallique durable, son installation facile et sa capacit\u00e9 \u00e0 transmettre des signaux vid\u00e9o jusqu'\u00e0 20 kilom\u00e8tres, ce convertisseur offre des performances in\u00e9gal\u00e9es. Mettez \u00e0 niveau votre installation de vid\u00e9osurveillance ou de conf\u00e9rence d\u00e8s aujourd'hui et d\u00e9couvrez la diff\u00e9rence avec ce produit exceptionnel.<\/li>\n<\/ol>\n<h3>Sp\u00e9cifications<\/h3>\n<\/div>\n<div>\n<div>\n<div>\n<div>\n<div id=\"offer-template-0\">\n<div>\n<table width=\"834\">\n<tbody>\n<tr>\n<td width=\"273\">Mod\u00e8le<\/td>\n<td width=\"561\">LL-BNC2FC<\/td>\n<\/tr>\n<tr>\n<td>Temp\u00e9rature de stockage<\/td>\n<td>\u00a0-40~+70 degr\u00e9s Celsius<\/td>\n<\/tr>\n<tr>\n<td>Temp\u00e9rature de travail<\/td>\n<td>\u00a00~+55 degr\u00e9s Celsius<\/td>\n<\/tr>\n<tr>\n<td>Interface du produit<\/td>\n<td>\u00a0Interface FC<\/td>\n<\/tr>\n<tr>\n<td>Taille<\/td>\n<td>\u00a0112*97*40mm<\/td>\n<\/tr>\n<tr>\n<td>Distance de transmission<\/td>\n<td>\u00a020 km<\/td>\n<\/tr>\n<\/tbody>\n<\/table>\n<\/div>\n<\/div>\n<\/div>\n<\/div>\n<\/div>\n<\/div>","protected":false},"excerpt":{"rendered":"<p>1.convertisseur optique vid\u00e9o Convient \u00e0 la transmission radio et t\u00e9l\u00e9vision, \u00e0 la vid\u00e9osurveillance, aux chemins de fer, \u00e0 la surveillance de l'\u00e9nergie \u00e0 grande vitesse, \u00e0 la s\u00e9curit\u00e9, \u00e0 la vid\u00e9oconf\u00e9rence, aux communaut\u00e9s intelligentes automatis\u00e9es, etc.<br \/>\n2. Coque m\u00e9tallique de haute qualit\u00e9, durable, facile \u00e0 installer, plug and play.<\/p>","protected":false},"featured_media":12120,"comment_status":"open","ping_status":"closed","template":"","meta":[],"product_brand":[],"product_cat":[358],"product_tag":[130,192,213,276],"class_list":{"0":"post-12574","1":"product","2":"type-product","3":"status-publish","4":"has-post-thumbnail","6":"product_cat-video-to-fiber-media-converters","7":"product_tag-20km","8":"product_tag-bnc","9":"product_tag-fc","10":"product_tag-optical-converter","12":"first","13":"instock","14":"sale","15":"shipping-taxable","16":"purchasable","17":"product-type-variable"},"_links":{"self":[{"href":"https:\/\/www.luleey.com\/fr\/wp-json\/wp\/v2\/product\/12574","targetHints":{"allow":["GET"]}}],"collection":[{"href":"https:\/\/www.luleey.com\/fr\/wp-json\/wp\/v2\/product"}],"about":[{"href":"https:\/\/www.luleey.com\/fr\/wp-json\/wp\/v2\/types\/product"}],"replies":[{"embeddable":true,"href":"https:\/\/www.luleey.com\/fr\/wp-json\/wp\/v2\/comments?post=12574"}],"wp:featuredmedia":[{"embeddable":true,"href":"https:\/\/www.luleey.com\/fr\/wp-json\/wp\/v2\/media\/12120"}],"wp:attachment":[{"href":"https:\/\/www.luleey.com\/fr\/wp-json\/wp\/v2\/media?parent=12574"}],"wp:term":[{"taxonomy":"product_brand","embeddable":true,"href":"https:\/\/www.luleey.com\/fr\/wp-json\/wp\/v2\/product_brand?post=12574"},{"taxonomy":"product_cat","embeddable":true,"href":"https:\/\/www.luleey.com\/fr\/wp-json\/wp\/v2\/product_cat?post=12574"},{"taxonomy":"product_tag","embeddable":true,"href":"https:\/\/www.luleey.com\/fr\/wp-json\/wp\/v2\/product_tag?post=12574"}],"curies":[{"name":"wp","href":"https:\/\/api.w.org\/{rel}","templated":true}]}}