{"id":12577,"date":"2024-07-19T00:53:29","date_gmt":"2024-07-18T16:53:29","guid":{"rendered":"https:\/\/www.luleey.com\/?post_type=product&#038;p=12577"},"modified":"2025-08-03T21:21:05","modified_gmt":"2025-08-03T13:21:05","slug":"48-port-gigabit-switch-managed-ethernet-switch-ll-l3mes-sw-1000-48","status":"publish","type":"product","link":"https:\/\/www.luleey.com\/fr\/produit-2\/48-port-gigabit-switch-managed-ethernet-switch-ll-l3mes-sw-1000-48\/","title":{"rendered":"Commutateur Ethernet g\u00e9r\u00e9 48 ports Gigabit Switch, LL-L3MES-SW-1000-48"},"content":{"rendered":"<div>\n<div>\n<div class=\"title--wrap--Ms9Zv4A\">\n<h3 data-pl=\"product-title\" data-spm-anchor-id=\"a2g0o.detail.0.i10.6b21dra9dra9Zs\">48 Port Gigabit Switch 4 Fiber Port WEB Management 10G Up-line Optical Port VLAN Ring Network L3, Support DHCP IGMP Snooping<\/h3>\n<p>&nbsp;<\/p>\n<\/div>\n<p>Si vous recherchez un moyen fiable et efficace de g\u00e9rer vos connexions r\u00e9seau, ce commutateur Gigabit 48 ports est la solution id\u00e9ale. Avec 48 ports Gigabit Ethernet enti\u00e8rement g\u00e9r\u00e9s et 4 ports Fiber SFP, vous disposerez de nombreuses options pour connecter vos appareils et \u00e9tendre votre r\u00e9seau.<\/p>\n<p>L'une des principales caract\u00e9ristiques de ce commutateur est son syst\u00e8me avanc\u00e9 de gestion WEB, qui vous permet de configurer et de contr\u00f4ler facilement les param\u00e8tres de votre r\u00e9seau \u00e0 partir d'une interface Web. Vous pourrez configurer les VLAN, la QoS, le routage L3, le snooping IGMP et bien plus encore, le tout \u00e0 partir d'un seul emplacement pratique.<\/p>\n<p>En outre, ce commutateur prend \u00e9galement en charge un port optique 10G Up-line, qui peut fournir une connectivit\u00e9 rapide comme l'\u00e9clair pour vos appareils \u00e0 large bande passante. Et gr\u00e2ce \u00e0 sa topologie flexible de r\u00e9seau en anneau VLAN, vous pourrez cr\u00e9er un r\u00e9seau plus s\u00fbr et plus fiable, r\u00e9sistant aux points de d\u00e9faillance uniques.<\/p>\n<p>Dans l'ensemble, ce commutateur Gigabit 48 ports est un excellent choix pour les entreprises, les \u00e9coles ou d'autres organisations qui ont besoin d'une solution de r\u00e9seau puissante et riche en fonctionnalit\u00e9s. Si vous \u00eates pr\u00eat \u00e0 faire passer votre r\u00e9seau au niveau sup\u00e9rieur, n'h\u00e9sitez pas \u00e0 vous procurer l'un de ces commutateurs d\u00e8s aujourd'hui !<\/p>\n<p>&nbsp;<\/p>\n<\/div>\n<div><strong data-spm-anchor-id=\"a2g0o.detail.1000023.i0.6e6d2ca3EqJnmk\">Produit\u00a0<\/strong><strong>Caract\u00e9ristiques<\/strong><br \/>\n1. Le VLAN permet de diviser plusieurs r\u00e9seaux<br \/>\n2. Double protection contre la foudre pour le port r\u00e9seau et le port d'alimentation<br \/>\n3. Gestion du WEB<br \/>\n4. L3, support DHCPQoSACLSNMP V1 V2 V3IGMP Snooping V1 V2<br \/>\n<strong>D\u00e9finition du port\u00a0<\/strong><\/div>\n<\/div>\n<div id=\"offer-template-0\">\n<ul>\n<li>48 ports Gigabit + 4 10 Gigabit SFP + 1 port de gestion + 1 port SUB<\/li>\n<\/ul>\n<p align=\"left\"><strong>Protocole de r\u00e9seau<\/strong><\/p>\n<ul>\n<li>IEEE 802.3 IEEE 802.3i IEEE 802.3u IEEE 802.3ab IEEE 802.3Z IEEE 802.3ae IEEE 802.3az IEEE 802.3ad<\/li>\n<li>IEEE 802.3x IEEE 802.1ab IEEE 802.1p IEEE 802.1q IEEE 802.1x IEEE 802.1d IEEE 802.1s IEEE 802.1w<\/li>\n<\/ul>\n<p align=\"left\"><strong>Support de transmission en r\u00e9seau<\/strong><\/p>\n<ul>\n<li>10Base-T : Cat3, 4, 5 ou sup\u00e9rieur UTP\/STP (\u2264100m) 100Base-Tx : Cat5 ou sup\u00e9rieur UTP\/STP (\u2264100m)<\/li>\n<li>1000Base-TX : Cat\u00e9gorie Cat5 ou sup\u00e9rieure UTP\/STP (\u2264100m) fibre multimode : 50\/125, 62.5\/125, 100\/140um<\/li>\n<li>Fibre monomode : 8\/125, 8,7\/125, 9\/125, 10\/125um<\/li>\n<\/ul>\n<p align=\"left\"><strong>T\u00e9moin lumineux<\/strong><\/p>\n<ul>\n<li>PWR (indicateur de puissance) SYS (voyant syst\u00e8me)<\/li>\n<li>Link\/ACT (feu de liaison\/feu de donn\u00e9es)<\/li>\n<\/ul>\n<p align=\"left\"><strong>environnement de travail<\/strong><\/p>\n<ul>\n<li>Temp\u00e9rature de travail : -10~50\u00b0C Temp\u00e9rature de stockage : -40~70\u00b0C<\/li>\n<\/ul>\n<p align=\"left\"><strong>performance<\/strong><\/p>\n<ul>\n<li>Bande passante du fond de panier : 336 Gbps<\/li>\n<li>Taux de transmission des paquets : 131Mpps<\/li>\n<li>Tampon de paquets : 16Mbit<\/li>\n<\/ul>\n<p align=\"left\"><strong>taille de la structure<\/strong><\/p>\n<ul>\n<li>Taille du produit : 440*280*44mm<\/li>\n<li>Taille de l'emballage : 500*350*90mm<\/li>\n<li>Poids net du produit : 3.9KG Poids brut du produit : 4.6KG<\/li>\n<li>Taille du carton : 600*495*435mm<\/li>\n<\/ul>\n<p align=\"left\"><strong>Informations sur l'emballage<\/strong><\/p>\n<ul>\n<li>Quantit\u00e9 d'emballage : 5 ensembles Poids de l'emballage : 24KG<\/li>\n<\/ul>\n<p align=\"left\"><strong>certificat de s\u00e9curit\u00e9\u00a0<\/strong><\/p>\n<ul>\n<li>CE, FCC, RoHS<\/li>\n<\/ul>\n<p>&nbsp;<\/p>\n<\/div>","protected":false},"excerpt":{"rendered":"<p>Commutateur Gigabit 48 ports<\/p>\n<p>- Haute capacit\u00e9 : Avec 48 ports gigabit et 4 ports fibre SFP, ce switch g\u00e8re facilement les r\u00e9seaux de donn\u00e9es les plus charg\u00e9s.<br \/>\n- Gestion avanc\u00e9e : WEB Management, VLAN Ring Network L3, et prise en charge de DHCP et IGMP Snooping permettent un contr\u00f4le plus puissant et plus flexible.<br \/>\n- Rapide comme l'\u00e9clair : Le port optique 10G Up-line rend ce switch rapide comme l'\u00e9clair et capable de fournir des donn\u00e9es \u00e0 haut d\u00e9bit \u00e0 votre r\u00e9seau en un clin d'\u0153il.<br \/>\n- Efficacit\u00e9 accrue : La pratique VLAN Ring Network L3 de ce commutateur vous permet de simplifier l'organisation de votre r\u00e9seau et d'am\u00e9liorer l'efficacit\u00e9 en r\u00e9duisant les temp\u00eates de diffusion.<br \/>\n- Large compatibilit\u00e9 : Notre commutateur est compatible avec tous les types d'appareils, des PC aux consoles de jeu, afin que vous puissiez b\u00e9n\u00e9ficier d'une connectivit\u00e9 \u00e0 haut d\u00e9bit sur l'ensemble de votre r\u00e9seau.<\/p>","protected":false},"featured_media":12615,"comment_status":"open","ping_status":"closed","template":"","meta":[],"product_brand":[],"product_cat":[258,207],"product_tag":[89,151,208,244],"class_list":{"0":"post-12577","1":"product","2":"type-product","3":"status-publish","4":"has-post-thumbnail","6":"product_cat-managed-switches","7":"product_cat-switches","8":"product_tag-1000m","9":"product_tag-48-port","10":"product_tag-ethernet-switch","11":"product_tag-l3-managed","13":"first","14":"instock","15":"sale","16":"shipping-taxable","17":"purchasable","18":"product-type-variable"},"_links":{"self":[{"href":"https:\/\/www.luleey.com\/fr\/wp-json\/wp\/v2\/product\/12577","targetHints":{"allow":["GET"]}}],"collection":[{"href":"https:\/\/www.luleey.com\/fr\/wp-json\/wp\/v2\/product"}],"about":[{"href":"https:\/\/www.luleey.com\/fr\/wp-json\/wp\/v2\/types\/product"}],"replies":[{"embeddable":true,"href":"https:\/\/www.luleey.com\/fr\/wp-json\/wp\/v2\/comments?post=12577"}],"wp:featuredmedia":[{"embeddable":true,"href":"https:\/\/www.luleey.com\/fr\/wp-json\/wp\/v2\/media\/12615"}],"wp:attachment":[{"href":"https:\/\/www.luleey.com\/fr\/wp-json\/wp\/v2\/media?parent=12577"}],"wp:term":[{"taxonomy":"product_brand","embeddable":true,"href":"https:\/\/www.luleey.com\/fr\/wp-json\/wp\/v2\/product_brand?post=12577"},{"taxonomy":"product_cat","embeddable":true,"href":"https:\/\/www.luleey.com\/fr\/wp-json\/wp\/v2\/product_cat?post=12577"},{"taxonomy":"product_tag","embeddable":true,"href":"https:\/\/www.luleey.com\/fr\/wp-json\/wp\/v2\/product_tag?post=12577"}],"curies":[{"name":"wp","href":"https:\/\/api.w.org\/{rel}","templated":true}]}}