{"id":12578,"date":"2024-07-19T00:53:30","date_gmt":"2024-07-18T16:53:30","guid":{"rendered":"https:\/\/www.luleey.com\/?post_type=product&#038;p=12578"},"modified":"2025-04-10T11:41:28","modified_gmt":"2025-04-10T03:41:28","slug":"rs485-rs422-fiber-media-converter-fiber-to-serial-converter-20km-bidi","status":"publish","type":"product","link":"https:\/\/www.luleey.com\/fr\/produit-2\/rs485-rs422-fiber-media-converter-fiber-to-serial-converter-20km-bidi\/","title":{"rendered":"RS485 RS422 Convertisseur de m\u00e9dia \u00e0 fibre optique Convertisseur fibre vers s\u00e9rie 20km BIDI"},"content":{"rendered":"<div class=\"title--wrap--Ms9Zv4A\" data-spm-anchor-id=\"a2g0o.detail.0.i6.69e9EDaUEDaU6L\">\n<div class=\"title--wrap--Ms9Zv4A\" data-spm-anchor-id=\"a2g0o.detail.0.i6.69e9EDaUEDaU6L\">\n<h3>Caract\u00e9ristiques<\/h3>\n<ol>\n<li>Coque m\u00e9tallique pour prot\u00e9ger des interf\u00e9rences externes<\/li>\n<li>Plusieurs orifices d'a\u00e9ration pour une bonne dissipation de la chaleur<\/li>\n<li>Module tout-en-un, pr\u00eat \u00e0 l'emploi<\/li>\n<li>Puce de haute qualit\u00e9, transmission stable<\/li>\n<li>Port fibre supportant BIDI<\/li>\n<\/ol>\n<h3>Sp\u00e9cifications<\/h3>\n<table style=\"width: 57.3132%; height: 216px;\" width=\"834\">\n<tbody>\n<tr style=\"height: 24px;\">\n<td style=\"height: 24px;\">Marque<\/td>\n<td style=\"height: 24px;\">LuLeey<\/td>\n<\/tr>\n<tr style=\"height: 24px;\">\n<td style=\"height: 24px;\">Nom du produit<\/td>\n<td style=\"height: 24px;\">Convertisseur de m\u00e9dia RS485\/422<\/td>\n<\/tr>\n<tr style=\"height: 24px;\">\n<td style=\"height: 24px;\" width=\"273\">Mod\u00e8le<\/td>\n<td style=\"height: 24px;\" width=\"561\">\u00a0LL-MC-RS2F<\/td>\n<\/tr>\n<tr style=\"height: 24px;\">\n<td style=\"height: 24px;\">Longueur d'onde de la fibre<\/td>\n<td style=\"height: 24px;\">\u00a01310nm\/1550nm<\/td>\n<\/tr>\n<tr style=\"height: 24px;\">\n<td style=\"height: 24px;\">Distance de transmission du port optique<\/td>\n<td style=\"height: 24px;\">\u00a0monomode 20km\uff0cmulti-mode 2km<\/td>\n<\/tr>\n<tr style=\"height: 24px;\">\n<td style=\"height: 24px;\">Temp\u00e9rature de travail<\/td>\n<td style=\"height: 24px;\">\u00a0-25~70 degr\u00e9s Celsius<\/td>\n<\/tr>\n<tr style=\"height: 24px;\">\n<td style=\"height: 24px;\">Temp\u00e9rature de stockage<\/td>\n<td style=\"height: 24px;\">\u00a0-40~80 degr\u00e9s Celsius<\/td>\n<\/tr>\n<tr style=\"height: 24px;\">\n<td style=\"height: 24px;\">Taille du produit<\/td>\n<td style=\"height: 24px;\">105 x 100 x 26mm<\/td>\n<\/tr>\n<tr style=\"height: 24px;\">\n<td style=\"height: 24px;\">Adaptateur \u00e9lectrique<\/td>\n<td style=\"height: 24px;\">5V2A<\/td>\n<\/tr>\n<\/tbody>\n<\/table>\n<p>&nbsp;<\/p>\n<\/div>\n<\/div>","protected":false},"excerpt":{"rendered":"<p>Convertisseur de m\u00e9dia RS485\/422 Peut \u00eatre utilis\u00e9 pour connecter des machines de fr\u00e9quentation, des contr\u00f4leurs de portes, des feux de circulation, des contr\u00f4leurs d'\u00e9quipements industriels et d'autres dispositifs.<\/p>\n<p>- Conversion rapide et fiable des signaux RS485\/422 vers la fibre optique, assurant une connectivit\u00e9 sans faille dans les environnements industriels.<br \/>\n- Prend en charge les transmissions optiques monomodes et bidirectionnelles, \u00e9largissant ainsi la port\u00e9e et la flexibilit\u00e9 de votre r\u00e9seau de communication.<br \/>\n- \u00c9quip\u00e9 de connecteurs SC et FC, il permet de se connecter \u00e0 diff\u00e9rents types de c\u00e2bles et d'appareils \u00e0 fibre optique.<br \/>\n- Il offre une distance de transmission de 20 km, ce qui permet d'\u00e9tendre la couverture dans les installations industrielles \u00e0 grande \u00e9chelle.<br \/>\n- Id\u00e9al pour les applications industrielles n\u00e9cessitant une transmission de donn\u00e9es longue distance, r\u00e9sistante au bruit et s\u00e9curis\u00e9e par fibre optique.<\/p>","protected":false},"featured_media":17360,"comment_status":"open","ping_status":"closed","template":"","meta":[],"product_brand":[],"product_cat":[359],"product_tag":[130,191,224,303],"class_list":{"0":"post-12578","1":"product","2":"type-product","3":"status-publish","4":"has-post-thumbnail","6":"product_cat-serial-to-fiber-media-converters","7":"product_tag-20km","8":"product_tag-bidi","9":"product_tag-fiber-converter","10":"product_tag-rs485","12":"first","13":"instock","14":"featured","15":"shipping-taxable","16":"purchasable","17":"product-type-variable","18":"has-default-attributes"},"_links":{"self":[{"href":"https:\/\/www.luleey.com\/fr\/wp-json\/wp\/v2\/product\/12578","targetHints":{"allow":["GET"]}}],"collection":[{"href":"https:\/\/www.luleey.com\/fr\/wp-json\/wp\/v2\/product"}],"about":[{"href":"https:\/\/www.luleey.com\/fr\/wp-json\/wp\/v2\/types\/product"}],"replies":[{"embeddable":true,"href":"https:\/\/www.luleey.com\/fr\/wp-json\/wp\/v2\/comments?post=12578"}],"wp:featuredmedia":[{"embeddable":true,"href":"https:\/\/www.luleey.com\/fr\/wp-json\/wp\/v2\/media\/17360"}],"wp:attachment":[{"href":"https:\/\/www.luleey.com\/fr\/wp-json\/wp\/v2\/media?parent=12578"}],"wp:term":[{"taxonomy":"product_brand","embeddable":true,"href":"https:\/\/www.luleey.com\/fr\/wp-json\/wp\/v2\/product_brand?post=12578"},{"taxonomy":"product_cat","embeddable":true,"href":"https:\/\/www.luleey.com\/fr\/wp-json\/wp\/v2\/product_cat?post=12578"},{"taxonomy":"product_tag","embeddable":true,"href":"https:\/\/www.luleey.com\/fr\/wp-json\/wp\/v2\/product_tag?post=12578"}],"curies":[{"name":"wp","href":"https:\/\/api.w.org\/{rel}","templated":true}]}}