{"id":12592,"date":"2024-07-19T00:53:53","date_gmt":"2024-07-18T16:53:53","guid":{"rendered":"https:\/\/www.luleey.com\/?post_type=product&#038;p=12592"},"modified":"2024-12-14T22:34:51","modified_gmt":"2024-12-14T14:34:51","slug":"visual-fault-locator-lithium-battery-optical-fiber-test-pen-vfl-ll-opm-vfl-li-b3s","status":"publish","type":"product","link":"https:\/\/www.luleey.com\/fr\/produit-2\/visual-fault-locator-lithium-battery-optical-fiber-test-pen-vfl-ll-opm-vfl-li-b3s\/","title":{"rendered":"Localisateur visuel de d\u00e9fauts Pile au lithium Stylo de test de fibre optique VFL LL-OPM-VFL-Li-B3S"},"content":{"rendered":"<div>1. Puces de haute qualit\u00e9, laser puissant<br \/>\n2. Puissance lumineuse r\u00e9glable, \u00e9conomie d'\u00e9lectricit\u00e9<br \/>\n3. Couvercle \u00e0 rabat pour bloquer la poussi\u00e8re<br \/>\n4. \u00c9clairage LED, travail de nuit<br \/>\n5. Visualisation du r\u00e9seau \u00e9lectrique<\/div>\n<p>&nbsp;<\/p>\n<ul>\n<li>Longueur d'onde : 650nm<\/li>\n<li>Interface : interface universelle de 2,5 mm<\/li>\n<li>Temp\u00e9rature de fonctionnement : -20~60 degr\u00e9s Celsius<\/li>\n<li>Temp\u00e9rature de stockage : -40~85 degr\u00e9s Celsius<\/li>\n<li data-spm-anchor-id=\"a2g0o.detail.1000023.i0.31e8tZN7tZN7eP\">Taille : 125*35*17mm<\/li>\n<\/ul>\n<p>Nous vous pr\u00e9sentons notre localisateur visuel de d\u00e9fauts de haute qualit\u00e9, un outil puissant con\u00e7u pour vous aider \u00e0 identifier et \u00e0 localiser les d\u00e9fauts des fibres optiques avec facilit\u00e9 et pr\u00e9cision. Dot\u00e9 de technologies avanc\u00e9es et de fonctions conviviales, ce localisateur de d\u00e9fauts est un outil indispensable pour les professionnels travaillant dans le secteur des t\u00e9l\u00e9communications et des r\u00e9seaux.<\/p>\n<p>Notre localisateur visuel de d\u00e9fauts utilise des puces de haute qualit\u00e9 et un laser puissant pour fournir une indication visuelle forte et pr\u00e9cise des d\u00e9fauts de fibre. Gr\u00e2ce \u00e0 sa puissance lumineuse r\u00e9glable, vous pouvez facilement contr\u00f4ler l'intensit\u00e9 du faisceau laser, ce qui permet d'\u00e9conomiser de l'\u00e9lectricit\u00e9 et de garantir des performances optimales en fonction de vos besoins sp\u00e9cifiques. Cela permet non seulement d'am\u00e9liorer l'efficacit\u00e9, mais aussi de prolonger la dur\u00e9e de vie de la batterie, ce qui vous permet de travailler pendant des p\u00e9riodes prolong\u00e9es sans interruption.<\/p>\n<p>Le couvercle rabattable de notre localisateur de pannes a une double fonction. Tout d'abord, il sert de bouclier protecteur pour emp\u00eacher la poussi\u00e8re et les d\u00e9bris de p\u00e9n\u00e9trer dans l'appareil, garantissant ainsi sa long\u00e9vit\u00e9 et sa fiabilit\u00e9. D'autre part, il facilite l'acc\u00e8s au faisceau laser, ce qui permet une utilisation rapide et sans probl\u00e8me. Que vous travailliez dans un environnement propre ou dans un cadre plus difficile, ce couvercle rabattable ajoute commodit\u00e9 et durabilit\u00e9 \u00e0 vos t\u00e2ches de localisation de d\u00e9fauts.<\/p>\n<p>Travailler dans des conditions de faible luminosit\u00e9 ou de nuit n'est plus un probl\u00e8me avec notre localisateur visuel de d\u00e9fauts. \u00c9quip\u00e9 d'un \u00e9clairage LED, vous pouvez facilement \u00e9clairer la zone cible, ce qui permet une d\u00e9tection claire et pr\u00e9cise des d\u00e9fauts. Cela am\u00e9liore non seulement la visibilit\u00e9, mais vous \u00e9vite \u00e9galement d'avoir \u00e0 transporter une lampe de poche suppl\u00e9mentaire pendant votre travail. Que vous d\u00e9panniez des connexions de fibre optique ou que vous fassiez de la maintenance, notre localisateur de d\u00e9fauts vous permet de travailler en toute confiance et de mani\u00e8re efficace, de jour comme de nuit.<\/p>\n<p>Le localisateur visuel de d\u00e9fauts comporte une grille d'alimentation visualis\u00e9e, qui vous donne une indication claire de la puissance restante de la batterie. Cet affichage LED est facilement visible, ce qui vous permet de suivre l'\u00e9tat de la batterie \u00e0 tout moment et de planifier votre travail en cons\u00e9quence. En outre, l'interface universelle de 2,5 mm de notre localisateur de d\u00e9fauts prend en charge les connecteurs de fibre optique SC\/FC\/ST, ce qui garantit la compatibilit\u00e9 avec une large gamme de syst\u00e8mes et de composants \u00e0 fibre optique.<\/p>\n<p>La capacit\u00e9 de notre localisateur visuel de d\u00e9fauts \u00e0 vous tenir inform\u00e9 de la puissance de l'appareil. Gr\u00e2ce \u00e0 l'affichage LED indiquant la puissance restante de la batterie, vous pouvez facilement planifier et prioriser votre travail, en assurant un fonctionnement continu et en minimisant les temps d'arr\u00eat.<\/p>\n<p>Investissez d\u00e8s aujourd'hui dans notre localisateur de d\u00e9fauts visuel et d\u00e9couvrez la puissance des puces de haute qualit\u00e9, un laser puissant, une puissance lumineuse r\u00e9glable, un couvercle rabattable, un \u00e9clairage LED et un r\u00e9seau \u00e9lectrique visualis\u00e9. Avec son interface conviviale et ses fonctions polyvalentes, ce localisateur de d\u00e9fauts est votre compagnon id\u00e9al pour une d\u00e9tection fiable et efficace des d\u00e9fauts de fibre.<\/p>","protected":false},"excerpt":{"rendered":"<p>1. Des puces de haute qualit\u00e9 et un laser puissant garantissent une d\u00e9tection pr\u00e9cise et exacte des d\u00e9fauts dans les fibres optiques.<br \/>\n2. La puissance lumineuse r\u00e9glable permet non seulement de s'adapter \u00e0 diff\u00e9rents environnements de travail, mais aussi d'\u00e9conomiser de l'\u00e9lectricit\u00e9.<br \/>\n3. Le couvercle \u00e0 rabat bloque efficacement la poussi\u00e8re et prot\u00e8ge l'appareil, prolongeant ainsi sa dur\u00e9e de vie.<br \/>\n4. \u00c9quip\u00e9 d'un \u00e9clairage LED, ce localisateur visuel de d\u00e9fauts permet un travail efficace et fiable, m\u00eame dans des conditions de faible luminosit\u00e9 ou de nuit.<br \/>\n5. La grille d'alimentation visualis\u00e9e fournit un affichage clair et pratique de la puissance restante de la batterie, aidant les utilisateurs \u00e0 suivre l'utilisation de l'appareil.<\/p>","protected":false},"featured_media":12122,"comment_status":"open","ping_status":"closed","template":"","meta":[],"product_brand":[],"product_cat":[789],"product_tag":[142,248,340],"class_list":{"0":"post-12592","1":"product","2":"type-product","3":"status-publish","4":"has-post-thumbnail","6":"product_cat-visual-fault-locator","7":"product_tag-30km","8":"product_tag-lithium-battery","9":"product_tag-visual-fault-locator","11":"first","12":"instock","13":"sale","14":"shipping-taxable","15":"purchasable","16":"product-type-variable"},"_links":{"self":[{"href":"https:\/\/www.luleey.com\/fr\/wp-json\/wp\/v2\/product\/12592","targetHints":{"allow":["GET"]}}],"collection":[{"href":"https:\/\/www.luleey.com\/fr\/wp-json\/wp\/v2\/product"}],"about":[{"href":"https:\/\/www.luleey.com\/fr\/wp-json\/wp\/v2\/types\/product"}],"replies":[{"embeddable":true,"href":"https:\/\/www.luleey.com\/fr\/wp-json\/wp\/v2\/comments?post=12592"}],"wp:featuredmedia":[{"embeddable":true,"href":"https:\/\/www.luleey.com\/fr\/wp-json\/wp\/v2\/media\/12122"}],"wp:attachment":[{"href":"https:\/\/www.luleey.com\/fr\/wp-json\/wp\/v2\/media?parent=12592"}],"wp:term":[{"taxonomy":"product_brand","embeddable":true,"href":"https:\/\/www.luleey.com\/fr\/wp-json\/wp\/v2\/product_brand?post=12592"},{"taxonomy":"product_cat","embeddable":true,"href":"https:\/\/www.luleey.com\/fr\/wp-json\/wp\/v2\/product_cat?post=12592"},{"taxonomy":"product_tag","embeddable":true,"href":"https:\/\/www.luleey.com\/fr\/wp-json\/wp\/v2\/product_tag?post=12592"}],"curies":[{"name":"wp","href":"https:\/\/api.w.org\/{rel}","templated":true}]}}