{"id":12593,"date":"2024-07-19T00:53:53","date_gmt":"2024-07-18T16:53:53","guid":{"rendered":"https:\/\/www.luleey.com\/?post_type=product&#038;p=12593"},"modified":"2025-04-09T09:11:43","modified_gmt":"2025-04-09T01:11:43","slug":"5g-optical-power-meter-1270nm-1577nm-optical-fiber-tester-ll-opm-li-g11","status":"publish","type":"product","link":"https:\/\/www.luleey.com\/fr\/produit-2\/5g-optical-power-meter-1270nm-1577nm-optical-fiber-tester-ll-opm-li-g11\/","title":{"rendered":"Mesureur de puissance optique 5G 1270nm 1577nm Testeur de fibre optique LL-OPM-Li-G11"},"content":{"rendered":"<h3>Mesureur de puissance optique 5G 1270nm 1577nm Testeur de fibre optique LL-OPM-Li-G11<\/h3>\n<ul>\n<li>longueur d'onde : 800-1700<\/li>\n<li>Type de sonde:InGaAs<\/li>\n<li>Measurement Range:-70~6;-70~10;-50~26<\/li>\n<li>tol\u00e9rances:5%<\/li>\n<li>Standard wavelength:850\/980\/1270\/1300\/1310\/1490\/1550\/1577\/1625<\/li>\n<li>Tension de charge : 5V<\/li>\n<li>Courant de charge : 500mA<\/li>\n<\/ul>\n<p>Nous vous pr\u00e9sentons notre wattm\u00e8tre optique 5G, un outil indispensable pour la maintenance et l'optimisation des r\u00e9seaux \u00e0 fibre optique. Ce wattm\u00e8tre polyvalent est \u00e9quip\u00e9 d'une technologie et de fonctionnalit\u00e9s de pointe, ce qui en fait le compagnon id\u00e9al pour tous vos besoins en mati\u00e8re de test de la fibre optique.<\/p>\n<p>Dot\u00e9 d'une sonde fiable de type InGaAs, ce wattm\u00e8tre garantit des mesures de puissance pr\u00e9cises et exactes. La technologie InGaAs am\u00e9liore la sensibilit\u00e9 et la stabilit\u00e9 de l'appareil, ce qui permet d'obtenir des r\u00e9sultats fiables m\u00eame dans les environnements les plus exigeants. Cela permet une int\u00e9gration transparente dans votre infrastructure optique existante.<\/p>\n<p>Notre Power Meter optique 5G offre une large plage de mesure, ce qui vous permet de b\u00e9n\u00e9ficier d'options de test flexibles. Avec la possibilit\u00e9 de choisir parmi trois plages de test diff\u00e9rentes (-70~6 ; -70~10 ; -50~26 dB), vous pouvez mesurer sans effort les niveaux de puissance en fonction des exigences sp\u00e9cifiques de votre r\u00e9seau.<\/p>\n<p>La gamme de longueurs d'onde offerte par notre wattm\u00e8tre est vaste, couvrant neuf longueurs d'onde diff\u00e9rentes (850\/980\/1270\/1300\/1310\/1490\/1550\/1577\/1625 nm). Cette large couverture assure la compatibilit\u00e9 avec diff\u00e9rents syst\u00e8mes de fibre optique et vous permet de mesurer avec pr\u00e9cision les niveaux de puissance sur diff\u00e9rentes longueurs d'onde.<\/p>\n<p>Pour plus de commodit\u00e9, notre Power Meter optique 5G dispose d'une capacit\u00e9 int\u00e9gr\u00e9e de 400 mA, ce qui permet une alimentation longue dur\u00e9e et des p\u00e9riodes de test prolong\u00e9es. Vous pouvez ainsi effectuer efficacement des mesures sans vous soucier des performances de la batterie ou de la n\u00e9cessit\u00e9 de la recharger en permanence.<\/p>\n<p>Le wattm\u00e8tre prend \u00e9galement en charge les connecteurs SC\/FC\/ST, offrant une connectivit\u00e9 transparente avec vos appareils \u00e0 fibre optique. Cette flexibilit\u00e9 permet des connexions faciles et s\u00fbres, garantissant des mesures de puissance pr\u00e9cises sans interf\u00e9rence ni perte de signal.<\/p>\n<p>Fabriqu\u00e9 avec une coque en silicone, notre wattm\u00e8tre est non seulement durable, mais il offre \u00e9galement une prise en main confortable et une r\u00e9sistance aux chocs. Sa construction robuste lui permet de r\u00e9sister aux rigueurs d'une utilisation quotidienne, ce qui le rend adapt\u00e9 aux travaux sur le terrain et aux laboratoires.<\/p>\n<p>En r\u00e9sum\u00e9, notre wattm\u00e8tre optique 5G est un produit de haute qualit\u00e9 et riche en fonctionnalit\u00e9s, con\u00e7u pour am\u00e9liorer les performances et l'efficacit\u00e9 de votre r\u00e9seau \u00e0 fibre optique. Avec son type de sonde InGaAs, sa large plage de mesure, ses multiples longueurs d'onde, sa capacit\u00e9 int\u00e9gr\u00e9e de 400 mA et sa prise en charge de divers connecteurs, ce wattm\u00e8tre est un outil polyvalent et essentiel pour tout professionnel de l'industrie de la fibre optique. Investissez dans notre wattm\u00e8tre optique 5G et \u00e9levez vos capacit\u00e9s de test de r\u00e9seau \u00e0 de nouveaux sommets.<\/p>","protected":false},"excerpt":{"rendered":"<p>\u2018Mesureur de puissance optique 5G Mesures de puissance pr\u00e9cises et exactes avec le type de sonde InGaAs pour des r\u00e9sultats fiables.<br \/>\n- Trois gammes de test s\u00e9lectionnables (-70~6dB, -70~10dB, -50~26dB) permettent des tests polyvalents et personnalisables.<br \/>\n- La large gamme de 9 longueurs d'onde (850\/980\/1270\/1300\/1310\/1490\/1550\/1577\/1625) assure la compatibilit\u00e9 avec diff\u00e9rents r\u00e9seaux optiques.<br \/>\n- Batterie int\u00e9gr\u00e9e de 400 mA pour la commodit\u00e9 et la portabilit\u00e9 lors des mesures sur le terrain.<br \/>\n- Prend en charge les connecteurs SC\/FC\/ST et est dot\u00e9 d'une coque en silicone pour une meilleure durabilit\u00e9 et une plus grande facilit\u00e9 d'utilisation.<\/p>","protected":false},"featured_media":12620,"comment_status":"open","ping_status":"closed","template":"","meta":[],"product_brand":[],"product_cat":[363],"product_tag":[105,113,164,248,281],"class_list":{"0":"post-12593","1":"product","2":"type-product","3":"status-publish","4":"has-post-thumbnail","6":"product_cat-optical-power-meter-and-visual-fault-locator","7":"product_tag-1270nm","8":"product_tag-1577nm","9":"product_tag-5g","10":"product_tag-lithium-battery","11":"product_tag-optical-power-meter","13":"first","14":"instock","15":"sale","16":"featured","17":"shipping-taxable","18":"purchasable","19":"product-type-variable"},"_links":{"self":[{"href":"https:\/\/www.luleey.com\/fr\/wp-json\/wp\/v2\/product\/12593","targetHints":{"allow":["GET"]}}],"collection":[{"href":"https:\/\/www.luleey.com\/fr\/wp-json\/wp\/v2\/product"}],"about":[{"href":"https:\/\/www.luleey.com\/fr\/wp-json\/wp\/v2\/types\/product"}],"replies":[{"embeddable":true,"href":"https:\/\/www.luleey.com\/fr\/wp-json\/wp\/v2\/comments?post=12593"}],"wp:featuredmedia":[{"embeddable":true,"href":"https:\/\/www.luleey.com\/fr\/wp-json\/wp\/v2\/media\/12620"}],"wp:attachment":[{"href":"https:\/\/www.luleey.com\/fr\/wp-json\/wp\/v2\/media?parent=12593"}],"wp:term":[{"taxonomy":"product_brand","embeddable":true,"href":"https:\/\/www.luleey.com\/fr\/wp-json\/wp\/v2\/product_brand?post=12593"},{"taxonomy":"product_cat","embeddable":true,"href":"https:\/\/www.luleey.com\/fr\/wp-json\/wp\/v2\/product_cat?post=12593"},{"taxonomy":"product_tag","embeddable":true,"href":"https:\/\/www.luleey.com\/fr\/wp-json\/wp\/v2\/product_tag?post=12593"}],"curies":[{"name":"wp","href":"https:\/\/api.w.org\/{rel}","templated":true}]}}