{"id":12597,"date":"2024-07-19T00:53:53","date_gmt":"2024-07-18T16:53:53","guid":{"rendered":"https:\/\/www.luleey.com\/?post_type=product&#038;p=12597"},"modified":"2024-07-19T22:59:58","modified_gmt":"2024-07-19T14:59:58","slug":"cable-fault-tester-8km-tdr-ll-tdr-8km","status":"publish","type":"product","link":"https:\/\/www.luleey.com\/fr\/produit-2\/cable-fault-tester-8km-tdr-ll-tdr-8km\/","title":{"rendered":"Testeur de d\u00e9fauts de c\u00e2bles 8KM TDR LL-TDR-8KM"},"content":{"rendered":"<h3 data-spm-anchor-id=\"a2g0o.detail.1000023.i0.5830qzWXqzWXWO\"><strong data-spm-anchor-id=\"a2g0o.detail.1000023.i0.6e6d2ca3EqJnmk\">Testeur de d\u00e9fauts de c\u00e2bles Produit <\/strong><strong>Caract\u00e9ristiques<\/strong><\/h3>\n<div data-spm-anchor-id=\"a2g0o.detail.1000023.i0.5830qzWXqzWXWO\">\n1,L'utilisation de l'unit\u00e9 centrale ARM avec la technologie FPGA permet d'effectuer rapidement diverses op\u00e9rations complexes et de d\u00e9terminer avec pr\u00e9cision la forme d'onde de la panne.<br \/>\n2. Fonction de comparaison des formes d'onde - pratique pour comparer la forme d'onde du c\u00e2ble d\u00e9fectueux et celle du c\u00e2ble normal, et pour d\u00e9terminer clairement l'emplacement du point de d\u00e9faillance.<br \/>\n3,Grand \u00e9cran LCD couleur - Conception humaine du menu de l'interface, bouton d'appui num\u00e9rique rapide, facile \u00e0 utiliser pour les utilisateurs.<br \/>\n4. Batterie lithium haute puissance : peut \u00eatre utilis\u00e9e pendant dix heures (avec un chargeur sp\u00e9cialis\u00e9).<\/div>\n<div id=\"offer-template-0\">\n<ul>\n<li>Distance de test automatique : 4km<\/li>\n<li data-spm-anchor-id=\"a2g0o.detail.1000023.i3.5830qzWXqzWXWO\">Distance de test manuel : 8 km<\/li>\n<li>Largeur d'impulsion : 30ns~50us<\/li>\n<li>La plus haute r\u00e9solution : 0.5m<\/li>\n<li data-spm-anchor-id=\"a2g0o.detail.1000023.i1.5830qzWXqzWXWO\">Zone aveugle de mesure : 0m<\/li>\n<li>\u00c9cran : 480*800 couleur<\/li>\n<li>Consommation \u00e9lectrique : 1W<\/li>\n<li>Taille : 190*84*52mm<\/li>\n<li data-spm-anchor-id=\"a2g0o.detail.1000023.i2.5830qzWXqzWXWO\">Batterie : 4400mAH<\/li>\n<li>Temp\u00e9rature de fonctionnement : -15~45 degr\u00e9s Celsius<\/li>\n<li data-spm-anchor-id=\"a2g0o.detail.1000023.i4.5830qzWXqzWXWO\">Temp\u00e9rature de stockage : -20~55 degr\u00e9s Celsius<\/li>\n<\/ul>\n<\/div>\n<p>&nbsp;<\/p>\n<p>Le testeur de d\u00e9fauts de c\u00e2bles est un appareil de pointe qui va r\u00e9volutionner la fa\u00e7on dont vous d\u00e9tectez et localisez les d\u00e9fauts dans les c\u00e2bles. Cet outil puissant combine les derni\u00e8res avanc\u00e9es technologiques pour fournir une analyse rapide et pr\u00e9cise des op\u00e9rations complexes, vous aidant \u00e0 identifier la forme d'onde du d\u00e9faut avec la plus grande pr\u00e9cision.<\/p>\n<p>\u00c9quip\u00e9 d'un processeur ARM et de la technologie FPGA, ce testeur peut effectuer diverses op\u00e9rations complexes en quelques secondes, garantissant une d\u00e9termination pr\u00e9cise de la forme d'onde du d\u00e9faut. Plus besoin de perdre du temps en calculs manuels ou de se fier \u00e0 des suppositions. Avec le testeur de d\u00e9fauts de c\u00e2bles, vous pouvez vous fier aux r\u00e9sultats et prendre des mesures efficaces pour r\u00e9parer les d\u00e9fauts rapidement.<\/p>\n<p>L'une des principales caract\u00e9ristiques de ce testeur est la fonction de comparaison des formes d'onde. Elle vous permet de comparer facilement la forme d'onde du c\u00e2ble d\u00e9fectueux avec celle d'un c\u00e2ble normal, ce qui vous permet de localiser le point de d\u00e9faillance rapidement et avec pr\u00e9cision. Cette fonction vous fait gagner un temps pr\u00e9cieux en \u00e9liminant la n\u00e9cessit\u00e9 d'une analyse et d'une interpr\u00e9tation manuelles des r\u00e9sultats du test.<\/p>\n<p>Le grand \u00e9cran couleur LCD am\u00e9liore la convivialit\u00e9 de cet appareil. La conception humanis\u00e9e du menu de l'interface, associ\u00e9e aux boutons \u00e0 pression num\u00e9rique rapide, rend l'appareil extr\u00eamement facile \u00e0 utiliser pour les utilisateurs. Vous pouvez naviguer sans effort entre les diff\u00e9rents param\u00e8tres et options, ce qui garantit une exp\u00e9rience de test sans faille.<\/p>\n<p>L'autonomie de la batterie vous inqui\u00e8te ? Ne craignez rien ! Le testeur de d\u00e9fauts de c\u00e2bles est \u00e9quip\u00e9 d'une batterie au lithium haute puissance qui peut durer jusqu'\u00e0 dix heures avec une seule charge. Cela signifie que vous pouvez l'utiliser pendant une p\u00e9riode prolong\u00e9e sans vous soucier des interruptions. De plus, le chargeur sp\u00e9cialis\u00e9 assure une recharge rapide afin que vous puissiez reprendre vos tests sans d\u00e9lai.<\/p>\n<p>Avec une distance de test automatique de 4 km et une distance de test manuel de 8 km, ce testeur couvre une large gamme de besoins. Que vous travailliez sur des c\u00e2bles courts ou des lignes longue distance, cet appareil vous couvre. De plus, avec une zone aveugle de mesure de 0 m, vous pouvez \u00eatre s\u00fbr qu'aucun d\u00e9faut ne sera pas d\u00e9tect\u00e9.<\/p>\n<p>L'\u00e9cran couleur 480*800 offre des images claires et \u00e9clatantes, ce qui vous permet de visualiser les r\u00e9sultats des tests avec une grande clart\u00e9. Plus besoin de plisser les yeux ou de lutter pour d\u00e9chiffrer les informations. Cet \u00e9cran haute r\u00e9solution vous permet d'\u00e9valuer rapidement et pr\u00e9cis\u00e9ment l'\u00e9tat des c\u00e2bles.<\/p>\n<p>Aliment\u00e9 par une batterie de 4400mAh, le testeur de d\u00e9fauts de c\u00e2bles offre long\u00e9vit\u00e9 et fiabilit\u00e9. Vous n'aurez plus \u00e0 craindre de tomber en panne d'\u00e9lectricit\u00e9 au milieu d'une t\u00e2che critique. Cette batterie durable garantit des performances constantes et vous permet de r\u00e9aliser vos tests sans interruption.<\/p>","protected":false},"excerpt":{"rendered":"<p>\u2018L'utilisation de l'unit\u00e9 centrale ARM avec la technologie FPGA permet une analyse rapide et pr\u00e9cise des d\u00e9fauts et la d\u00e9termination de la forme d'onde.<br \/>\n- La fonction de comparaison des formes d'onde permet de comparer facilement les formes d'onde de test des c\u00e2bles d\u00e9fectueux et normaux, ce qui facilite la localisation des d\u00e9fauts.<br \/>\n- L'\u00e9cran couleur LCD de grande taille est dot\u00e9 d'un menu d'interface convivial, ce qui rend l'utilisation rapide et facile.<br \/>\n- Gr\u00e2ce \u00e0 sa batterie lithium haute puissance, le testeur peut \u00eatre utilis\u00e9 jusqu'\u00e0 dix heures et est livr\u00e9 avec un chargeur sp\u00e9cialis\u00e9. Le testeur a une distance de test automatique de 4 km et une distance de test manuel de 8 km, ce qui lui permet de r\u00e9pondre \u00e0 divers besoins en mati\u00e8re de test de c\u00e2bles.<\/p>","protected":false},"featured_media":12627,"comment_status":"open","ping_status":"closed","template":"","meta":[],"product_brand":[],"product_cat":[369],"product_tag":[175,194,248,331],"class_list":{"0":"post-12597","1":"product","2":"type-product","3":"status-publish","4":"has-post-thumbnail","6":"product_cat-fiber-optic-identifier-and-tdr-and-vdsl-testers","7":"product_tag-8km","8":"product_tag-cable-fault-tester","9":"product_tag-lithium-battery","10":"product_tag-tdr","12":"first","13":"instock","14":"shipping-taxable","15":"purchasable","16":"product-type-variable"},"_links":{"self":[{"href":"https:\/\/www.luleey.com\/fr\/wp-json\/wp\/v2\/product\/12597","targetHints":{"allow":["GET"]}}],"collection":[{"href":"https:\/\/www.luleey.com\/fr\/wp-json\/wp\/v2\/product"}],"about":[{"href":"https:\/\/www.luleey.com\/fr\/wp-json\/wp\/v2\/types\/product"}],"replies":[{"embeddable":true,"href":"https:\/\/www.luleey.com\/fr\/wp-json\/wp\/v2\/comments?post=12597"}],"wp:featuredmedia":[{"embeddable":true,"href":"https:\/\/www.luleey.com\/fr\/wp-json\/wp\/v2\/media\/12627"}],"wp:attachment":[{"href":"https:\/\/www.luleey.com\/fr\/wp-json\/wp\/v2\/media?parent=12597"}],"wp:term":[{"taxonomy":"product_brand","embeddable":true,"href":"https:\/\/www.luleey.com\/fr\/wp-json\/wp\/v2\/product_brand?post=12597"},{"taxonomy":"product_cat","embeddable":true,"href":"https:\/\/www.luleey.com\/fr\/wp-json\/wp\/v2\/product_cat?post=12597"},{"taxonomy":"product_tag","embeddable":true,"href":"https:\/\/www.luleey.com\/fr\/wp-json\/wp\/v2\/product_tag?post=12597"}],"curies":[{"name":"wp","href":"https:\/\/api.w.org\/{rel}","templated":true}]}}