{"id":12601,"date":"2024-07-19T00:53:54","date_gmt":"2024-07-18T16:53:54","guid":{"rendered":"https:\/\/www.luleey.com\/?post_type=product&#038;p=12601"},"modified":"2024-12-15T22:28:57","modified_gmt":"2024-12-15T14:28:57","slug":"mini-agc-ftth-optical-receiver","status":"publish","type":"product","link":"https:\/\/www.luleey.com\/fr\/produit-2\/mini-agc-ftth-optical-receiver\/","title":{"rendered":"MINI AGC R\u00e9cepteur optique FTTH"},"content":{"rendered":"<h3>LL-OACG-1G Mini AGC FTTH Optical Receiver est con\u00e7u pour PON FTTH<\/h3>\n<p>Fonctionnant \u00e0 une puissance d'entr\u00e9e optique extr\u00eamement faible, LL-OACG-1G g\u00e9n\u00e8re toujours d'excellents signaux RF \u00e0 large bande pour les abonn\u00e9s domestiques.<\/p>\n<h3>Caract\u00e9ristiques<\/h3>\n<ol>\n<li>Photo diode \u00e0 haute lin\u00e9arit\u00e9<\/li>\n<li>Largeur de bande de 1 GHz<\/li>\n<li>Amplificateur GaAs \u00e0 faible bruit<\/li>\n<li>Bo\u00eetier compact<\/li>\n<li>Entr\u00e9e d'alimentation 12v DC<\/li>\n<\/ol>\n<p><img loading=\"lazy\" decoding=\"async\" class=\"alignnone size-full wp-image-5556\" src=\"https:\/\/www.luleey.com\/wp-content\/uploads\/2023\/07\/123.jpg\" alt=\"\" width=\"787\" height=\"642\" title=\"\"><\/p>\n<div class=\"Trans__text__2R-61\">\n<h3>Sp\u00e9cifications<\/h3>\n<\/div>\n<div class=\"Trans__tool__3zP13\">\n<div class=\"Trans__phmWrap__1mU_w\">\n<div class=\"Sound__soundBtn__1d159 Trans__soundBtn__2e6tk\"><\/div>\n<\/div>\n<\/div>\n<table width=\"834\">\n<tbody>\n<tr>\n<td width=\"273\">Mod\u00e8le<\/td>\n<td width=\"561\">LL-OACG-1G<\/td>\n<\/tr>\n<tr>\n<td>Longueur d'onde de la lumi\u00e8re d'entr\u00e9e<\/td>\n<td>\u00a01290-1600 nm<\/td>\n<\/tr>\n<tr>\n<td>Puissance de l'\u00e9clairage de travail<\/td>\n<td>\u00a0-15~+2dBm AGC<\/td>\n<\/tr>\n<tr>\n<td>R\u00e9cepteur optique<\/td>\n<td>\u00a0SC\/APC<\/td>\n<\/tr>\n<tr>\n<td>Perte d'\u00e9cho lumineux<\/td>\n<td>\u00a055dB<\/td>\n<\/tr>\n<tr>\n<td>Largeur de bande RF<\/td>\n<td>\u00a040-1000MHz<\/td>\n<\/tr>\n<tr>\n<td>Connecteur RF<\/td>\n<td>\u00a0F Femme<\/td>\n<\/tr>\n<tr>\n<td>Imp\u00e9dance de sortie RF<\/td>\n<td>\u00a075Q<\/td>\n<\/tr>\n<tr>\n<td>Niveau de sortie RF<\/td>\n<td>\u00a086dBuV @ -15~+2dBm Entr\u00e9e AGC<\/td>\n<\/tr>\n<tr>\n<td>Plage AGC<\/td>\n<td>\u00a01dB<\/td>\n<\/tr>\n<tr>\n<td>Plan\u00e9it\u00e9 RF<\/td>\n<td>\u00a0\u00b1 0,75dB<\/td>\n<\/tr>\n<tr>\n<td>Perte d'\u00e9cho RF<\/td>\n<td>&gt;16 dB<\/td>\n<\/tr>\n<tr>\n<td>CNR<\/td>\n<td>&gt;50 dB \u00e0 une entr\u00e9e de -2dBm<\/td>\n<\/tr>\n<tr>\n<td>79 canaux<\/td>\n<td>\u00a0\u2265 60dB<\/td>\n<\/tr>\n<tr>\n<td>Canal CTB 79<\/td>\n<td>\u00a0\u2265 60dB<\/td>\n<\/tr>\n<tr>\n<td>Alimentation \u00e9lectrique<\/td>\n<td>\u00a012V DC<\/td>\n<\/tr>\n<tr>\n<td>Consommation \u00e9lectrique<\/td>\n<td>&lt;2.8W<\/td>\n<\/tr>\n<tr>\n<td>Temp\u00e9rature de travail<\/td>\n<td>\u00a0-10~+60 \u00b0C<\/td>\n<\/tr>\n<tr>\n<td>Temp\u00e9rature de stockage<\/td>\n<td>\u00a0-40~+85 \u2103<\/td>\n<\/tr>\n<tr>\n<td>Taille (longueur * largeur * hauteur) (mm)<\/td>\n<td>\u00a080 \u00d762 \u00d7 29<\/td>\n<\/tr>\n<\/tbody>\n<\/table>\n<p>&nbsp;<\/p>","protected":false},"excerpt":{"rendered":"<p>R\u00e9cepteur optique AGC FTTH avec photodiode \u00e0 haute lin\u00e9arit\u00e9, bande passante de 1GHz, amplificateur GaAs \u00e0 faible bruit, bo\u00eetier compact, entr\u00e9e d'alimentation 12v DC<\/p>\n<p>- Photo diode \u00e0 haute lin\u00e9arit\u00e9 : Assure une r\u00e9ception pr\u00e9cise et fiable du signal, garantissant une excellente qualit\u00e9 d'image et de son dans votre r\u00e9seau de fibre optique FTTH.<\/p>\n<p>- Bande passante de 1 GHz : prend en charge le transfert de donn\u00e9es \u00e0 grande vitesse et le streaming ininterrompu, ce qui vous permet de profiter d'exp\u00e9riences num\u00e9riques transparentes sans d\u00e9calage ni mise en m\u00e9moire tampon.<\/p>\n<p>- Amplificateur GaAs \u00e0 faible bruit : Minimise la distorsion du signal et les interf\u00e9rences, offrant des images audiovisuelles claires et nettes, m\u00eame dans des environnements \u00e0 fort bruit ambiant.<\/p>\n<p>- Bo\u00eetier compact : Le design compact et \u00e9l\u00e9gant du r\u00e9cepteur permet une installation facile et un placement discret, ce qui le rend adapt\u00e9 \u00e0 n'importe quelle installation \u00e0 la maison ou au bureau.<\/p>\n<p>- Entr\u00e9e d'alimentation 12v DC : Offre une flexibilit\u00e9 dans l'alimentation du r\u00e9cepteur, permettant la compatibilit\u00e9 avec diverses sources d'alimentation et garantissant des performances constantes.<\/p>\n<p>&nbsp;<\/p>","protected":false},"featured_media":12646,"comment_status":"open","ping_status":"closed","template":"","meta":[],"product_brand":[],"product_cat":[197],"product_tag":[89,179,195],"class_list":{"0":"post-12601","1":"product","2":"type-product","3":"status-publish","4":"has-post-thumbnail","6":"product_cat-catv-receiver","7":"product_tag-1000m","8":"product_tag-agc","9":"product_tag-catv","11":"first","12":"instock","13":"shipping-taxable","14":"purchasable","15":"product-type-variable"},"_links":{"self":[{"href":"https:\/\/www.luleey.com\/fr\/wp-json\/wp\/v2\/product\/12601","targetHints":{"allow":["GET"]}}],"collection":[{"href":"https:\/\/www.luleey.com\/fr\/wp-json\/wp\/v2\/product"}],"about":[{"href":"https:\/\/www.luleey.com\/fr\/wp-json\/wp\/v2\/types\/product"}],"replies":[{"embeddable":true,"href":"https:\/\/www.luleey.com\/fr\/wp-json\/wp\/v2\/comments?post=12601"}],"wp:featuredmedia":[{"embeddable":true,"href":"https:\/\/www.luleey.com\/fr\/wp-json\/wp\/v2\/media\/12646"}],"wp:attachment":[{"href":"https:\/\/www.luleey.com\/fr\/wp-json\/wp\/v2\/media?parent=12601"}],"wp:term":[{"taxonomy":"product_brand","embeddable":true,"href":"https:\/\/www.luleey.com\/fr\/wp-json\/wp\/v2\/product_brand?post=12601"},{"taxonomy":"product_cat","embeddable":true,"href":"https:\/\/www.luleey.com\/fr\/wp-json\/wp\/v2\/product_cat?post=12601"},{"taxonomy":"product_tag","embeddable":true,"href":"https:\/\/www.luleey.com\/fr\/wp-json\/wp\/v2\/product_tag?post=12601"}],"curies":[{"name":"wp","href":"https:\/\/api.w.org\/{rel}","templated":true}]}}