{"id":12604,"date":"2024-07-19T00:53:55","date_gmt":"2024-07-18T16:53:55","guid":{"rendered":"https:\/\/www.luleey.com\/?post_type=product&#038;p=12604"},"modified":"2025-02-19T22:33:29","modified_gmt":"2025-02-19T14:33:29","slug":"mini-otdr-optical-time-domain-reflector","status":"publish","type":"product","link":"https:\/\/www.luleey.com\/fr\/produit-2\/mini-otdr-optical-time-domain-reflector\/","title":{"rendered":"MINI OTDR R\u00e9flecteur optique \u00e0 domaine temporel"},"content":{"rendered":"<div>\n<div class=\"title--wrap--Ms9Zv4A\">\n<h3 data-pl=\"product-title\" data-spm-anchor-id=\"a2g0o.detail.0.i9.2c04zC8kzC8kfy\">OTDR Optical Time Domain Reflector Touch Screen Optical Attenuation Obstacle Locator Optical Fiber Breakpoint Active Tester<\/h3>\n<\/div>\n<\/div>\n<div><strong>Une seule machine avec de multiples fonctions : puissance optique, laser rouge, OTDR, source de lumi\u00e8re stable,<\/strong>\u00a0<strong>\u00c9cran tactile, test d'activit\u00e9 de soutien<\/strong><\/div>\n<div id=\"offer-template-0\">\n<div>\n<div class=\"MachTrans__textWrap__1NtxT\">\n<div class=\"MachTrans__text__duH8w\">\n<p><strong><span class=\"\">Portugais et anglais<\/span><\/strong><\/p>\n<p><span style=\"font-size: 16px;\">Vous recevrez une version anglaise du mode d'emploi, ce qui vous permettra d'apprendre \u00e0 l'utiliser en quelques minutes.\u00a0\u00a0<\/span><\/p>\n<\/div>\n<\/div>\n<p>MINI OTDR -70~+8dbm 1550nm : Test OTDR pour 1310\/1277\/1490\/1577\/1625nm<br \/>\nMINI OTDR -50~+26dbm 1550nm : Test OTDR pour 1310\/1277\/1490\/1577\/1625nm<br \/>\nMINI OTDR -50~+26dbm 1610nm : Test OTDR pour 1310\/1277\/1490\/1550\/1625<\/p>\n<p>&nbsp;<\/p>\n<\/div>\n<h3>Caract\u00e9ristiques<\/h3>\n<p align=\"left\">* L\u00e9ger, portable, \u00e9conomique.<br \/>\n* Une seule op\u00e9ration principale, des donn\u00e9es de test lisibles.<br \/>\n* Int\u00e9gr\u00e9 au syst\u00e8me de localisation visuelle des d\u00e9fauts, il est facile de d\u00e9tecter l'emplacement des d\u00e9fauts de la zone morte.<br \/>\n* Cl\u00e9 en caoutchouc, bonne capacit\u00e9 anti-poussi\u00e8re, imperm\u00e9able et anti-choc, adapt\u00e9e aux travaux de maintenance sur le terrain.<br \/>\n* La batterie de haute capacit\u00e9 offre une longue dur\u00e9e de fonctionnement et convient aux travaux de terrain de longue dur\u00e9e.<br \/>\n* Convient \u00e0 la construction technique et \u00e0 la localisation des pannes de maintenance du r\u00e9seau FTTx et du r\u00e9seau d'acc\u00e8s.<\/p>\n<h3>Sp\u00e9cifications<\/h3>\n<p>mod\u00e8le : LL-OTDR-1000<\/p>\n<div align=\"start\">\n<table width=\"952\">\n<tbody>\n<tr>\n<td width=\"148\"><strong>Fonction<\/strong><\/td>\n<td colspan=\"2\" width=\"804\"><strong>param\u00e8tre<\/strong><\/td>\n<\/tr>\n<tr>\n<td rowspan=\"8\" width=\"148\" data-spm-anchor-id=\"a2g0o.detail.1000023.i2.2c04zC8kzC8kfy\">Mesureur de puissance optique<\/td>\n<td width=\"189\">gamme de longueurs d'onde (nm)<\/td>\n<td width=\"615\">800~1600nm<\/td>\n<\/tr>\n<tr>\n<td width=\"189\">le type de sonde<\/td>\n<td width=\"615\">InGaAs<\/td>\n<\/tr>\n<tr>\n<td rowspan=\"2\" width=\"189\">plage de mesure de la puissance (dBm)<\/td>\n<td width=\"615\">\u00a0-70~+8dbm<\/td>\n<\/tr>\n<tr>\n<td width=\"615\">-50~+26dbm<\/td>\n<\/tr>\n<tr>\n<td width=\"189\">Pr\u00e9cision de la mesure<\/td>\n<td width=\"615\">5%<\/td>\n<\/tr>\n<tr>\n<td width=\"189\">r\u00e9solution de l'\u00e9cran<\/td>\n<td width=\"615\">0,1dBm<\/td>\n<\/tr>\n<tr>\n<td width=\"189\">cat\u00e9gorie de fibres optiques<\/td>\n<td width=\"615\">mode unique<\/td>\n<\/tr>\n<tr>\n<td width=\"189\">interface de fibre optique<\/td>\n<td width=\"615\">SC<\/td>\n<\/tr>\n<tr>\n<td rowspan=\"6\" width=\"148\">source de lumi\u00e8re rouge<\/td>\n<td width=\"189\">longueur d'onde de fonctionnement (nm)<\/td>\n<td width=\"615\">650nm<\/td>\n<\/tr>\n<tr>\n<td width=\"189\">dispositif d'\u00e9mission de lumi\u00e8re<\/td>\n<td width=\"615\">FP-LD<\/td>\n<\/tr>\n<tr>\n<td width=\"189\">puissance de sortie (mw)<\/td>\n<td width=\"615\">5mw<\/td>\n<\/tr>\n<tr>\n<td width=\"189\">modulation<\/td>\n<td width=\"615\">0HZ,1HZ,2HZ<\/td>\n<\/tr>\n<tr>\n<td width=\"189\">cat\u00e9gorie de fibres optiques<\/td>\n<td width=\"615\">monomode<\/td>\n<\/tr>\n<tr>\n<td width=\"189\">interface de fibre optique<\/td>\n<td width=\"615\">SC<\/td>\n<\/tr>\n<tr>\n<td rowspan=\"5\" width=\"148\">Stabilit\u00e9 de la source lumineuse<\/td>\n<td width=\"189\">longueur d'onde de fonctionnement (nm)<\/td>\n<td width=\"615\">1550nm ou 1610nm<\/td>\n<\/tr>\n<tr>\n<td width=\"189\">dispositif d'\u00e9mission de lumi\u00e8re<\/td>\n<td width=\"615\">FP-LD<\/td>\n<\/tr>\n<tr>\n<td width=\"189\">puissance de sortie (dbm)<\/td>\n<td width=\"615\">-10dbm<\/td>\n<\/tr>\n<tr>\n<td width=\"189\">modulation<\/td>\n<td width=\"615\">270HZ,1K,2K<\/td>\n<\/tr>\n<tr>\n<td width=\"189\">cat\u00e9gorie de fibres optiques<\/td>\n<td width=\"615\">monomode<\/td>\n<\/tr>\n<tr>\n<td rowspan=\"3\" width=\"148\">test de perte de lumi\u00e8re<\/td>\n<td width=\"189\">interface de fibre optique<\/td>\n<td width=\"615\">SC<\/td>\n<\/tr>\n<tr>\n<td width=\"189\">gamme de tests<\/td>\n<td width=\"615\">0-30db<\/td>\n<\/tr>\n<tr>\n<td width=\"189\">Pr\u00e9cision de la mesure<\/td>\n<td width=\"615\">10%<\/td>\n<\/tr>\n<tr>\n<td rowspan=\"9\" width=\"148\">OTDR<\/td>\n<td width=\"189\">Tube laser<\/td>\n<td width=\"615\">1310\/1277\/1490\/1550\/1577\/1625nm<\/td>\n<\/tr>\n<tr>\n<td width=\"189\">diode de d\u00e9tection<\/td>\n<td width=\"615\">avalanche APD<\/td>\n<\/tr>\n<tr>\n<td width=\"189\">r\u00e9solution du satellite<\/td>\n<td width=\"615\">0,6 m\u00e8tre<\/td>\n<\/tr>\n<tr>\n<td width=\"189\">\u00e9v\u00e9nements zone aveugle<\/td>\n<td width=\"615\">10 m\u00e8tres<\/td>\n<\/tr>\n<tr>\n<td width=\"189\">att\u00e9nuation district xuan<\/td>\n<td width=\"615\">20 m\u00e8tres<\/td>\n<\/tr>\n<tr>\n<td width=\"189\">la largeur de l'impulsion d'essai<\/td>\n<td width=\"615\">10,30,100,300ns,1,3,6us<\/td>\n<\/tr>\n<tr>\n<td width=\"189\">la profondeur de la diffusion<\/td>\n<td width=\"615\">20db(6us)<\/td>\n<\/tr>\n<tr>\n<td width=\"189\">longueur du test (\u00e9v\u00e9nement)<\/td>\n<td width=\"615\">50 km<\/td>\n<\/tr>\n<tr>\n<td width=\"189\">longueur d'essai (att\u00e9nuation)<\/td>\n<td width=\"615\">30 km<\/td>\n<\/tr>\n<tr>\n<td rowspan=\"9\" width=\"148\">autres<\/td>\n<td width=\"189\">le mode d'alimentation<\/td>\n<td width=\"615\">\u00e9lectricit\u00e9 au lithium\/4000mAH<\/td>\n<\/tr>\n<tr>\n<td width=\"189\">adaptateur de courant<\/td>\n<td width=\"615\">MicroUSb5V\/1000mA<\/td>\n<\/tr>\n<tr>\n<td width=\"189\">courant maximal unique<\/td>\n<td width=\"615\">\u2264200mA<\/td>\n<\/tr>\n<tr>\n<td width=\"189\">flux m\u00e9canique et \u00e9lectrique<\/td>\n<td width=\"615\">\u226410uA<\/td>\n<\/tr>\n<tr>\n<td width=\"189\">autonomie de la batterie<\/td>\n<td width=\"615\">\u226510H<\/td>\n<\/tr>\n<tr>\n<td width=\"189\">temps d'arr\u00eat automatique (min)<\/td>\n<td width=\"615\">adjustalbe<\/td>\n<\/tr>\n<tr>\n<td width=\"189\">temp\u00e9rature de fonctionnement (\u2103)<\/td>\n<td width=\"615\">-10\uff5e+50<\/td>\n<\/tr>\n<tr>\n<td width=\"189\">temp\u00e9rature de stockage (\u2103)<\/td>\n<td width=\"615\">-25\uff5e+70<\/td>\n<\/tr>\n<tr>\n<td width=\"189\">Taille de l'instrument (cm)<\/td>\n<td width=\"615\">12.5*9*3.3<\/td>\n<\/tr>\n<\/tbody>\n<\/table>\n<\/div>\n<\/div>","protected":false},"excerpt":{"rendered":"<p>Une machine aux fonctions multiples : puissance optique, laser rouge, OTDR, source de lumi\u00e8re stable<br \/>\n\u00c9cran tactile<br \/>\nSoutenir les tests d'activit\u00e9<br \/>\nPortugais et anglais<br \/>\nMINI OTDR -70~+8dbm 1550nm : Test OTDR pour 1310\/1277\/1490\/1577\/1625nm<br \/>\nMINI OTDR -50~+26dbm 1550nm : Test OTDR pour 1310\/1277\/1490\/1577\/1625nm<br \/>\nMINI OTDR -50~+26dbm 1610nm : Test OTDR pour 1310\/1277\/1490\/1550\/1625<\/p>","protected":false},"featured_media":12647,"comment_status":"open","ping_status":"closed","template":"","meta":[],"product_brand":[],"product_cat":[367],"product_tag":[164,248,272,283,338],"class_list":{"0":"post-12604","1":"product","2":"type-product","3":"status-publish","4":"has-post-thumbnail","6":"product_cat-otdr","7":"product_tag-5g","8":"product_tag-lithium-battery","9":"product_tag-opm","10":"product_tag-otdr","11":"product_tag-vfl","13":"first","14":"instock","15":"sale","16":"shipping-taxable","17":"purchasable","18":"product-type-variable"},"_links":{"self":[{"href":"https:\/\/www.luleey.com\/fr\/wp-json\/wp\/v2\/product\/12604","targetHints":{"allow":["GET"]}}],"collection":[{"href":"https:\/\/www.luleey.com\/fr\/wp-json\/wp\/v2\/product"}],"about":[{"href":"https:\/\/www.luleey.com\/fr\/wp-json\/wp\/v2\/types\/product"}],"replies":[{"embeddable":true,"href":"https:\/\/www.luleey.com\/fr\/wp-json\/wp\/v2\/comments?post=12604"}],"wp:featuredmedia":[{"embeddable":true,"href":"https:\/\/www.luleey.com\/fr\/wp-json\/wp\/v2\/media\/12647"}],"wp:attachment":[{"href":"https:\/\/www.luleey.com\/fr\/wp-json\/wp\/v2\/media?parent=12604"}],"wp:term":[{"taxonomy":"product_brand","embeddable":true,"href":"https:\/\/www.luleey.com\/fr\/wp-json\/wp\/v2\/product_brand?post=12604"},{"taxonomy":"product_cat","embeddable":true,"href":"https:\/\/www.luleey.com\/fr\/wp-json\/wp\/v2\/product_cat?post=12604"},{"taxonomy":"product_tag","embeddable":true,"href":"https:\/\/www.luleey.com\/fr\/wp-json\/wp\/v2\/product_tag?post=12604"}],"curies":[{"name":"wp","href":"https:\/\/api.w.org\/{rel}","templated":true}]}}