{"id":12608,"date":"2024-07-19T00:53:55","date_gmt":"2024-07-18T16:53:55","guid":{"rendered":"https:\/\/www.luleey.com\/?post_type=product&#038;p=12608"},"modified":"2025-06-28T10:51:25","modified_gmt":"2025-06-28T02:51:25","slug":"1ge-catv-onu-xpon-gpon-epon-onu-1gecatvscapc","status":"publish","type":"product","link":"https:\/\/www.luleey.com\/fr\/produit-2\/1ge-catv-onu-xpon-gpon-epon-onu-1gecatvscapc\/","title":{"rendered":"LL-XP1G1C,1GE CATV ONU XPON GPON\/EPON ONU 1GE+CATV+SCAPC"},"content":{"rendered":"<h3>Caract\u00e9ristiques<\/h3>\n<ol>\n<li>ONU CATV 1GE haute performance - commutation en mode EPON et GPON, conforme aux normes ITU-T G.984.x et IEEE802.3ah<\/li>\n<li>Le type d'envoi par d\u00e9faut est SFU, si vous avez besoin de HGU, veuillez l'indiquer lors de la commande.<\/li>\n<li>Compatible avec OLT Huawei\/ZTE\/Fiberhome\/VSOL\/HIOSO...<\/li>\n<li>Prise en charge de l'auto-identification EPON et GPON<\/li>\n<li>Prise en charge de la fonction de configuration WEB<\/li>\n<li>Prise en charge de la fonction MDI\/ MDIX automatique<\/li>\n<li>Prise en charge de l'IGMP snooping<\/li>\n<li>Prise en charge de l'interface CATV pour le service vid\u00e9o<\/li>\n<li>Connectivit\u00e9 am\u00e9lior\u00e9e : Cette ONU CATV 1GE passe sans effort du mode EPON au mode GPON, ce qui garantit une performance r\u00e9seau transparente et fiable.<\/li>\n<li>Conception conforme \u00e0 l'industrie : Enti\u00e8rement conforme aux r\u00e9glementations techniques telles que ITU-T G.984.x et IEEE802.3ah, garantissant une compatibilit\u00e9 optimale et le respect des normes industrielles.<\/li>\n<li>Des fonctionnalit\u00e9s multiples en un seul appareil : Profitez d'un port Ethernet 1GE, d'une sortie CATV et de la compatibilit\u00e9 SCAPC, le tout r\u00e9uni dans un seul appareil.<\/li>\n<li>Transmission sup\u00e9rieure du signal : B\u00e9n\u00e9ficiez de signaux CATV de haute qualit\u00e9 avec une perte de signal minimale, gr\u00e2ce \u00e0 l'ing\u00e9nierie pr\u00e9cise de cet ONU CATV 1GE.<\/li>\n<li>Installation et gestion faciles : Cet ONU offre une interface conviviale pour une installation et une gestion ais\u00e9es, garantissant une exp\u00e9rience sans tracas pour les utilisateurs de tous horizons techniques.<\/li>\n<\/ol>\n<h3>Sp\u00e9cifications<\/h3>\n<table id=\"tablepress-55\" class=\"tablepress tablepress-id-55 tablepress-responsive dataTable no-footer alignleft\" style=\"height: 792px; width: 75.3351%;\">\n<tbody class=\"row-hover\">\n<tr style=\"height: 24px;\">\n<td style=\"width: 33.4951%; text-align: center; height: 24px;\">Mod\u00e8le<\/td>\n<td style=\"width: 129.288%; height: 24px;\">LL-XP1G1C<\/td>\n<\/tr>\n<tr style=\"height: 24px;\">\n<td style=\"width: 33.4951%; text-align: center; height: 24px;\">Marque<\/td>\n<td style=\"width: 129.288%; height: 24px;\">LuLeey<\/td>\n<\/tr>\n<tr class=\"row-3 odd\" style=\"height: 24px;\">\n<td class=\"column-1\" style=\"width: 33.4951%; height: 24px; text-align: center;\">Acc\u00e8s au signal optique<\/td>\n<td class=\"column-2\" style=\"width: 129.288%; height: 24px;\">XPON = EPON\/GPON<\/td>\n<\/tr>\n<tr class=\"row-5 odd\" style=\"height: 24px;\">\n<td class=\"column-1\" style=\"width: 33.4951%; height: 24px; text-align: center;\">T\u00e9moin lumineux<\/td>\n<td class=\"column-2\" style=\"width: 129.288%; height: 24px;\">POWER\/PON\/LOS\/LAN\/CATV<\/td>\n<\/tr>\n<tr class=\"row-6 even\" style=\"height: 24px;\">\n<td class=\"column-1\" style=\"width: 33.4951%; height: 24px; text-align: center;\">Bouton<\/td>\n<td class=\"column-2\" style=\"width: 129.288%; height: 24px;\">Bouton d'alimentation, bouton de r\u00e9initialisation<\/td>\n<\/tr>\n<tr class=\"row-8 even\" style=\"height: 24px;\">\n<td class=\"column-1\" style=\"width: 33.4951%; height: 24px; text-align: center;\">Entr\u00e9e de l'adaptateur d'alimentation<\/td>\n<td class=\"column-2\" style=\"width: 129.288%; height: 24px;\">100V\uff5e240V AC\uff0c50Hz\uff5e60Hz<\/td>\n<\/tr>\n<tr class=\"row-9 odd\" style=\"height: 24px;\">\n<td class=\"column-1\" style=\"width: 33.4951%; height: 24px; text-align: center;\">Exigences en mati\u00e8re d'alimentation<\/td>\n<td class=\"column-2\" style=\"width: 129.288%; height: 24px;\">12V DC\uff0c0.5A<\/td>\n<\/tr>\n<tr class=\"row-10 even\" style=\"height: 24px;\">\n<td class=\"column-1\" style=\"width: 33.4951%; height: 24px; text-align: center;\">Consommation \u00e9lectrique<\/td>\n<td class=\"column-2\" style=\"width: 129.288%; height: 24px;\">&lt;6w<\/td>\n<\/tr>\n<tr class=\"row-11 odd\" style=\"height: 24px;\">\n<td class=\"column-1\" style=\"width: 33.4951%; height: 24px; text-align: center;\">Temp\u00e9rature de travail<\/td>\n<td class=\"column-2\" style=\"width: 129.288%; height: 24px;\">-10\u00b0C ~ +45\u00b0C<\/td>\n<\/tr>\n<tr class=\"row-2 even\" style=\"height: 24px;\">\n<td class=\"column-1\" style=\"width: 33.4951%; height: 24px; text-align: center;\">Taille<\/td>\n<td class=\"column-2\" style=\"width: 129.288%; height: 24px;\">90mm (L) \u00d790mm (L) \u00d724mm (H)<\/td>\n<\/tr>\n<tr class=\"row-12 even\" style=\"height: 24px;\">\n<td class=\"column-1\" style=\"width: 33.4951%; height: 24px; text-align: center;\">Humidit\u00e9 de l'environnement<\/td>\n<td class=\"column-2\" style=\"width: 129.288%; height: 24px;\">5% ~ 95% (sans condensation)<\/td>\n<\/tr>\n<tr class=\"row-13 odd\" style=\"height: 24px;\">\n<td class=\"column-1\" style=\"width: 162.783%; height: 24px;\" colspan=\"2\"><strong>Interface PON<\/strong><\/td>\n<\/tr>\n<tr class=\"row-14 even\" style=\"height: 24px;\">\n<td class=\"column-1\" style=\"width: 33.4951%; height: 24px; text-align: center;\">Port PON<\/td>\n<td class=\"column-2\" style=\"width: 129.288%; height: 24px;\">1 x SC\/APC<\/td>\n<\/tr>\n<tr class=\"row-15 odd\" style=\"height: 24px;\">\n<td class=\"column-1\" style=\"width: 33.4951%; height: 24px; text-align: center;\">Longueur d'onde de travail<\/td>\n<td class=\"column-2\" style=\"width: 129.288%; height: 24px;\">up 1310nm\uff0cdown 1490nm<\/td>\n<\/tr>\n<tr class=\"row-16 even\" style=\"height: 24px;\">\n<td class=\"column-1\" style=\"width: 33.4951%; height: 24px; text-align: center;\">TX Valeur de la puissance optique<\/td>\n<td class=\"column-2\" style=\"width: 129.288%; height: 24px;\">0,5\uff5e4dbm<\/td>\n<\/tr>\n<tr class=\"row-17 odd\" style=\"height: 24px;\">\n<td class=\"column-1\" style=\"width: 33.4951%; height: 24px; text-align: center;\">RX Sensibilit\u00e9 de la puissance optique<\/td>\n<td class=\"column-2\" style=\"width: 129.288%; height: 24px;\">\u00a0-27dBm<\/td>\n<\/tr>\n<tr class=\"row-18 even\" style=\"height: 24px;\">\n<td class=\"column-1\" style=\"width: 33.4951%; height: 24px; text-align: center;\">Distance de transmission<\/td>\n<td class=\"column-2\" style=\"width: 129.288%; height: 24px;\">0\uff5e20km<\/td>\n<\/tr>\n<tr class=\"row-19 odd\" style=\"height: 24px;\">\n<td class=\"column-1\" style=\"width: 33.4951%; height: 48px; text-align: center;\" rowspan=\"2\">Taux de transmission<\/td>\n<td class=\"column-2\" style=\"width: 129.288%; height: 24px;\">GPON:liaison montante 1,244Gbps\uff1b liaison descendante 2,488Gbps<\/td>\n<\/tr>\n<tr class=\"row-20 even\" style=\"height: 24px;\">\n<td class=\"column-2\" style=\"width: 129.288%; height: 24px;\">EPON:liaison montante 1,244Gbps\uff1b liaison descendante 1,244Gbps<\/td>\n<\/tr>\n<tr class=\"row-21 odd\" style=\"height: 24px;\">\n<td class=\"column-1\" style=\"width: 162.783%; height: 24px;\" colspan=\"2\"><strong>Interface Ethernet<\/strong><\/td>\n<\/tr>\n<tr class=\"row-22 even\" style=\"height: 24px;\">\n<td class=\"column-1\" style=\"width: 33.4951%; height: 24px; text-align: center;\">Type d'interface<\/td>\n<td class=\"column-2\" style=\"width: 129.288%; height: 24px;\">\u00a01 x RJ45<\/td>\n<\/tr>\n<tr class=\"row-23 odd\" style=\"height: 24px;\">\n<td class=\"column-1\" style=\"width: 33.4951%; height: 24px; text-align: center;\">Param\u00e8tres d'interface<\/td>\n<td class=\"column-2\" style=\"width: 129.288%; height: 24px;\">\u00a01 x 10\/100\/1000Mbps interfaces Ethernet auto adaptatives<\/td>\n<\/tr>\n<tr class=\"row-24 even\" style=\"height: 24px;\">\n<td class=\"column-1\" style=\"width: 162.783%; height: 24px;\" colspan=\"2\"><strong>Interface CATV<\/strong><\/td>\n<\/tr>\n<tr style=\"height: 24px;\">\n<td style=\"width: 33.4951%; text-align: center; height: 24px;\">Type d'interface<\/td>\n<td style=\"width: 129.288%; height: 24px;\">1 x port CATV<\/td>\n<\/tr>\n<tr class=\"row-25 odd\" style=\"height: 24px;\">\n<td class=\"column-1\" style=\"width: 33.4951%; height: 24px; text-align: center;\">Longueur d'onde de r\u00e9ception optique<\/td>\n<td class=\"column-2\" style=\"width: 129.288%; height: 24px;\">1550\u00b110nm<\/td>\n<\/tr>\n<tr class=\"row-26 even\" style=\"height: 24px;\">\n<td class=\"column-1\" style=\"width: 33.4951%; height: 24px; text-align: center;\">Perte par r\u00e9flexion optique<\/td>\n<td class=\"column-2\" style=\"width: 129.288%; height: 24px;\">\u226545dBm<\/td>\n<\/tr>\n<tr class=\"row-27 odd\" style=\"height: 24px;\">\n<td class=\"column-1\" style=\"width: 33.4951%; height: 24px; text-align: center;\">RF, WDM, puissance optique<\/td>\n<td class=\"column-2\" style=\"width: 129.288%; height: 24px;\">+2~-15dBm<\/td>\n<\/tr>\n<tr class=\"row-28 even\" style=\"height: 24px;\">\n<td class=\"column-1\" style=\"width: 33.4951%; height: 24px; text-align: center;\">Gamme de fr\u00e9quences RF<\/td>\n<td class=\"column-2\" style=\"width: 129.288%; height: 24px;\">47~1000MHz, sortie RF<\/td>\n<\/tr>\n<tr class=\"row-29 odd\" style=\"height: 24px;\">\n<td class=\"column-1\" style=\"width: 33.4951%; height: 24px; text-align: center;\">imp\u00e9dance<\/td>\n<td class=\"column-2\" style=\"width: 129.288%; height: 24px;\">75\u03a9<\/td>\n<\/tr>\n<tr class=\"row-30 even\" style=\"height: 24px;\">\n<td class=\"column-1\" style=\"width: 33.4951%; height: 24px; text-align: center;\">RF<\/td>\n<td class=\"column-2\" style=\"width: 129.288%; height: 24px;\">niveau de sortie 78dBuV<\/td>\n<\/tr>\n<tr class=\"row-31 odd\" style=\"height: 24px;\">\n<td class=\"column-1\" style=\"width: 33.4951%; height: 24px; text-align: center;\">Plage AGC<\/td>\n<td class=\"column-2\" style=\"width: 129.288%; height: 24px;\">0~-12dBm<\/td>\n<\/tr>\n<tr class=\"row-32 even\" style=\"height: 24px;\">\n<td class=\"column-1\" style=\"width: 33.4951%; height: 24px; text-align: center;\">MER<\/td>\n<td class=\"column-2\" style=\"width: 129.288%; height: 24px;\">\u226532dB@-15dBm<\/td>\n<\/tr>\n<\/tbody>\n<\/table>","protected":false},"excerpt":{"rendered":"<p>1GE CATV ONU est con\u00e7u comme une solution CATV + FTTH<br \/>\n<span data-spm-anchor-id=\"a2700.details.0.i8.4d0f4ef4iOYT7H\">LL-XP1G1C peut basculer automatiquement en mode EPON et GPON lorsqu'il acc\u00e8de \u00e0 l'OLT EPON ou \u00e0 l'OLT GPON.<\/span><br \/>\nMode d'auto-n\u00e9gociation MDI\/ MDIX<\/p>","protected":false},"featured_media":17819,"comment_status":"open","ping_status":"closed","template":"","meta":[],"product_brand":[],"product_cat":[348,197],"product_tag":[89,195,1016,344],"class_list":{"0":"post-12608","1":"product","2":"type-product","3":"status-publish","4":"has-post-thumbnail","6":"product_cat-1000m-gpon-epon-onu","7":"product_cat-catv-receiver","8":"product_tag-1000m","9":"product_tag-catv","10":"product_tag-ll-xp1g1c","11":"product_tag-xpon-onu","13":"first","14":"instock","15":"featured","16":"shipping-taxable","17":"purchasable","18":"product-type-variable"},"_links":{"self":[{"href":"https:\/\/www.luleey.com\/fr\/wp-json\/wp\/v2\/product\/12608","targetHints":{"allow":["GET"]}}],"collection":[{"href":"https:\/\/www.luleey.com\/fr\/wp-json\/wp\/v2\/product"}],"about":[{"href":"https:\/\/www.luleey.com\/fr\/wp-json\/wp\/v2\/types\/product"}],"replies":[{"embeddable":true,"href":"https:\/\/www.luleey.com\/fr\/wp-json\/wp\/v2\/comments?post=12608"}],"wp:featuredmedia":[{"embeddable":true,"href":"https:\/\/www.luleey.com\/fr\/wp-json\/wp\/v2\/media\/17819"}],"wp:attachment":[{"href":"https:\/\/www.luleey.com\/fr\/wp-json\/wp\/v2\/media?parent=12608"}],"wp:term":[{"taxonomy":"product_brand","embeddable":true,"href":"https:\/\/www.luleey.com\/fr\/wp-json\/wp\/v2\/product_brand?post=12608"},{"taxonomy":"product_cat","embeddable":true,"href":"https:\/\/www.luleey.com\/fr\/wp-json\/wp\/v2\/product_cat?post=12608"},{"taxonomy":"product_tag","embeddable":true,"href":"https:\/\/www.luleey.com\/fr\/wp-json\/wp\/v2\/product_tag?post=12608"}],"curies":[{"name":"wp","href":"https:\/\/api.w.org\/{rel}","templated":true}]}}