{"id":12611,"date":"2024-07-19T00:53:56","date_gmt":"2024-07-18T16:53:56","guid":{"rendered":"https:\/\/www.luleey.com\/?post_type=product&#038;p=12611"},"modified":"2025-06-28T10:51:03","modified_gmt":"2025-06-28T02:51:03","slug":"fc-upc-to-lc-upc-single-mode-fiber-optic-adapter-2-5mm-to-1-25mm-ll-fcupc2lcupc","status":"publish","type":"product","link":"https:\/\/www.luleey.com\/fr\/produit-2\/fc-upc-to-lc-upc-single-mode-fiber-optic-adapter-2-5mm-to-1-25mm-ll-fcupc2lcupc\/","title":{"rendered":"Adaptateur fibre optique monomode FC\/UPC vers LC\/UPC 2.5mm vers 1.25mm LL-FCUPC2LCUPC Converter"},"content":{"rendered":"<div class=\"title--wrap--Ms9Zv4A\">\n<h3>Caract\u00e9ristiques<\/h3>\n<ol>\n<li class=\"specification--line--iUJOqof\">\n<div class=\"specification--prop--RejitI8\">\n<div class=\"specification--title--UbVeyic\">Type de fibre monomode<\/div>\n<\/div>\n<\/li>\n<li class=\"specification--line--iUJOqof\">\n<div class=\"specification--prop--RejitI8\">\n<div class=\"specification--title--UbVeyic\">Perte d'insertion : &lt;=0,3dB<\/div>\n<\/div>\n<\/li>\n<li class=\"specification--line--iUJOqof\">\n<div class=\"specification--prop--RejitI8\">\n<div class=\"specification--title--UbVeyic\">Perte de retour : &lt;=50dB<\/div>\n<\/div>\n<\/li>\n<\/ol>\n<h3>Sp\u00e9cifications<\/h3>\n<table style=\"border-collapse: collapse; width: 100%;\">\n<tbody>\n<tr style=\"height: 53px;\">\n<td style=\"height: 53px; width: 35.2211%;\">Marque<\/td>\n<td style=\"height: 53px; width: 64.7013%;\">LuLeey<\/td>\n<\/tr>\n<tr style=\"height: 53px;\">\n<td style=\"height: 53px; width: 35.2211%;\" width=\"101\">Nom du produit<\/td>\n<td style=\"height: 53px; width: 64.7013%;\" width=\"222\">Adaptateur fibre optique monomode FC\/UPC vers LC\/UPC 2,5mm vers 1,25mm LL-FCUPC2LCUPC<\/td>\n<\/tr>\n<tr style=\"height: 53px;\">\n<td style=\"height: 53px; width: 35.2211%;\">Type d'adaptateur<\/td>\n<td style=\"height: 53px; width: 64.7013%;\">Adaptateur fibre SM-9\/125<\/td>\n<\/tr>\n<tr>\n<td style=\"width: 35.2211%;\">Mat\u00e9riau<\/td>\n<td style=\"width: 64.7013%;\">noyau en c\u00e9ramique<\/td>\n<\/tr>\n<tr>\n<td style=\"width: 35.2211%;\">Temp\u00e9rature de fonctionnement<\/td>\n<td style=\"width: 64.7013%;\">-40\u2103~75\u2103<\/td>\n<\/tr>\n<tr style=\"height: 53px;\">\n<td style=\"height: 53px; width: 35.2211%;\">Perte d'insertion<\/td>\n<td style=\"height: 53px; width: 64.7013%;\">\u22640,3dB<\/td>\n<\/tr>\n<tr style=\"height: 53px;\">\n<td style=\"height: 53px; width: 35.2211%;\">Perte de retour<\/td>\n<td style=\"height: 53px; width: 64.7013%;\">\u226550dB<\/td>\n<\/tr>\n<tr style=\"height: 379px;\">\n<td style=\"height: 10px; width: 35.2211%;\">Sc\u00e9narios d'utilisation<\/td>\n<td style=\"height: 10px; width: 64.7013%;\">Instrument \u00e0 fibre optique, \u00e9quipement de communication,<br \/>\nConversion de l'interface des d\u00e9tecteurs de d\u00e9fauts \u00e0 fibre optique.<br \/>\nConversion des connecteurs de fibre optique.<br \/>\nTest de donn\u00e9es optiques.<br \/>\nTransmission optique de donn\u00e9es.<br \/>\nT\u00e9l\u00e9communications, r\u00e9seaux de radio et de t\u00e9l\u00e9vision<\/td>\n<\/tr>\n<\/tbody>\n<\/table>\n<h3 data-pl=\"product-title\" data-spm-anchor-id=\"a2g0o.detail.0.i11.238deU5GeU5Gff\"><\/h3>\n<\/div>","protected":false},"excerpt":{"rendered":"<p data-pl=\"product-title\" data-spm-anchor-id=\"a2g0o.detail.0.i11.238deU5GeU5Gff\">Localisateur visuel de d\u00e9fauts Mesureur de puissance optique Adaptateur fibre optique monomode hybride FC\/UPC \u00e0 LC\/UPC de 2,5 mm \u00e0 1,25 mm<\/p>\n<p data-pl=\"product-title\" data-spm-anchor-id=\"a2g0o.detail.0.i11.238deU5GeU5Gff\">1. Am\u00e9liorez votre d\u00e9pannage r\u00e9seau avec cet adaptateur optique FC vers LC, compatible \u00e0 la fois avec le localisateur visuel de d\u00e9fauts et le wattm\u00e8tre optique, garantissant des lectures pr\u00e9cises et une d\u00e9tection rapide des probl\u00e8mes.<br \/>\n2. Convertissez facilement vos c\u00e2bles \u00e0 fibres optiques avec des connecteurs de 2,5 mm \u00e0 ceux avec des connecteurs de 1,25 mm \u00e0 l'aide de cet adaptateur hybride FC \u00e0 LC. Connectez en toute transparence diff\u00e9rents types de fibres sans avoir besoin d'\u00e9quipement suppl\u00e9mentaire.<br \/>\n3. Con\u00e7u pour une int\u00e9gration transparente dans les syst\u00e8mes de fibre optique monomode, cet adaptateur maintient une qualit\u00e9 de signal optimale pendant la transmission, r\u00e9duisant la perte de signal et assurant un transfert de donn\u00e9es fiable et rapide.<br \/>\n4. Avec une perte d'insertion impressionnante de &lt;=0,3dB, cet adaptateur optique garantit une perte de signal minimale lors de l&#039;accouplement des connecteurs, ce qui permet une efficacit\u00e9 maximale de la transmission des donn\u00e9es et une perturbation minimale de votre r\u00e9seau.<br \/>\n5. Obtenez une puret\u00e9 de signal exceptionnelle et minimisez les r\u00e9flexions de signal avec une perte de retour de &lt;=50dB, garantissant une int\u00e9grit\u00e9 des donn\u00e9es fiable et emp\u00eachant la d\u00e9gradation des performances. Am\u00e9liorez vos connexions en fibre optique avec cet adaptateur de haute qualit\u00e9.<\/p>","protected":false},"featured_media":12652,"comment_status":"open","ping_status":"closed","template":"","meta":[],"product_brand":[],"product_cat":[365],"product_tag":[217,221,246,325],"class_list":{"0":"post-12611","1":"product","2":"type-product","3":"status-publish","4":"has-post-thumbnail","6":"product_cat-optical-adapters-and-flange-connectors-and-attenuator","7":"product_tag-fc-upc","8":"product_tag-fiber-adapter","9":"product_tag-lc-upc","10":"product_tag-sm","12":"first","13":"instock","14":"featured","15":"shipping-taxable","16":"purchasable","17":"product-type-variable","18":"has-default-attributes"},"_links":{"self":[{"href":"https:\/\/www.luleey.com\/fr\/wp-json\/wp\/v2\/product\/12611","targetHints":{"allow":["GET"]}}],"collection":[{"href":"https:\/\/www.luleey.com\/fr\/wp-json\/wp\/v2\/product"}],"about":[{"href":"https:\/\/www.luleey.com\/fr\/wp-json\/wp\/v2\/types\/product"}],"replies":[{"embeddable":true,"href":"https:\/\/www.luleey.com\/fr\/wp-json\/wp\/v2\/comments?post=12611"}],"wp:featuredmedia":[{"embeddable":true,"href":"https:\/\/www.luleey.com\/fr\/wp-json\/wp\/v2\/media\/12652"}],"wp:attachment":[{"href":"https:\/\/www.luleey.com\/fr\/wp-json\/wp\/v2\/media?parent=12611"}],"wp:term":[{"taxonomy":"product_brand","embeddable":true,"href":"https:\/\/www.luleey.com\/fr\/wp-json\/wp\/v2\/product_brand?post=12611"},{"taxonomy":"product_cat","embeddable":true,"href":"https:\/\/www.luleey.com\/fr\/wp-json\/wp\/v2\/product_cat?post=12611"},{"taxonomy":"product_tag","embeddable":true,"href":"https:\/\/www.luleey.com\/fr\/wp-json\/wp\/v2\/product_tag?post=12611"}],"curies":[{"name":"wp","href":"https:\/\/api.w.org\/{rel}","templated":true}]}}