{"id":12613,"date":"2024-07-19T00:53:56","date_gmt":"2024-07-18T16:53:56","guid":{"rendered":"https:\/\/www.luleey.com\/?post_type=product&#038;p=12613"},"modified":"2025-08-20T14:02:09","modified_gmt":"2025-08-20T06:02:09","slug":"10g-oeo-converter-repeater-sfp-to-sfp","status":"publish","type":"product","link":"https:\/\/www.luleey.com\/fr\/produit-2\/10g-oeo-converter-repeater-sfp-to-sfp\/","title":{"rendered":"10G OEO Converter Repeater SFP+ to SFP+"},"content":{"rendered":"<h3>Caract\u00e9ristiques<\/h3>\n<ol>\n<li>mod\u00e8le : LL-10GOEO<\/li>\n<li>Convertisseur OEO 10G R\u00e9p\u00e9teur<\/li>\n<li>SFP+ vers SFP+<\/li>\n<li>Plug &amp; Play<\/li>\n<li>Compatible avec 10G\/5G\/2.5G\/1.25G<\/li>\n<li>Supporte 85\u00b0C | Supporte 10G Stick<\/li>\n<li>Conversion monomode \u00e0 multimode<\/li>\n<li>Distance de transmission \u00e9tendue Prise en charge de 160 km au maximum<\/li>\n<li>DWDM CWDM<\/li>\n<\/ol>\n<p>&nbsp;<\/p>\n<p>Voici le r\u00e9p\u00e9teur convertisseur 10G OEO - un dispositif de mise en r\u00e9seau de premier ordre con\u00e7u pour \u00e9lever votre connectivit\u00e9 \u00e0 de nouveaux sommets. Que vous ayez besoin d'une transmission de donn\u00e9es transparente, de performances accrues ou de distances de transmission plus importantes, ce convertisseur-r\u00e9p\u00e9teur r\u00e9pond \u00e0 tous vos besoins. Avec ses fonctions avanc\u00e9es et ses performances fiables, il est parfait pour les particuliers et les entreprises \u00e0 la recherche d'une solution de mise en r\u00e9seau puissante et fiable.<\/p>\n<p>Le 10G OEO Converter Repeater prend en charge la connectivit\u00e9 SFP+ \u00e0 SFP+, offrant un processus d'installation Plug &amp; Play sans tracas. Il suffit de connecter les modules SFP+ souhait\u00e9s et l'appareil est pr\u00eat \u00e0 fonctionner. Aucune configuration compliqu\u00e9e ou expertise technique n'est requise, ce qui en fait le choix id\u00e9al pour les d\u00e9butants comme pour les professionnels.<\/p>\n<p>Ce convertisseur-r\u00e9p\u00e9teur est enti\u00e8rement compatible avec diff\u00e9rents d\u00e9bits de donn\u00e9es, notamment 10G, 5G et 2,5G. Que vous travailliez sur des t\u00e2ches gourmandes en donn\u00e9es ou que vous diffusiez des vid\u00e9os haute r\u00e9solution, soyez assur\u00e9 que cet appareil peut tout g\u00e9rer sans probl\u00e8me. Dites adieu aux connexions lentes et peu fiables et profitez de la fluidit\u00e9 et de l'efficacit\u00e9 du flux de donn\u00e9es offert par le r\u00e9p\u00e9teur de convertisseur OEO 10G.<\/p>\n<p>Avec une plage de temp\u00e9rature de fonctionnement remarquable allant jusqu'\u00e0 85 degr\u00e9s Celsius, ce convertisseur r\u00e9p\u00e9teur garantit des performances exceptionnelles, m\u00eame dans des environnements exigeants. Quelle que soit l'intensit\u00e9 de vos besoins en mati\u00e8re de r\u00e9seau ou la temp\u00e9rature ambiante, cet appareil ne vous laissera pas tomber. Il est con\u00e7u pour exceller m\u00eame dans les conditions les plus difficiles, garantissant ainsi une transmission de donn\u00e9es ininterrompue et fiable.<\/p>\n<p>Le 10G OEO Converter Repeater prend \u00e9galement en charge les b\u00e2tonnets 10G, ce qui vous permet de connecter et d'\u00e9tendre les capacit\u00e9s de vos appareils r\u00e9seau existants sans effort. D\u00e9veloppez le potentiel de votre r\u00e9seau et maximisez l'investissement que vous avez fait dans votre infrastructure avec cette solution de r\u00e9seau polyvalente.<\/p>\n<p>L'un des principaux atouts de cet appareil est sa capacit\u00e9 \u00e0 convertir les signaux monomodes en signaux multimodes. Il comble facilement le foss\u00e9 entre les diff\u00e9rents modes de transmission, am\u00e9liorant ainsi la compatibilit\u00e9 et la connectivit\u00e9 entre les diff\u00e9rents appareils du r\u00e9seau. Finis les probl\u00e8mes de compatibilit\u00e9 : ce convertisseur-r\u00e9p\u00e9teur assure une connexion transparente quel que soit le mode requis par vos appareils.<\/p>\n<p>De plus, le 10G OEO Converter Repeater excelle dans l'extension des distances de transmission jusqu'\u00e0 160km. Gr\u00e2ce \u00e0 la prise en charge des distances de transmission \u00e9tendues, vous pouvez connecter des appareils tr\u00e8s \u00e9loign\u00e9s les uns des autres sans compromettre la qualit\u00e9 du signal. Restez connect\u00e9 dans vos installations, campus ou m\u00eame dans de grands espaces de bureaux, en sachant que vos donn\u00e9es voyageront de mani\u00e8re transparente d'un bout \u00e0 l'autre.<\/p>\n<p>En conclusion, le r\u00e9p\u00e9teur convertisseur 10G OEO est la quintessence de la commodit\u00e9, de la compatibilit\u00e9 et de la performance. Gr\u00e2ce \u00e0 sa fonctionnalit\u00e9 Plug &amp; Play, sa compatibilit\u00e9 avec plusieurs d\u00e9bits de donn\u00e9es, sa r\u00e9sistance aux temp\u00e9ratures \u00e9lev\u00e9es, sa prise en charge des b\u00e2tonnets 10G, sa conversion monomode\/multimode et ses distances de transmission \u00e9tendues, ce convertisseur-r\u00e9p\u00e9teur est un must pour tous ceux qui recherchent une solution de r\u00e9seau fiable et performante.<\/p>","protected":false},"excerpt":{"rendered":"<p>\u2018Connectivit\u00e9 am\u00e9lior\u00e9e : Le r\u00e9p\u00e9teur convertisseur OEO 10G haute performance permet une conversion transparente de SFP+ \u00e0 SFP+, offrant des options de connectivit\u00e9 avanc\u00e9es.<br \/>\n- Installation facile : Il suffit de brancher et de jouer, aucune configuration complexe n'est requise pour une int\u00e9gration sans effort dans n'importe quel environnement de r\u00e9seau.<br \/>\n- Compatibilit\u00e9 polyvalente : Compatible avec diff\u00e9rentes vitesses, notamment 10G, 5G et 2,5G, ce qui garantit une flexibilit\u00e9 et des performances fiables pour diff\u00e9rentes configurations de r\u00e9seau.<br \/>\n- R\u00e9sistance exceptionnelle \u00e0 la chaleur : Con\u00e7ue pour supporter des temp\u00e9ratures allant jusqu'\u00e0 85 degr\u00e9s Celsius, elle garantit des performances optimales m\u00eame dans des environnements exigeants.<br \/>\n- Port\u00e9e de transmission \u00e9tendue : Permet la conversion du monomode en multimode, ce qui permet de transmettre sur de plus longues distances et d'\u00e9tendre les capacit\u00e9s du r\u00e9seau.<\/p>","protected":false},"featured_media":12654,"comment_status":"open","ping_status":"closed","template":"","meta":[],"product_brand":[],"product_cat":[268],"product_tag":[97,267,298,840],"class_list":{"0":"post-12613","1":"product","2":"type-product","3":"status-publish","4":"has-post-thumbnail","6":"product_cat-oeo-fiber-media-converters","7":"product_tag-10g","8":"product_tag-oeo","9":"product_tag-repeater","10":"product_tag-sfp-media-converter","12":"first","13":"instock","14":"sale","15":"shipping-taxable","16":"purchasable","17":"product-type-variable","18":"has-default-attributes"},"_links":{"self":[{"href":"https:\/\/www.luleey.com\/fr\/wp-json\/wp\/v2\/product\/12613","targetHints":{"allow":["GET"]}}],"collection":[{"href":"https:\/\/www.luleey.com\/fr\/wp-json\/wp\/v2\/product"}],"about":[{"href":"https:\/\/www.luleey.com\/fr\/wp-json\/wp\/v2\/types\/product"}],"replies":[{"embeddable":true,"href":"https:\/\/www.luleey.com\/fr\/wp-json\/wp\/v2\/comments?post=12613"}],"wp:featuredmedia":[{"embeddable":true,"href":"https:\/\/www.luleey.com\/fr\/wp-json\/wp\/v2\/media\/12654"}],"wp:attachment":[{"href":"https:\/\/www.luleey.com\/fr\/wp-json\/wp\/v2\/media?parent=12613"}],"wp:term":[{"taxonomy":"product_brand","embeddable":true,"href":"https:\/\/www.luleey.com\/fr\/wp-json\/wp\/v2\/product_brand?post=12613"},{"taxonomy":"product_cat","embeddable":true,"href":"https:\/\/www.luleey.com\/fr\/wp-json\/wp\/v2\/product_cat?post=12613"},{"taxonomy":"product_tag","embeddable":true,"href":"https:\/\/www.luleey.com\/fr\/wp-json\/wp\/v2\/product_tag?post=12613"}],"curies":[{"name":"wp","href":"https:\/\/api.w.org\/{rel}","templated":true}]}}