{"id":12638,"date":"2024-07-19T00:54:20","date_gmt":"2024-07-18T16:54:20","guid":{"rendered":"https:\/\/www.luleey.com\/?post_type=product&#038;p=12638"},"modified":"2025-08-02T22:26:32","modified_gmt":"2025-08-02T14:26:32","slug":"8-pon-gpon-olt","status":"publish","type":"product","link":"https:\/\/www.luleey.com\/fr\/produit-2\/8-pon-gpon-olt\/","title":{"rendered":"8 PON GPON OLT, LL-GPOLT-XE-G08"},"content":{"rendered":"<h3>Caract\u00e9ristiques<\/h3>\n<ol data-spm-anchor-id=\"a2g0o.detail.1000023.i0.1472leN2leN24S\">\n<li>Prise en charge du rapport spectral 1:128<\/li>\n<li>Prend en charge jusqu'\u00e0 1024 ONUs<\/li>\n<li>Prise en charge des protocoles de routage tels que RIP\/OSPF<\/li>\n<li>Prise en charge de la fonction de routage statique IPV4\/IPV6<\/li>\n<li>Prise en charge de la fonction QinQ<\/li>\n<li>Rack 19 pouces 1U<\/li>\n<li>Taille : 440mmx260mmx44mm<\/li>\n<li>8 * GPON SFP, 4 * 10GE\/GE SFP+, 4 * 10\/100\/1000MaseT<\/li>\n<li>Distance de transmission du port PON : 20 km<\/li>\n<li>Longueur d'onde de travail du port PON : envoi 1490nm. Accepte 1310nm<\/li>\n<li>Type d'interface PON : Fibre monomode SC 9\/125um<\/li>\n<li>Sensibilit\u00e9 de r\u00e9ception PON : -30dbm<\/li>\n<\/ol>\n<div class=\"structure-row\">\n<div class=\"col-left\" data-spm-anchor-id=\"a2700.details.0.i25.78ff2908MBBelt\">\n<div class=\"structure-row\">\n<h3>Sp\u00e9cifications<\/h3>\n<\/div>\n<div class=\"structure-row\">\n<div class=\"col-right\">\n<table width=\"776\">\n<tbody>\n<tr>\n<td>Marque<\/td>\n<td>LuLeey<\/td>\n<\/tr>\n<tr>\n<td>Mod\u00e8le<\/td>\n<td>LL-GPOLT-XE-G08<\/td>\n<\/tr>\n<tr>\n<td width=\"239\">Caract\u00e9ristiques de l'interface PON<\/td>\n<td width=\"537\">Taux de transmission sur la liaison descendante 2,5 Gbps\/liaison montante 1,25 Gbps<br \/>\nSupporte les modules de classe B+, classe C+GPON<br \/>\nS\u00e9curit\u00e9 : M\u00e9canisme d'authentification de l'ONU<\/td>\n<\/tr>\n<tr>\n<td>Normes<\/td>\n<td width=\"537\">ITU-T G.984\/G.988<br \/>\nIEEE 802.1D, Spanning Tree (arbre filant)<br \/>\nIEEE 802.1Q, VLAN<br \/>\nIEEE 802.1w, RSTP<br \/>\nIEEE 802.3ad LACP<br \/>\nEthernet -II<\/td>\n<\/tr>\n<tr>\n<td>Qualit\u00e9 de service<\/td>\n<td width=\"537\">Contr\u00f4le du d\u00e9bit de contre-pression (semi-duplex)<br \/>\nContr\u00f4le de flux IEEE 802.3x (duplex int\u00e9gral)<br \/>\nIEEE 802.1p, CoS<br \/>\nAlgorithmes d'ordonnancement des files d'attente WRR, SP et FIFO<br \/>\nFonction de limitation de vitesse pour les liaisons montantes et descendantes en fonction de chaque ONU<br \/>\nSoutien aux fonctions DBA et SLA<\/td>\n<\/tr>\n<tr>\n<td>VLAN<\/td>\n<td width=\"537\">VLAN bas\u00e9 sur le port, 4K entr\u00e9es dans la table VLAN<br \/>\nQinQ et prend en charge le QinQ flexible<\/td>\n<\/tr>\n<tr>\n<td>Multidiffusion<\/td>\n<td width=\"537\">Multicast L2<br \/>\nSnooping IGMP<br \/>\nMLD Snooping<\/td>\n<\/tr>\n<tr>\n<td>Fiabilit\u00e9<\/td>\n<td width=\"537\">Protocole de d\u00e9tection de lien unidirectionnel pour \u00e9viter les boucles de l'arbre de survie<br \/>\nFente d'extension Module optique GPON rempla\u00e7able \u00e0 chaud<br \/>\nProtection du chemin optique GPON (b\/c class, hand held, etc.)<br \/>\nPrise en charge de la fonction de d\u00e9tection des ONU \u00e9mettant une lumi\u00e8re anormale, telle qu'une longue \u00e9mission de lumi\u00e8re.<\/td>\n<\/tr>\n<tr>\n<td>S\u00e9curit\u00e9 des r\u00e9seaux<\/td>\n<td width=\"537\">Limiter le nombre maximum d'utilisateurs par port<br \/>\nIsolation des ports<br \/>\nMessage Storm Control (contr\u00f4le des temp\u00eates)<br \/>\nFonction de contr\u00f4le d'acc\u00e8s ACL bas\u00e9e sur le flux de donn\u00e9es<br \/>\nCryptage des donn\u00e9es pour la transmission des ports PON<\/td>\n<\/tr>\n<tr>\n<td>Gestion de la configuration<\/td>\n<td width=\"537\">M\u00e9thodes de gestion multiples telles que CLI, SNMP, TELNET, etc.<br \/>\nMise \u00e0 jour du logiciel possible par TFTP<br \/>\nSortie debug<\/td>\n<\/tr>\n<tr>\n<td>Propri\u00e9t\u00e9 physique<\/td>\n<td width=\"537\">442,5 mm(L) x 304 mm(P) x 44 mm(H)<br \/>\nInstallation : Rack standard de 19\u201c.<\/td>\n<\/tr>\n<tr>\n<td>Exigences environnementales<\/td>\n<td width=\"537\">Environnement de travail : 0 \u2103~45 \u2103 ; 10% -85% sans condensation<br \/>\nEnvironnement de stockage : -40 \u2103~80 \u2103 ; 5% -95% sans condensation<\/td>\n<\/tr>\n<tr>\n<td>Alimentation \u00e9lectrique<\/td>\n<td width=\"537\">Tension d'entr\u00e9e : AC90~264V, DC 36~72V<br \/>\nPrise en charge de la double entr\u00e9e d'alimentation, de l'insertion mixte de blocs d'alimentation CA et CC et de la permutation \u00e0 chaud des modules d'alimentation.<\/td>\n<\/tr>\n<\/tbody>\n<\/table>\n<\/div>\n<\/div>\n<\/div>\n<\/div>","protected":false},"excerpt":{"rendered":"<p>\u2018Mise en r\u00e9seau efficace : L'OLT LL-GPOLT308 8GPON prend en charge un rapport spectral de 1:128, permettant des connexions rapides et stables pour un maximum de 1024 ONUs.<br \/>\n- Connectivit\u00e9 polyvalente : Equip\u00e9 de 4 * ports de liaison montante 10GE\/GE SFP+ et de 4 * ports de liaison montante 10\/100\/1000 RJ45, cet OLT offre des options de connectivit\u00e9 flexibles pour une int\u00e9gration transparente dans n'importe quelle configuration de r\u00e9seau.<br \/>\n- Performances accrues : La sensibilit\u00e9 de r\u00e9ception du PON de -30dbm assure une excellente r\u00e9ception du signal, permettant une transmission fiable et ininterrompue des donn\u00e9es.<br \/>\n- Performances accrues : La sensibilit\u00e9 de r\u00e9ception du PON de -30dbm assure une excellente r\u00e9ception du signal, permettant une transmission fiable et ininterrompue des donn\u00e9es.<br \/>\n- Installation simplifi\u00e9e : Cet OLT 8GPON est con\u00e7u pour une installation facile et peut \u00eatre rapidement mis en place et configur\u00e9 pour un r\u00e9seau efficace sans aucune difficult\u00e9.<\/p>","protected":false},"featured_media":12675,"comment_status":"open","ping_status":"closed","template":"","meta":[],"product_brand":[],"product_cat":[360],"product_tag":[95,172,229,1089,269],"class_list":{"0":"post-12638","1":"product","2":"type-product","3":"status-publish","4":"has-post-thumbnail","6":"product_cat-gpon-olt","7":"product_tag-1024-onu","8":"product_tag-8-gpon","9":"product_tag-gpon-olt","10":"product_tag-ll-gpolt-xe-g08","11":"product_tag-olt","13":"first","14":"instock","15":"sale","16":"shipping-taxable","17":"purchasable","18":"product-type-variable","19":"has-default-attributes"},"_links":{"self":[{"href":"https:\/\/www.luleey.com\/fr\/wp-json\/wp\/v2\/product\/12638","targetHints":{"allow":["GET"]}}],"collection":[{"href":"https:\/\/www.luleey.com\/fr\/wp-json\/wp\/v2\/product"}],"about":[{"href":"https:\/\/www.luleey.com\/fr\/wp-json\/wp\/v2\/types\/product"}],"replies":[{"embeddable":true,"href":"https:\/\/www.luleey.com\/fr\/wp-json\/wp\/v2\/comments?post=12638"}],"wp:featuredmedia":[{"embeddable":true,"href":"https:\/\/www.luleey.com\/fr\/wp-json\/wp\/v2\/media\/12675"}],"wp:attachment":[{"href":"https:\/\/www.luleey.com\/fr\/wp-json\/wp\/v2\/media?parent=12638"}],"wp:term":[{"taxonomy":"product_brand","embeddable":true,"href":"https:\/\/www.luleey.com\/fr\/wp-json\/wp\/v2\/product_brand?post=12638"},{"taxonomy":"product_cat","embeddable":true,"href":"https:\/\/www.luleey.com\/fr\/wp-json\/wp\/v2\/product_cat?post=12638"},{"taxonomy":"product_tag","embeddable":true,"href":"https:\/\/www.luleey.com\/fr\/wp-json\/wp\/v2\/product_tag?post=12638"}],"curies":[{"name":"wp","href":"https:\/\/api.w.org\/{rel}","templated":true}]}}