{"id":12643,"date":"2024-07-19T00:54:21","date_gmt":"2024-07-18T16:54:21","guid":{"rendered":"https:\/\/www.luleey.com\/?post_type=product&#038;p=12643"},"modified":"2024-12-17T10:38:04","modified_gmt":"2024-12-17T02:38:04","slug":"gigabit-48-port-l3-layers-poe-ethernet-switch","status":"publish","type":"product","link":"https:\/\/www.luleey.com\/fr\/produit-2\/gigabit-48-port-l3-layers-poe-ethernet-switch\/","title":{"rendered":"Commutateur Ethernet Gigabit 48 ports \u00e0 couches L3 POE"},"content":{"rendered":"<h3>Commutateur Ethernet Gigabit 48 ports \u00e0 couches L3 POE<\/h3>\n<h3><strong>Fonctionnalit\u00e9<\/strong><\/h3>\n<ol>\n<li>Prend en charge le protocole d'arborescence STP\/RSTP\/MSTP traditionnel, ainsi que la technologie de protection Ethernet intelligente SEP, innovante et ind\u00e9pendante de Huawei, et la nouvelle norme de r\u00e9seau en anneau Ethernet ERPS.<\/li>\n<li>Prise en charge de la fonction SmartLink, connexion de plusieurs liens \u00e0 plusieurs commutateurs d'agr\u00e9gation, sauvegarde de la liaison montante, am\u00e9lioration consid\u00e9rable de la fiabilit\u00e9 des dispositifs d'acc\u00e8s.<\/li>\n<li>Supporte un OAM Ethernet complet (IEEE 802.3ah\/802.1ag) pour une d\u00e9tection rapide des d\u00e9faillances de liaison.<\/li>\n<li>Port de liaison descendante : 10\/100\/100OOM Port de liaison montante : 4 x 1000M\/10G SFP\/SFP+<\/li>\n<li>Gestion du r\u00e9seau web<\/li>\n<li>alimentation \u00e9lectrique POE<\/li>\n<\/ol>\n<h3>Sp\u00e9cifications<\/h3>\n<table width=\"790\">\n<tbody>\n<tr>\n<td width=\"229\">mod\u00e8le<\/td>\n<td width=\"561\">LL-48GE-L3<\/td>\n<\/tr>\n<tr>\n<td>Port r\u00e9seau<\/td>\n<td>\u00a048 * ports RJ45 10\/100\/1000M ; 4 * ports SFP 100\/1000\/2500\/1000M<\/td>\n<\/tr>\n<tr>\n<td>Port de gestion<\/td>\n<td>\u00a01 port de console<\/td>\n<\/tr>\n<tr>\n<td>Touche de r\u00e9initialisation<\/td>\n<td>1<\/td>\n<\/tr>\n<tr>\n<td>UNIT\u00c9 CENTRALE<\/td>\n<td>\u00a0MIFS-34Kcdual core 1GHz<\/td>\n<\/tr>\n<tr>\n<td>DDR<\/td>\n<td>\u00a04G DDR3<\/td>\n<\/tr>\n<tr>\n<td>FLASH<\/td>\n<td>\u00a0512MBytes<\/td>\n<\/tr>\n<tr>\n<td>RAM<\/td>\n<td>\u00a0512MBytes<\/td>\n<\/tr>\n<tr>\n<td>Largeur de bande<\/td>\n<td>\u00a0256Gbps<\/td>\n<\/tr>\n<tr>\n<td>Transfert de paquets<\/td>\n<td>\u00a0160.71Mpps<\/td>\n<\/tr>\n<tr>\n<td>Adresse MAC<\/td>\n<td>\u00a032K<\/td>\n<\/tr>\n<tr>\n<td>Cache<\/td>\n<td>\u00a0Tampon de paquets SRAM 16Mbit<\/td>\n<\/tr>\n<tr>\n<td>Trame jumbo jusqu'\u00e0 12KE<\/td>\n<td><\/td>\n<\/tr>\n<tr>\n<td>Adresse VLAN<\/td>\n<td>\u00a04K<\/td>\n<\/tr>\n<tr>\n<td>Agr\u00e9gation de liens<\/td>\n<td>\u00a0Prise en charge de 128 groupes de relais, avec un maximum de 8 membres par groupe<\/td>\n<\/tr>\n<tr>\n<td>Routage L3<\/td>\n<td>\u00a0IPV4 supporte 12K ; IPV6 supporte 12K3<\/td>\n<\/tr>\n<tr>\n<td>File d'attente Qos<\/td>\n<td>8<\/td>\n<\/tr>\n<tr>\n<td>Distance de transmission<\/td>\n<td width=\"561\">10 Mbps : Cat3,4,5 UTF (\u2264 250 m\u00e8tres) ; 100M : cat5 ou ult\u00e9rieur UTF (150 m\u00e8tres) 1000M : cat6 ou ult\u00e9rieur UTF (150 m\u00e8tres) ; SFP : supporte les modules optiques monomodes multimodes 100M\/1G\/2,5G\/10G, avec une distance maximale de \u2264 120km (en fonction du module optique).<\/td>\n<\/tr>\n<tr>\n<td>Indicateur lumineux LED<\/td>\n<td width=\"561\">PWR : voyant d'alimentation ; SYS : voyant de syst\u00e8me ; 1-48:voyant de connexion r\u00e9seau 10\/100, 1000M, 49-52 : voyant de connexion port optique 10 Gigabit SFP<\/td>\n<\/tr>\n<tr>\n<td>Alimentation \u00e9lectrique<\/td>\n<td>alimentation \u00e9lectrique int\u00e9gr\u00e9e AC : 100-240vac 50-60Hz 0,6A, maximum 45W<\/td>\n<\/tr>\n<tr>\n<td>Temp\u00e9rature\/humidit\u00e9 de travail<\/td>\n<td>\u00a0-10~+55 \u00b0 C ; 5%~90% non solidifi\u00e9<\/td>\n<\/tr>\n<tr>\n<td>Temp\u00e9rature de stockage\/humidit\u00e9<\/td>\n<td>\u00a0-40~+75 \u00b0 C ; 5%~95% non solidifi\u00e9<\/td>\n<\/tr>\n<tr>\n<td>Taille du produit\/de l'emballage (L * L * H)<\/td>\n<td>\u00a0440mm * 360mm * 45mm ; 553mm * 403mm * 93mm<\/td>\n<\/tr>\n<tr>\n<td>Niveau de protection contre la foudre et les surtensions<\/td>\n<td>\u00a06Kv 8\/20us ; IP30<\/td>\n<\/tr>\n<tr>\n<td>M\u00e9thode d'installation<\/td>\n<td>\u00a0type de rack (livraison des accessoires de l'oreille du rack)<\/td>\n<\/tr>\n<\/tbody>\n<\/table>","protected":false},"excerpt":{"rendered":"<p>Commutateur Ethernet POE<\/p>\n<p>48 ports RJ45 10\/100\/1000Base-T<br \/>\n4 x 10G\/Gigabit SFP port optique<br \/>\n1 x Port de contr\u00f4le de la console<br \/>\nTaux de transmission : 1000Mbps<br \/>\nBande passante du fond de panier : 256 Gbps (GB)<br \/>\nDimensions ext\u00e9rieures : 440 * 360 * 45 (mm)<br \/>\nAlimentation \u00e9lectrique : AC100-240V<br \/>\nConsommation en veille : \uff1c 35W (VA)<br \/>\nConsommation \u00e9lectrique \u00e0 pleine charge : \uff1c 55W (VA)<\/p>","protected":false},"featured_media":12686,"comment_status":"open","ping_status":"closed","template":"","meta":[],"product_brand":[],"product_cat":[258,290],"product_tag":[89,151,244,289,322],"class_list":{"0":"post-12643","1":"product","2":"type-product","3":"status-publish","4":"has-post-thumbnail","6":"product_cat-managed-switches","7":"product_cat-poe-switches","8":"product_tag-1000m","9":"product_tag-48-port","10":"product_tag-l3-managed","11":"product_tag-poe","12":"product_tag-sfp","14":"first","15":"instock","16":"sale","17":"shipping-taxable","18":"purchasable","19":"product-type-variable"},"_links":{"self":[{"href":"https:\/\/www.luleey.com\/fr\/wp-json\/wp\/v2\/product\/12643","targetHints":{"allow":["GET"]}}],"collection":[{"href":"https:\/\/www.luleey.com\/fr\/wp-json\/wp\/v2\/product"}],"about":[{"href":"https:\/\/www.luleey.com\/fr\/wp-json\/wp\/v2\/types\/product"}],"replies":[{"embeddable":true,"href":"https:\/\/www.luleey.com\/fr\/wp-json\/wp\/v2\/comments?post=12643"}],"wp:featuredmedia":[{"embeddable":true,"href":"https:\/\/www.luleey.com\/fr\/wp-json\/wp\/v2\/media\/12686"}],"wp:attachment":[{"href":"https:\/\/www.luleey.com\/fr\/wp-json\/wp\/v2\/media?parent=12643"}],"wp:term":[{"taxonomy":"product_brand","embeddable":true,"href":"https:\/\/www.luleey.com\/fr\/wp-json\/wp\/v2\/product_brand?post=12643"},{"taxonomy":"product_cat","embeddable":true,"href":"https:\/\/www.luleey.com\/fr\/wp-json\/wp\/v2\/product_cat?post=12643"},{"taxonomy":"product_tag","embeddable":true,"href":"https:\/\/www.luleey.com\/fr\/wp-json\/wp\/v2\/product_tag?post=12643"}],"curies":[{"name":"wp","href":"https:\/\/api.w.org\/{rel}","templated":true}]}}