{"id":12657,"date":"2024-07-19T00:54:44","date_gmt":"2024-07-18T16:54:44","guid":{"rendered":"https:\/\/www.luleey.com\/?post_type=product&#038;p=12657"},"modified":"2024-07-19T23:05:23","modified_gmt":"2024-07-19T15:05:23","slug":"rj11-rj45-tester-sc8108","status":"publish","type":"product","link":"https:\/\/www.luleey.com\/fr\/produit-2\/rj11-rj45-tester-sc8108\/","title":{"rendered":"Testeur RJ11 RJ45 SC8108"},"content":{"rendered":"<h3>Testeur RJ45 Pour la s\u00e9curit\u00e9 du transport, aucune pile n'est fournie. Nous vous remercions de votre compr\u00e9hension.<\/h3>\n<div>\n<div>\n<div>\n<div>\n<div>\n<div>\n<div><\/div>\n<p align=\"left\"><strong data-spm-anchor-id=\"a2g0o.detail.1000023.i0.6e6d2ca3EqJnmk\">Produit\u00a0<\/strong><strong>Caract\u00e9ristiques<\/strong><\/p>\n<div>\n<p class=\"tgt\" data-section=\"3\"><span class=\"tgt\" data-group=\"3-0\" data-section=\"3\" data-sentence=\"0\">1. Le balayage automatique est adopt\u00e9 pour des tests rapides.<\/span><br \/>\n<span class=\"tgt\" data-group=\"4-0\" data-section=\"4\" data-sentence=\"0\">2. Forme a\u00e9rodynamique et conception ergonomique.<\/span><br \/>\n<span class=\"tgt\" data-group=\"5-0\" data-section=\"5\" data-sentence=\"0\">3. Conception anti-chute et anti-lumi\u00e8re, plus conforme \u00e0 la construction du site.<\/span><\/p>\n<p><strong>M\u00e9thode d'essai :<\/strong><\/div>\n<div>1. Testez les fils de la paire torsad\u00e9e 1, 2, 3, 4, 5, 6, 7, 8, G racine par racine (\u00e0 droite) pour d\u00e9terminer quel est le mauvais fil, le court-circuit et le circuit ouvert.<\/div>\n<div>2. L'interrupteur \u201cOFF\u201d signifie \u00e9teint, \u201cON\u201d signifie vitesse d'essai normale et \"S\" signifie vitesse d'essai lente.<\/div>\n<div>3. Test des paires torsad\u00e9es : mettez l'appareil sous tension, branchez le c\u00e2ble r\u00e9seau dans le testeur principal et le testeur \u00e0 distance respectivement, et le t\u00e9moin lumineux de l'h\u00f4te clignote un par un de 1 \u00e0 G, comme le montre la figure suivante :<\/div>\n<div>Testeur principal : 1-2-3-4-5-6-7-8-g<\/div>\n<div>Testeur \u00e0 distance : 1-2-3-4-5-6-7-8-g (RJ45)<\/div>\n<div>Le 1-2-3-4 - - - - - - - - - (RJ11)<\/div>\n<div>Si la connexion n'est pas normale, l'affichage est le suivant :<\/div>\n<div>A. En pr\u00e9sence d'un c\u00e2ble de r\u00e9seau, tel que le circuit no. 3, le testeur principal et la lampe no. 3 \u00e0 l'extr\u00e9mit\u00e9 du test \u00e0 distance ne s'allument pas.<\/div>\n<div>B. Lorsque plusieurs lignes sont d\u00e9connect\u00e9es, plusieurs lignes ne s'allument pas. Lorsque moins de deux lignes sont connect\u00e9es, le voyant ne s'allume pas.<\/div>\n<div>C. Lorsque les deux extr\u00e9mit\u00e9s des lignes du r\u00e9seau sont d\u00e9sordonn\u00e9es, comme le montrent les exemples 2 et 4, elles sont repr\u00e9sent\u00e9es comme suit :<\/div>\n<div>Testeur principal inchang\u00e9 : 1-2-3-4-5-6-7-8-g<\/div>\n<div>L'extr\u00e9mit\u00e9 du test \u00e0 distance est : 1-4-3-2-5-6-7-8-g<\/div>\n<div>D. Lorsqu'il y a deux courts-circuits dans le c\u00e2ble r\u00e9seau, le testeur principal ne s'allume pas, tandis que le testeur \u00e0 distance montre que les deux courts-circuits sont l\u00e9g\u00e8rement lumineux. S'il y en a plus de 3 (y compris 3), tous les voyants des diff\u00e9rentes lignes du court-circuit ne s'allument pas.<\/div>\n<div>4. Si l'on mesure un cadre de distribution et un module de bloc mural, deux cavaliers correspondants (tels que 110P4-RJ45) doivent \u00eatre achemin\u00e9s vers le testeur.<\/div>\n<div>5. Test du c\u00e2ble coaxial : si le c\u00e2ble est bon, les voyants BNC des deux extr\u00e9mit\u00e9s clignotent en vert en m\u00eame temps.<\/p>\n<ul>\n<li class=\"tgt\" data-section=\"3\">C\u00e2ble de test : RJ45 RJ11<\/li>\n<li class=\"tgt\" data-section=\"1\"><span class=\"tgt\" data-group=\"1-0\" data-section=\"1\" data-sentence=\"0\">Alimentation : Pile lamin\u00e9e DC 9V<\/span><\/li>\n<li class=\"tgt\" data-section=\"2\"><span class=\"tgt\" data-group=\"2-0\" data-section=\"2\" data-sentence=\"0\">Consommation \u00e9lectrique : 25 ma<\/span><\/li>\n<li class=\"tgt\" data-section=\"3\"><span class=\"tgt\" data-group=\"3-0\" data-section=\"3\" data-sentence=\"0\">Taille : 105 * 105 * 26 mm<\/span><\/li>\n<li class=\"tgt\" data-section=\"4\"><span class=\"tgt\" data-group=\"4-0\" data-section=\"4\" data-sentence=\"0\">Poids : 200 g<\/span><\/li>\n<\/ul>\n<\/div>\n<\/div>\n<\/div>\n<\/div>\n<\/div>\n<\/div>\n<\/div>","protected":false},"excerpt":{"rendered":"<p>Testeur RJ11\/RJ45<\/p>\n<p><span class=\"tgt\" data-group=\"3-0\" data-section=\"3\" data-sentence=\"0\">1. Le balayage automatique est adopt\u00e9 pour des tests rapides.<\/span><br \/>\n<span class=\"tgt\" data-group=\"4-0\" data-section=\"4\" data-sentence=\"0\">2. Forme a\u00e9rodynamique et conception ergonomique.<\/span><br \/>\n<span class=\"tgt\" data-group=\"5-0\" data-section=\"5\" data-sentence=\"0\">3. Conception anti-chute et anti-lumi\u00e8re, plus conforme \u00e0 la construction du site.<\/span><\/p>","protected":false},"featured_media":12687,"comment_status":"open","ping_status":"closed","template":"","meta":[],"product_brand":[],"product_cat":[352],"product_tag":[300,301,311],"class_list":{"0":"post-12657","1":"product","2":"type-product","3":"status-publish","4":"has-post-thumbnail","6":"product_cat-copper-tools","7":"product_tag-rj11","8":"product_tag-rj45","9":"product_tag-sc8108","11":"first","12":"instock","13":"shipping-taxable","14":"purchasable","15":"product-type-variable"},"_links":{"self":[{"href":"https:\/\/www.luleey.com\/fr\/wp-json\/wp\/v2\/product\/12657","targetHints":{"allow":["GET"]}}],"collection":[{"href":"https:\/\/www.luleey.com\/fr\/wp-json\/wp\/v2\/product"}],"about":[{"href":"https:\/\/www.luleey.com\/fr\/wp-json\/wp\/v2\/types\/product"}],"replies":[{"embeddable":true,"href":"https:\/\/www.luleey.com\/fr\/wp-json\/wp\/v2\/comments?post=12657"}],"wp:featuredmedia":[{"embeddable":true,"href":"https:\/\/www.luleey.com\/fr\/wp-json\/wp\/v2\/media\/12687"}],"wp:attachment":[{"href":"https:\/\/www.luleey.com\/fr\/wp-json\/wp\/v2\/media?parent=12657"}],"wp:term":[{"taxonomy":"product_brand","embeddable":true,"href":"https:\/\/www.luleey.com\/fr\/wp-json\/wp\/v2\/product_brand?post=12657"},{"taxonomy":"product_cat","embeddable":true,"href":"https:\/\/www.luleey.com\/fr\/wp-json\/wp\/v2\/product_cat?post=12657"},{"taxonomy":"product_tag","embeddable":true,"href":"https:\/\/www.luleey.com\/fr\/wp-json\/wp\/v2\/product_tag?post=12657"}],"curies":[{"name":"wp","href":"https:\/\/api.w.org\/{rel}","templated":true}]}}