{"id":12662,"date":"2024-07-19T00:54:45","date_gmt":"2024-07-18T16:54:45","guid":{"rendered":"https:\/\/www.luleey.com\/?post_type=product&#038;p=12662"},"modified":"2025-02-20T22:32:55","modified_gmt":"2025-02-20T14:32:55","slug":"1x64-sc-apc-plc-splitter","status":"publish","type":"product","link":"https:\/\/www.luleey.com\/fr\/produit-2\/1x64-sc-apc-plc-splitter\/","title":{"rendered":"1\u00d764 SC APC PLC Splitter"},"content":{"rendered":"<div>\n<div>\n<h3>Caract\u00e9ristiques<\/h3>\n<p>1. <span class=\"tagify__tag-text\" contenteditable=\"true\">sc\/apc splitter<\/span> Nouvelle coque en r\u00e9sine synth\u00e9tique ABS, r\u00e9sistance aux chocs, r\u00e9sistance \u00e0 la chaleur.<br \/>\n2. Fil de haute qualit\u00e9, haute performance et protection de l'environnement La peau en PVC est r\u00e9sistante \u00e0 l'acide et \u00e0 l'alcali et durable.<br \/>\n3. Noyau d'insertion en c\u00e9ramique haute performance, transmission optique uniforme, bonne stabilit\u00e9 environnementale.<\/p>\n<\/div>\n<\/div>\n<p>&nbsp;<\/p>\n<p>Le s\u00e9parateur optique \u00e0 guide d'ondes planaire PLC (s\u00e9parateur PLC) est un dispositif int\u00e9gr\u00e9 de distribution de puissance optique \u00e0 guide d'ondes bas\u00e9 sur un substrat de quartz. Comme un syst\u00e8me de transmission par c\u00e2ble coaxial, un syst\u00e8me de r\u00e9seau optique doit \u00e9galement coupler, d\u00e9river et distribuer des signaux optiques. Il a besoin d'un r\u00e9partiteur optique pour y parvenir.<br \/>\nApplication<br \/>\nType de bo\u00eetier ABS : install\u00e9 dans un rack standard de 19 pouces ; lorsque la fibre est raccord\u00e9e \u00e0 la maison, l'\u00e9quipement d'installation fourni est le bo\u00eetier de transfert du c\u00e2ble \u00e0 fibre optique ; lorsque la fibre est raccord\u00e9e \u00e0 la maison, l'\u00e9quipement sp\u00e9cifi\u00e9 par le client est install\u00e9.<br \/>\nAvantages<br \/>\n1) La perte n'est pas sensible \u00e0 la longueur d'onde de la lumi\u00e8re transmise et peut r\u00e9pondre aux besoins de transmission de diff\u00e9rentes longueurs d'onde.<br \/>\n(2) La lumi\u00e8re est uniform\u00e9ment r\u00e9partie et le signal peut \u00eatre distribu\u00e9 uniform\u00e9ment aux utilisateurs.<br \/>\n(3) La structure est compacte et le volume est faible, il peut \u00eatre directement install\u00e9 dans les diff\u00e9rentes bo\u00eetes de transfert existantes, et aucune conception sp\u00e9ciale n'est n\u00e9cessaire pour laisser un grand espace d'installation.<br \/>\n(4) Il existe de nombreux canaux de d\u00e9rivation pour un seul appareil, qui peuvent atteindre plus de 16 canaux.<br \/>\n(5) Le co\u00fbt des canaux multiples est faible. Plus il y a de succursales, plus l'avantage en termes de co\u00fbts est \u00e9vident.<\/p>\n<h3>Sp\u00e9cifications<\/h3>\n<table width=\"834\">\n<tbody>\n<tr>\n<td width=\"273\">Taille de la bo\u00eete<\/td>\n<td width=\"561\">\u00a0100*80*10mm<\/td>\n<\/tr>\n<tr>\n<td>Temp\u00e9rature de stockage<\/td>\n<td>\u00a0-40~85 \u2103<\/td>\n<\/tr>\n<tr>\n<td>Temp\u00e9rature de travail<\/td>\n<td>\u00a0-40~85 \u2103<\/td>\n<\/tr>\n<tr>\n<td>Type de connecteur<\/td>\n<td>\u00a0SC\/APC<\/td>\n<\/tr>\n<tr>\n<td>Longueur d'onde de travail<\/td>\n<td>\u00a01260~1650nm<\/td>\n<\/tr>\n<\/tbody>\n<\/table>","protected":false},"excerpt":{"rendered":"<div>\n<div>1. <span class=\"tagify__tag-text\" contenteditable=\"true\">R\u00e9partiteur PLC<\/span> Nouvelle coque en r\u00e9sine synth\u00e9tique ABS, r\u00e9sistance aux chocs, r\u00e9sistance \u00e0 la chaleur.<br \/>\n2. Fil de haute qualit\u00e9, haute performance et protection de l'environnement La peau en PVC est r\u00e9sistante \u00e0 l'acide et \u00e0 l'alcali et durable.<br \/>\n3. Noyau d'insertion en c\u00e9ramique haute performance, transmission optique uniforme, bonne stabilit\u00e9 environnementale.<\/div>\n<\/div>\n<div>\n<div>\n<div>\n<div>\n<div id=\"offer-template-0\">\n<ul>\n<li>Taille de la bo\u00eete : 100*80*10mm<\/li>\n<li>Temp\u00e9rature de stockage : -40~85 \u2103<\/li>\n<li>Temp\u00e9rature de fonctionnement : -40~85 \u2103<\/li>\n<li>Type de connecteur : SC\/APC<\/li>\n<li data-spm-anchor-id=\"a2g0o.detail.1000023.i0.fae1E0h8E0h8i7\">Longueur d'onde : 1260~1650nm<\/li>\n<\/ul>\n<\/div>\n<\/div>\n<\/div>\n<\/div>\n<\/div>","protected":false},"featured_media":12146,"comment_status":"open","ping_status":"closed","template":"","meta":[],"product_brand":[],"product_cat":[366],"product_tag":[121,306,326],"class_list":{"0":"post-12662","1":"product","2":"type-product","3":"status-publish","4":"has-post-thumbnail","6":"product_cat-optical-splitters-and-splitter-box","7":"product_tag-1x64","8":"product_tag-sc-apc","9":"product_tag-splitter","11":"first","12":"instock","13":"shipping-taxable","14":"purchasable","15":"product-type-variable"},"_links":{"self":[{"href":"https:\/\/www.luleey.com\/fr\/wp-json\/wp\/v2\/product\/12662","targetHints":{"allow":["GET"]}}],"collection":[{"href":"https:\/\/www.luleey.com\/fr\/wp-json\/wp\/v2\/product"}],"about":[{"href":"https:\/\/www.luleey.com\/fr\/wp-json\/wp\/v2\/types\/product"}],"replies":[{"embeddable":true,"href":"https:\/\/www.luleey.com\/fr\/wp-json\/wp\/v2\/comments?post=12662"}],"wp:featuredmedia":[{"embeddable":true,"href":"https:\/\/www.luleey.com\/fr\/wp-json\/wp\/v2\/media\/12146"}],"wp:attachment":[{"href":"https:\/\/www.luleey.com\/fr\/wp-json\/wp\/v2\/media?parent=12662"}],"wp:term":[{"taxonomy":"product_brand","embeddable":true,"href":"https:\/\/www.luleey.com\/fr\/wp-json\/wp\/v2\/product_brand?post=12662"},{"taxonomy":"product_cat","embeddable":true,"href":"https:\/\/www.luleey.com\/fr\/wp-json\/wp\/v2\/product_cat?post=12662"},{"taxonomy":"product_tag","embeddable":true,"href":"https:\/\/www.luleey.com\/fr\/wp-json\/wp\/v2\/product_tag?post=12662"}],"curies":[{"name":"wp","href":"https:\/\/api.w.org\/{rel}","templated":true}]}}