{"id":12664,"date":"2024-07-19T00:54:45","date_gmt":"2024-07-18T16:54:45","guid":{"rendered":"https:\/\/www.luleey.com\/?post_type=product&#038;p=12664"},"modified":"2024-10-11T09:07:36","modified_gmt":"2024-10-11T01:07:36","slug":"fc-apc-to-lc-apc-single-mode-2-5mm-to-1-25mm-ll-fcapc2lcapc","status":"publish","type":"product","link":"https:\/\/www.luleey.com\/fr\/produit-2\/fc-apc-to-lc-apc-single-mode-2-5mm-to-1-25mm-ll-fcapc2lcapc\/","title":{"rendered":"Convertisseur FC\/APC vers LC\/APC monomode 2,5mm vers 1,25mm LL-FCAPC2LCAPC"},"content":{"rendered":"<div class=\"title--wrap--Ms9Zv4A\">\n<h3>Caract\u00e9ristiques<\/h3>\n<ol>\n<li><span class=\"\">Noyau en c\u00e9ramique, performances stables<\/span><\/li>\n<li><span class=\"\">Supporte 1000 r\u00e9p\u00e9titions d'insertion et de retrait, r\u00e9utilisable<\/span><\/li>\n<li><span class=\"\">Des param\u00e8tres r\u00e9els pour \u00e9viter les pertes<\/span><\/li>\n<\/ol>\n<h3>Sp\u00e9cifications<\/h3>\n<table width=\"588\">\n<tbody>\n<tr>\n<td>Marque<\/td>\n<td>LuLeey<\/td>\n<\/tr>\n<tr>\n<td width=\"229\">Nom du produit<\/td>\n<td width=\"359\">FC\/APC vers LC\/APC monomode 2,5mm \u00e0 1,25mm LL-FCAPC2LCAPC<\/td>\n<\/tr>\n<tr>\n<td width=\"229\">Connecteur<\/td>\n<td>SCUPC SCAPC<\/td>\n<\/tr>\n<tr>\n<td>SM\/MM<\/td>\n<td width=\"359\">Mode unique<\/td>\n<\/tr>\n<tr>\n<td>Longueur d'onde de travail<\/td>\n<td>1200nm~1600nm<\/td>\n<\/tr>\n<tr>\n<td>Perte d'insertion<\/td>\n<td>&lt; 0,3 dB<\/td>\n<\/tr>\n<tr>\n<td width=\"229\">Perte de retour<\/td>\n<td>\u226550db<\/td>\n<\/tr>\n<tr>\n<td>Mat\u00e9riau des manches<\/td>\n<td>c\u00e9ramique<\/td>\n<\/tr>\n<tr>\n<td>Temps d'insertion et de d\u00e9branchement<\/td>\n<td>&gt;1000<\/td>\n<\/tr>\n<tr>\n<td>Temp\u00e9rature de travail<\/td>\n<td>-40\u2103~75\u2103<\/td>\n<\/tr>\n<tr>\n<td>Temp\u00e9rature de stockage<\/td>\n<td>-55\u2103~85\u2103<\/td>\n<\/tr>\n<tr>\n<td width=\"229\">Application<\/td>\n<td width=\"359\">Syst\u00e8mes FTTX Solutions CCTV<\/td>\n<\/tr>\n<tr>\n<td width=\"229\">Sc\u00e9narios d'application<\/td>\n<td width=\"359\">FTTH, FTTB, FTTX, Solution r\u00e9seau<\/td>\n<\/tr>\n<tr>\n<td>Humidit\u00e9<\/td>\n<td>95%RH<\/td>\n<\/tr>\n<\/tbody>\n<\/table>\n<h3 data-pl=\"product-title\" data-spm-anchor-id=\"a2g0o.detail.0.i11.238deU5GeU5Gff\"><\/h3>\n<\/div>","protected":false},"excerpt":{"rendered":"<p data-pl=\"product-title\" data-spm-anchor-id=\"a2g0o.detail.0.i11.238deU5GeU5Gff\">Localisateur visuel de d\u00e9fauts Mesureur de puissance optique Adaptateur fibre optique monomode hybride FC\/APC \u00e0 LC\/APC de 2,5 mm \u00e0 1,25 mm<\/p>\n<p data-pl=\"product-title\" data-spm-anchor-id=\"a2g0o.detail.0.i11.238deU5GeU5Gff\">1. Am\u00e9liorez votre d\u00e9pannage r\u00e9seau avec cet adaptateur optique FC vers LC, compatible \u00e0 la fois avec le localisateur visuel de d\u00e9fauts et le wattm\u00e8tre optique, garantissant des lectures pr\u00e9cises et une d\u00e9tection rapide des probl\u00e8mes.<br \/>\n2. Convertissez facilement vos c\u00e2bles \u00e0 fibres optiques avec des connecteurs de 2,5 mm \u00e0 ceux avec des connecteurs de 1,25 mm \u00e0 l'aide de cet adaptateur hybride FC \u00e0 LC. Connectez en toute transparence diff\u00e9rents types de fibres sans avoir besoin d'\u00e9quipement suppl\u00e9mentaire.<br \/>\n3. Con\u00e7u pour une int\u00e9gration transparente dans les syst\u00e8mes de fibre optique monomode, cet adaptateur maintient une qualit\u00e9 de signal optimale pendant la transmission, r\u00e9duisant la perte de signal et assurant un transfert de donn\u00e9es fiable et rapide.<br \/>\n4. Avec une perte d'insertion impressionnante de &lt;=0,3dB, cet adaptateur optique garantit une perte de signal minimale lors de l&#039;accouplement des connecteurs, ce qui permet une efficacit\u00e9 maximale de la transmission des donn\u00e9es et une perturbation minimale de votre r\u00e9seau.<br \/>\n5. Obtenez une puret\u00e9 de signal exceptionnelle et minimisez les r\u00e9flexions de signal avec une perte de retour de &lt;=50dB, garantissant une int\u00e9grit\u00e9 des donn\u00e9es fiable et emp\u00eachant la d\u00e9gradation des performances. Am\u00e9liorez vos connexions en fibre optique avec cet adaptateur de haute qualit\u00e9.<\/p>","protected":false},"featured_media":12689,"comment_status":"open","ping_status":"closed","template":"","meta":[],"product_brand":[],"product_cat":[365],"product_tag":[214,221,247,325],"class_list":{"0":"post-12664","1":"product","2":"type-product","3":"status-publish","4":"has-post-thumbnail","6":"product_cat-optical-adapters-and-flange-connectors-and-attenuator","7":"product_tag-fc-apc","8":"product_tag-fiber-adapter","9":"product_tag-lc-apc","10":"product_tag-sm","12":"first","13":"instock","14":"shipping-taxable","15":"purchasable","16":"product-type-variable","17":"has-default-attributes"},"_links":{"self":[{"href":"https:\/\/www.luleey.com\/fr\/wp-json\/wp\/v2\/product\/12664","targetHints":{"allow":["GET"]}}],"collection":[{"href":"https:\/\/www.luleey.com\/fr\/wp-json\/wp\/v2\/product"}],"about":[{"href":"https:\/\/www.luleey.com\/fr\/wp-json\/wp\/v2\/types\/product"}],"replies":[{"embeddable":true,"href":"https:\/\/www.luleey.com\/fr\/wp-json\/wp\/v2\/comments?post=12664"}],"wp:featuredmedia":[{"embeddable":true,"href":"https:\/\/www.luleey.com\/fr\/wp-json\/wp\/v2\/media\/12689"}],"wp:attachment":[{"href":"https:\/\/www.luleey.com\/fr\/wp-json\/wp\/v2\/media?parent=12664"}],"wp:term":[{"taxonomy":"product_brand","embeddable":true,"href":"https:\/\/www.luleey.com\/fr\/wp-json\/wp\/v2\/product_brand?post=12664"},{"taxonomy":"product_cat","embeddable":true,"href":"https:\/\/www.luleey.com\/fr\/wp-json\/wp\/v2\/product_cat?post=12664"},{"taxonomy":"product_tag","embeddable":true,"href":"https:\/\/www.luleey.com\/fr\/wp-json\/wp\/v2\/product_tag?post=12664"}],"curies":[{"name":"wp","href":"https:\/\/api.w.org\/{rel}","templated":true}]}}