{"id":12665,"date":"2024-07-19T00:54:45","date_gmt":"2024-07-18T16:54:45","guid":{"rendered":"https:\/\/www.luleey.com\/?post_type=product&#038;p=12665"},"modified":"2024-10-11T09:06:57","modified_gmt":"2024-10-11T01:06:57","slug":"otdr-test-bare-fiber-coupler-fc-adapter-ll-bare-fiber-coupler","status":"publish","type":"product","link":"https:\/\/www.luleey.com\/fr\/produit-2\/otdr-test-bare-fiber-coupler-fc-adapter-ll-bare-fiber-coupler\/","title":{"rendered":"Test OTDR coupleur fibre nue Adaptateur FC Coupleur fibre nue LL Convertisseur"},"content":{"rendered":"<h3>Caract\u00e9ristiques<\/h3>\n<div class=\"specification--prop--RejitI8\">\n<ol>\n<li class=\"specification--title--UbVeyic\">Prise en charge du mode unique\/multi-mode<\/li>\n<li class=\"specification--title--UbVeyic\">Options de connecteur SC<\/li>\n<li class=\"specification--title--UbVeyic\">Sans \u00e9poxy<\/li>\n<li class=\"specification--title--UbVeyic\">Utilisation r\u00e9p\u00e9t\u00e9e<\/li>\n<li class=\"specification--title--UbVeyic\">Faible perte d'insertion<\/li>\n<\/ol>\n<\/div>\n<h3>Sp\u00e9cifications<\/h3>\n<table style=\"border-collapse: collapse; width: 100.465%; height: 434px;\">\n<tbody>\n<tr style=\"height: 53px;\">\n<td style=\"height: 53px; width: 35.2211%;\">Marque<\/td>\n<td style=\"height: 53px; width: 64.7013%;\">LuLeey<\/td>\n<\/tr>\n<tr style=\"height: 53px;\">\n<td style=\"height: 53px; width: 35.2211%;\" width=\"101\">Nom du produit<\/td>\n<td style=\"height: 53px; width: 64.7013%;\" width=\"222\">Test OTDR coupleur fibre nue Adaptateur FC LL-coupleur fibre nue<\/td>\n<\/tr>\n<tr style=\"height: 53px;\">\n<td style=\"height: 53px; width: 35.2211%;\">Type d'adaptateur<\/td>\n<td style=\"height: 53px; width: 64.7013%;\">Mode unique\/multi-mode FC\/UPC<\/td>\n<\/tr>\n<tr style=\"height: 53px;\">\n<td style=\"width: 35.2211%; height: 53px;\">Diam\u00e8tre de la fibre nue<\/td>\n<td style=\"width: 64.7013%; height: 53px;\">125 \u03bc m<\/td>\n<\/tr>\n<tr style=\"height: 53px;\">\n<td style=\"width: 35.2211%; height: 53px;\">Mat\u00e9riau<\/td>\n<td style=\"width: 64.7013%; height: 53px;\">noyau en c\u00e9ramique<\/td>\n<\/tr>\n<tr style=\"height: 53px;\">\n<td style=\"width: 35.2211%; height: 53px;\">Temp\u00e9rature de fonctionnement<\/td>\n<td style=\"width: 64.7013%; height: 53px;\">-40\u2103~85\u2103<\/td>\n<\/tr>\n<tr style=\"height: 53px;\">\n<td style=\"height: 53px; width: 35.2211%;\">Perte d'insertion<\/td>\n<td style=\"height: 53px; width: 64.7013%;\">\u22640,2dB<\/td>\n<\/tr>\n<tr style=\"height: 53px;\">\n<td style=\"height: 53px; width: 35.2211%;\">Taille<\/td>\n<td style=\"height: 53px; width: 64.7013%;\">50*10*10mm<\/td>\n<\/tr>\n<tr style=\"height: 379px;\">\n<td style=\"height: 10px; width: 35.2211%;\">Sc\u00e9narios d'utilisation<\/td>\n<td style=\"height: 10px; width: 64.7013%;\">Instrument \u00e0 fibre optique, \u00e9quipement de communication,<br \/>\nConversion de l'interface des d\u00e9tecteurs de d\u00e9fauts \u00e0 fibre optique.<br \/>\nConversion des connecteurs de fibre optique.<br \/>\nTest de donn\u00e9es optiques.<br \/>\nTransmission optique de donn\u00e9es.<br \/>\nT\u00e9l\u00e9communications, r\u00e9seaux de radio et de t\u00e9l\u00e9vision<\/td>\n<\/tr>\n<\/tbody>\n<\/table>\n<p>&nbsp;<\/p>","protected":false},"excerpt":{"rendered":"<p>1. Compatibilit\u00e9 polyvalente : Ce coupleur de fibre nue OTDR prend en charge les fibres monomodes et multimodes, ce qui le rend adapt\u00e9 \u00e0 un large \u00e9ventail de besoins en mati\u00e8re de test de fibre optique.<br \/>\n2. Choisissez votre connecteur : Avec la possibilit\u00e9 de s\u00e9lectionner l'un ou l'autre des connecteurs FC, ce coupleur de fibre nue assure la compatibilit\u00e9 avec vos dispositifs et \u00e9quipements de fibre optique existants.<br \/>\n3. Test facile et fiable : La conception de l'adaptateur pour fibres nues \u00e9limine le besoin de colle \u00e9poxy ou de tout autre m\u00e9dium, fournissant une connexion propre et efficace pour l'insertion, l'extraction et la r\u00e9utilisation des fibres nues. La perte d'insertion est r\u00e9duite et les r\u00e9sultats des tests sont pr\u00e9cis \u00e0 chaque utilisation.<br \/>\n4. Durable et r\u00e9utilisable : Construit pour r\u00e9sister \u00e0 de multiples utilisations, ce coupleur de fibre nue OTDR test est une solution rentable pour le test continu de la fibre optique. Dites adieu aux adaptateurs jetables et investissez dans un outil de test durable.<br \/>\n5. Outil essentiel pour la fibre optique : Le coupleur de fibres nues est un accessoire indispensable pour toute installation de test de fibres optiques. Il constitue un moyen simple et fiable de connecter et de tester les fibres nues, garantissant ainsi une mesure pr\u00e9cise et efficace des param\u00e8tres optiques.<\/p>","protected":false},"featured_media":12691,"comment_status":"open","ping_status":"closed","template":"","meta":[],"product_brand":[],"product_cat":[365],"product_tag":[213,275,283],"class_list":{"0":"post-12665","1":"product","2":"type-product","3":"status-publish","4":"has-post-thumbnail","6":"product_cat-optical-adapters-and-flange-connectors-and-attenuator","7":"product_tag-fc","8":"product_tag-optical-adapter","9":"product_tag-otdr","11":"first","12":"instock","13":"shipping-taxable","14":"purchasable","15":"product-type-variable","16":"has-default-attributes"},"_links":{"self":[{"href":"https:\/\/www.luleey.com\/fr\/wp-json\/wp\/v2\/product\/12665","targetHints":{"allow":["GET"]}}],"collection":[{"href":"https:\/\/www.luleey.com\/fr\/wp-json\/wp\/v2\/product"}],"about":[{"href":"https:\/\/www.luleey.com\/fr\/wp-json\/wp\/v2\/types\/product"}],"replies":[{"embeddable":true,"href":"https:\/\/www.luleey.com\/fr\/wp-json\/wp\/v2\/comments?post=12665"}],"wp:featuredmedia":[{"embeddable":true,"href":"https:\/\/www.luleey.com\/fr\/wp-json\/wp\/v2\/media\/12691"}],"wp:attachment":[{"href":"https:\/\/www.luleey.com\/fr\/wp-json\/wp\/v2\/media?parent=12665"}],"wp:term":[{"taxonomy":"product_brand","embeddable":true,"href":"https:\/\/www.luleey.com\/fr\/wp-json\/wp\/v2\/product_brand?post=12665"},{"taxonomy":"product_cat","embeddable":true,"href":"https:\/\/www.luleey.com\/fr\/wp-json\/wp\/v2\/product_cat?post=12665"},{"taxonomy":"product_tag","embeddable":true,"href":"https:\/\/www.luleey.com\/fr\/wp-json\/wp\/v2\/product_tag?post=12665"}],"curies":[{"name":"wp","href":"https:\/\/api.w.org\/{rel}","templated":true}]}}