{"id":12669,"date":"2024-07-19T00:54:46","date_gmt":"2024-07-18T16:54:46","guid":{"rendered":"https:\/\/www.luleey.com\/?post_type=product&#038;p=12669"},"modified":"2025-06-22T15:22:43","modified_gmt":"2025-06-22T07:22:43","slug":"2-5g-sc-smf-sfp-module-support-bidi","status":"publish","type":"product","link":"https:\/\/www.luleey.com\/fr\/produit-2\/2-5g-sc-smf-sfp-module-support-bidi\/","title":{"rendered":"2.5G SC SMF SFP Module BIDI"},"content":{"rendered":"<h3>Caract\u00e9ristiques<\/h3>\n<ol>\n<li>Voici le module SMF SFP SC 2,5G - votre solution ultime pour la transmission \u00e0 haut d\u00e9bit sur de longues distances ! Avec un taux de transmission de 2,5G, ce module assure un transfert de donn\u00e9es rapide comme l'\u00e9clair, ce qui le rend id\u00e9al pour diverses applications de mise en r\u00e9seau.<\/li>\n<li>Avec une longueur d'onde de 1310nm\/1550nm, ce module assure une transmission de donn\u00e9es stable et fiable sur une distance maximale de 1km. Que vous ayez besoin de connecter des appareils dans un petit bureau ou dans plusieurs b\u00e2timents, ce module a tout ce qu'il vous faut.<\/li>\n<li>Con\u00e7u dans un emballage SFP pratique, ce module est incroyablement facile \u00e0 installer et compatible avec une large gamme de connecteurs de fibre optique, en particulier les connecteurs SC. Cette polyvalence permet une int\u00e9gration transparente dans votre infrastructure r\u00e9seau existante, \u00e9liminant ainsi tout probl\u00e8me de compatibilit\u00e9.<\/li>\n<li>L'une des principales caract\u00e9ristiques de ce module est la prise en charge de la transmission bidirectionnelle, ce qui en fait une solution rentable pour les installations de r\u00e9seau \u00e0 fibre unique. Cela vous permet de transmettre et de recevoir des donn\u00e9es sur une seule fibre, vous \u00e9vitant ainsi d'avoir \u00e0 installer des fibres s\u00e9par\u00e9es pour chaque direction.<\/li>\n<li>Fonctionnant dans une large plage de temp\u00e9rature de 0~+70\u2103, ce module assure des performances fiables m\u00eame dans les environnements difficiles. Quelle que soit la fluctuation de temp\u00e9rature, ce module reste constant, assurant une transmission de donn\u00e9es ininterrompue \u00e0 tout moment.<\/li>\n<li>Compatible avec des marques de premier plan telles que Huawei, H3C, Cisco, Ruijie, Juniper, TP LINK, ZTE, UniFi et Ubiquiti, vous pouvez avoir confiance en son int\u00e9gration transparente dans votre infrastructure existante. Gagnez du temps et de l'argent avec ce module polyvalent qui fonctionne de mani\u00e8re transparente avec votre marque pr\u00e9f\u00e9r\u00e9e.<\/li>\n<li>En conclusion, le module SMF SFP SC 2,5G est le choix id\u00e9al pour tous ceux qui recherchent des capacit\u00e9s de transmission de donn\u00e9es \u00e0 grande vitesse et sur de longues distances. Gr\u00e2ce \u00e0 ses caract\u00e9ristiques robustes, notamment la prise en charge bidirectionnelle, la large plage de temp\u00e9rature et la compatibilit\u00e9 avec des marques de r\u00e9seau renomm\u00e9es, ce module garantit des performances et une fiabilit\u00e9 exceptionnelles.<\/li>\n<\/ol>\n<h3>Sp\u00e9cifications<\/h3>\n<table width=\"790\">\n<tbody>\n<tr>\n<td width=\"229\">Module<\/td>\n<td width=\"561\">LL-SFP-SM-SC-2500<\/td>\n<\/tr>\n<tr>\n<td>Taux de transmission<\/td>\n<td>2.5G<\/td>\n<\/tr>\n<tr>\n<td>Longueur d'onde<\/td>\n<td>1310nm\/1550nm<\/td>\n<\/tr>\n<tr>\n<td>Distance de transmission maximale<\/td>\n<td>1km<\/td>\n<\/tr>\n<tr>\n<td>Forme d'emballage<\/td>\n<td>SFP<\/td>\n<\/tr>\n<tr>\n<td>Prise en charge des connecteurs \u00e0 fibre optique<\/td>\n<td>\u00a0SC<\/td>\n<\/tr>\n<tr>\n<td>Soutenir la BIDI<\/td>\n<td>Oui<\/td>\n<\/tr>\n<tr>\n<td>Temp\u00e9rature de travail support\u00e9e<\/td>\n<td>0~+70 \u2103<\/td>\n<\/tr>\n<tr>\n<td>Marques compatibles<\/td>\n<td>tels que Huawei, H3C, Cisco, Ruijie, Juniper, TP LINK, ZTE, UniFi, Ubiquiti, Ubiquiti<\/td>\n<\/tr>\n<\/tbody>\n<\/table>","protected":false},"excerpt":{"rendered":"<p>\u2018Transmission \u00e0 grande vitesse : Ce module SFP 2,5G SC prend en charge un taux de transmission de 2,5G, garantissant un transfert de donn\u00e9es rapide et fiable pour vos besoins de mise en r\u00e9seau.<br \/>\n- Port\u00e9e longue distance : Avec une distance de transmission maximale de 1 km, ce module permet une connectivit\u00e9 transparente dans des zones plus \u00e9tendues.<br \/>\n- Large compatibilit\u00e9 : Fonctionne avec les connecteurs de fibre optique les plus courants tels que SC, ce qui le rend compatible avec diverses marques telles que Huawei, Cisco, Juniper et bien d'autres.<br \/>\n- R\u00e9sistance \u00e0 la temp\u00e9rature : Con\u00e7u pour r\u00e9sister \u00e0 une large gamme de temp\u00e9ratures, ce module fonctionne parfaitement entre 0\u00b0C et +70\u00b0C.<br \/>\n- Support BIDI : B\u00e9n\u00e9ficiez d'une communication bidirectionnelle avec ce module, qui permet une transmission efficace des donn\u00e9es dans les deux sens.<\/p>","protected":false},"featured_media":17391,"comment_status":"open","ping_status":"closed","template":"","meta":[],"product_brand":[],"product_cat":[321],"product_tag":[124,191,278,305,325],"class_list":{"0":"post-12669","1":"product","2":"type-product","3":"status-publish","4":"has-post-thumbnail","6":"product_cat-sfp-sfp-1g-2-5g-5g-10g","7":"product_tag-2-5g","8":"product_tag-bidi","9":"product_tag-optical-module","10":"product_tag-sc","11":"product_tag-sm","13":"first","14":"instock","15":"shipping-taxable","16":"purchasable","17":"product-type-variable","18":"has-default-attributes"},"_links":{"self":[{"href":"https:\/\/www.luleey.com\/fr\/wp-json\/wp\/v2\/product\/12669","targetHints":{"allow":["GET"]}}],"collection":[{"href":"https:\/\/www.luleey.com\/fr\/wp-json\/wp\/v2\/product"}],"about":[{"href":"https:\/\/www.luleey.com\/fr\/wp-json\/wp\/v2\/types\/product"}],"replies":[{"embeddable":true,"href":"https:\/\/www.luleey.com\/fr\/wp-json\/wp\/v2\/comments?post=12669"}],"wp:featuredmedia":[{"embeddable":true,"href":"https:\/\/www.luleey.com\/fr\/wp-json\/wp\/v2\/media\/17391"}],"wp:attachment":[{"href":"https:\/\/www.luleey.com\/fr\/wp-json\/wp\/v2\/media?parent=12669"}],"wp:term":[{"taxonomy":"product_brand","embeddable":true,"href":"https:\/\/www.luleey.com\/fr\/wp-json\/wp\/v2\/product_brand?post=12669"},{"taxonomy":"product_cat","embeddable":true,"href":"https:\/\/www.luleey.com\/fr\/wp-json\/wp\/v2\/product_cat?post=12669"},{"taxonomy":"product_tag","embeddable":true,"href":"https:\/\/www.luleey.com\/fr\/wp-json\/wp\/v2\/product_tag?post=12669"}],"curies":[{"name":"wp","href":"https:\/\/api.w.org\/{rel}","templated":true}]}}