{"id":12800,"date":"2024-07-19T00:56:46","date_gmt":"2024-07-18T16:56:46","guid":{"rendered":"https:\/\/www.luleey.com\/?post_type=product&#038;p=12800"},"modified":"2024-10-09T17:52:45","modified_gmt":"2024-10-09T09:52:45","slug":"40g-qsfp-dac-direct-attach-cable-stacking-passive-cable","status":"publish","type":"product","link":"https:\/\/www.luleey.com\/fr\/produit-2\/40g-qsfp-dac-direct-attach-cable-stacking-passive-cable\/","title":{"rendered":"40G QSFP+ DAC Direct Attach Cable Stacking Passive Cable"},"content":{"rendered":"<h3>Caract\u00e9ristiques<\/h3>\n<ul>\n<li data-spm-anchor-id=\"a2g0o.detail.1000023.i0.7f7aDhQiDhQi9a\">Conforme \u00e0 la norme MSA SFF-8436 et supportant un taux de transmission de 40G<\/li>\n<li data-spm-anchor-id=\"a2g0o.detail.1000023.i0.7f7aDhQiDhQi9a\">Prise en charge de la distance de transmission passive de 7M<\/li>\n<li data-spm-anchor-id=\"a2g0o.detail.1000023.i0.7f7aDhQiDhQi9a\">La sp\u00e9cification de taille du c\u00e2ble de diversit\u00e9 26~30AWG r\u00e9pond aux exigences de la norme EMI.<\/li>\n<li data-spm-anchor-id=\"a2g0o.detail.1000023.i0.7f7aDhQiDhQi9a\">Conception fiable de l'anneau d'arr\u00eat<\/li>\n<li data-spm-anchor-id=\"a2g0o.detail.1000023.i0.7f7aDhQiDhQi9a\">Les produits ROHS et LSZH sont disponibles<\/li>\n<li data-spm-anchor-id=\"a2g0o.detail.1000023.i0.7f7aDhQiDhQi9a\">Co\u00fbt et consommation d'\u00e9nergie moindres par rapport \u00e0 un syst\u00e8me de connexion par fibre optique \u00e0 courte distance<\/li>\n<\/ul>\n<h3>Sp\u00e9cifications<\/h3>\n<table width=\"790\">\n<tbody>\n<tr>\n<td width=\"229\">Mod\u00e8le<\/td>\n<td width=\"561\">LL-40GDAC<\/td>\n<\/tr>\n<tr>\n<td>Sp\u00e9cification du c\u00e2ble<\/td>\n<td>30AWG\/26AWG<\/td>\n<\/tr>\n<tr>\n<td>Distance de transmission du c\u00e2ble<\/td>\n<td>0,5 m - 7 m<\/td>\n<\/tr>\n<tr>\n<td>Caract\u00e9ristiques du produit<\/td>\n<td>\u00a0faible consommation d'\u00e9nergie, branchement \u00e0 chaud, d\u00e9bit de transmission 40Gbps<\/td>\n<\/tr>\n<tr>\n<td>Paquet<\/td>\n<td>sac antistatique<\/td>\n<\/tr>\n<tr>\n<td>Application du produit<\/td>\n<td>commutateur, serveur, routeur, ordinateur haute performance<\/td>\n<\/tr>\n<tr>\n<td>Taux de transmission<\/td>\n<td>40G<\/td>\n<\/tr>\n<\/tbody>\n<\/table>","protected":false},"excerpt":{"rendered":"<p>Le c\u00e2ble haute vitesse 40G QSFP+ DAC a une faible consommation d'\u00e9nergie et une faible latence, ce qui en fait une solution id\u00e9ale pour la transmission sur de courtes distances (moins de 7 m) entre les racks des centres de donn\u00e9es. Par rapport \u00e0 la combinaison de modules et de cavaliers, il permet de r\u00e9duire efficacement les co\u00fbts.<\/p>","protected":false},"featured_media":12819,"comment_status":"open","ping_status":"closed","template":"","meta":[],"product_brand":[],"product_cat":[355],"product_tag":[148,201,204,295],"class_list":{"0":"post-12800","1":"product","2":"type-product","3":"status-publish","4":"has-post-thumbnail","6":"product_cat-dac-cable-10g-25g-40g-100g","7":"product_tag-40g","8":"product_tag-dac","9":"product_tag-direct-attach-cable","10":"product_tag-qsfp","12":"first","13":"instock","14":"sale","15":"shipping-taxable","16":"purchasable","17":"product-type-variable"},"_links":{"self":[{"href":"https:\/\/www.luleey.com\/fr\/wp-json\/wp\/v2\/product\/12800","targetHints":{"allow":["GET"]}}],"collection":[{"href":"https:\/\/www.luleey.com\/fr\/wp-json\/wp\/v2\/product"}],"about":[{"href":"https:\/\/www.luleey.com\/fr\/wp-json\/wp\/v2\/types\/product"}],"replies":[{"embeddable":true,"href":"https:\/\/www.luleey.com\/fr\/wp-json\/wp\/v2\/comments?post=12800"}],"wp:featuredmedia":[{"embeddable":true,"href":"https:\/\/www.luleey.com\/fr\/wp-json\/wp\/v2\/media\/12819"}],"wp:attachment":[{"href":"https:\/\/www.luleey.com\/fr\/wp-json\/wp\/v2\/media?parent=12800"}],"wp:term":[{"taxonomy":"product_brand","embeddable":true,"href":"https:\/\/www.luleey.com\/fr\/wp-json\/wp\/v2\/product_brand?post=12800"},{"taxonomy":"product_cat","embeddable":true,"href":"https:\/\/www.luleey.com\/fr\/wp-json\/wp\/v2\/product_cat?post=12800"},{"taxonomy":"product_tag","embeddable":true,"href":"https:\/\/www.luleey.com\/fr\/wp-json\/wp\/v2\/product_tag?post=12800"}],"curies":[{"name":"wp","href":"https:\/\/api.w.org\/{rel}","templated":true}]}}