{"id":12810,"date":"2024-07-19T00:56:48","date_gmt":"2024-07-18T16:56:48","guid":{"rendered":"https:\/\/www.luleey.com\/?post_type=product&#038;p=12810"},"modified":"2025-01-21T10:57:50","modified_gmt":"2025-01-21T02:57:50","slug":"8-epon-olt-10g-4-sfp-uplink-port","status":"publish","type":"product","link":"https:\/\/www.luleey.com\/fr\/produit-2\/8-epon-olt-10g-4-sfp-uplink-port\/","title":{"rendered":"8 EPON OLT 10G * 4 SFP+ uplink port"},"content":{"rendered":"<div class=\"title--wrap--Ms9Zv4A\">\n<h3 data-pl=\"product-title\" data-spm-anchor-id=\"a2g0o.detail.0.i1.616dRPt4RPt4oM\">8 EPON OLT 10G * 4 ports SFP+uplink<\/h3>\n<\/div>\n<h3>Caract\u00e9ristiques<\/h3>\n<ol>\n<li>Commutateur fibre L3<\/li>\n<li>Gestion du WEB<\/li>\n<li>ONU d\u00e9verrouill\u00e9<\/li>\n<li>compatible avec HUAWEI ZTE VSOL et d'autres ONTs<\/li>\n<\/ol>\n<h3>Sp\u00e9cifications<\/h3>\n<table width=\"790\">\n<tbody>\n<tr>\n<td width=\"229\">Mod\u00e8le<\/td>\n<td width=\"561\">LL-EPOLT308<\/td>\n<\/tr>\n<tr>\n<td rowspan=\"6\">D\u00e9tails du port<\/td>\n<td>8*EPON Port<\/td>\n<\/tr>\n<tr>\n<td>4*1G\/10GE SFP+<\/td>\n<\/tr>\n<tr>\n<td>4*10\/100\/1000M Base-T<\/td>\n<\/tr>\n<tr>\n<td>1 Port de gestion<\/td>\n<\/tr>\n<tr>\n<td>Console : USB-C, RJ45<\/td>\n<\/tr>\n<tr>\n<td>1 port USB<\/td>\n<\/tr>\n<tr>\n<td rowspan=\"8\">Caract\u00e9ristiques du PON<\/td>\n<td>Conforme \u00e0 la norme EPON IEEE 802.3ah<\/td>\n<\/tr>\n<tr>\n<td>Conforme \u00e0 la norme CTC3.0 de China Telecom<\/td>\n<\/tr>\n<tr>\n<td>Prise en charge de la transmission de 20KM<\/td>\n<\/tr>\n<tr>\n<td>Prise en charge du rapport de fractionnement 1:64<\/td>\n<\/tr>\n<tr>\n<td>Prise en charge de la fonction de cryptage \u00e0 triple brassage 128 bits en liaison montante et descendante<\/td>\n<\/tr>\n<tr>\n<td>Prise en charge des fonctions de gestion OAM standard et OAM \u00e9tendue<\/td>\n<\/tr>\n<tr>\n<td>Prise en charge de la mise \u00e0 jour du logiciel ONU par lots, de la mise \u00e0 jour programm\u00e9e et de la mise \u00e0 jour en temps r\u00e9el<\/td>\n<\/tr>\n<tr>\n<td>Prise en charge de la d\u00e9tection de la puissance optique des ports PON<\/td>\n<\/tr>\n<tr>\n<td rowspan=\"3\">Caract\u00e9ristiques du VLAN<\/td>\n<td>Prise en charge de 4K VLAN 802.1Q<\/td>\n<\/tr>\n<tr>\n<td>Prise en charge des VLAN bas\u00e9s sur le port, le MAC et le protocole<\/td>\n<\/tr>\n<tr>\n<td>Prise en charge de la fonction VLAN \u00e0 double balise, des fonctions QinQ statique et QinQ flexible bas\u00e9es sur les ports.<\/td>\n<\/tr>\n<tr>\n<td rowspan=\"4\">Caract\u00e9ristiques du MAC<\/td>\n<td>Prise en charge de 16 000 entr\u00e9es dans la table d'adresses MAC<\/td>\n<\/tr>\n<tr>\n<td>Prise en charge du r\u00e9glage statique de l'adresse MAC<\/td>\n<\/tr>\n<tr>\n<td>Prise en charge de la fonction de filtrage des adresses MAC par trou noir<\/td>\n<\/tr>\n<tr>\n<td>Prise en charge de la limitation de l'adresse MAC du port<\/td>\n<\/tr>\n<tr>\n<td rowspan=\"3\">Protocole de r\u00e9seau en anneau de couche 2<\/td>\n<td>Prise en charge de STP\/RSTP\/MSTP<\/td>\n<\/tr>\n<tr>\n<td>Prise en charge du protocole de protection du r\u00e9seau en anneau Ethernet ERPS<\/td>\n<\/tr>\n<tr>\n<td>Prise en charge de la d\u00e9tection de bouclage d\u00e9tection de bouclage du port<\/td>\n<\/tr>\n<tr>\n<td rowspan=\"3\">contr\u00f4le du port<\/td>\n<td>Prise en charge du contr\u00f4le bidirectionnel de la bande passante<\/td>\n<\/tr>\n<tr>\n<td>Suppression des temp\u00eates sur les ports<\/td>\n<\/tr>\n<tr>\n<td>Prise en charge du transfert de trames Jumbo 9K<\/td>\n<\/tr>\n<tr>\n<td rowspan=\"3\">agr\u00e9gation de ports<\/td>\n<td>Prise en charge de l'agr\u00e9gation de liens statiques<\/td>\n<\/tr>\n<tr>\n<td>Prise en charge du protocole LACP dynamique<\/td>\n<\/tr>\n<tr>\n<td>Chaque groupe d'agr\u00e9gation prend en charge jusqu'\u00e0 8 ports<\/td>\n<\/tr>\n<tr>\n<td rowspan=\"4\">Fonction multidiffusion<\/td>\n<td>Prise en charge de l'IGMP Snooping, prise en charge de la sortie rapide<\/td>\n<\/tr>\n<tr>\n<td>Prise en charge du MLD Snooping<\/td>\n<\/tr>\n<tr>\n<td>Prise en charge du VLAN multicast<\/td>\n<\/tr>\n<tr>\n<td>Prise en charge de la multidiffusion de couche 3 IGMP\/PIM-DM\/PIM-SM<\/td>\n<\/tr>\n<tr>\n<td rowspan=\"2\">miroir<\/td>\n<td>Prise en charge de la mise en miroir des ports<\/td>\n<\/tr>\n<tr>\n<td>Prise en charge de la mise en miroir des flux<\/td>\n<\/tr>\n<tr>\n<td rowspan=\"3\">ACL<\/td>\n<td>Prise en charge des listes de contr\u00f4le d'acc\u00e8s standard et \u00e9tendues<\/td>\n<\/tr>\n<tr>\n<td>Prise en charge de la politique ACL bas\u00e9e sur l'intervalle de temps (Time Range)<\/td>\n<\/tr>\n<tr>\n<td>Fournit une classification et une d\u00e9finition des flux bas\u00e9es sur les informations de l'en-t\u00eate IP telles que l'adresse MAC source\/destination, le VLAN, 802.1p, ToS, DSCP, l'adresse IP source\/destination, le num\u00e9ro de port L4, le type de protocole, etc.<\/td>\n<\/tr>\n<tr>\n<td rowspan=\"4\">Qualit\u00e9 de service<\/td>\n<td>Prise en charge de la fonction de limitation du d\u00e9bit sur la base d'un flux de service personnalis\u00e9<\/td>\n<\/tr>\n<tr>\n<td>Prise en charge de la mise en miroir et de la redirection des paquets sur la base de flux de services d\u00e9finis par l'utilisateur<\/td>\n<\/tr>\n<tr>\n<td>Prise en charge du marquage prioritaire des flux de services personnalis\u00e9s, et prise en charge de la capacit\u00e9 de marquage prioritaire 802.1P, DSCP.<\/td>\n<\/tr>\n<tr>\n<td>Prise en charge de la fonction d'ordonnancement prioritaire bas\u00e9e sur le port, prise en charge des algorithmes d'ordonnancement des files d'attente tels que SP\/WRR\/SP+WRR<\/td>\n<\/tr>\n<tr>\n<td rowspan=\"11\">la s\u00e9curit\u00e9<\/td>\n<td>Gestion hi\u00e9rarchique des utilisateurs et protection par mot de passe<\/td>\n<\/tr>\n<tr>\n<td>Prise en charge de l'authentification IEEE 802.1X\/authentification centralis\u00e9e de l'adresse MAC<\/td>\n<\/tr>\n<tr>\n<td>Prise en charge de l'authentification Radius&amp;TACACS+.<\/td>\n<\/tr>\n<tr>\n<td>Prise en charge du nombre d'apprentissage d'adresses MAC, prise en charge de la fonction MAC \"trou noir\".<\/td>\n<\/tr>\n<tr>\n<td>Prise en charge de SSH 2.0, fournissant un canal crypt\u00e9 s\u00e9curis\u00e9 pour la connexion de l'utilisateur<\/td>\n<\/tr>\n<tr>\n<td>Prise en charge de la gestion du cryptage SNMP v3<\/td>\n<\/tr>\n<tr>\n<td>Prise en charge de l'isolation des ports, isolation mat\u00e9rielle des paquets entre les ports<\/td>\n<\/tr>\n<tr>\n<td>Suppression du taux de diffusion des paquets<\/td>\n<\/tr>\n<tr>\n<td>Prise en charge de l'IP Source Guard pour cr\u00e9er automatiquement une table de liaison IP+MAC+Port+VLAN, et prise en charge de la saisie manuelle de la table de liaison.<\/td>\n<\/tr>\n<tr>\n<td>Suppression automatique des attaques par inondation ARP et protection contre l'usurpation d'adresse ARP<\/td>\n<\/tr>\n<tr>\n<td>Couche de contr\u00f4le permettant de pr\u00e9venir les attaques DOS et les virus contre l'unit\u00e9 centrale.<\/td>\n<\/tr>\n<tr>\n<td rowspan=\"5\">fonction \u00e0 trois niveaux<\/td>\n<td>Soutenir l'apprentissage et le vieillissement de l'ARP<\/td>\n<\/tr>\n<tr>\n<td>Prise en charge de la cr\u00e9ation d'interfaces VLAN de niveau 3 et de la configuration d'adresses IPv4\/IPv6 statiques.<\/td>\n<\/tr>\n<tr>\n<td>Prise en charge de la configuration du routage statique<\/td>\n<\/tr>\n<tr>\n<td>Prise en charge de la fonction du protocole RIP\/OSPF<\/td>\n<\/tr>\n<tr>\n<td>Prise en charge de la fonction du protocole VRRP<\/td>\n<\/tr>\n<tr>\n<td rowspan=\"11\">Gestion du syst\u00e8me<\/td>\n<td>Prise en charge de la configuration de la ligne de commande Console\/Telnet\/SSH2.0<\/td>\n<\/tr>\n<tr>\n<td>Gestion de la configuration du navigateur WEB<\/td>\n<\/tr>\n<tr>\n<td>Prise en charge de la gestion du chargement et du t\u00e9l\u00e9chargement de fichiers FTP, TFTP<\/td>\n<\/tr>\n<tr>\n<td>Prise en charge de SNMP V1\/V2\/V3<\/td>\n<\/tr>\n<tr>\n<td>Prise en charge de RMON<\/td>\n<\/tr>\n<tr>\n<td>Prise en charge de l'horloge SNTP<\/td>\n<\/tr>\n<tr>\n<td>Journal de travail du syst\u00e8me de soutien<\/td>\n<\/tr>\n<tr>\n<td>Prise en charge du protocole de d\u00e9couverte des dispositifs voisins LLDP<\/td>\n<\/tr>\n<tr>\n<td>Prise en charge de 802.3ah Ethernet OAM<\/td>\n<\/tr>\n<tr>\n<td>Prise en charge de la fonction Syslog RFC 3164<\/td>\n<\/tr>\n<tr>\n<td>Prise en charge de Ping et Traceroute<\/td>\n<\/tr>\n<tr>\n<td rowspan=\"2\">humidit\u00e9 de l'environnement<\/td>\n<td>Humidit\u00e9 de l'environnement de fonctionnement : 10% \u00e0 95% (sans condensation)<\/td>\n<\/tr>\n<tr>\n<td>Humidit\u00e9 de l'environnement de stockage : 10 % ~ 95% (sans condensation)<\/td>\n<\/tr>\n<tr>\n<td rowspan=\"3\">l'alimentation \u00e9lectrique<\/td>\n<td>AC : 240V 47\/63Hz ;<\/td>\n<\/tr>\n<tr>\n<td>DC : entr\u00e9e 36V ~ 75V ;<\/td>\n<\/tr>\n<tr>\n<td>Consommation \u00e9lectrique 38W ~49W<\/td>\n<\/tr>\n<tr>\n<td>Dimensions (L*H*P)<\/td>\n<td>440mm *44mm* 260mm<\/td>\n<\/tr>\n<\/tbody>\n<\/table>","protected":false},"excerpt":{"rendered":"<p>8EPON OLT 4SFP+ est un \u00e9quipement OLT EPON de type bo\u00eete, hautement int\u00e9gr\u00e9 et de capacit\u00e9 moyenne, destin\u00e9 aux op\u00e9rateurs, aux FAI, aux entreprises et aux applications de campus. Le produit suit la norme technique IEEE802.3ah et r\u00e9pond aux exigences pour EPON OLT dans \u300aYD\/T 1475-2006 Access Network Technical Requirements - Ethernet-based Passive Optical Network (EPON)\u300b, une bonne ouverture, une forte compatibilit\u00e9, une grande fiabilit\u00e9, et des fonctions logicielles compl\u00e8tes. Ce dispositif peut \u00eatre largement utilis\u00e9 dans l'acc\u00e8s FTTH de l'op\u00e9rateur, l'acc\u00e8s au r\u00e9seau priv\u00e9, l'acc\u00e8s au parc du gouvernement et de l'entreprise, l'acc\u00e8s au r\u00e9seau du campus et la construction d'autres r\u00e9seaux d'acc\u00e8s.<\/p>","protected":false},"featured_media":12852,"comment_status":"open","ping_status":"closed","template":"","meta":[],"product_brand":[],"product_cat":[361],"product_tag":[97,160,171,206,322],"class_list":{"0":"post-12810","1":"product","2":"type-product","3":"status-publish","4":"has-post-thumbnail","6":"product_cat-epon-olt","7":"product_tag-10g","8":"product_tag-512-onu","9":"product_tag-8-epon","10":"product_tag-epon-olt","11":"product_tag-sfp","13":"first","14":"instock","15":"sale","16":"shipping-taxable","17":"purchasable","18":"product-type-variable","19":"has-default-attributes"},"_links":{"self":[{"href":"https:\/\/www.luleey.com\/fr\/wp-json\/wp\/v2\/product\/12810","targetHints":{"allow":["GET"]}}],"collection":[{"href":"https:\/\/www.luleey.com\/fr\/wp-json\/wp\/v2\/product"}],"about":[{"href":"https:\/\/www.luleey.com\/fr\/wp-json\/wp\/v2\/types\/product"}],"replies":[{"embeddable":true,"href":"https:\/\/www.luleey.com\/fr\/wp-json\/wp\/v2\/comments?post=12810"}],"wp:featuredmedia":[{"embeddable":true,"href":"https:\/\/www.luleey.com\/fr\/wp-json\/wp\/v2\/media\/12852"}],"wp:attachment":[{"href":"https:\/\/www.luleey.com\/fr\/wp-json\/wp\/v2\/media?parent=12810"}],"wp:term":[{"taxonomy":"product_brand","embeddable":true,"href":"https:\/\/www.luleey.com\/fr\/wp-json\/wp\/v2\/product_brand?post=12810"},{"taxonomy":"product_cat","embeddable":true,"href":"https:\/\/www.luleey.com\/fr\/wp-json\/wp\/v2\/product_cat?post=12810"},{"taxonomy":"product_tag","embeddable":true,"href":"https:\/\/www.luleey.com\/fr\/wp-json\/wp\/v2\/product_tag?post=12810"}],"curies":[{"name":"wp","href":"https:\/\/api.w.org\/{rel}","templated":true}]}}