{"id":12836,"date":"2024-07-19T00:57:22","date_gmt":"2024-07-18T16:57:22","guid":{"rendered":"https:\/\/www.luleey.com\/?post_type=product&#038;p=12836"},"modified":"2025-01-14T11:32:23","modified_gmt":"2025-01-14T03:32:23","slug":"gigabit-etherbet-fiber-switch-2xsc-4xrj45-3km-20km-media-converter","status":"publish","type":"product","link":"https:\/\/www.luleey.com\/fr\/produit-2\/gigabit-etherbet-fiber-switch-2xsc-4xrj45-3km-20km-media-converter\/","title":{"rendered":"Commutateur Gigabit Etherbet Fibre 2xSC 4xRJ45 3km 20km convertisseur de m\u00e9dia"},"content":{"rendered":"<h3>Commutateur Gigabit Etherbet Fibre optique 2xSC 4xRJ45<\/h3>\n<p>Mod\u00e8le : LL-4GE2SC-3KM \/ LL-4GE2SC-20KM<\/p>\n<p><strong><span class=\"\">Param\u00e8tres optiques :<\/span><\/strong><\/p>\n<ul>\n<li><span class=\"\">Port optique : 100M FX\/1000M X adaptatif<\/span><\/li>\n<li>mode unique<\/li>\n<li>SC UPC<\/li>\n<li>Longueur d'onde : 1310\/1550 (nm)<\/li>\n<li>Distance de transmission : 3km\/20km<\/li>\n<li data-spm-anchor-id=\"a2g0o.detail.1000023.i0.26cadjDTdjDTf8\">sortie d'alimentation : -8~-3dbm<\/li>\n<\/ul>\n<p><strong><span class=\"\">Param\u00e8tres Ethernet<\/span><\/strong><\/p>\n<ul>\n<li><span class=\"\">Port Ethernet : 10\/100\/1000Mbps adaptatif<\/span><\/li>\n<li>T\u00e9moin lumineux du port Ethernet : L'orange indique un fonctionnement \u00e0 1000M, le vert seulement indique un fonctionnement \u00e0 100M.<\/li>\n<\/ul>\n<p><strong><span class=\"MachTrans__hl__6hdYK\">Autres param\u00e8tres<\/span><\/strong><\/p>\n<ul>\n<li>Puissance d'entr\u00e9e : 5-12v<\/li>\n<li data-spm-anchor-id=\"a2g0o.detail.1000023.i3.26cadjDTdjDTf8\">Taille : 158*89*27mm<\/li>\n<\/ul>\n<p><strong>Sc\u00e9narios d'application<\/strong><\/p>\n<p>surveillance de la s\u00e9curit\u00e9, bureaux, c\u00e2blage de salles d'ordinateurs, radiodiffusion et t\u00e9l\u00e9vision, \u00e9nergie globale, villes intelligentes, transport intelligent, usines intelligentes, transport ferroviaire, mines intelligentes et autres environnements industriels.<\/p>","protected":false},"excerpt":{"rendered":"<div class=\"title--wrap--Ms9Zv4A\">\n<p data-pl=\"product-title\" data-spm-anchor-id=\"a2g0o.detail.0.i5.26cadjDTdjDTf8\">10\/100\/1000M 4 Port Ethernet 2SC Gigabit Fiber Switch 20km 1550-1310nm Transceiver Single Mode Media Converter<\/p>\n<\/div>","protected":false},"featured_media":12858,"comment_status":"open","ping_status":"closed","template":"","meta":[],"product_brand":[],"product_cat":[356],"product_tag":[166,208,301,305],"class_list":{"0":"post-12836","1":"product","2":"type-product","3":"status-publish","4":"has-post-thumbnail","6":"product_cat-unmanaged-switches","7":"product_tag-6-port","8":"product_tag-ethernet-switch","9":"product_tag-rj45","10":"product_tag-sc","12":"first","13":"instock","14":"shipping-taxable","15":"purchasable","16":"product-type-variable"},"_links":{"self":[{"href":"https:\/\/www.luleey.com\/fr\/wp-json\/wp\/v2\/product\/12836","targetHints":{"allow":["GET"]}}],"collection":[{"href":"https:\/\/www.luleey.com\/fr\/wp-json\/wp\/v2\/product"}],"about":[{"href":"https:\/\/www.luleey.com\/fr\/wp-json\/wp\/v2\/types\/product"}],"replies":[{"embeddable":true,"href":"https:\/\/www.luleey.com\/fr\/wp-json\/wp\/v2\/comments?post=12836"}],"wp:featuredmedia":[{"embeddable":true,"href":"https:\/\/www.luleey.com\/fr\/wp-json\/wp\/v2\/media\/12858"}],"wp:attachment":[{"href":"https:\/\/www.luleey.com\/fr\/wp-json\/wp\/v2\/media?parent=12836"}],"wp:term":[{"taxonomy":"product_brand","embeddable":true,"href":"https:\/\/www.luleey.com\/fr\/wp-json\/wp\/v2\/product_brand?post=12836"},{"taxonomy":"product_cat","embeddable":true,"href":"https:\/\/www.luleey.com\/fr\/wp-json\/wp\/v2\/product_cat?post=12836"},{"taxonomy":"product_tag","embeddable":true,"href":"https:\/\/www.luleey.com\/fr\/wp-json\/wp\/v2\/product_tag?post=12836"}],"curies":[{"name":"wp","href":"https:\/\/api.w.org\/{rel}","templated":true}]}}