{"id":12839,"date":"2024-07-19T00:57:23","date_gmt":"2024-07-18T16:57:23","guid":{"rendered":"https:\/\/www.luleey.com\/?post_type=product&#038;p=12839"},"modified":"2024-12-25T14:26:33","modified_gmt":"2024-12-25T06:26:33","slug":"gigabit-etherbet-fiber-switch-2xsc-8xrj45-3km-20km-media-converter","status":"publish","type":"product","link":"https:\/\/www.luleey.com\/fr\/produit-2\/gigabit-etherbet-fiber-switch-2xsc-8xrj45-3km-20km-media-converter\/","title":{"rendered":"Commutateur Gigabit Etherbet Fibre 2xSC 8xRJ45 3km 20km convertisseur de m\u00e9dia"},"content":{"rendered":"<p>Mod\u00e8le : LL-8GE2SC-20KM<\/p>\n<p><strong><span class=\"\">Param\u00e8tres optiques :<\/span><\/strong><\/p>\n<ul>\n<li>D\u00e9bit de donn\u00e9es : 1,25 Gbps<\/li>\n<li><span style=\"font-size: 16px;\">2 ports SC<\/span><\/li>\n<li><span class=\"\">Port optique : 100M FX\/1000M X adaptatif<\/span><\/li>\n<li>mode unique<\/li>\n<li>SC UPC<\/li>\n<li>Longueur d'onde : 1310\/1550 (nm)<\/li>\n<li>Distance de transmission : 3km\/20km<\/li>\n<li>sortie d'alimentation : -8~-3dbm<\/li>\n<\/ul>\n<p><strong><span class=\"\">Param\u00e8tres Ethernet<\/span><\/strong><\/p>\n<ul>\n<li>8 ports RJ45<\/li>\n<li>Distance : 100m<\/li>\n<li><span class=\"\">Port Ethernet : 10\/100\/1000Mbps adaptatif<\/span><\/li>\n<li>IEEE802.3 10Base-T<\/li>\n<li>IEEE802.3u 100Base-TX\/FX<\/li>\n<li>IEEE802.3z 1000Base-SX\/LX<\/li>\n<li>IEEE802.3x Contr\u00f4le de flux<\/li>\n<li>IEEE802.1p QoS<\/li>\n<li>IEEE802.1d Spanning Tree (arbre filant)<\/li>\n<\/ul>\n<p><strong><span class=\"MachTrans__hl__6hdYK\">Autres param\u00e8tres<\/span><\/strong><\/p>\n<ul>\n<li>Puissance d'entr\u00e9e :<\/li>\n<li>Type d'alimentation : alimentation externe<\/li>\n<li>Tension d'entr\u00e9e : AC100V\uff5e240V 50\/60Hz<\/li>\n<li>Connecteur : Prise DC<\/li>\n<li>Tension de fonctionnement : 5-12V<\/li>\n<li data-spm-anchor-id=\"a2g0o.detail.1000023.i9.7c6f7rxL7rxLkP\">Consommation \u00e9lectrique : 2,2W\uff5e3,5W<\/li>\n<li>Taille : 196*87*27mm<\/li>\n<li>Temp\u00e9rature de stockage : -40\uff5e70\u2103<\/li>\n<li>Temp\u00e9rature de fonctionnement : -10\uff5e55\u2103<\/li>\n<li>Humidit\u00e9 relative : 5-90% (sans condensation)<\/li>\n<\/ul>\n<p><strong>Sc\u00e9narios d'application<\/strong><\/p>\n<p>surveillance de la s\u00e9curit\u00e9, bureaux, c\u00e2blage de salles d'ordinateurs, radiodiffusion et t\u00e9l\u00e9vision, \u00e9nergie globale, villes intelligentes, transport intelligent, usines intelligentes, transport ferroviaire, mines intelligentes et autres environnements industriels.<\/p>","protected":false},"excerpt":{"rendered":"<p class=\"serp-title\">Gigabit\u00a0<mark>Commutateur fibre Etherbet<\/mark>\u00a0fibre monomode 2 optiques 8 ports Ethernet switch fibre optique transceiver SC interface photoelectric converter<\/p>","protected":false},"featured_media":12859,"comment_status":"open","ping_status":"closed","template":"","meta":[],"product_brand":[],"product_cat":[356],"product_tag":[85,208,301,305],"class_list":{"0":"post-12839","1":"product","2":"type-product","3":"status-publish","4":"has-post-thumbnail","6":"product_cat-unmanaged-switches","7":"product_tag-10-port","8":"product_tag-ethernet-switch","9":"product_tag-rj45","10":"product_tag-sc","12":"first","13":"instock","14":"shipping-taxable","15":"purchasable","16":"product-type-variable"},"_links":{"self":[{"href":"https:\/\/www.luleey.com\/fr\/wp-json\/wp\/v2\/product\/12839","targetHints":{"allow":["GET"]}}],"collection":[{"href":"https:\/\/www.luleey.com\/fr\/wp-json\/wp\/v2\/product"}],"about":[{"href":"https:\/\/www.luleey.com\/fr\/wp-json\/wp\/v2\/types\/product"}],"replies":[{"embeddable":true,"href":"https:\/\/www.luleey.com\/fr\/wp-json\/wp\/v2\/comments?post=12839"}],"wp:featuredmedia":[{"embeddable":true,"href":"https:\/\/www.luleey.com\/fr\/wp-json\/wp\/v2\/media\/12859"}],"wp:attachment":[{"href":"https:\/\/www.luleey.com\/fr\/wp-json\/wp\/v2\/media?parent=12839"}],"wp:term":[{"taxonomy":"product_brand","embeddable":true,"href":"https:\/\/www.luleey.com\/fr\/wp-json\/wp\/v2\/product_brand?post=12839"},{"taxonomy":"product_cat","embeddable":true,"href":"https:\/\/www.luleey.com\/fr\/wp-json\/wp\/v2\/product_cat?post=12839"},{"taxonomy":"product_tag","embeddable":true,"href":"https:\/\/www.luleey.com\/fr\/wp-json\/wp\/v2\/product_tag?post=12839"}],"curies":[{"name":"wp","href":"https:\/\/api.w.org\/{rel}","templated":true}]}}