{"id":12842,"date":"2024-07-19T00:57:23","date_gmt":"2024-07-18T16:57:23","guid":{"rendered":"https:\/\/www.luleey.com\/?post_type=product&#038;p=12842"},"modified":"2025-06-28T10:50:25","modified_gmt":"2025-06-28T02:50:25","slug":"2-5g-industrial-ethernet-switch-4x2-5g-2x10g-sfp","status":"publish","type":"product","link":"https:\/\/www.luleey.com\/fr\/produit-2\/2-5g-industrial-ethernet-switch-4x2-5g-2x10g-sfp\/","title":{"rendered":"Commutateur Ethernet industriel 2.5G 4\u00d72.5G 2x10G SFP+"},"content":{"rendered":"<h3>Commutateur Ethernet industriel 2.5G 4\u00d72.5G 2x10G SFP+<\/h3>\n<h3>Caract\u00e9ristiques<\/h3>\n<ol>\n<li>Commutateur VLAN : ON=1-4 travaillent ensemble, FX1-FX2 travaillent ensemble ; OFF=Tous les ports travaillent ensemble.<\/li>\n<li>Commutateur de fibre 10G : ON = r\u00e9glage FX forc\u00e9 de 10G, OFF = 1,25G\/10G adaptatif.<\/li>\n<li>Plug and Play (pr\u00eat \u00e0 l'emploi).<\/li>\n<li>Prise en charge d'une large gamme de tensions.<\/li>\n<li>Prise en charge d'une large gamme de temp\u00e9ratures.<\/li>\n<li><span class=\"\">R\u00e9sistance \u00e0 la foudre 8KV.<\/span><\/li>\n<li><span style=\"font-size: 16px;\">Prend en charge 2 ports \u00e0 fibre optique SFP+10G, jusqu'\u00e0 120 km.<\/span><\/li>\n<li>Support 10g epon stick\/XGS-PON.<\/li>\n<li>Prend en charge 2 ports Ethernet 2,5G, 10\/100\/1000\/2500M adaptables.<\/li>\n<li>\n<div class=\"MachTrans__textWrap__1NtxT MachTrans__textWrapSmall__26E1Q\">\n<div class=\"MachTrans__text__duH8w\">\n<p><span class=\"\">Coque m\u00e9tallique pour une dissipation efficace de la chaleur.<\/span><\/p>\n<p>&nbsp;<\/p>\n<\/div>\n<\/div>\n<\/li>\n<\/ol>\n<h3>Sp\u00e9cifications<\/h3>\n<table width=\"790\">\n<tbody>\n<tr>\n<td width=\"229\">Mod\u00e8le<\/td>\n<td width=\"561\">LL-IND-425GE2SFP+<\/td>\n<\/tr>\n<tr>\n<td width=\"229\">Nom du produit<\/td>\n<td width=\"561\">\u00a0\u00c9metteur-r\u00e9cepteur \u00e0 fibre optique de qualit\u00e9 industrielle 10 gigabits 2 optiques 4 \u00e9lectriques<\/td>\n<\/tr>\n<tr>\n<td width=\"229\">Protocoles de r\u00e9seau<\/td>\n<td width=\"561\">\u00a0IEEE.802.3, IEEE802.31 10BASE-T, IEEE802.3u 100BASE-TX, IEEE802.3ab 1000BASE-T, IEEE802.3x, IEEE 802.3z100BASE-X, IEEE802.3z1000BASE-X, IEEE802.3z2500BASE-X, IEEE802.3ab250OBASE-T<\/td>\n<\/tr>\n<tr>\n<td width=\"229\">Param\u00e8tres du port Ethernet<\/td>\n<td width=\"561\">\u00a04 * 10\/100\/1000\/2500M BaseT (x) d\u00e9tection automatique, full\/half duplex MDI\/MDI-X adaptatif<\/td>\n<\/tr>\n<tr>\n<td width=\"229\">Param\u00e8tres du port SFP<\/td>\n<td width=\"561\">\u00a02 * Port optique 10G\/1.25, avec une distance maximale de transmission de 120KM<\/td>\n<\/tr>\n<tr>\n<td width=\"229\">Mode de transfert<\/td>\n<td width=\"561\">\u00a0Stockage et transfert (vitesse de ligne compl\u00e8te)<\/td>\n<\/tr>\n<tr>\n<td width=\"229\">Largeur de bande du fond de panier<\/td>\n<td width=\"561\">\u00a0256Gbps<\/td>\n<\/tr>\n<tr>\n<td width=\"229\">Taux de transmission des paquets<\/td>\n<td width=\"561\">\u00a0transmission maximale 35.888Mpps<\/td>\n<\/tr>\n<tr>\n<td width=\"229\">Table des adresses MAC<\/td>\n<td width=\"561\">\u00a04K<\/td>\n<\/tr>\n<tr>\n<td width=\"229\">Cache de transmission de paquets<\/td>\n<td width=\"561\">\u00a08M<\/td>\n<\/tr>\n<tr>\n<td width=\"229\">Longueur de la trame de transmission<\/td>\n<td width=\"561\">\u00a064-15360 octets<\/td>\n<\/tr>\n<tr>\n<td width=\"229\">Distance de transmission<\/td>\n<td width=\"561\">\u00a010BASE-T, Cat3,4,5 UTP (150 m\u00e8tres) ; 100BASE-TX, Cat5 ou ult\u00e9rieur UTP (120 m\u00e8tres) ; 1000BASE-TX, cat6 ou ult\u00e9rieur UTP (100 m\u00e8tres) ; 2500BASE-TX, cat6 ou ult\u00e9rieur UTP (50 m\u00e8tres)<\/td>\n<\/tr>\n<tr>\n<td width=\"229\">Consommation en veille<\/td>\n<td width=\"561\">\u00a0\u2264 15W ;<\/td>\n<\/tr>\n<tr>\n<td width=\"229\">Tension de fonctionnement<\/td>\n<td width=\"561\">\u00a0DC 12V-52V<\/td>\n<\/tr>\n<tr>\n<td width=\"229\">T\u00e9moin lumineux<\/td>\n<td width=\"561\">\u00a0Le voyant jaune du port Ethernet ne s'allume que lorsque le port Ethernet fonctionne \u00e0 une vitesse de 2,5G et ne s'allume pas \u00e0 d'autres vitesses ; le voyant vert du port Ethernet s'allume \u00e0 n'importe quelle vitesse et clignote pendant l'\u00e9change de donn\u00e9es ; apr\u00e8s que le module optique a \u00e9t\u00e9 connect\u00e9 normalement, les voyants FX1 et FX2 s'allument et commencent \u00e0 clignoter lorsque l'\u00e9change de donn\u00e9es a lieu ; apr\u00e8s que l'appareil a \u00e9t\u00e9 mis sous tension normalement, le voyant PWR s'allume.<\/td>\n<\/tr>\n<tr>\n<td width=\"229\">Temp\u00e9rature\/humidit\u00e9 de travail<\/td>\n<td width=\"561\">\u00a0-40~+85 \u00b0 C ; 5%~90% RH sans condensation<\/td>\n<\/tr>\n<tr>\n<td width=\"229\">Temp\u00e9rature de stockage\/humidit\u00e9<\/td>\n<td width=\"561\">\u00a0-40~+75 \u00b0 C ; 5%~95% RH sans condensation<\/td>\n<\/tr>\n<tr>\n<td width=\"229\">Taille du produit<\/td>\n<td width=\"561\">\u00a0145mm+125mm48m (longueur * largeur t hauteur)<\/td>\n<\/tr>\n<tr>\n<td width=\"229\">Protection contre la foudre<\/td>\n<td width=\"561\">\u00a0Protection du port contre la foudre 8KV 8\/20us ;<\/td>\n<\/tr>\n<\/tbody>\n<\/table>","protected":false},"excerpt":{"rendered":"<p>Commutateur Ethernet industriel 2.5G<\/p>\n<p><span style=\"font-size: 16px;\">2xSFP+10G ports en fibre optique, jusqu'\u00e0 120km<\/span><\/p>\n<p>4\u00d72.5G ports Ethernet, 10\/100\/1000\/2500M adaptables<\/p>","protected":false},"featured_media":12876,"comment_status":"open","ping_status":"closed","template":"","meta":[],"product_brand":[],"product_cat":[240],"product_tag":[124,145,239,322],"class_list":{"0":"post-12842","1":"product","2":"type-product","3":"status-publish","4":"has-post-thumbnail","6":"product_cat-industrial-switches","7":"product_tag-2-5g","8":"product_tag-4-port","9":"product_tag-industrial-ethernet-switch","10":"product_tag-sfp","12":"first","13":"instock","14":"featured","15":"shipping-taxable","16":"purchasable","17":"product-type-variable","18":"has-default-attributes"},"_links":{"self":[{"href":"https:\/\/www.luleey.com\/fr\/wp-json\/wp\/v2\/product\/12842","targetHints":{"allow":["GET"]}}],"collection":[{"href":"https:\/\/www.luleey.com\/fr\/wp-json\/wp\/v2\/product"}],"about":[{"href":"https:\/\/www.luleey.com\/fr\/wp-json\/wp\/v2\/types\/product"}],"replies":[{"embeddable":true,"href":"https:\/\/www.luleey.com\/fr\/wp-json\/wp\/v2\/comments?post=12842"}],"wp:featuredmedia":[{"embeddable":true,"href":"https:\/\/www.luleey.com\/fr\/wp-json\/wp\/v2\/media\/12876"}],"wp:attachment":[{"href":"https:\/\/www.luleey.com\/fr\/wp-json\/wp\/v2\/media?parent=12842"}],"wp:term":[{"taxonomy":"product_brand","embeddable":true,"href":"https:\/\/www.luleey.com\/fr\/wp-json\/wp\/v2\/product_brand?post=12842"},{"taxonomy":"product_cat","embeddable":true,"href":"https:\/\/www.luleey.com\/fr\/wp-json\/wp\/v2\/product_cat?post=12842"},{"taxonomy":"product_tag","embeddable":true,"href":"https:\/\/www.luleey.com\/fr\/wp-json\/wp\/v2\/product_tag?post=12842"}],"curies":[{"name":"wp","href":"https:\/\/api.w.org\/{rel}","templated":true}]}}