{"id":12848,"date":"2024-07-19T00:57:24","date_gmt":"2024-07-18T16:57:24","guid":{"rendered":"https:\/\/www.luleey.com\/?post_type=product&#038;p=12848"},"modified":"2025-06-28T10:50:13","modified_gmt":"2025-06-28T02:50:13","slug":"fiber-cleaning-box","status":"publish","type":"product","link":"https:\/\/www.luleey.com\/fr\/produit-2\/fiber-cleaning-box\/","title":{"rendered":"Bo\u00eete de nettoyage des fibres"},"content":{"rendered":"<p>Bo\u00eete de nettoyage de fibres Nettoyeur Type de cassette Essuyeur d'extr\u00e9mit\u00e9 de fibres Outil de nettoyage de fibres Plus de 550 fois<\/p>\n<ul>\n<li>couleur : bleu ou blanc<\/li>\n<li>Temps de nettoyage : 550 fois<\/li>\n<li>Effet de nettoyage : -20 \u00e0 -50 dB (perte de retour)<\/li>\n<li>Temp\u00e9rature d'utilisation : -10 \u00e0 +50 degr\u00e9s<\/li>\n<li>Temp\u00e9rature de stockage : -30 \u00e0 +70 degr\u00e9s<\/li>\n<li>Longueur de l'\u00e2me : 10,5 m\u00e8tres<\/li>\n<li>taille de la bo\u00eete : 125mm*80mm*35mm<\/li>\n<\/ul>","protected":false},"excerpt":{"rendered":"<p>Bo\u00eete de nettoyage de fibres Nettoyeur Type de cassette Essuyeur d'extr\u00e9mit\u00e9 de fibres Outil de nettoyage de fibres Plus de 550 fois<\/p>","protected":false},"featured_media":12282,"comment_status":"open","ping_status":"closed","template":"","meta":[],"product_brand":[],"product_cat":[354],"product_tag":[87,161,222,266],"class_list":{"0":"post-12848","1":"product","2":"type-product","3":"status-publish","4":"has-post-thumbnail","6":"product_cat-fiber-optic-cleaners","7":"product_tag-10-5m","8":"product_tag-550-times","9":"product_tag-fiber-cleaning","10":"product_tag-nonwovens","12":"first","13":"instock","14":"featured","15":"shipping-taxable","16":"purchasable","17":"product-type-variable"},"_links":{"self":[{"href":"https:\/\/www.luleey.com\/fr\/wp-json\/wp\/v2\/product\/12848","targetHints":{"allow":["GET"]}}],"collection":[{"href":"https:\/\/www.luleey.com\/fr\/wp-json\/wp\/v2\/product"}],"about":[{"href":"https:\/\/www.luleey.com\/fr\/wp-json\/wp\/v2\/types\/product"}],"replies":[{"embeddable":true,"href":"https:\/\/www.luleey.com\/fr\/wp-json\/wp\/v2\/comments?post=12848"}],"wp:featuredmedia":[{"embeddable":true,"href":"https:\/\/www.luleey.com\/fr\/wp-json\/wp\/v2\/media\/12282"}],"wp:attachment":[{"href":"https:\/\/www.luleey.com\/fr\/wp-json\/wp\/v2\/media?parent=12848"}],"wp:term":[{"taxonomy":"product_brand","embeddable":true,"href":"https:\/\/www.luleey.com\/fr\/wp-json\/wp\/v2\/product_brand?post=12848"},{"taxonomy":"product_cat","embeddable":true,"href":"https:\/\/www.luleey.com\/fr\/wp-json\/wp\/v2\/product_cat?post=12848"},{"taxonomy":"product_tag","embeddable":true,"href":"https:\/\/www.luleey.com\/fr\/wp-json\/wp\/v2\/product_tag?post=12848"}],"curies":[{"name":"wp","href":"https:\/\/api.w.org\/{rel}","templated":true}]}}