{"id":12860,"date":"2024-07-19T00:57:50","date_gmt":"2024-07-18T16:57:50","guid":{"rendered":"https:\/\/www.luleey.com\/?post_type=product&#038;p=12860"},"modified":"2025-10-25T13:53:37","modified_gmt":"2025-10-25T05:53:37","slug":"2-5g-gpon-epon-onull-xz110","status":"publish","type":"product","link":"https:\/\/www.luleey.com\/fr\/produit-2\/2-5g-gpon-epon-onull-xz110\/","title":{"rendered":"2,5G GPON\/EPON ONU LL-XZ110"},"content":{"rendered":"<p><span style=\"color: #ff00ff;\"><a style=\"color: #ff00ff;\" href=\"https:\/\/www.luleey.com\/fr\/2-5g-gpon-epon-onu-ll-xz110-web-management\/\">comment l'utiliser<\/a><\/span><\/p>\n<h3>Caract\u00e9ristiques<\/h3>\n<ol>\n<li>Prise en charge des modifications de param\u00e8tres telles que SN\/ONUID\/VENDORID\/MAC\/LOID...<\/li>\n<li>Prise en charge de la limitation de la vitesse des ports et du contr\u00f4le de la bande passante<\/li>\n<li>Enti\u00e8rement compatible avec les normes IEEE802.3ah et ITU-U G.984<\/li>\n<li>Prise en charge d'une distance de transmission allant jusqu'\u00e0 20 km<\/li>\n<li>Prise en charge du cryptage des donn\u00e9es, de la suppression de la diffusion, de la configuration des r\u00e9seaux locaux virtuels, etc.<\/li>\n<li>Prise en charge de l'allocation dynamique de la bande passante (DBA)<\/li>\n<li>Prise en charge de la d\u00e9couverte automatique de l'ONU, de la d\u00e9tection des liaisons et de la mise \u00e0 jour du logiciel \u00e0 distance<\/li>\n<li>Prise en charge de la configuration de la redirection des ports<\/li>\n<li>Alarme en cas de coupure de courant<\/li>\n<li>Prise en charge de la configuration de la qualit\u00e9 de service (QoS)<\/li>\n<li>Prise en charge de l'isolation des ports<\/li>\n<li>Prise en charge des param\u00e8tres de protection contre l'incendie<\/li>\n<li>Support ACL<\/li>\n<li>Prise en charge de la m\u00e9thode de gestion TR069<\/li>\n<li>Prise en charge du serveur PPPoE\/DHCP\/IPTV\/NAT<\/li>\n<\/ol>\n<h3>Sp\u00e9cifications<\/h3>\n<table width=\"598\">\n<tbody>\n<tr>\n<td width=\"211\">Mod\u00e8le<\/td>\n<td width=\"387\">LL-XZ110<\/td>\n<\/tr>\n<tr>\n<td>Chips<\/td>\n<td>RTL9601DVA<\/td>\n<\/tr>\n<tr>\n<td>Port Ethernet<\/td>\n<td width=\"387\">Auto MDI\/MDI-X<br \/>\n1*10\/100\/1000\/2500M<br \/>\n1*10\/100\/1000M<br \/>\nC\u00e2ble de 100 m Distance maximale<\/td>\n<\/tr>\n<tr>\n<td>Port PON<\/td>\n<td width=\"387\">Auto GPON\/EPON<br \/>\nSC-UPC<br \/>\n20km Fibre Distance maximale<\/td>\n<\/tr>\n<tr>\n<td>EN GPON<\/td>\n<td>HAUSSE DE 1,25 G \/ BAISSE DE 2,5 G<\/td>\n<\/tr>\n<tr>\n<td>EN EPON<\/td>\n<td>HAUSSE DE 1,25G \/ BAISSE DE 1,25G<\/td>\n<\/tr>\n<tr>\n<td>Sensibilit\u00e9 du r\u00e9cepteur<\/td>\n<td>-7dbm~-28dbm<\/td>\n<\/tr>\n<tr>\n<td>Taille du produit<\/td>\n<td>132x83x30mm<\/td>\n<\/tr>\n<tr>\n<td>Temp\u00e9rature de fonctionnement<\/td>\n<td>-10\u2103~60\u2103<\/td>\n<\/tr>\n<tr>\n<td>Adaptateur de courant<\/td>\n<td>DC 12V 2.1\u00d75..5mm<\/td>\n<\/tr>\n<tr>\n<td>Gestion des produits<\/td>\n<td>WEB\/TELNET\/TR069\/OMCI\/OAM<\/td>\n<\/tr>\n<\/tbody>\n<\/table>","protected":false},"excerpt":{"rendered":"<p>Fonctionnalit\u00e9s Prise en charge des modifications de param\u00e8tres telles que SN\/ONUID\/VENDORID\/MAC\/LOID... Prise en charge de la limitation de la vitesse du port et du contr\u00f4le de la bande passante Enti\u00e8rement compatible avec<\/p>","protected":false},"featured_media":12903,"comment_status":"open","ping_status":"closed","template":"","meta":[],"product_brand":[],"product_cat":[350],"product_tag":[126,230,254,344,346],"class_list":{"0":"post-12860","1":"product","2":"type-product","3":"status-publish","4":"has-post-thumbnail","6":"product_cat-2-5g-gpon-epon-onu","7":"product_tag-2-5g-onu","8":"product_tag-gpon-onu","9":"product_tag-ll-xz110","10":"product_tag-xpon-onu","11":"product_tag-z110","13":"first","14":"outofstock","15":"sale","16":"shipping-taxable","17":"purchasable","18":"product-type-variable"},"_links":{"self":[{"href":"https:\/\/www.luleey.com\/fr\/wp-json\/wp\/v2\/product\/12860","targetHints":{"allow":["GET"]}}],"collection":[{"href":"https:\/\/www.luleey.com\/fr\/wp-json\/wp\/v2\/product"}],"about":[{"href":"https:\/\/www.luleey.com\/fr\/wp-json\/wp\/v2\/types\/product"}],"replies":[{"embeddable":true,"href":"https:\/\/www.luleey.com\/fr\/wp-json\/wp\/v2\/comments?post=12860"}],"wp:featuredmedia":[{"embeddable":true,"href":"https:\/\/www.luleey.com\/fr\/wp-json\/wp\/v2\/media\/12903"}],"wp:attachment":[{"href":"https:\/\/www.luleey.com\/fr\/wp-json\/wp\/v2\/media?parent=12860"}],"wp:term":[{"taxonomy":"product_brand","embeddable":true,"href":"https:\/\/www.luleey.com\/fr\/wp-json\/wp\/v2\/product_brand?post=12860"},{"taxonomy":"product_cat","embeddable":true,"href":"https:\/\/www.luleey.com\/fr\/wp-json\/wp\/v2\/product_cat?post=12860"},{"taxonomy":"product_tag","embeddable":true,"href":"https:\/\/www.luleey.com\/fr\/wp-json\/wp\/v2\/product_tag?post=12860"}],"curies":[{"name":"wp","href":"https:\/\/api.w.org\/{rel}","templated":true}]}}