{"id":12867,"date":"2024-07-19T00:57:51","date_gmt":"2024-07-18T16:57:51","guid":{"rendered":"https:\/\/www.luleey.com\/?post_type=product&#038;p=12867"},"modified":"2024-12-17T10:45:45","modified_gmt":"2024-12-17T02:45:45","slug":"12-port-10g-switch-layer-3-management-ethernet-switch","status":"publish","type":"product","link":"https:\/\/www.luleey.com\/fr\/produit-2\/12-port-10g-switch-layer-3-management-ethernet-switch\/","title":{"rendered":"Commutateur 10G \u00e0 12 ports Commutateur Ethernet de gestion de couche 3"},"content":{"rendered":"<h3>Caract\u00e9ristiques<\/h3>\n<ol>\n<li>Taux de transmission de 10G<\/li>\n<li>12 ports 10 Gigabit SFP+, switch 10gb<\/li>\n<li>Prise en charge du routage \u00e0 trois niveaux<\/li>\n<li>Aspect m\u00e9tallique, conception de la dissipation de la chaleur<\/li>\n<li>Ventilateur de refroidissement des basses int\u00e9gr\u00e9<\/li>\n<li>Prend en charge des protocoles tels que le routage, le DHCP, le VLAN, l'ACL, le QOS, etc.<\/li>\n<li>Services de soutien tels que la protection du r\u00e9seau en anneau et la suppression des temp\u00eates<\/li>\n<li>Support des services de gestion WEB\/LLDP\/CLI\/SNMP<\/li>\n<\/ol>\n<h3>Sp\u00e9cifications<\/h3>\n<table style=\"border-collapse: collapse; width: 64.7191%; height: 1439px;\">\n<tbody>\n<tr style=\"height: 45px;\">\n<td style=\"width: 21.3858%; height: 45px;\">Mod\u00e8le<\/td>\n<td style=\"width: 66.8981%; height: 45px;\" width=\"284\">LL-L3MES-SW-10G-12SFP+<\/td>\n<\/tr>\n<tr style=\"height: 46px;\">\n<td style=\"width: 21.3858%; height: 46px;\">\u00a0Port<\/td>\n<td style=\"width: 66.8981%; height: 46px;\" width=\"739\">12 sfp+<\/td>\n<\/tr>\n<tr style=\"height: 106px;\">\n<td style=\"width: 21.3858%; height: 106px;\">Protocole de r\u00e9seau<\/td>\n<td style=\"width: 66.8981%; height: 106px;\">IEEE802.3 IEEE802.3u IEEE802.3ab IEEE802.3z IEEE802.3ae IEEE802.3x IEEE802.3az IEEE802.3ad IEEE802.1AB IEEE802.1D IEEE802.1w IE802.1s IEEE802.1Q IE802.1p IEEE802.1X<\/td>\n<\/tr>\n<tr style=\"height: 46px;\">\n<td style=\"width: 21.3858%; height: 46px;\">Largeur de bande du fond de panier<\/td>\n<td style=\"width: 66.8981%; height: 46px;\">240Gbps<\/td>\n<\/tr>\n<tr style=\"height: 46px;\">\n<td style=\"width: 21.3858%; height: 46px;\">Taux de transmission des paquets<\/td>\n<td style=\"width: 66.8981%; height: 46px;\">178.56Mpps<\/td>\n<\/tr>\n<tr style=\"height: 46px;\">\n<td style=\"width: 21.3858%; height: 46px;\">Adresse MAC<\/td>\n<td style=\"width: 66.8981%; height: 46px;\">32K<\/td>\n<\/tr>\n<tr style=\"height: 46px;\">\n<td style=\"width: 21.3858%; height: 46px;\">Mode de transfert<\/td>\n<td style=\"width: 66.8981%; height: 46px;\">Stocker et transmettre<\/td>\n<\/tr>\n<tr style=\"height: 46px;\">\n<td style=\"width: 21.3858%; height: 46px;\">Fibre optique<\/td>\n<td style=\"width: 66.8981%; height: 46px;\">fibre multimode : 50\/125, 62,5\/125, 100\/140UM,<\/td>\n<\/tr>\n<tr style=\"height: 46px;\">\n<td style=\"width: 21.3858%; height: 46px;\">Fibre monomode<\/td>\n<td style=\"width: 66.8981%; height: 46px;\">8\/125, 8,7\/125, 9\/125, 10\/125UM<\/td>\n<\/tr>\n<tr style=\"height: 46px;\">\n<td style=\"width: 21.3858%; height: 46px;\">Sp\u00e9cification de la taille<\/td>\n<td style=\"width: 66.8981%; height: 46px;\">\u00a0440 * 205 * 44mm<\/td>\n<\/tr>\n<tr style=\"height: 46px;\">\n<td style=\"width: 21.3858%; height: 46px;\">Tension d'alimentation<\/td>\n<td style=\"width: 66.8981%; height: 46px;\">\u00a0AC 100-240V 50\/60Hz<\/td>\n<\/tr>\n<tr style=\"height: 46px;\">\n<td style=\"width: 21.3858%; height: 46px;\">T\u00e9moin lumineux :<\/td>\n<td style=\"width: 66.8981%; height: 46px;\">PWR on : appareil sous tension, not on : appareil non sous tension<\/p>\n<p>SYS allum\u00e9 : syst\u00e8me normal, clignotant : red\u00e9marrage du syst\u00e8me<\/p>\n<p>10G on : Lien 10G<\/p>\n<p>Link\/ACT allum\u00e9 : liaison connect\u00e9e, clignotant : transmission de donn\u00e9es, non allum\u00e9 : liaison non connect\u00e9e<\/td>\n<\/tr>\n<tr style=\"height: 46px;\">\n<td style=\"width: 21.3858%; height: 46px;\">Environnement de travail<\/td>\n<td style=\"width: 66.8981%; height: 46px;\">Temp\u00e9rature de fonctionnement : -10~50 \u2103<\/p>\n<p>Temp\u00e9rature de stockage : -40~70 \u2103<\/p>\n<p>Humidit\u00e9 de fonctionnement : 10%~90%, sans condensation<\/p>\n<p>Humidit\u00e9 de stockage : 5%~90%, sans condensation<\/td>\n<\/tr>\n<\/tbody>\n<\/table>","protected":false},"excerpt":{"rendered":"<p>10g switch Management Ethernet Switch with 12 ports, 10G SFP+ port, 3-layer network management function, 6KV lightning protection built-in power supply, switch 10gb<\/p>","protected":false},"featured_media":12905,"comment_status":"open","ping_status":"closed","template":"","meta":[],"product_brand":[],"product_cat":[258],"product_tag":[97,102,208,244],"class_list":{"0":"post-12867","1":"product","2":"type-product","3":"status-publish","4":"has-post-thumbnail","6":"product_cat-managed-switches","7":"product_tag-10g","8":"product_tag-12-port","9":"product_tag-ethernet-switch","10":"product_tag-l3-managed","12":"first","13":"instock","14":"sale","15":"shipping-taxable","16":"purchasable","17":"product-type-variable"},"_links":{"self":[{"href":"https:\/\/www.luleey.com\/fr\/wp-json\/wp\/v2\/product\/12867","targetHints":{"allow":["GET"]}}],"collection":[{"href":"https:\/\/www.luleey.com\/fr\/wp-json\/wp\/v2\/product"}],"about":[{"href":"https:\/\/www.luleey.com\/fr\/wp-json\/wp\/v2\/types\/product"}],"replies":[{"embeddable":true,"href":"https:\/\/www.luleey.com\/fr\/wp-json\/wp\/v2\/comments?post=12867"}],"wp:featuredmedia":[{"embeddable":true,"href":"https:\/\/www.luleey.com\/fr\/wp-json\/wp\/v2\/media\/12905"}],"wp:attachment":[{"href":"https:\/\/www.luleey.com\/fr\/wp-json\/wp\/v2\/media?parent=12867"}],"wp:term":[{"taxonomy":"product_brand","embeddable":true,"href":"https:\/\/www.luleey.com\/fr\/wp-json\/wp\/v2\/product_brand?post=12867"},{"taxonomy":"product_cat","embeddable":true,"href":"https:\/\/www.luleey.com\/fr\/wp-json\/wp\/v2\/product_cat?post=12867"},{"taxonomy":"product_tag","embeddable":true,"href":"https:\/\/www.luleey.com\/fr\/wp-json\/wp\/v2\/product_tag?post=12867"}],"curies":[{"name":"wp","href":"https:\/\/api.w.org\/{rel}","templated":true}]}}