{"id":12869,"date":"2024-07-19T00:57:52","date_gmt":"2024-07-18T16:57:52","guid":{"rendered":"https:\/\/www.luleey.com\/?post_type=product&#038;p=12869"},"modified":"2025-08-02T22:29:59","modified_gmt":"2025-08-02T14:29:59","slug":"1-pon-gpon-olt","status":"publish","type":"product","link":"https:\/\/www.luleey.com\/fr\/produit-2\/1-pon-gpon-olt\/","title":{"rendered":"1 PON GPON OLT, LL-GPOLT-G01"},"content":{"rendered":"<div class=\"title--wrap--Ms9Zv4A\">\n<h3>Caract\u00e9ristiques<\/h3>\n<ol>\n<li>1 PON GPON OLT max 128 Clients<\/li>\n<li>Prise en charge d'une DBA flexible et d'un contr\u00f4le du trafic en amont et en aval<\/li>\n<li>Prise en charge de la reconnaissance automatique, de la d\u00e9couverte automatique et de l'autorisation de l'ONU<\/li>\n<li>Support VLAN<\/li>\n<li>Prise en charge de la multidiffusion et du snooping IGMP<\/li>\n<li data-spm-anchor-id=\"a2g0o.detail.1000023.i1.745aNgYHNgYHlS\">M\u00e9moire flash : 32 MO<\/li>\n<li>DDR : 512 MO<\/li>\n<li>Fonction PON : prise en charge de l'enregistrement automatique, liste blanche et liste noire d'ONU, configuration DBA<\/li>\n<li>Logiciel de gestion : CLI\/WEB\/SNMP\/NMS<\/li>\n<li data-spm-anchor-id=\"a2g0o.detail.1000023.i2.745aNgYHNgYHlS\">Prise en charge de l'espionnage\/proxy IGMP et de l'isolation des ports<\/li>\n<\/ol>\n<div class=\"structure-row\">\n<div class=\"col-left\" data-spm-anchor-id=\"a2700.details.0.i25.78ff2908MBBelt\">\n<div class=\"structure-row\">\n<h3>Sp\u00e9cifications<\/h3>\n<table width=\"754\">\n<tbody>\n<tr>\n<td width=\"236\">Mod\u00e8le<\/td>\n<td width=\"518\">LL-GPOLT-G01<\/td>\n<\/tr>\n<tr>\n<td>Type d'appareil<\/td>\n<td>GPON OLT<\/td>\n<\/tr>\n<tr>\n<td>Port GPON<\/td>\n<td>1x GPON<\/td>\n<\/tr>\n<tr>\n<td>Port SFP<\/td>\n<td>1x SFP+<\/td>\n<\/tr>\n<tr>\n<td>Port Ethernet<\/td>\n<td>4x 10\/100\/1000M<\/td>\n<\/tr>\n<tr>\n<td>Port de gestion<\/td>\n<td>1x port console<\/td>\n<\/tr>\n<tr>\n<td>Taux de fractionnement<\/td>\n<td>1:128<\/td>\n<\/tr>\n<tr>\n<td>Flash<\/td>\n<td>32MB<\/td>\n<\/tr>\n<tr>\n<td>DDR<\/td>\n<td>512MB<\/td>\n<\/tr>\n<tr>\n<td>Taille<\/td>\n<td>186mm x157mm x39mm<\/td>\n<\/tr>\n<tr>\n<td>Normes<\/td>\n<td width=\"518\">IEEE802.3\uff0810Base-T\uff09<br \/>\nIEEE802.3u\uff08100Base-TX\uff09<br \/>\nIEEE802.3z\uff081000BASE-X\uff09<br \/>\nIEEE802.3ab\uff081000Base-T\uff09<br \/>\nIEEE802.1Q\uff08VLAN\uff09<\/td>\n<\/tr>\n<tr>\n<td>Environnement<\/td>\n<td width=\"518\">Environnement de travail : -10C~55 \u2103<br \/>\nEnvironnement de stockage : -40 \u2103~80 \u2103<br \/>\nHumidit\u00e9 de stockage : 5%~95% (sans condensation)<\/td>\n<\/tr>\n<tr>\n<td>Puissance<\/td>\n<td>DC 12V<\/td>\n<\/tr>\n<tr>\n<td>Fonction PON<\/td>\n<td width=\"518\">Prise en charge de l'enregistrement automatique<br \/>\nListe blanche et liste noire de l'ONU<br \/>\nConfiguration DBA<\/td>\n<\/tr>\n<tr>\n<td>Configuration et gestion<\/td>\n<td width=\"518\">CLI, WEB, SNMP\/NMS<br \/>\nComposants et micrologiciels<br \/>\ninvite de commande<br \/>\nPrise en charge de la fonction Ping et d\u00e9connexion<br \/>\nSoutien \u00e0 la gestion des journaux et de la police<\/td>\n<\/tr>\n<tr>\n<td>Fonction L2<\/td>\n<td width=\"518\">Prise en charge du r\u00e9seau local virtuel (VLAN)<br \/>\nPrise en charge de l'espionnage\/proxy IGMP<br \/>\nPrise en charge de l'isolation des ports<\/td>\n<\/tr>\n<\/tbody>\n<\/table>\n<\/div>\n<\/div>\n<\/div>\n<\/div>","protected":false},"excerpt":{"rendered":"<p>G01 est une s\u00e9rie d'OLT GPON en bo\u00eete. Le syst\u00e8me pr\u00e9sente une bonne stabilit\u00e9 et une grande fiabilit\u00e9. Il prend en charge plusieurs m\u00e9thodes de gestion telles que CLI, WEB et SNMP. Le produit dispose d'une interface GPON descendante, de 4 * interfaces Ethernet 1000base-T montantes et d'une interface SFP+ montante. Il convient aux zones peu peupl\u00e9es, \u00e9loign\u00e9es et sensibles aux co\u00fbts, aux parcs industriels intelligents, aux b\u00e2timents commerciaux, aux FTTR, etc. Chaque port GPON prend en charge un rapport de segmentation maximal de 1:128, prend en charge un maximum de 128 utilisateurs GPON et prend en charge diff\u00e9rents types d'ONU sous diff\u00e9rents r\u00e9seaux.<\/p>","protected":false},"featured_media":17974,"comment_status":"open","ping_status":"closed","template":"","meta":[],"product_brand":[],"product_cat":[360],"product_tag":[83,106,227,229],"class_list":{"0":"post-12869","1":"product","2":"type-product","3":"status-publish","4":"has-post-thumbnail","6":"product_cat-gpon-olt","7":"product_tag-1-gpon","8":"product_tag-128-onu","9":"product_tag-g01","10":"product_tag-gpon-olt","12":"first","13":"instock","14":"shipping-taxable","15":"purchasable","16":"product-type-variable","17":"has-default-attributes"},"_links":{"self":[{"href":"https:\/\/www.luleey.com\/fr\/wp-json\/wp\/v2\/product\/12869","targetHints":{"allow":["GET"]}}],"collection":[{"href":"https:\/\/www.luleey.com\/fr\/wp-json\/wp\/v2\/product"}],"about":[{"href":"https:\/\/www.luleey.com\/fr\/wp-json\/wp\/v2\/types\/product"}],"replies":[{"embeddable":true,"href":"https:\/\/www.luleey.com\/fr\/wp-json\/wp\/v2\/comments?post=12869"}],"wp:featuredmedia":[{"embeddable":true,"href":"https:\/\/www.luleey.com\/fr\/wp-json\/wp\/v2\/media\/17974"}],"wp:attachment":[{"href":"https:\/\/www.luleey.com\/fr\/wp-json\/wp\/v2\/media?parent=12869"}],"wp:term":[{"taxonomy":"product_brand","embeddable":true,"href":"https:\/\/www.luleey.com\/fr\/wp-json\/wp\/v2\/product_brand?post=12869"},{"taxonomy":"product_cat","embeddable":true,"href":"https:\/\/www.luleey.com\/fr\/wp-json\/wp\/v2\/product_cat?post=12869"},{"taxonomy":"product_tag","embeddable":true,"href":"https:\/\/www.luleey.com\/fr\/wp-json\/wp\/v2\/product_tag?post=12869"}],"curies":[{"name":"wp","href":"https:\/\/api.w.org\/{rel}","templated":true}]}}