{"id":12874,"date":"2024-07-19T00:57:53","date_gmt":"2024-07-18T16:57:53","guid":{"rendered":"https:\/\/www.luleey.com\/?post_type=product&#038;p=12874"},"modified":"2024-12-24T16:11:14","modified_gmt":"2024-12-24T08:11:14","slug":"sc-upc-optical-fiber-ftth-connector","status":"publish","type":"product","link":"https:\/\/www.luleey.com\/fr\/produit-2\/sc-upc-optical-fiber-ftth-connector\/","title":{"rendered":"Connecteur SC UPC pour fibre optique FTTH"},"content":{"rendered":"<h3>Caract\u00e9ristiques<\/h3>\n<ol>\n<li>Connecteur FTTH, faible perte d'insertion, perte de retour \u00e9lev\u00e9e<\/li>\n<li>Simplex, Duplex, Quad disponible<\/li>\n<li>De bonnes performances durables<\/li>\n<li>Utilisation \u00e0 faible co\u00fbt, bonne performance<\/li>\n<li>Installation rapide<\/li>\n<\/ol>\n<p><strong>Application<\/strong><\/p>\n<ul>\n<li>\n<p data-spm-anchor-id=\"a2g0o.detail.1000023.i5.1539lRTZlRTZje\">Distribution de fibres<\/p>\n<\/li>\n<li>LAN et WAN<\/li>\n<li>Applications FTTH<\/li>\n<li>CATV<\/li>\n<li>Mat\u00e9riel d'essai<\/li>\n<li>\n<p data-spm-anchor-id=\"a2g0o.detail.1000023.i4.1539lRTZlRTZje\">Syst\u00e8mes de t\u00e9l\u00e9communications<\/p>\n<\/li>\n<\/ul>\n<h3>Sp\u00e9cifications<\/h3>\n<table width=\"413\">\n<tbody>\n<tr>\n<td width=\"173\">Mod\u00e8le<\/td>\n<td width=\"240\">LL-QC-55-SCUPC<\/td>\n<\/tr>\n<tr>\n<td>Perte d'insertion<\/td>\n<td>inf\u00e9rieure ou \u00e9gale \u00e0 0,3dB<\/td>\n<\/tr>\n<tr>\n<td>Perte de retour<\/td>\n<td>sup\u00e9rieur ou \u00e9gal \u00e0 50dB<\/td>\n<\/tr>\n<tr>\n<td>Longueur<\/td>\n<td>55mm<\/td>\n<\/tr>\n<tr>\n<td>Temp\u00e9rature de fonctionnement<\/td>\n<td>-40~+85 degr\u00e9s Celsius<\/td>\n<\/tr>\n<tr>\n<td>R\u00e9utilisation<\/td>\n<td>Soutien<\/td>\n<\/tr>\n<tr>\n<td>Test standard<\/td>\n<td>pour les chutes, les tensions, les vibrations et les torsions.<\/td>\n<\/tr>\n<\/tbody>\n<\/table>","protected":false},"excerpt":{"rendered":"<p>Connecteur FTTH SC UPC Optical Fiber Cable Quick Connector Fast Cold Connection Adapter for FTTH\/CATV Network<\/p>","protected":false},"featured_media":12912,"comment_status":"open","ping_status":"closed","template":"","meta":[],"product_brand":[],"product_cat":[368],"product_tag":[277,308],"class_list":{"0":"post-12874","1":"product","2":"type-product","3":"status-publish","4":"has-post-thumbnail","6":"product_cat-quick-connector-and-connector-panel","7":"product_tag-optical-fiber-connector","8":"product_tag-sc-upc","10":"first","11":"instock","12":"shipping-taxable","13":"purchasable","14":"product-type-variable"},"_links":{"self":[{"href":"https:\/\/www.luleey.com\/fr\/wp-json\/wp\/v2\/product\/12874","targetHints":{"allow":["GET"]}}],"collection":[{"href":"https:\/\/www.luleey.com\/fr\/wp-json\/wp\/v2\/product"}],"about":[{"href":"https:\/\/www.luleey.com\/fr\/wp-json\/wp\/v2\/types\/product"}],"replies":[{"embeddable":true,"href":"https:\/\/www.luleey.com\/fr\/wp-json\/wp\/v2\/comments?post=12874"}],"wp:featuredmedia":[{"embeddable":true,"href":"https:\/\/www.luleey.com\/fr\/wp-json\/wp\/v2\/media\/12912"}],"wp:attachment":[{"href":"https:\/\/www.luleey.com\/fr\/wp-json\/wp\/v2\/media?parent=12874"}],"wp:term":[{"taxonomy":"product_brand","embeddable":true,"href":"https:\/\/www.luleey.com\/fr\/wp-json\/wp\/v2\/product_brand?post=12874"},{"taxonomy":"product_cat","embeddable":true,"href":"https:\/\/www.luleey.com\/fr\/wp-json\/wp\/v2\/product_cat?post=12874"},{"taxonomy":"product_tag","embeddable":true,"href":"https:\/\/www.luleey.com\/fr\/wp-json\/wp\/v2\/product_tag?post=12874"}],"curies":[{"name":"wp","href":"https:\/\/api.w.org\/{rel}","templated":true}]}}