{"id":12893,"date":"2024-07-19T00:58:16","date_gmt":"2024-07-18T16:58:16","guid":{"rendered":"https:\/\/www.luleey.com\/?post_type=product&#038;p=12893"},"modified":"2024-12-17T10:48:37","modified_gmt":"2024-12-17T02:48:37","slug":"24-port-2-5g-poe-ethernet-switch-l3-layers-management-switch","status":"publish","type":"product","link":"https:\/\/www.luleey.com\/fr\/produit-2\/24-port-2-5g-poe-ethernet-switch-l3-layers-management-switch\/","title":{"rendered":"Commutateur Ethernet 2.5G POE 24 ports Commutateur de gestion des couches L3"},"content":{"rendered":"<h3><span style=\"font-family: arial, helvetica, sans-serif;\">Caract\u00e9ristiques<\/span><\/h3>\n<ol>\n<li style=\"font-size: 16px;\"><span style=\"font-family: arial, helvetica, sans-serif;\">Taux de transmission 2,5G\uff0c2.5G Ethernet Switch\u00a0<\/span><\/li>\n<li style=\"font-size: 16px;\"><span style=\"font-family: arial, helvetica, sans-serif;\">Supporte 10G SFP+, switch 10gb<\/span><\/li>\n<li style=\"font-size: 16px;\"><span style=\"font-family: arial, helvetica, sans-serif;\">Prise en charge de la gestion du r\u00e9seau \u00e0 trois niveaux<\/span><\/li>\n<li style=\"font-size: 16px;\"><span style=\"font-family: arial, helvetica, sans-serif;\">Protocoles de routage multiples, couches L3 Commutateur de gestion<\/span><\/li>\n<li style=\"font-size: 16px;\"><span style=\"font-family: arial, helvetica, sans-serif;\">Cache de 16M<\/span><\/li>\n<li style=\"font-size: 16px;\"><span style=\"font-family: arial, helvetica, sans-serif;\">Protection contre la foudre 4KV<\/span><\/li>\n<li style=\"font-size: 16px;\"><span style=\"font-family: arial, helvetica, sans-serif;\">R\u00e9sistance aux hautes et basses temp\u00e9ratures<\/span><\/li>\n<li><span style=\"font-family: arial, helvetica, sans-serif;\">Commutateur Ethernet POE 400W PoE power output, 1-4 ports max jusqu'\u00e0 90W PoE power output\uff0c5-9 ports max jusqu'\u00e0 30W PoE power output<\/span><\/li>\n<\/ol>\n<h3><span style=\"font-family: arial, helvetica, sans-serif;\">Sp\u00e9cifications<\/span><\/h3>\n<table style=\"border-collapse: collapse; width: 64.7191%; height: 876px;\">\n<tbody>\n<tr style=\"height: 45px;\">\n<td style=\"width: 21.3858%; height: 45px;\"><span style=\"font-family: arial, helvetica, sans-serif;\">Mod\u00e8le<\/span><\/td>\n<td style=\"width: 75.6944%; height: 45px;\" width=\"284\"><span style=\"font-family: arial, helvetica, sans-serif;\">LL-L3MES-SW-2.5G-24POE-6SFP+<\/span><\/td>\n<\/tr>\n<tr style=\"height: 46px;\">\n<td style=\"width: 21.3858%; height: 46px;\"><span style=\"font-family: arial, helvetica, sans-serif;\">\u00a0Port<\/span><\/td>\n<td style=\"width: 75.6944%; height: 46px;\" width=\"739\"><span style=\"font-family: arial, helvetica, sans-serif;\">24 x 100\/1000\/2500M PoE Ethernet Port<\/span><br \/>\n<span style=\"font-family: arial, helvetica, sans-serif;\">6 x Port SFP<\/span><br \/>\n<span style=\"font-family: arial, helvetica, sans-serif;\">1 x port de console<\/span><\/td>\n<\/tr>\n<tr style=\"height: 106px;\">\n<td style=\"width: 21.3858%; height: 106px;\"><span style=\"font-family: arial, helvetica, sans-serif;\">Protocole de r\u00e9seau<\/span><\/td>\n<td style=\"width: 75.6944%; height: 106px;\"><span style=\"font-family: arial, helvetica, sans-serif;\">IEEE802.3<\/span><br \/>\n<span style=\"font-family: arial, helvetica, sans-serif;\">IEEE802.3u<\/span><br \/>\n<span style=\"font-family: arial, helvetica, sans-serif;\">IEEE 802.3ab<\/span><br \/>\n<span style=\"font-family: arial, helvetica, sans-serif;\">IEEE802.3z<\/span><br \/>\n<span style=\"font-family: arial, helvetica, sans-serif;\">IEEE 802.3ae<\/span><br \/>\n<span style=\"font-family: arial, helvetica, sans-serif;\">IEEE802.3x<\/span><br \/>\n<span style=\"font-family: arial, helvetica, sans-serif;\">IEEE 802.3az<\/span><br \/>\n<span style=\"font-family: arial, helvetica, sans-serif;\">IEEE 802.3ad<\/span><br \/>\n<span style=\"font-family: arial, helvetica, sans-serif;\">IEEE 802.1AB LLDP\/LLDP MED<\/span><br \/>\n<span style=\"font-family: arial, helvetica, sans-serif;\">Protocole IEEE 802.1D Spanning Tree<\/span><br \/>\n<span style=\"font-family: arial, helvetica, sans-serif;\">IEEE 802.1W RSTP<\/span><br \/>\n<span style=\"font-family: arial, helvetica, sans-serif;\">IEEE 802.1s MSTP<\/span><br \/>\n<span style=\"font-family: arial, helvetica, sans-serif;\">IEEE802.1Q<\/span><br \/>\n<span style=\"font-family: arial, helvetica, sans-serif;\">IEEE 802.1p<\/span><br \/>\n<span style=\"font-family: arial, helvetica, sans-serif;\">IEEE802.1X<\/span><\/td>\n<\/tr>\n<tr style=\"height: 261px;\">\n<td style=\"width: 21.3858%; height: 261px;\"><span style=\"font-family: arial, helvetica, sans-serif;\">Performance<\/span><\/td>\n<td style=\"width: 75.6944%; height: 261px;\"><span style=\"font-family: arial, helvetica, sans-serif;\">Bande passante du fond de panier : 240 Gbps<\/span><br \/>\n<span style=\"font-family: arial, helvetica, sans-serif;\">Taux de transfert de paquets : 178.56Mpps<\/span><br \/>\n<span style=\"font-family: arial, helvetica, sans-serif;\">M\u00e9moire DDR : 512 Mo<\/span><br \/>\n<span style=\"font-family: arial, helvetica, sans-serif;\">Flash : 32 Mo<\/span><br \/>\n<span style=\"font-family: arial, helvetica, sans-serif;\">Table d'adresses MAC : 32K<\/span><br \/>\n<span style=\"font-family: arial, helvetica, sans-serif;\">Cache du paquet : 16Mbit<\/span><br \/>\n<span style=\"font-family: arial, helvetica, sans-serif;\">Cadre g\u00e9ant : 10K octets<\/span><br \/>\n<span style=\"font-family: arial, helvetica, sans-serif;\">VLANs : Gamme de VLAN 1-4094, le VLAN actif maximum est de 4K<\/span><\/td>\n<\/tr>\n<tr style=\"height: 50px;\">\n<td style=\"width: 21.3858%; height: 50px;\"><span style=\"font-family: arial, helvetica, sans-serif;\">Tension d'alimentation<\/span><\/td>\n<td style=\"width: 75.6944%; height: 50px;\"><span style=\"font-family: arial, helvetica, sans-serif;\">Tension de fonctionnement : AC100-240V, 50\/60Hz<\/span><br \/>\n<span style=\"font-family: arial, helvetica, sans-serif;\">Alimentation \u00e9lectrique : DC54 V7.69A , 12V5A<\/span><br \/>\n<span style=\"font-family: arial, helvetica, sans-serif;\">Sortie POE : maximum 400W<\/span><\/td>\n<\/tr>\n<tr style=\"height: 46px;\">\n<td style=\"width: 21.3858%; height: 46px;\"><span style=\"font-family: arial, helvetica, sans-serif;\">Structure physique<\/span><\/td>\n<td style=\"width: 75.6944%; height: 46px;\"><span style=\"font-family: arial, helvetica, sans-serif;\">Installation : Installation en rack standard 1U, installation sur un bureau<\/span><br \/>\n<span style=\"font-family: arial, helvetica, sans-serif;\">Dimensions du produit (LXLXH) : 440 x 281 x 44MM <\/span><span style=\"font-family: arial, helvetica, sans-serif;\">Dimensions de l'emballage (LXWXH) : 500 x 365 x 85MM<\/span><\/td>\n<\/tr>\n<tr style=\"height: 46px;\">\n<td style=\"width: 21.3858%; height: 46px;\">Fonction L3<\/td>\n<td style=\"width: 75.6944%; height: 46px;\">Routage, RIP, OSPF, IPV4, IPV6<\/td>\n<\/tr>\n<tr style=\"height: 46px;\">\n<td style=\"width: 21.3858%; height: 46px;\">Fonction L2<\/td>\n<td style=\"width: 75.6944%; height: 46px;\">Configuration des ports, agr\u00e9gation des chemins, contr\u00f4le des rafales, mise en miroir des ports, s\u00e9curit\u00e9 des ports, isolation des ports, limitation de la vitesse des ports, essais sur route, VLAN, adresse MAC, g\u00e9n\u00e9ration, LLDP, lecture, QOS<\/td>\n<\/tr>\n<tr style=\"height: 46px;\">\n<td style=\"width: 21.3858%; height: 46px;\"><span style=\"font-family: arial, helvetica, sans-serif;\">T\u00e9moin lumineux :<\/span><\/td>\n<td style=\"width: 75.6944%; height: 46px;\"><span style=\"font-family: arial, helvetica, sans-serif;\">PWR (voyant d'alimentation), SYS (voyant syst\u00e8me), voyant d'alimentation PoE Link\/ACT (voyant de donn\u00e9es), PoE (voyant PoE) Voyant du port SFP<\/span><\/td>\n<\/tr>\n<tr style=\"height: 46px;\">\n<td style=\"width: 21.3858%; height: 46px;\"><span style=\"font-family: arial, helvetica, sans-serif;\">Environnement de travail<\/span><\/td>\n<td style=\"width: 75.6944%; height: 46px;\"><span style=\"font-family: arial, helvetica, sans-serif;\">Temp\u00e9rature de fonctionnement : -10~50 \u2103<\/span><\/p>\n<p><span style=\"font-family: arial, helvetica, sans-serif;\">Temp\u00e9rature de stockage : -40~70 \u2103<\/span><\/p>\n<p><span style=\"font-family: arial, helvetica, sans-serif;\">Humidit\u00e9 de fonctionnement : 10%~90%, sans condensation<\/span><\/p>\n<p><span style=\"font-family: arial, helvetica, sans-serif;\">Humidit\u00e9 de stockage : 5%~90%, sans condensation<\/span><\/td>\n<\/tr>\n<\/tbody>\n<\/table>\n<p>&nbsp;<\/p>","protected":false},"excerpt":{"rendered":"<p><span style=\"font-family: arial, helvetica, sans-serif;\">Le commutateur de gestion fournit 24\u00d7100\/1000\/2500M ports POE adaptatifs, 6x 10Gb SFP+ ports switch 10gb, et 1 port de console ; Une strat\u00e9gie de contr\u00f4le de s\u00e9curit\u00e9 compl\u00e8te et la politique de protection de l'unit\u00e9 centrale (politique CPUProtect) am\u00e9liorent la tol\u00e9rance aux pannes, assurant un fonctionnement stable du r\u00e9seau et l'\u00e9quilibrage de la charge des liens ; L'appareil prend en charge la pr\u00e9vention automatique des attaques DoS et SNMP, IEEE802.1, spanning tree et fast spanning tree protocoles, l'agr\u00e9gation de liens, et d'autres fonctions. Les fonctions de s\u00e9curit\u00e9 avanc\u00e9es et la qualit\u00e9 de service (QoS) peuvent \u00eatre utilis\u00e9es comme commutateurs centraux, distribu\u00e9s ou de couche d'acc\u00e8s avec une densit\u00e9 de ports \u00e9lev\u00e9e et une facilit\u00e9 de gestion.<\/span><\/p>","protected":false},"featured_media":12935,"comment_status":"open","ping_status":"closed","template":"","meta":[],"product_brand":[],"product_cat":[258,290],"product_tag":[124,132,208,244,289,322],"class_list":{"0":"post-12893","1":"product","2":"type-product","3":"status-publish","4":"has-post-thumbnail","6":"product_cat-managed-switches","7":"product_cat-poe-switches","8":"product_tag-2-5g","9":"product_tag-24-port","10":"product_tag-ethernet-switch","11":"product_tag-l3-managed","12":"product_tag-poe","13":"product_tag-sfp","15":"first","16":"instock","17":"shipping-taxable","18":"purchasable","19":"product-type-variable"},"_links":{"self":[{"href":"https:\/\/www.luleey.com\/fr\/wp-json\/wp\/v2\/product\/12893","targetHints":{"allow":["GET"]}}],"collection":[{"href":"https:\/\/www.luleey.com\/fr\/wp-json\/wp\/v2\/product"}],"about":[{"href":"https:\/\/www.luleey.com\/fr\/wp-json\/wp\/v2\/types\/product"}],"replies":[{"embeddable":true,"href":"https:\/\/www.luleey.com\/fr\/wp-json\/wp\/v2\/comments?post=12893"}],"wp:featuredmedia":[{"embeddable":true,"href":"https:\/\/www.luleey.com\/fr\/wp-json\/wp\/v2\/media\/12935"}],"wp:attachment":[{"href":"https:\/\/www.luleey.com\/fr\/wp-json\/wp\/v2\/media?parent=12893"}],"wp:term":[{"taxonomy":"product_brand","embeddable":true,"href":"https:\/\/www.luleey.com\/fr\/wp-json\/wp\/v2\/product_brand?post=12893"},{"taxonomy":"product_cat","embeddable":true,"href":"https:\/\/www.luleey.com\/fr\/wp-json\/wp\/v2\/product_cat?post=12893"},{"taxonomy":"product_tag","embeddable":true,"href":"https:\/\/www.luleey.com\/fr\/wp-json\/wp\/v2\/product_tag?post=12893"}],"curies":[{"name":"wp","href":"https:\/\/api.w.org\/{rel}","templated":true}]}}