{"id":12895,"date":"2024-07-19T00:58:16","date_gmt":"2024-07-18T16:58:16","guid":{"rendered":"https:\/\/www.luleey.com\/?post_type=product&#038;p=12895"},"modified":"2024-12-17T10:46:43","modified_gmt":"2024-12-17T02:46:43","slug":"poe-8-port-2-5g-ethernet-switch-sfp-unmanaged-switch-2","status":"publish","type":"product","link":"https:\/\/www.luleey.com\/fr\/produit-2\/poe-8-port-2-5g-ethernet-switch-sfp-unmanaged-switch-2\/","title":{"rendered":"POE 8 Port 2.5G Ethernet Switch SFP+ Unmanaged Switch"},"content":{"rendered":"<h3><span style=\"font-size: 18pt; font-weight: bold; font-family: Georgia, 'Times New Roman', 'Bitstream Charter', Times, serif;\">Caract\u00e9ristiques<\/span><\/h3>\n<ol>\n<li>Vitesse des ports : 8\u00d72.5Gbps ports supportant POE, 1x10G SFP+ uplink port<\/li>\n<li>Consommation \u00e9lectrique de la machine : \u2264 120W DC52V 2.3A, port unique \u2264 30W<\/li>\n<li>Port Ethernet \u00e0 haut d\u00e9bit : 8 x 10M\/100M\/1000M\/2,5G port adaptatif<\/li>\n<li>Version POE en option : prend en charge le protocole standard 802.3AF\/AT, avec une puissance maximale de 30 W pour un seul port, ce qui facilite le d\u00e9ploiement de r\u00e9seaux de s\u00e9curit\u00e9.<\/li>\n<li>Transfert \u00e0 grande vitesse : L'int\u00e9gration interne d'un cache \u00e0 haute capacit\u00e9 r\u00e9duit efficacement la latence de transmission des donn\u00e9es, et tous les ports peuvent atteindre une vitesse de transmission de ligne non bloquante.<\/li>\n<li>Dissipation efficace de la chaleur : mat\u00e9riau m\u00e9tallique, orifices d'a\u00e9ration double face<\/li>\n<li>Plug and Play : En fonction du type de c\u00e2ble r\u00e9seau ins\u00e9r\u00e9, le basculement MDI\/MDIX peut \u00eatre automatiquement effectu\u00e9 et l'efficacit\u00e9 du port peut \u00eatre automatiquement n\u00e9goci\u00e9e sans aucune configuration.<\/li>\n<\/ol>\n<p><strong>Protection contre la foudre 4KT<\/strong><br \/>\n1. L'enveloppe du produit est fabriqu\u00e9e \u00e0 partir de feuilles de m\u00e9tal de haute qualit\u00e9 et a un effet de protection contre la foudre tr\u00e8s r\u00e9sistant.<br \/>\n2. Il peut \u00eatre utilis\u00e9 m\u00eame \u00e0 l'ext\u00e9rieur par mauvais temps.<\/p>\n<p><strong>Plug and play, aucune configuration n'est n\u00e9cessaire<\/strong><br \/>\n1. Aucun param\u00e9trage n'est n\u00e9cessaire, permet l'\u00e9change \u00e0 chaud<br \/>\n2. Connecter la fibre optique et le c\u00e2ble r\u00e9seau pour utiliser<\/p>\n<p><strong>Large \u00e9ventail d'applications<\/strong><br \/>\n1.H\u00f4pital<br \/>\n2.Entreprise<br \/>\n3. L'\u00e9cole<br \/>\n4. Supermarch\u00e9<br \/>\n5. La famille<\/p>\n<h3>Sp\u00e9cifications<\/h3>\n<table width=\"790\">\n<tbody>\n<tr>\n<td>Mod\u00e8le<\/td>\n<td>LL-ESNM-825GE1SFP+POE<\/td>\n<\/tr>\n<tr>\n<td width=\"229\">Alimentation \u00e9lectrique<\/td>\n<td width=\"561\">\u00a0AC 100-240V<\/td>\n<\/tr>\n<tr>\n<td>Taux de transmission des paquets<\/td>\n<td>\u00a044.64Mbps<\/td>\n<\/tr>\n<tr>\n<td>Adresse MAC<\/td>\n<td>\u00a04K<\/td>\n<\/tr>\n<tr>\n<td>Largeur de bande du fond de panier<\/td>\n<td>\u00a060Gbps<\/td>\n<\/tr>\n<tr>\n<td>Mode avant<\/td>\n<td>\u00a0stocker et transmettre<\/td>\n<\/tr>\n<tr>\n<td>Protocole de r\u00e9seau<\/td>\n<td>\u00a0IEEE802.3 IEEE802.3u IEEE802.3x IEEE802.3ab IEEE802.3bz<\/td>\n<\/tr>\n<tr>\n<td>Exigences en mati\u00e8re de supports de r\u00e9seau<\/td>\n<td>\u00a010\/100\/1000BASE-TX, Cat 6 et plus, paire torsad\u00e9e non blind\u00e9e<\/td>\n<\/tr>\n<tr>\n<td>Distance de transmission du c\u00e2ble r\u00e9seau<\/td>\n<td>\u00a0inf\u00e9rieure ou \u00e9gale \u00e0 100 m\u00e8tres<\/td>\n<\/tr>\n<tr>\n<td>Fonctions du port r\u00e9seau<\/td>\n<td>\u00a0transfert rapide, apprentissage automatique et vieillissement MAC, contr\u00f4le de flux IEEE802.3X full-duplex et contr\u00f4le de flux half-duplex Backpressure<\/td>\n<\/tr>\n<tr>\n<td>Temp\u00e9rature de travail<\/td>\n<td>\u00a0-10\u2103~55\u2103<\/td>\n<\/tr>\n<tr>\n<td>Temp\u00e9rature de stockage<\/td>\n<td>\u00a0-40\u2103~85\u2103<\/td>\n<\/tr>\n<tr>\n<td>Taille<\/td>\n<td>\u00a0198mm*74mm*29mm(version 8 ports)<\/td>\n<\/tr>\n<tr>\n<td>POE<\/td>\n<td>\u00a0Total 120W<\/td>\n<\/tr>\n<\/tbody>\n<\/table>\n<p>&nbsp;<\/p>","protected":false},"excerpt":{"rendered":"<p>Commutateur Ethernet POE 2.5G, le transfert \u00e0 vitesse de ligne est plus fluide<br \/>\n1. Adoption d'un m\u00e9canisme de transfert rural et int\u00e9gration d'un cache de grande capacit\u00e9 en interne<br \/>\n2. R\u00e9duire efficacement le d\u00e9lai d'acheminement des donn\u00e9es et am\u00e9liorer l'efficacit\u00e9 de l'acheminement<br \/>\n3. Tous les ports mettent en \u0153uvre un transfert \u00e0 vitesse de ligne non bloquant, ce qui rend la transmission des donn\u00e9es plus fluide.<\/p>","protected":false},"featured_media":12281,"comment_status":"open","ping_status":"closed","template":"","meta":[],"product_brand":[],"product_cat":[290],"product_tag":[124,173,208,289,322],"class_list":{"0":"post-12895","1":"product","2":"type-product","3":"status-publish","4":"has-post-thumbnail","6":"product_cat-poe-switches","7":"product_tag-2-5g","8":"product_tag-8-port","9":"product_tag-ethernet-switch","10":"product_tag-poe","11":"product_tag-sfp","13":"first","14":"instock","15":"sale","16":"shipping-taxable","17":"purchasable","18":"product-type-variable"},"_links":{"self":[{"href":"https:\/\/www.luleey.com\/fr\/wp-json\/wp\/v2\/product\/12895","targetHints":{"allow":["GET"]}}],"collection":[{"href":"https:\/\/www.luleey.com\/fr\/wp-json\/wp\/v2\/product"}],"about":[{"href":"https:\/\/www.luleey.com\/fr\/wp-json\/wp\/v2\/types\/product"}],"replies":[{"embeddable":true,"href":"https:\/\/www.luleey.com\/fr\/wp-json\/wp\/v2\/comments?post=12895"}],"wp:featuredmedia":[{"embeddable":true,"href":"https:\/\/www.luleey.com\/fr\/wp-json\/wp\/v2\/media\/12281"}],"wp:attachment":[{"href":"https:\/\/www.luleey.com\/fr\/wp-json\/wp\/v2\/media?parent=12895"}],"wp:term":[{"taxonomy":"product_brand","embeddable":true,"href":"https:\/\/www.luleey.com\/fr\/wp-json\/wp\/v2\/product_brand?post=12895"},{"taxonomy":"product_cat","embeddable":true,"href":"https:\/\/www.luleey.com\/fr\/wp-json\/wp\/v2\/product_cat?post=12895"},{"taxonomy":"product_tag","embeddable":true,"href":"https:\/\/www.luleey.com\/fr\/wp-json\/wp\/v2\/product_tag?post=12895"}],"curies":[{"name":"wp","href":"https:\/\/api.w.org\/{rel}","templated":true}]}}