{"id":12899,"date":"2024-07-19T00:58:17","date_gmt":"2024-07-18T16:58:17","guid":{"rendered":"https:\/\/www.luleey.com\/?post_type=product&#038;p=12899"},"modified":"2025-08-13T00:24:03","modified_gmt":"2025-08-12T16:24:03","slug":"6-port-2-5g-l2-managed-ethernet-switch","status":"publish","type":"product","link":"https:\/\/www.luleey.com\/fr\/produit-2\/6-port-2-5g-l2-managed-ethernet-switch\/","title":{"rendered":"Commutateur Ethernet g\u00e9r\u00e9 2.5G L2+ \u00e0 6 ports"},"content":{"rendered":"<h3>Caract\u00e9ristiques<\/h3>\n<ol>\n<li>Port Ethernet \u00e0 haut d\u00e9bit : 4 x 10M\/100M\/1000M\/2,5G port adaptatif<\/li>\n<li>Version POE en option : prend en charge le protocole standard 802.3AF\/AT, avec une puissance maximale de 30 W pour un seul port, ce qui facilite le d\u00e9ploiement de r\u00e9seaux de s\u00e9curit\u00e9.<\/li>\n<li>Transfert \u00e0 grande vitesse : L'int\u00e9gration interne d'un cache \u00e0 haute capacit\u00e9 r\u00e9duit efficacement la latence de transmission des donn\u00e9es, et tous les ports peuvent atteindre une vitesse de transmission de ligne non bloquante.<\/li>\n<li>Dissipation efficace de la chaleur : mat\u00e9riau m\u00e9tallique, orifices d'a\u00e9ration double face<\/li>\n<li>Plug and Play : En fonction du type de c\u00e2ble r\u00e9seau ins\u00e9r\u00e9, le basculement MDI\/MDIX peut \u00eatre automatiquement effectu\u00e9 et l'efficacit\u00e9 du port peut \u00eatre automatiquement n\u00e9goci\u00e9e sans aucune configuration.<\/li>\n<li>Vitesse des ports : 4\u00d72,5Gbps, 2x10G SFP+ uplink port<\/li>\n<li>Consommation \u00e9lectrique de la machine : \u226412W DC12V 1.0A<\/li>\n<li>Protection contre la foudre 6kV<\/li>\n<li>Soutenir la gestion du web<\/li>\n<li>support vlan<\/li>\n<li>prendre en charge l'agr\u00e9gation de liens<\/li>\n<li>\n<div class=\"Trans__text__2R-61\">d\u00e9tection des boucles<\/div>\n<div class=\"Trans__tool__3zP13\">\n<div class=\"Trans__phmWrap__1mU_w\">\n<div class=\"Sound__soundBtn__1d159 Trans__soundBtn__2e6tk\"><\/div>\n<\/div>\n<\/div>\n<\/li>\n<\/ol>\n<p><strong>Protection contre la foudre 4KT<\/strong><br \/>\n1. La coque du commutateur Ethernet 2.5G est fabriqu\u00e9e \u00e0 partir de feuilles de m\u00e9tal de haute qualit\u00e9 et a un effet de protection contre la foudre tr\u00e8s r\u00e9sistant.<br \/>\n2. Il peut \u00eatre utilis\u00e9 m\u00eame \u00e0 l'ext\u00e9rieur par mauvais temps.<\/p>\n<p><strong>Plug and play, aucune configuration n'est n\u00e9cessaire<\/strong><br \/>\n1. Aucun param\u00e9trage n'est n\u00e9cessaire, permet l'\u00e9change \u00e0 chaud<br \/>\n2. Connecter la fibre optique et le c\u00e2ble r\u00e9seau pour utiliser<\/p>\n<p><strong>Large \u00e9ventail d'applications<\/strong><\/p>\n<ol>\n<li>H\u00f4pital<\/li>\n<li>Entreprise<\/li>\n<li>L'\u00e9cole<\/li>\n<li>Supermarch\u00e9<\/li>\n<li>Famille NAS<\/li>\n<li>acc\u00e8s au b\u00e2ton gpon<\/li>\n<\/ol>\n<p>&nbsp;<\/p>\n<h3>Sp\u00e9cifications<\/h3>\n<table style=\"width: 1334px;\" width=\"790\">\n<tbody>\n<tr>\n<td style=\"width: 387px;\">Mod\u00e8le<\/td>\n<td style=\"width: 947px;\" width=\"284\">LL-L2+MES-425GE2SFP+<\/td>\n<\/tr>\n<tr>\n<td style=\"width: 387px;\" width=\"229\">Alimentation \u00e9lectrique<\/td>\n<td style=\"width: 947px;\" width=\"561\">\u00a0AC 100-240V<\/td>\n<\/tr>\n<tr>\n<td style=\"width: 387px;\">Taux de transmission des paquets<\/td>\n<td style=\"width: 947px;\">\u00a044.64Mbps<\/td>\n<\/tr>\n<tr>\n<td style=\"width: 387px;\">Adresse MAC<\/td>\n<td style=\"width: 947px;\">\u00a04K<\/td>\n<\/tr>\n<tr>\n<td style=\"width: 387px;\">Largeur de bande du fond de panier<\/td>\n<td style=\"width: 947px;\">\u00a060Gbps<\/td>\n<\/tr>\n<tr>\n<td style=\"width: 387px;\">Mode avant<\/td>\n<td style=\"width: 947px;\">\u00a0stocker et transmettre<\/td>\n<\/tr>\n<tr>\n<td style=\"width: 387px;\">Protocole de r\u00e9seau<\/td>\n<td style=\"width: 947px;\">\u00a0IEEE802.3 IEEE802.3u IEEE802.3x IEEE802.3ab IEEE802.3bz<\/td>\n<\/tr>\n<tr>\n<td style=\"width: 387px;\">Exigences en mati\u00e8re de supports de r\u00e9seau<\/td>\n<td style=\"width: 947px;\">\u00a010\/100\/1000BASE-TX, Cat 6 et plus, paire torsad\u00e9e non blind\u00e9e<\/td>\n<\/tr>\n<tr>\n<td style=\"width: 387px;\">Distance de transmission du c\u00e2ble r\u00e9seau<\/td>\n<td style=\"width: 947px;\">\u00a0inf\u00e9rieure ou \u00e9gale \u00e0 100 m\u00e8tres<\/td>\n<\/tr>\n<tr>\n<td style=\"width: 387px;\">Fonctions du port r\u00e9seau<\/td>\n<td style=\"width: 947px;\">\u00a0transfert rapide, apprentissage automatique et vieillissement MAC, contr\u00f4le de flux IEEE802.3X full-duplex et contr\u00f4le de flux half-duplex Backpressure<\/td>\n<\/tr>\n<tr>\n<td style=\"width: 387px;\">Temp\u00e9rature de travail<\/td>\n<td style=\"width: 947px;\">\u00a0-10\u2103~55\u2103<\/td>\n<\/tr>\n<tr>\n<td style=\"width: 387px;\">Temp\u00e9rature de stockage<\/td>\n<td style=\"width: 947px;\">\u00a0-40\u2103~85\u2103<\/td>\n<\/tr>\n<tr>\n<td style=\"width: 387px;\">Taille<\/td>\n<td style=\"width: 947px;\">\u00a0140mm*92mm*28mm<\/td>\n<\/tr>\n<\/tbody>\n<\/table>","protected":false},"excerpt":{"rendered":"<p>Commutateur Ethernet 5G, le transfert \u00e0 vitesse de ligne est plus fluide<br \/>\n1. Adoption d'un m\u00e9canisme de transfert rural et int\u00e9gration d'un cache de grande capacit\u00e9 en interne<br \/>\n2. R\u00e9duire efficacement le d\u00e9lai d'acheminement des donn\u00e9es et am\u00e9liorer l'efficacit\u00e9 de l'acheminement<br \/>\n3. Tous les ports mettent en \u0153uvre un transfert \u00e0 vitesse de ligne non bloquant, ce qui rend la transmission des donn\u00e9es plus fluide.<\/p>","protected":false},"featured_media":18858,"comment_status":"open","ping_status":"closed","template":"","meta":[],"product_brand":[],"product_cat":[258],"product_tag":[124,166,208,243,322],"class_list":{"0":"post-12899","1":"product","2":"type-product","3":"status-publish","4":"has-post-thumbnail","6":"product_cat-managed-switches","7":"product_tag-2-5g","8":"product_tag-6-port","9":"product_tag-ethernet-switch","10":"product_tag-l2-managed","11":"product_tag-sfp","13":"first","14":"instock","15":"shipping-taxable","16":"purchasable","17":"product-type-variable"},"_links":{"self":[{"href":"https:\/\/www.luleey.com\/fr\/wp-json\/wp\/v2\/product\/12899","targetHints":{"allow":["GET"]}}],"collection":[{"href":"https:\/\/www.luleey.com\/fr\/wp-json\/wp\/v2\/product"}],"about":[{"href":"https:\/\/www.luleey.com\/fr\/wp-json\/wp\/v2\/types\/product"}],"replies":[{"embeddable":true,"href":"https:\/\/www.luleey.com\/fr\/wp-json\/wp\/v2\/comments?post=12899"}],"wp:featuredmedia":[{"embeddable":true,"href":"https:\/\/www.luleey.com\/fr\/wp-json\/wp\/v2\/media\/18858"}],"wp:attachment":[{"href":"https:\/\/www.luleey.com\/fr\/wp-json\/wp\/v2\/media?parent=12899"}],"wp:term":[{"taxonomy":"product_brand","embeddable":true,"href":"https:\/\/www.luleey.com\/fr\/wp-json\/wp\/v2\/product_brand?post=12899"},{"taxonomy":"product_cat","embeddable":true,"href":"https:\/\/www.luleey.com\/fr\/wp-json\/wp\/v2\/product_cat?post=12899"},{"taxonomy":"product_tag","embeddable":true,"href":"https:\/\/www.luleey.com\/fr\/wp-json\/wp\/v2\/product_tag?post=12899"}],"curies":[{"name":"wp","href":"https:\/\/api.w.org\/{rel}","templated":true}]}}