{"id":12918,"date":"2024-07-19T00:58:40","date_gmt":"2024-07-18T16:58:40","guid":{"rendered":"https:\/\/www.luleey.com\/?post_type=product&#038;p=12918"},"modified":"2024-12-17T10:51:19","modified_gmt":"2024-12-17T02:51:19","slug":"48-port-2-5g-switch-l3-managed-switch","status":"publish","type":"product","link":"https:\/\/www.luleey.com\/fr\/produit-2\/48-port-2-5g-switch-l3-managed-switch\/","title":{"rendered":"48 Port 2.5G Switch L3 Managed Switch"},"content":{"rendered":"<h3><span style=\"font-family: arial, helvetica, sans-serif;\">Caract\u00e9ristiques<\/span><\/h3>\n<ol>\n<li><span style=\"font-family: arial, helvetica, sans-serif;\">48 Port 2.5G Switch, 48\u00d72.5g Ethernet port<\/span><\/li>\n<li><span style=\"font-family: arial, helvetica, sans-serif;\">4x10G SFP+ports<\/span><\/li>\n<li><span style=\"font-family: arial, helvetica, sans-serif;\">2 ports 40G<\/span><\/li>\n<li><span style=\"font-family: arial, helvetica, sans-serif;\">Prise en charge de trois couches\u00a0<\/span><\/li>\n<li><span style=\"font-family: arial, helvetica, sans-serif;\">Prise en charge de l'IPV6<\/span><\/li>\n<li><span style=\"font-family: arial, helvetica, sans-serif;\">Protection contre la foudre 6kV<\/span><\/li>\n<li><span style=\"font-family: arial, helvetica, sans-serif;\">Cache de 72 Mo<\/span><\/li>\n<li><span style=\"font-family: arial, helvetica, sans-serif;\">Ventilateur silencieux 4x<\/span><\/li>\n<li><span style=\"font-family: arial, helvetica, sans-serif;\">Sc\u00e9narios d'utilisation : entreprises \u00e0 haut d\u00e9bit, caf\u00e9s Internet, h\u00f4tels de sports \u00e9lectroniques<\/span><\/li>\n<\/ol>\n<h3><span style=\"font-family: arial, helvetica, sans-serif;\">Sp\u00e9cifications<\/span><\/h3>\n<table>\n<tbody>\n<tr>\n<td><span style=\"font-family: arial, helvetica, sans-serif;\">Mod\u00e8le<\/span><\/td>\n<td width=\"284\"><span style=\"font-family: arial, helvetica, sans-serif;\">LL-L3MES-SW-2.5G48-40G<\/span><\/td>\n<\/tr>\n<tr>\n<td><span style=\"font-family: arial, helvetica, sans-serif;\">\u00a0Port<\/span><\/td>\n<td width=\"739\"><span style=\"font-family: arial, helvetica, sans-serif;\">48 x 100\/1000\/2500M Port Ethernet<\/span><\/p>\n<p><span style=\"font-family: arial, helvetica, sans-serif;\">4 x Port SFP<\/span><\/p>\n<p><span style=\"font-family: arial, helvetica, sans-serif;\">2xQSFP+ 40Gbps<\/span><\/p>\n<p><span style=\"font-family: arial, helvetica, sans-serif;\">1x Port de gestion<\/span><\/p>\n<p><span style=\"font-family: arial, helvetica, sans-serif;\">1 x port de console<\/span><\/td>\n<\/tr>\n<tr>\n<td><span style=\"font-family: arial, helvetica, sans-serif;\">Capacit\u00e9 de commutation<\/span><\/td>\n<td><span style=\"font-family: arial, helvetica, sans-serif;\">1,28Tbps<\/span><\/td>\n<\/tr>\n<tr>\n<td><span style=\"font-family: arial, helvetica, sans-serif;\">Taux de transmission des paquets<\/span><\/td>\n<td><span style=\"font-family: arial, helvetica, sans-serif;\">952.32Mpps<\/span><\/td>\n<\/tr>\n<tr>\n<td><span style=\"font-family: arial, helvetica, sans-serif;\">Taille de l'apparence<\/span><\/td>\n<td><span style=\"font-family: arial, helvetica, sans-serif;\">1U19 pouces<\/span><\/td>\n<\/tr>\n<tr>\n<td><span style=\"font-family: arial, helvetica, sans-serif;\">Alimentation \u00e9lectrique d'entr\u00e9e<\/span><\/td>\n<td><span style=\"font-family: arial, helvetica, sans-serif;\">AC : 110-240V\/50-60Hz<\/span><\/td>\n<\/tr>\n<tr>\n<td><span style=\"font-family: arial, helvetica, sans-serif;\">Caract\u00e9ristiques du logiciel L3<\/span><\/td>\n<td><span style=\"font-family: arial, helvetica, sans-serif;\">ERPS\/ECMP\/MLAG\/IGMP Snooping\/SNMP\/DHCP Server\/DoS\/ACL control\/LACP\/MAC address\/QoS\/Link Aggregation\/Spanning Tree And More.<\/span><\/td>\n<\/tr>\n<tr>\n<td><span style=\"font-family: arial, helvetica, sans-serif;\">taille<\/span><\/td>\n<td><span style=\"font-family: arial, helvetica, sans-serif;\">442*290*44mm<\/span><\/td>\n<\/tr>\n<tr>\n<td><span style=\"font-family: arial, helvetica, sans-serif;\">Environnement de travail<\/span><\/td>\n<td><span style=\"font-family: arial, helvetica, sans-serif;\">Temp\u00e9rature de fonctionnement : -5~50 \u2103<\/span><\/p>\n<p><span style=\"font-family: arial, helvetica, sans-serif;\">Temp\u00e9rature de stockage : -20~70 \u2103<\/span><\/p>\n<p><span style=\"font-family: arial, helvetica, sans-serif;\">Humidit\u00e9 de fonctionnement : 10%~90%, sans condensation<\/span><\/p>\n<p><span style=\"font-family: arial, helvetica, sans-serif;\">Humidit\u00e9 de stockage : 5%~90%, sans condensation<\/span><\/td>\n<\/tr>\n<\/tbody>\n<\/table>","protected":false},"excerpt":{"rendered":"<p>OAM Ethernet intelligent, prenant en charge la d\u00e9couverte de bout en bout, la surveillance des liaisons et la notification des d\u00e9faillances.<br \/>\nLe ventilateur permet une r\u00e9gulation intelligente de la vitesse et une surveillance en temps r\u00e9el de la temp\u00e9rature, de l'alimentation et de l'\u00e9tat du ventilateur du chipset.<br \/>\nCommutateur 48 ports 2.5G, supporte les ports tels que 2.5G\/10G\/40G<br \/>\nR\u00e9pondre aux sc\u00e9narios d'application tels que les r\u00e9seaux m\u00e9tropolitains, les r\u00e9seaux d'entreprise et les centres de donn\u00e9es.<br \/>\nPrise en charge du routage \u00e0 trois niveaux Configuration WEB<\/p>","protected":false},"featured_media":12943,"comment_status":"open","ping_status":"closed","template":"","meta":[],"product_brand":[],"product_cat":[258],"product_tag":[124,151,208,244,322],"class_list":{"0":"post-12918","1":"product","2":"type-product","3":"status-publish","4":"has-post-thumbnail","6":"product_cat-managed-switches","7":"product_tag-2-5g","8":"product_tag-48-port","9":"product_tag-ethernet-switch","10":"product_tag-l3-managed","11":"product_tag-sfp","13":"first","14":"instock","15":"shipping-taxable","16":"purchasable","17":"product-type-variable"},"_links":{"self":[{"href":"https:\/\/www.luleey.com\/fr\/wp-json\/wp\/v2\/product\/12918","targetHints":{"allow":["GET"]}}],"collection":[{"href":"https:\/\/www.luleey.com\/fr\/wp-json\/wp\/v2\/product"}],"about":[{"href":"https:\/\/www.luleey.com\/fr\/wp-json\/wp\/v2\/types\/product"}],"replies":[{"embeddable":true,"href":"https:\/\/www.luleey.com\/fr\/wp-json\/wp\/v2\/comments?post=12918"}],"wp:featuredmedia":[{"embeddable":true,"href":"https:\/\/www.luleey.com\/fr\/wp-json\/wp\/v2\/media\/12943"}],"wp:attachment":[{"href":"https:\/\/www.luleey.com\/fr\/wp-json\/wp\/v2\/media?parent=12918"}],"wp:term":[{"taxonomy":"product_brand","embeddable":true,"href":"https:\/\/www.luleey.com\/fr\/wp-json\/wp\/v2\/product_brand?post=12918"},{"taxonomy":"product_cat","embeddable":true,"href":"https:\/\/www.luleey.com\/fr\/wp-json\/wp\/v2\/product_cat?post=12918"},{"taxonomy":"product_tag","embeddable":true,"href":"https:\/\/www.luleey.com\/fr\/wp-json\/wp\/v2\/product_tag?post=12918"}],"curies":[{"name":"wp","href":"https:\/\/api.w.org\/{rel}","templated":true}]}}