{"id":12932,"date":"2024-07-19T00:58:43","date_gmt":"2024-07-18T16:58:43","guid":{"rendered":"https:\/\/www.luleey.com\/?post_type=product&#038;p=12932"},"modified":"2025-02-20T22:31:31","modified_gmt":"2025-02-20T14:31:31","slug":"plc-splitter-1x4-sc-apc-upc","status":"publish","type":"product","link":"https:\/\/www.luleey.com\/fr\/produit-2\/plc-splitter-1x4-sc-apc-upc\/","title":{"rendered":"R\u00e9partiteur PLC 1\u00d74 SC APC \/ UPC"},"content":{"rendered":"<p><span style=\"font-size: 1.5em; font-weight: bold;\">Sp\u00e9cifications<\/span><\/p>\n<div class=\"MachTrans__textWrap__1NtxT\">\n<div class=\"MachTrans__textWrap__1NtxT\">\n<table style=\"width: 100%; height: 636px;\" width=\"834\">\n<tbody>\n<tr style=\"height: 53px;\">\n<td style=\"height: 53px;\" width=\"273\">Mod\u00e8le<\/td>\n<td style=\"height: 53px;\" width=\"561\">1\u00d74-0.9MM-SC APC PLC Splitter<\/td>\n<\/tr>\n<tr style=\"height: 53px;\">\n<td style=\"height: 53px;\">Type de r\u00e9partiteur<\/td>\n<td style=\"height: 53px;\">S\u00e9parateur PLC<\/td>\n<\/tr>\n<tr style=\"height: 53px;\">\n<td style=\"height: 53px;\">Utilisation pour<\/td>\n<td style=\"height: 53px;\">fibre optique<\/td>\n<\/tr>\n<tr style=\"height: 53px;\">\n<td style=\"height: 53px;\">R\u00e9seau<\/td>\n<td style=\"height: 53px;\">R\u00e9seau sans fil, wifi, 4g<\/td>\n<\/tr>\n<tr style=\"height: 53px;\">\n<td style=\"height: 53px;\">Longueur d'onde de fonctionnement (nm)<\/td>\n<td style=\"height: 53px;\">1260~1650<\/td>\n<\/tr>\n<tr style=\"height: 53px;\">\n<td style=\"height: 53px;\">Type de fibre<\/td>\n<td style=\"height: 53px;\">SMF-28e ou sp\u00e9cifi\u00e9 par le client<\/td>\n<\/tr>\n<tr style=\"height: 53px;\">\n<td style=\"height: 53px;\">OEM<\/td>\n<td style=\"height: 53px;\">Acceptable<\/td>\n<\/tr>\n<tr style=\"height: 53px;\">\n<td style=\"height: 53px;\">Marque de la puce de s\u00e9paration<\/td>\n<td style=\"height: 53px;\">PPI<\/td>\n<\/tr>\n<tr style=\"height: 53px;\">\n<td style=\"height: 53px;\">Paquet<\/td>\n<td style=\"height: 53px;\">Bo\u00eete ou sac<\/td>\n<\/tr>\n<tr style=\"height: 53px;\">\n<td style=\"height: 53px;\">Type de connecteur<\/td>\n<td style=\"height: 53px;\">SC APC \/SC UPC<\/td>\n<\/tr>\n<tr style=\"height: 53px;\">\n<td style=\"height: 53px;\">Application<\/td>\n<td style=\"height: 53px;\">T\u00e9l\u00e9communications<\/td>\n<\/tr>\n<tr style=\"height: 53px;\">\n<td style=\"height: 53px;\">Taux de fractionnement<\/td>\n<td style=\"height: 53px;\"><strong>1\u00d74<\/strong> 1\u00d72 1\u00d716 1\u00d732<\/td>\n<\/tr>\n<\/tbody>\n<\/table>\n<\/div>\n<div class=\"MachTrans__text__duH8w\">\n<table border=\"0\" cellspacing=\"0\" cellpadding=\"0\">\n<tbody>\n<tr>\n<td colspan=\"14\"><span data-spm-anchor-id=\"a2g0o.detail.1000023.i1.71976ad1iBaGbp\">11xN (avec connecteur)<\/span><\/td>\n<\/tr>\n<tr>\n<td colspan=\"2\">\n<p data-spm-anchor-id=\"a2g0o.detail.1000023.i0.71976ad1iBaGbp\">(Nombre de canaux)<\/p>\n<\/td>\n<td>1\u00d72<\/td>\n<td><strong>1\u00d74<\/strong><\/td>\n<td>1\u00d78<\/td>\n<td>1\u00d716<\/td>\n<td>1\u00d732<\/td>\n<td>1\u00d764<\/td>\n<td>2\u00d72<\/td>\n<td>2\u00d74<\/td>\n<td>2\u00d78<\/td>\n<td>2\u00d716<\/td>\n<td>2\u00d732<\/td>\n<td>2\u00d764<\/td>\n<\/tr>\n<tr>\n<td colspan=\"2\">(Longueur d'onde op\u00e9rationnelle)<\/td>\n<td colspan=\"11\">1260 \u00e0 1650<\/td>\n<td><\/td>\n<\/tr>\n<tr>\n<td colspan=\"2\">Niveau P Perte d'insertion<\/td>\n<td>4<\/td>\n<td>7.4<\/td>\n<td>10.5<\/td>\n<td>13.7<\/td>\n<td>17<\/td>\n<td>20.3<\/td>\n<td>4.4<\/td>\n<td>7.6<\/td>\n<td>10.8<\/td>\n<td>14.1<\/td>\n<td>17.4<\/td>\n<td>20.7<\/td>\n<\/tr>\n<tr>\n<td colspan=\"2\">Niveau S Perte d'insertion<\/td>\n<td>4.2<\/td>\n<td>7.6<\/td>\n<td>10.7<\/td>\n<td>14<\/td>\n<td>17.3<\/td>\n<td>20.7<\/td>\n<td>4.6<\/td>\n<td>7.9<\/td>\n<td>11.2<\/td>\n<td>15<\/td>\n<td>18.1<\/td>\n<td>21.7<\/td>\n<\/tr>\n<tr>\n<td colspan=\"2\">(Uniformit\u00e9)<\/td>\n<td>0.4<\/td>\n<td>0.6<\/td>\n<td>0.8<\/td>\n<td>1<\/td>\n<td>1.2<\/td>\n<td>1.6<\/td>\n<td>0.8<\/td>\n<td>1<\/td>\n<td>1.2<\/td>\n<td>1.5<\/td>\n<td>1.8<\/td>\n<td>2<\/td>\n<\/tr>\n<tr>\n<td colspan=\"2\">(PDL)<\/td>\n<td>0.2<\/td>\n<td data-spm-anchor-id=\"a2g0o.detail.1000023.i2.33868oAq8oAqiX\">0.3<\/td>\n<td>0.3<\/td>\n<td>0.3<\/td>\n<td>0.3<\/td>\n<td>0.5<\/td>\n<td>0.3<\/td>\n<td>0.3<\/td>\n<td>0.3<\/td>\n<td>0.3<\/td>\n<td>0.3<\/td>\n<td>0.5<\/td>\n<\/tr>\n<tr>\n<td colspan=\"2\">(Perte de retour)<\/td>\n<td colspan=\"12\">plus de 55<\/td>\n<\/tr>\n<tr>\n<td colspan=\"2\">(Directivit\u00e9)<\/td>\n<td colspan=\"12\">plus de 55<\/td>\n<\/tr>\n<tr>\n<td colspan=\"2\">(Type de fibre)<\/td>\n<td colspan=\"12\">UIT G657A<\/td>\n<\/tr>\n<tr>\n<td colspan=\"2\">(Temp\u00e9rature de fonctionnement)<\/td>\n<td colspan=\"12\">-40 \u00e0 85\u2103<\/td>\n<\/tr>\n<tr>\n<td colspan=\"2\">(Longueur de la queue de cochon)<\/td>\n<td colspan=\"12\">1m(par d\u00e9faut) ou personnalis\u00e9<\/td>\n<\/tr>\n<\/tbody>\n<\/table>\n<p>&nbsp;<\/p>\n<\/div>\n<\/div>","protected":false},"excerpt":{"rendered":"<p>La fonction d'un PLC (Passive Optical Splitter) dans un r\u00e9seau optique est de diviser le signal optique d'un seul port d'entr\u00e9e en plusieurs ports de sortie. Le splitter PLC est un composant optique passif cl\u00e9 qui permet la distribution et le routage efficaces des signaux optiques dans les r\u00e9seaux de communication par fibre optique, en soutenant la fourniture de services \u00e0 de multiples utilisateurs sur une infrastructure partag\u00e9e.<\/p>","protected":false},"featured_media":12964,"comment_status":"open","ping_status":"closed","template":"","meta":[],"product_brand":[],"product_cat":[366],"product_tag":[120,306,308,326],"class_list":{"0":"post-12932","1":"product","2":"type-product","3":"status-publish","4":"has-post-thumbnail","6":"product_cat-optical-splitters-and-splitter-box","7":"product_tag-1x4","8":"product_tag-sc-apc","9":"product_tag-sc-upc","10":"product_tag-splitter","12":"first","13":"instock","14":"shipping-taxable","15":"purchasable","16":"product-type-variable"},"_links":{"self":[{"href":"https:\/\/www.luleey.com\/fr\/wp-json\/wp\/v2\/product\/12932","targetHints":{"allow":["GET"]}}],"collection":[{"href":"https:\/\/www.luleey.com\/fr\/wp-json\/wp\/v2\/product"}],"about":[{"href":"https:\/\/www.luleey.com\/fr\/wp-json\/wp\/v2\/types\/product"}],"replies":[{"embeddable":true,"href":"https:\/\/www.luleey.com\/fr\/wp-json\/wp\/v2\/comments?post=12932"}],"wp:featuredmedia":[{"embeddable":true,"href":"https:\/\/www.luleey.com\/fr\/wp-json\/wp\/v2\/media\/12964"}],"wp:attachment":[{"href":"https:\/\/www.luleey.com\/fr\/wp-json\/wp\/v2\/media?parent=12932"}],"wp:term":[{"taxonomy":"product_brand","embeddable":true,"href":"https:\/\/www.luleey.com\/fr\/wp-json\/wp\/v2\/product_brand?post=12932"},{"taxonomy":"product_cat","embeddable":true,"href":"https:\/\/www.luleey.com\/fr\/wp-json\/wp\/v2\/product_cat?post=12932"},{"taxonomy":"product_tag","embeddable":true,"href":"https:\/\/www.luleey.com\/fr\/wp-json\/wp\/v2\/product_tag?post=12932"}],"curies":[{"name":"wp","href":"https:\/\/api.w.org\/{rel}","templated":true}]}}