{"id":12985,"date":"2024-07-19T00:59:35","date_gmt":"2024-07-18T16:59:35","guid":{"rendered":"https:\/\/www.luleey.com\/?post_type=product&#038;p=12985"},"modified":"2024-10-11T09:06:45","modified_gmt":"2024-10-11T01:06:45","slug":"fc-sc-fc-to-sc-single-mode-fc-male-sc-female-fiber-adapter-flange-coupler-adapter-fiber-connector","status":"publish","type":"product","link":"https:\/\/www.luleey.com\/fr\/produit-2\/fc-sc-fc-to-sc-single-mode-fc-male-sc-female-fiber-adapter-flange-coupler-adapter-fiber-connector\/","title":{"rendered":"FC-SC Adaptateur fibre monomode FC vers SC Adaptateur fibre m\u00e2le SC femelle Adaptateur coupleur \u00e0 bride Convertisseur fibre"},"content":{"rendered":"<div class=\"title--wrap--Ms9Zv4A\"><\/div>\n<h3>Caract\u00e9ristiques<\/h3>\n<ol>\n<li>Adaptateur fibre optique monomode hybride simplex FC vers SC, SC\/UPC femelle vers FC\/UPC m\u00e2le<\/li>\n<li>Perte d'insertion : \u2264 0,3dB, Perte de retour : \u2265 50dB, Mat\u00e9riau de la gaine : C\u00e9ramique zircone<\/li>\n<li>Cet adaptateur pour fibre optique est r\u00e9utilisable, de haute pr\u00e9cision et de bonne compatibilit\u00e9.<\/li>\n<li>Principalement utilis\u00e9 pour les r\u00e9seaux de t\u00e9l\u00e9communications, les r\u00e9seaux Ethernet et les \u00e9quipements de communication optique.<\/li>\n<\/ol>\n<h3>Sp\u00e9cifications<\/h3>\n<table width=\"323\">\n<tbody>\n<tr>\n<td>Marque<\/td>\n<td>LuLeey<\/td>\n<\/tr>\n<tr>\n<td width=\"101\">Mod\u00e8le<\/td>\n<td width=\"222\">SC\/UPC (femelle) vers FC\/UPC (m\u00e2le)<\/td>\n<\/tr>\n<tr>\n<td>Type d'adaptateur<\/td>\n<td>Adaptateur hybride SM-9\/125<\/td>\n<\/tr>\n<tr>\n<td>Perte d'insertion<\/td>\n<td>\u22640,3dB<\/td>\n<\/tr>\n<tr>\n<td>Perte de retour<\/td>\n<td>\u226550dB<\/td>\n<\/tr>\n<\/tbody>\n<\/table>\n<p>&nbsp;<\/p>","protected":false},"excerpt":{"rendered":"<p data-pl=\"product-title\" data-spm-anchor-id=\"a2g0o.detail.0.i11.238deU5GeU5Gff\">L'adaptateur m\u00e2le-femelle utilise la technologie de la fibre optique pr\u00e9-enfouie et du manchon adaptateur de fibre optique pour convertir un type de connecteur de fibre optique (m\u00e2le) en un autre type de connecteur de fibre optique (m\u00e2le) ou une interface de connecteur de fibre optique (femelle) en un autre type d'interface de connecteur de fibre optique (femelle), ce qui pr\u00e9sente les caract\u00e9ristiques suivantes : petite taille, caract\u00e9ristiques optiques stables et simplicit\u00e9 d'utilisation.<\/p>","protected":false},"featured_media":12991,"comment_status":"open","ping_status":"closed","template":"","meta":[],"product_brand":[],"product_cat":[365],"product_tag":[217,221,308,325],"class_list":{"0":"post-12985","1":"product","2":"type-product","3":"status-publish","4":"has-post-thumbnail","6":"product_cat-optical-adapters-and-flange-connectors-and-attenuator","7":"product_tag-fc-upc","8":"product_tag-fiber-adapter","9":"product_tag-sc-upc","10":"product_tag-sm","12":"first","13":"instock","14":"shipping-taxable","15":"purchasable","16":"product-type-variable","17":"has-default-attributes"},"_links":{"self":[{"href":"https:\/\/www.luleey.com\/fr\/wp-json\/wp\/v2\/product\/12985","targetHints":{"allow":["GET"]}}],"collection":[{"href":"https:\/\/www.luleey.com\/fr\/wp-json\/wp\/v2\/product"}],"about":[{"href":"https:\/\/www.luleey.com\/fr\/wp-json\/wp\/v2\/types\/product"}],"replies":[{"embeddable":true,"href":"https:\/\/www.luleey.com\/fr\/wp-json\/wp\/v2\/comments?post=12985"}],"wp:featuredmedia":[{"embeddable":true,"href":"https:\/\/www.luleey.com\/fr\/wp-json\/wp\/v2\/media\/12991"}],"wp:attachment":[{"href":"https:\/\/www.luleey.com\/fr\/wp-json\/wp\/v2\/media?parent=12985"}],"wp:term":[{"taxonomy":"product_brand","embeddable":true,"href":"https:\/\/www.luleey.com\/fr\/wp-json\/wp\/v2\/product_brand?post=12985"},{"taxonomy":"product_cat","embeddable":true,"href":"https:\/\/www.luleey.com\/fr\/wp-json\/wp\/v2\/product_cat?post=12985"},{"taxonomy":"product_tag","embeddable":true,"href":"https:\/\/www.luleey.com\/fr\/wp-json\/wp\/v2\/product_tag?post=12985"}],"curies":[{"name":"wp","href":"https:\/\/api.w.org\/{rel}","templated":true}]}}