{"id":13028,"date":"2024-07-19T01:00:26","date_gmt":"2024-07-18T17:00:26","guid":{"rendered":"https:\/\/www.luleey.com\/?post_type=product&#038;p=13028"},"modified":"2025-09-17T23:55:13","modified_gmt":"2025-09-17T15:55:13","slug":"fc-square-bare-fiber-adapter-flange-temporary-splice-otdr-test-bare-fiber-coupler","status":"publish","type":"product","link":"https:\/\/www.luleey.com\/fr\/produit-2\/fc-square-bare-fiber-adapter-flange-temporary-splice-otdr-test-bare-fiber-coupler\/","title":{"rendered":"FC Square Bare Fiber Adapter Flange Temporary Splice OTDR Test Bare Fiber Coupler Converter"},"content":{"rendered":"<div class=\"title--wrap--Ms9Zv4A\"><\/div>\n<h3>Caract\u00e9ristiques<\/h3>\n<ol>\n<li>Structure de connecteur, facile \u00e0 utiliser.<\/li>\n<li>Les modules de fiches et de connecteurs peuvent \u00eatre remplac\u00e9s.<\/li>\n<li>Le diam\u00e8tre du trou d'insertion peut \u00eatre personnalis\u00e9.<\/li>\n<li>Conformit\u00e9 aux normes IEC et ROHS.<\/li>\n<li>Fonctionnement plus de 10000 fois.<\/li>\n<li>Haute pr\u00e9cision des dimensions m\u00e9caniques.<\/li>\n<\/ol>\n<h3>Sp\u00e9cifications<\/h3>\n<table style=\"width: 100%; height: 538px;\" width=\"323\">\n<tbody>\n<tr>\n<td>Marque<\/td>\n<td>LuLeey<\/td>\n<\/tr>\n<tr style=\"height: 53px;\">\n<td style=\"height: 53px;\" width=\"101\">Mod\u00e8le<\/td>\n<td style=\"height: 53px;\" width=\"222\">Adaptateur FC Square Bare Fiber<\/td>\n<\/tr>\n<tr style=\"height: 53px;\">\n<td style=\"height: 53px;\">Type d'adaptateur<\/td>\n<td style=\"height: 53px;\">FC<\/td>\n<\/tr>\n<tr style=\"height: 53px;\">\n<td style=\"height: 53px;\">Perte d'insertion<\/td>\n<td style=\"height: 53px;\">\u22640,2dB<\/td>\n<\/tr>\n<tr style=\"height: 379px;\">\n<td style=\"height: 379px;\">Diam\u00e8tre du trou d'insertion Taille<\/td>\n<td style=\"height: 379px;\">60u<br \/>\n80u<br \/>\n100u<br \/>\n126u<br \/>\n130u<br \/>\n150u<br \/>\n200u<br \/>\n250u<br \/>\n300u<br \/>\n400u<br \/>\n550u<br \/>\n600u<\/td>\n<\/tr>\n<\/tbody>\n<\/table>","protected":false},"excerpt":{"rendered":"<p>L'adaptateur optique carr\u00e9 FC pour fibres nues est un outil auxiliaire simple pour le test des fibres optiques. La virole de l'adaptateur pour fibre nue et le trou de passage de la fibre optique sont exempts de colle \u00e9poxy et de tout autre produit, ce qui facilite l'insertion, le retrait et les utilisations multiples de la fibre nue. Il pr\u00e9sente en outre une perte d'insertion plus faible.<\/p>\n<p align=\"left\" data-spm-anchor-id=\"a2g0o.detail.1000023.i0.4d2cypM0ypM0kd\">L'adaptateur FC pour fibres nues permet de r\u00e9aliser rapidement et facilement des connexions FC temporaires de fibres monomodes. Cet adaptateur est tr\u00e8s utile pour connecter des fibres \u00e0 des wattm\u00e8tres. Les r\u00e9flectom\u00e8tres optiques \u00e0 domaine temporel (OTDR) et une vari\u00e9t\u00e9 d'autres instruments, permettant des tests fonctionnels in-situ sans avoir \u00e0 attacher un connecteur permanent.<\/p>\n<div><\/div>\n<div><\/div>\n<div><\/div>\n<div><\/div>\n<p>&nbsp;<\/p>","protected":false},"featured_media":13055,"comment_status":"open","ping_status":"closed","template":"","meta":[],"product_brand":[],"product_cat":[365],"product_tag":[186,213,275],"class_list":{"0":"post-13028","1":"product","2":"type-product","3":"status-publish","4":"has-post-thumbnail","6":"product_cat-optical-adapters-and-flange-connectors-and-attenuator","7":"product_tag-bare-fiber","8":"product_tag-fc","9":"product_tag-optical-adapter","11":"first","12":"instock","13":"shipping-taxable","14":"purchasable","15":"product-type-variable"},"_links":{"self":[{"href":"https:\/\/www.luleey.com\/fr\/wp-json\/wp\/v2\/product\/13028","targetHints":{"allow":["GET"]}}],"collection":[{"href":"https:\/\/www.luleey.com\/fr\/wp-json\/wp\/v2\/product"}],"about":[{"href":"https:\/\/www.luleey.com\/fr\/wp-json\/wp\/v2\/types\/product"}],"replies":[{"embeddable":true,"href":"https:\/\/www.luleey.com\/fr\/wp-json\/wp\/v2\/comments?post=13028"}],"wp:featuredmedia":[{"embeddable":true,"href":"https:\/\/www.luleey.com\/fr\/wp-json\/wp\/v2\/media\/13055"}],"wp:attachment":[{"href":"https:\/\/www.luleey.com\/fr\/wp-json\/wp\/v2\/media?parent=13028"}],"wp:term":[{"taxonomy":"product_brand","embeddable":true,"href":"https:\/\/www.luleey.com\/fr\/wp-json\/wp\/v2\/product_brand?post=13028"},{"taxonomy":"product_cat","embeddable":true,"href":"https:\/\/www.luleey.com\/fr\/wp-json\/wp\/v2\/product_cat?post=13028"},{"taxonomy":"product_tag","embeddable":true,"href":"https:\/\/www.luleey.com\/fr\/wp-json\/wp\/v2\/product_tag?post=13028"}],"curies":[{"name":"wp","href":"https:\/\/api.w.org\/{rel}","templated":true}]}}