{"id":13043,"date":"2024-07-19T01:00:29","date_gmt":"2024-07-18T17:00:29","guid":{"rendered":"https:\/\/www.luleey.com\/?post_type=product&#038;p=13043"},"modified":"2024-10-11T09:05:37","modified_gmt":"2024-10-11T01:05:37","slug":"fc-st-st-fc-single-mode-fc-male-st-female-connector-fiber-optical-adapter-flange-coupler-adapter","status":"publish","type":"product","link":"https:\/\/www.luleey.com\/fr\/produit-2\/fc-st-st-fc-single-mode-fc-male-st-female-connector-fiber-optical-adapter-flange-coupler-adapter\/","title":{"rendered":"FC-ST\/ST-FC Connecteur monomode FC m\u00e2le ST femelle Adaptateur fibre optique Coupleur \u00e0 bride Adaptateur convertisseur"},"content":{"rendered":"<div class=\"title--wrap--Ms9Zv4A\"><\/div>\n<h3>Caract\u00e9ristiques<\/h3>\n<ol>\n<li>Structure de connecteur, facile \u00e0 utiliser.<\/li>\n<li>Grande interchangeabilit\u00e9, grande fiabilit\u00e9.<\/li>\n<li>faible perte d'insertion, perte de retour \u00e9lev\u00e9e.<\/li>\n<\/ol>\n<h3>Sp\u00e9cifications<\/h3>\n<table style=\"width: 100%; height: 169px;\" width=\"323\">\n<tbody>\n<tr>\n<td>Marque<\/td>\n<td>LuLeey<\/td>\n<\/tr>\n<tr style=\"height: 53px;\">\n<td style=\"height: 53px;\" width=\"101\">Mod\u00e8le<\/td>\n<td style=\"height: 53px;\" width=\"222\">Adaptateur optique FC-ST SM<\/td>\n<\/tr>\n<tr style=\"height: 53px;\">\n<td style=\"height: 53px;\">Type d'adaptateur<\/td>\n<td style=\"height: 53px;\">Adaptateur hybride SM-9\/125<\/td>\n<\/tr>\n<tr style=\"height: 53px;\">\n<td style=\"height: 53px;\">Perte d'insertion<\/td>\n<td style=\"height: 53px;\">\u22640,3dB<\/td>\n<\/tr>\n<tr>\n<td>Perte de retour<\/td>\n<td>\u226550dB<\/td>\n<\/tr>\n<tr style=\"height: 379px;\">\n<td style=\"height: 10px;\">Sc\u00e9narios d'utilisation<\/td>\n<td style=\"height: 10px;\">Instrument \u00e0 fibre optique, \u00e9quipement de communication,<br \/>\nConversion de l'interface des d\u00e9tecteurs de d\u00e9fauts \u00e0 fibre optique.<br \/>\nConversion des connecteurs de fibre optique.<br \/>\nTest de donn\u00e9es optiques.<br \/>\nTransmission optique de donn\u00e9es.<br \/>\nT\u00e9l\u00e9communications, r\u00e9seaux de radio et de t\u00e9l\u00e9vision<\/td>\n<\/tr>\n<\/tbody>\n<\/table>","protected":false},"excerpt":{"rendered":"<p data-spm-anchor-id=\"a2g0o.detail.1000023.i2.3fd2RBCrRBCrKX\">L'adaptateur m\u00e2le-femelle utilise la technologie de la fibre optique pr\u00e9-enfouie et du manchon adaptateur de fibre optique pour convertir un type de connecteur de fibre optique (m\u00e2le) en un autre type de connecteur de fibre optique (m\u00e2le) ou une interface de connecteur de fibre optique (femelle) en un autre type d'interface de connecteur de fibre optique (femelle), ce qui pr\u00e9sente les caract\u00e9ristiques suivantes : petite taille, caract\u00e9ristiques optiques stables et simplicit\u00e9 d'utilisation.<samp><code><\/code><\/samp><\/p>","protected":false},"featured_media":13064,"comment_status":"open","ping_status":"closed","template":"","meta":[],"product_brand":[],"product_cat":[365],"product_tag":[216,275,325],"class_list":{"0":"post-13043","1":"product","2":"type-product","3":"status-publish","4":"has-post-thumbnail","6":"product_cat-optical-adapters-and-flange-connectors-and-attenuator","7":"product_tag-fc-to-st","8":"product_tag-optical-adapter","9":"product_tag-sm","11":"first","12":"instock","13":"shipping-taxable","14":"purchasable","15":"product-type-variable","16":"has-default-attributes"},"_links":{"self":[{"href":"https:\/\/www.luleey.com\/fr\/wp-json\/wp\/v2\/product\/13043","targetHints":{"allow":["GET"]}}],"collection":[{"href":"https:\/\/www.luleey.com\/fr\/wp-json\/wp\/v2\/product"}],"about":[{"href":"https:\/\/www.luleey.com\/fr\/wp-json\/wp\/v2\/types\/product"}],"replies":[{"embeddable":true,"href":"https:\/\/www.luleey.com\/fr\/wp-json\/wp\/v2\/comments?post=13043"}],"wp:featuredmedia":[{"embeddable":true,"href":"https:\/\/www.luleey.com\/fr\/wp-json\/wp\/v2\/media\/13064"}],"wp:attachment":[{"href":"https:\/\/www.luleey.com\/fr\/wp-json\/wp\/v2\/media?parent=13043"}],"wp:term":[{"taxonomy":"product_brand","embeddable":true,"href":"https:\/\/www.luleey.com\/fr\/wp-json\/wp\/v2\/product_brand?post=13043"},{"taxonomy":"product_cat","embeddable":true,"href":"https:\/\/www.luleey.com\/fr\/wp-json\/wp\/v2\/product_cat?post=13043"},{"taxonomy":"product_tag","embeddable":true,"href":"https:\/\/www.luleey.com\/fr\/wp-json\/wp\/v2\/product_tag?post=13043"}],"curies":[{"name":"wp","href":"https:\/\/api.w.org\/{rel}","templated":true}]}}