{"id":13048,"date":"2024-07-19T01:00:30","date_gmt":"2024-07-18T17:00:30","guid":{"rendered":"https:\/\/www.luleey.com\/?post_type=product&#038;p=13048"},"modified":"2025-02-20T22:28:27","modified_gmt":"2025-02-20T14:28:27","slug":"fbt-splitter-1x2-headless-optical-splitter","status":"publish","type":"product","link":"https:\/\/www.luleey.com\/fr\/produit-2\/fbt-splitter-1x2-headless-optical-splitter\/","title":{"rendered":"S\u00e9parateur FBT S\u00e9parateur optique sans t\u00eate 1\u00d72"},"content":{"rendered":"<p><span style=\"font-size: 18pt;\"><strong>Caract\u00e9ristiques<\/strong><\/span><\/p>\n<ol>\n<li>Le s\u00e9parateur FBT prend en charge des rapports de s\u00e9paration d\u00e9finis, par exemple 1:99,2:98<\/li>\n<li>S\u00e9parateur optique 1\u00d72 sans t\u00eate, peut \u00eatre utilis\u00e9 avec un \u00e9pisseur de fusion de fibre optique, des connecteurs de fibre optique tels que SC, FC, ST.<\/li>\n<\/ol>\n<p><span style=\"font-size: 1.5em; font-weight: bold;\">Sp\u00e9cifications<\/span><\/p>\n<div class=\"MachTrans__textWrap__1NtxT\">\n<div class=\"MachTrans__textWrap__1NtxT\">\n<table style=\"width: 100%; height: 424px;\" width=\"834\">\n<tbody>\n<tr style=\"height: 53px;\">\n<td style=\"height: 53px;\" width=\"273\">Mod\u00e8le<\/td>\n<td style=\"height: 53px;\" width=\"561\">S\u00e9parateur FBT 1\u00d72 sans t\u00eate<\/td>\n<\/tr>\n<tr style=\"height: 53px;\">\n<td style=\"height: 53px;\">Type de r\u00e9partiteur<\/td>\n<td style=\"height: 53px;\">S\u00e9parateur FBT<\/td>\n<\/tr>\n<tr style=\"height: 53px;\">\n<td style=\"height: 53px;\">Utilisation pour<\/td>\n<td style=\"height: 53px;\">fibre optique<\/td>\n<\/tr>\n<tr style=\"height: 53px;\">\n<td style=\"height: 53px;\">R\u00e9seau<\/td>\n<td style=\"height: 53px;\">R\u00e9seau sans fil, wifi, 4g<\/td>\n<\/tr>\n<tr style=\"height: 53px;\">\n<td style=\"height: 53px;\">Longueur d'onde de fonctionnement (nm)<\/td>\n<td style=\"height: 53px;\">1260~1650<\/td>\n<\/tr>\n<tr style=\"height: 53px;\">\n<td style=\"height: 53px;\">OEM<\/td>\n<td style=\"height: 53px;\">Acceptable<\/td>\n<\/tr>\n<tr style=\"height: 53px;\">\n<td style=\"height: 53px;\">Application<\/td>\n<td style=\"height: 53px;\">Syst\u00e8me de communication par fibre optique<br \/>\nFibre optique LAN<br \/>\nCATV<br \/>\nFTTH<br \/>\nCapteur \u00e0 fibre optique<br \/>\nInstrument de mesure<\/td>\n<\/tr>\n<tr style=\"height: 53px;\">\n<td style=\"height: 53px;\">Taux de fractionnement<\/td>\n<td style=\"height: 53px;\"><strong>1\u00d72<\/strong><\/td>\n<\/tr>\n<\/tbody>\n<\/table>\n<\/div>\n<div class=\"MachTrans__text__duH8w\">\n<p>&nbsp;<\/p>\n<\/div>\n<\/div>","protected":false},"excerpt":{"rendered":"<p>Le s\u00e9parateur FBT peut d\u00e9finir le rapport de s\u00e9paration ;<br \/>\nsplitter optique 1\u00d72 headless, vous pouvez fusionner thermiquement les connecteurs vous-m\u00eame ;<br \/>\n\u00c9conomique gr\u00e2ce \u00e0 l'\u00e9pissage par fusion de la fibre optique.<\/p>","protected":false},"featured_media":13087,"comment_status":"open","ping_status":"closed","template":"","meta":[],"product_brand":[],"product_cat":[366],"product_tag":[118,212,232,282],"class_list":{"0":"post-13048","1":"product","2":"type-product","3":"status-publish","4":"has-post-thumbnail","6":"product_cat-optical-splitters-and-splitter-box","7":"product_tag-1x2","8":"product_tag-fbt-splitter","9":"product_tag-headless","10":"product_tag-optical-splitter","12":"first","13":"instock","14":"shipping-taxable","15":"purchasable","16":"product-type-variable"},"_links":{"self":[{"href":"https:\/\/www.luleey.com\/fr\/wp-json\/wp\/v2\/product\/13048","targetHints":{"allow":["GET"]}}],"collection":[{"href":"https:\/\/www.luleey.com\/fr\/wp-json\/wp\/v2\/product"}],"about":[{"href":"https:\/\/www.luleey.com\/fr\/wp-json\/wp\/v2\/types\/product"}],"replies":[{"embeddable":true,"href":"https:\/\/www.luleey.com\/fr\/wp-json\/wp\/v2\/comments?post=13048"}],"wp:featuredmedia":[{"embeddable":true,"href":"https:\/\/www.luleey.com\/fr\/wp-json\/wp\/v2\/media\/13087"}],"wp:attachment":[{"href":"https:\/\/www.luleey.com\/fr\/wp-json\/wp\/v2\/media?parent=13048"}],"wp:term":[{"taxonomy":"product_brand","embeddable":true,"href":"https:\/\/www.luleey.com\/fr\/wp-json\/wp\/v2\/product_brand?post=13048"},{"taxonomy":"product_cat","embeddable":true,"href":"https:\/\/www.luleey.com\/fr\/wp-json\/wp\/v2\/product_cat?post=13048"},{"taxonomy":"product_tag","embeddable":true,"href":"https:\/\/www.luleey.com\/fr\/wp-json\/wp\/v2\/product_tag?post=13048"}],"curies":[{"name":"wp","href":"https:\/\/api.w.org\/{rel}","templated":true}]}}