{"id":13076,"date":"2024-07-19T01:00:54","date_gmt":"2024-07-18T17:00:54","guid":{"rendered":"https:\/\/www.luleey.com\/?post_type=product&#038;p=13076"},"modified":"2025-06-28T10:49:48","modified_gmt":"2025-06-28T02:49:48","slug":"12v-dc-epon-olt-ont-onu-auto-registration","status":"publish","type":"product","link":"https:\/\/www.luleey.com\/fr\/produit-2\/12v-dc-epon-olt-ont-onu-auto-registration\/","title":{"rendered":"12V DC EPON OLT, ONT ONU Auto-enregistrement"},"content":{"rendered":"<h3>Caract\u00e9ristiques<\/h3>\n<ol>\n<li>Prise en charge totale du protocole IEE802.3ah<\/li>\n<li>Prise en charge de l'allocation dynamique de la bande passante (DBA), la granularit\u00e9 minimale d'ajustement est de 1Kbps.<\/li>\n<li>Prise en charge de la bande passante sym\u00e9trique de 1 Gbps en amont et en aval<\/li>\n<li>Prise en charge du cryptage AES-128 pour chaque lien logique<\/li>\n<li>Fonction OAM puissante permettant la gestion, la maintenance et la mise \u00e0 niveau \u00e0 distance de l'ONU<\/li>\n<li>Prise en charge de la d\u00e9couverte et de l'enregistrement automatiques des ONU (plug and play)<\/li>\n<li>accord de soutien<\/li>\n<li>Prise en charge des normes IEEE802.3, IEEE802.3u, IEEE802.3ab<\/li>\n<li>Support IEEE802.1QVLAN<\/li>\n<li>Prise en charge de la qualit\u00e9 de service IEEE 802.1P<\/li>\n<li data-spm-anchor-id=\"a2g0o.detail.1000023.i0.64ddCCNCCCNCkl\">Gestion du r\u00e9seau Gestion du port s\u00e9rie local bas\u00e9e sur l'interface CLI et gestion de l'interface graphique \u00e0 distance<\/li>\n<li>Prise en charge du protocole IGMPv1\/v2, de l'IGMIP Snooping et de l'IGMP Proxy<\/li>\n<li data-spm-anchor-id=\"a2g0o.detail.1000023.i1.64ddCCNCCCNCkl\">Prise en charge de la configuration par lots et de la mise \u00e0 niveau \u00e0 distance D\u00e9tection d'alarme en temps r\u00e9el, localisation pr\u00e9cise des d\u00e9faillances<\/li>\n<li data-spm-anchor-id=\"a2g0o.detail.1000023.i2.64ddCCNCCCNCkl\">Prise en charge des informations d'alarme envoy\u00e9es \u00e0 la bo\u00eete aux lettres, prise en charge des alarmes par SMS<\/li>\n<\/ol>\n<h3>Sp\u00e9cifications<\/h3>\n<table width=\"598\">\n<tbody>\n<tr>\n<td width=\"211\">Nom du produit<\/td>\n<td width=\"387\">MINI 4 EPON OLT DC<\/td>\n<\/tr>\n<tr>\n<td>Alimentation \u00e9lectrique<\/td>\n<td>DC12V\/5A (alimentation externe)<\/td>\n<\/tr>\n<tr>\n<td>Consommation \u00e9lectrique<\/td>\n<td>20W<\/td>\n<\/tr>\n<tr>\n<td>Temp\u00e9rature de travail<\/td>\n<td>-10~55\u2103<\/td>\n<\/tr>\n<tr>\n<td>Temp\u00e9rature de stockage<\/td>\n<td>-40~80\u2103<\/td>\n<\/tr>\n<tr>\n<td>Humidit\u00e9<\/td>\n<td>5%~90% sans condensation<\/td>\n<\/tr>\n<tr>\n<td>Taille du cadre<\/td>\n<td>15*13.3*5.3cm<\/td>\n<\/tr>\n<tr>\n<td>Longueur d'onde de travail<\/td>\n<td>1310 (RX) \/1490 (Tx)<\/td>\n<\/tr>\n<tr>\n<td>Puissance optique<\/td>\n<td>+2,5~ +10dBm<\/td>\n<\/tr>\n<tr>\n<td>Sensibilit\u00e9 de la r\u00e9ception<\/td>\n<td>-27dBm<\/td>\n<\/tr>\n<tr>\n<td>Distance de transmission maximale<\/td>\n<td>20 km<\/td>\n<\/tr>\n<tr>\n<td>Rapport de fractionnement maximal<\/td>\n<td>1:64<\/td>\n<\/tr>\n<tr>\n<td>Capacit\u00e9 de la machine<\/td>\n<td>Prise en charge de 4 syst\u00e8mes PON, 256 ONUs<\/td>\n<\/tr>\n<tr>\n<td>Machine de table d'adresses MAC<\/td>\n<td>8K<\/td>\n<\/tr>\n<tr>\n<td>Port de liaison montante<\/td>\n<td>4 ports \u00e9lectriques gigabit<\/td>\n<\/tr>\n<tr>\n<td>Port PON<\/td>\n<td>4 PX20, PX20+, PX20++, PX20+++<\/td>\n<\/tr>\n<tr>\n<td>Port de gestion<\/td>\n<td>1 port r\u00e9seau FE, accessible via le r\u00e9seau<\/td>\n<\/tr>\n<tr>\n<td>MTBF<\/td>\n<td>100 000 heures<\/td>\n<\/tr>\n<\/tbody>\n<\/table>\n<p>&nbsp;<\/p>","protected":false},"excerpt":{"rendered":"<p>L'OLT MINI EPON fournit une interface ind\u00e9pendante en cuivre de 4GE pour la liaison montante.<\/p>\n<p>4* ports EPON OLT pour l'aval.<\/p>\n<p>Il peut prendre en charge 256 ONUs avec un rapport de r\u00e9partition de 1:64.<\/p>","protected":false},"featured_media":13090,"comment_status":"open","ping_status":"closed","template":"","meta":[],"product_brand":[],"product_cat":[361],"product_tag":[136,144,202,206],"class_list":{"0":"post-13076","1":"product","2":"type-product","3":"status-publish","4":"has-post-thumbnail","6":"product_cat-epon-olt","7":"product_tag-256-onu","8":"product_tag-4-epon","9":"product_tag-dc-olt","10":"product_tag-epon-olt","12":"first","13":"instock","14":"featured","15":"shipping-taxable","16":"purchasable","17":"product-type-variable","18":"has-default-attributes"},"_links":{"self":[{"href":"https:\/\/www.luleey.com\/fr\/wp-json\/wp\/v2\/product\/13076","targetHints":{"allow":["GET"]}}],"collection":[{"href":"https:\/\/www.luleey.com\/fr\/wp-json\/wp\/v2\/product"}],"about":[{"href":"https:\/\/www.luleey.com\/fr\/wp-json\/wp\/v2\/types\/product"}],"replies":[{"embeddable":true,"href":"https:\/\/www.luleey.com\/fr\/wp-json\/wp\/v2\/comments?post=13076"}],"wp:featuredmedia":[{"embeddable":true,"href":"https:\/\/www.luleey.com\/fr\/wp-json\/wp\/v2\/media\/13090"}],"wp:attachment":[{"href":"https:\/\/www.luleey.com\/fr\/wp-json\/wp\/v2\/media?parent=13076"}],"wp:term":[{"taxonomy":"product_brand","embeddable":true,"href":"https:\/\/www.luleey.com\/fr\/wp-json\/wp\/v2\/product_brand?post=13076"},{"taxonomy":"product_cat","embeddable":true,"href":"https:\/\/www.luleey.com\/fr\/wp-json\/wp\/v2\/product_cat?post=13076"},{"taxonomy":"product_tag","embeddable":true,"href":"https:\/\/www.luleey.com\/fr\/wp-json\/wp\/v2\/product_tag?post=13076"}],"curies":[{"name":"wp","href":"https:\/\/api.w.org\/{rel}","templated":true}]}}