{"id":13109,"date":"2024-07-19T01:01:22","date_gmt":"2024-07-18T17:01:22","guid":{"rendered":"https:\/\/www.luleey.com\/?post_type=product&#038;p=13109"},"modified":"2025-02-20T22:26:26","modified_gmt":"2025-02-20T14:26:26","slug":"headless-plc-fibre-optic-splitter-no-connector-mini-plc-steel-tube-1x16","status":"publish","type":"product","link":"https:\/\/www.luleey.com\/fr\/produit-2\/headless-plc-fibre-optic-splitter-no-connector-mini-plc-steel-tube-1x16\/","title":{"rendered":"R\u00e9partiteur PLC \u00e0 fibre optique sans t\u00eate, sans connecteur, Mini PLC tube acier, 1\u00d716"},"content":{"rendered":"<h3>Caract\u00e9ristiques<\/h3>\n<ol>\n<li>Excellente m\u00e9canique, petite taille.<\/li>\n<li>Haute fiabilit\u00e9.<\/li>\n<li>Faible perte d'insertion et faible perte d\u00e9pendante de la polarisation.<\/li>\n<li>Nombre \u00e9lev\u00e9 de canaux.<\/li>\n<li>Excellente stabilit\u00e9 environnementale et large utilisation.<\/li>\n<li>Sc\u00e9narios d'utilisation : FTTx (GPON\/BPON\/EPON), t\u00e9l\u00e9vision par c\u00e2ble (CATV), r\u00e9seaux locaux (LAN), \u00e9quipements de test, r\u00e9seaux optiques passifs (PON).<\/li>\n<\/ol>\n<h3>Sp\u00e9cifications<\/h3>\n<table width=\"1323\">\n<tbody>\n<tr>\n<td width=\"211\">Nom du produit<\/td>\n<td colspan=\"7\" width=\"1112\">R\u00e9partiteur PLC \u00e0 fibre optique sans t\u00eate<\/td>\n<\/tr>\n<tr>\n<td>Nom du mod\u00e8le<\/td>\n<td colspan=\"7\">LL-headless-PLC-SPLITTER (sans t\u00eate)<\/td>\n<\/tr>\n<tr>\n<td>Marque<\/td>\n<td colspan=\"7\">LuLeey<\/td>\n<\/tr>\n<tr>\n<td>Longueur d'onde de fonctionnement<\/td>\n<td colspan=\"7\">1260~1650(nm)<\/td>\n<\/tr>\n<tr>\n<td>Type de fibre<\/td>\n<td colspan=\"7\">G657A1<\/td>\n<\/tr>\n<tr>\n<td>Configuration du port<\/td>\n<td>1\u00d72<\/td>\n<td>1\u00d74<\/td>\n<td>1\u00d78<\/td>\n<td>1\u00d716<\/td>\n<td>1\u00d732<\/td>\n<td>1\u00d764<\/td>\n<td>1\u00d7128<\/td>\n<\/tr>\n<tr>\n<td>Perte d'insertion (dB)<\/td>\n<td>3.8\/4.0<\/td>\n<td>7.1\/7.3<\/td>\n<td>10.2\/10.5<\/td>\n<td>13.5\/13.7<\/td>\n<td>16.5\/16.9<\/td>\n<td>20.5\/21.0<\/td>\n<td>23.8\/24.2<\/td>\n<\/tr>\n<tr>\n<td>Uniformit\u00e9 des pertes (dB)<\/td>\n<td>0.4<\/td>\n<td>0.6<\/td>\n<td>0.8<\/td>\n<td>1.2<\/td>\n<td>1.5<\/td>\n<td>2<\/td>\n<td>2.5<\/td>\n<\/tr>\n<tr>\n<td>Perte d\u00e9pendante de la polarisation (dB)<\/td>\n<td>0.2<\/td>\n<td>0.2<\/td>\n<td>0.2<\/td>\n<td>0.25<\/td>\n<td>0.3<\/td>\n<td>0.35<\/td>\n<td>0.4<\/td>\n<\/tr>\n<tr>\n<td>Perte d\u00e9pendante de la longueur d'onde (dB)<\/td>\n<td>0.3<\/td>\n<td>0.3<\/td>\n<td>0.3<\/td>\n<td>0.5<\/td>\n<td>0.5<\/td>\n<td>0.5<\/td>\n<td>0.5<\/td>\n<\/tr>\n<tr>\n<td>Perte en fonction de la temp\u00e9rature (-40~85 ) (dB)<\/td>\n<td>0.4<\/td>\n<td>0.4<\/td>\n<td>0.4<\/td>\n<td>0.5<\/td>\n<td>0.5<\/td>\n<td>0.5<\/td>\n<td>0.5<\/td>\n<\/tr>\n<tr>\n<td>Perte de retour (dB)<\/td>\n<td colspan=\"7\">55\/50<\/td>\n<\/tr>\n<tr>\n<td>Directivit\u00e9 (dB)<\/td>\n<td colspan=\"7\">&gt; 55<\/td>\n<\/tr>\n<tr>\n<td>Temp\u00e9rature de fonctionnement et de stockage (\u00b0C)<\/td>\n<td colspan=\"7\">-40-80<\/td>\n<\/tr>\n<\/tbody>\n<\/table>","protected":false},"excerpt":{"rendered":"<p>Le s\u00e9parateur de fibres optiques PLC sans t\u00eate est un dispositif int\u00e9gr\u00e9 de distribution de puissance optique \u00e0 guide d'ondes bas\u00e9 sur un substrat de quartz, avec une petite taille, une large gamme de longueurs d'onde de fonctionnement, une grande fiabilit\u00e9, une bonne uniformit\u00e9, etc., particuli\u00e8rement adapt\u00e9 aux r\u00e9seaux optiques passifs (EPON, BPON, GPON, etc.) dans la connexion entre le bureau local et l'\u00e9quipement terminal et pour r\u00e9aliser la division des signaux optiques, actuellement disponible en deux types : 1 \u00d7 N et 2 \u00d7 N. Les s\u00e9parateurs 1 \u00d7 N et 2 \u00d7 N divisent uniform\u00e9ment le signal optique d'une entr\u00e9e simple ou double vers plusieurs sorties, ou inversent le travail de plusieurs signaux optiques convergeant sur un certain nombre de sorties.Actuellement, il existe deux types de 1 \u00d7 N et 2 \u00d7 N. Les s\u00e9parateurs 1 \u00d7 N et 2 \u00d7 N seront le signal optique uniforme d'une entr\u00e9e simple ou double divis\u00e9 uniform\u00e9ment en plusieurs sorties, ou inversent le travail de plusieurs signaux optiques dans une fibre simple ou double.<\/p>","protected":false},"featured_media":13124,"comment_status":"open","ping_status":"closed","template":"","meta":[],"product_brand":[],"product_cat":[366],"product_tag":[117,234,274,288],"class_list":{"0":"post-13109","1":"product","2":"type-product","3":"status-publish","4":"has-post-thumbnail","6":"product_cat-optical-splitters-and-splitter-box","7":"product_tag-1x16","8":"product_tag-headless-splitter","9":"product_tag-optic-splitter","10":"product_tag-plc-splitter","12":"first","13":"instock","14":"shipping-taxable","15":"purchasable","16":"product-type-variable"},"_links":{"self":[{"href":"https:\/\/www.luleey.com\/fr\/wp-json\/wp\/v2\/product\/13109","targetHints":{"allow":["GET"]}}],"collection":[{"href":"https:\/\/www.luleey.com\/fr\/wp-json\/wp\/v2\/product"}],"about":[{"href":"https:\/\/www.luleey.com\/fr\/wp-json\/wp\/v2\/types\/product"}],"replies":[{"embeddable":true,"href":"https:\/\/www.luleey.com\/fr\/wp-json\/wp\/v2\/comments?post=13109"}],"wp:featuredmedia":[{"embeddable":true,"href":"https:\/\/www.luleey.com\/fr\/wp-json\/wp\/v2\/media\/13124"}],"wp:attachment":[{"href":"https:\/\/www.luleey.com\/fr\/wp-json\/wp\/v2\/media?parent=13109"}],"wp:term":[{"taxonomy":"product_brand","embeddable":true,"href":"https:\/\/www.luleey.com\/fr\/wp-json\/wp\/v2\/product_brand?post=13109"},{"taxonomy":"product_cat","embeddable":true,"href":"https:\/\/www.luleey.com\/fr\/wp-json\/wp\/v2\/product_cat?post=13109"},{"taxonomy":"product_tag","embeddable":true,"href":"https:\/\/www.luleey.com\/fr\/wp-json\/wp\/v2\/product_tag?post=13109"}],"curies":[{"name":"wp","href":"https:\/\/api.w.org\/{rel}","templated":true}]}}